{"id":7708,"date":"2025-08-25T07:32:25","date_gmt":"2025-08-25T07:32:25","guid":{"rendered":"https:\/\/rockholm.com\/?page_id=7708"},"modified":"2025-12-05T06:33:55","modified_gmt":"2025-12-05T06:33:55","slug":"vata-dosha-im-ayurveda","status":"publish","type":"page","link":"https:\/\/rockholm.com\/de\/vata-dosha-im-ayurveda\/","title":{"rendered":"Vata Dosha im Ayurveda | Balance und Heilung in Rockholm"},"content":{"rendered":"\t\t<div data-elementor-type=\"wp-page\" data-elementor-id=\"7708\" class=\"elementor elementor-7708 elementor-7707\" data-elementor-post-type=\"page\">\n\t\t\t\t\t\t<section class=\"elementor-section elementor-top-section elementor-element elementor-element-65792b84 elementor-section-height-min-height elementor-hidden-mobile elementor-section-boxed elementor-section-height-default elementor-section-items-middle\" data-id=\"65792b84\" data-element_type=\"section\" data-e-type=\"section\" data-settings=\"{&quot;background_background&quot;:&quot;classic&quot;}\">\n\t\t\t\t\t\t<div class=\"elementor-container elementor-column-gap-default\">\n\t\t\t\t\t<div class=\"elementor-column elementor-col-100 elementor-top-column elementor-element elementor-element-6776a9c6\" data-id=\"6776a9c6\" data-element_type=\"column\" data-e-type=\"column\">\n\t\t\t<div class=\"elementor-widget-wrap\">\n\t\t\t\t\t\t\t<\/div>\n\t\t<\/div>\n\t\t\t\t\t<\/div>\n\t\t<\/section>\n\t\t\t\t<section class=\"elementor-section elementor-top-section elementor-element elementor-element-3d817a9 elementor-section-full_width elementor-hidden-desktop elementor-hidden-tablet elementor-hidden-mobile elementor-section-height-default elementor-section-height-default\" data-id=\"3d817a9\" data-element_type=\"section\" data-e-type=\"section\">\n\t\t\t\t\t\t<div class=\"elementor-container elementor-column-gap-default\">\n\t\t\t\t\t<div class=\"elementor-column elementor-col-100 elementor-top-column elementor-element elementor-element-140f394\" data-id=\"140f394\" data-element_type=\"column\" data-e-type=\"column\">\n\t\t\t<div class=\"elementor-widget-wrap elementor-element-populated\">\n\t\t\t\t\t\t<div class=\"elementor-element elementor-element-324365a elementor-widget elementor-widget-image\" data-id=\"324365a\" data-element_type=\"widget\" data-e-type=\"widget\" data-widget_type=\"image.default\">\n\t\t\t\t<div class=\"elementor-widget-container\">\n\t\t\t\t\t\t\t\t\t\t\t\t\t\t\t<img fetchpriority=\"high\" decoding=\"async\" width=\"585\" height=\"956\" src=\"https:\/\/rockholm.com\/wp-content\/uploads\/2022\/08\/ayurveda.jpg\" class=\"attachment-full size-full wp-image-3240\" alt=\"\" srcset=\"https:\/\/rockholm.com\/wp-content\/uploads\/2022\/08\/ayurveda.jpg 585w, https:\/\/rockholm.com\/wp-content\/uploads\/2022\/08\/ayurveda-184x300.jpg 184w\" sizes=\"(max-width: 585px) 100vw, 585px\">\t\t\t\t\t\t\t\t\t\t\t\t\t\t\t<\/div>\n\t\t\t\t<\/div>\n\t\t\t\t\t<\/div>\n\t\t<\/div>\n\t\t\t\t\t<\/div>\n\t\t<\/section>\n\t\t\t\t<section class=\"elementor-section elementor-top-section elementor-element elementor-element-1f528275 elementor-section-boxed elementor-section-height-default elementor-section-height-default\" data-id=\"1f528275\" data-element_type=\"section\" data-e-type=\"section\">\n\t\t\t\t\t\t<div class=\"elementor-container elementor-column-gap-wide\">\n\t\t\t\t\t<div class=\"elementor-column elementor-col-33 elementor-top-column elementor-element elementor-element-641f952e\" data-id=\"641f952e\" data-element_type=\"column\" data-e-type=\"column\">\n\t\t\t<div class=\"elementor-widget-wrap elementor-element-populated\">\n\t\t\t\t\t\t<section class=\"elementor-section elementor-inner-section elementor-element elementor-element-3f80d1fa elementor-section-boxed elementor-section-height-default elementor-section-height-default\" data-id=\"3f80d1fa\" data-element_type=\"section\" data-e-type=\"section\" data-settings=\"{&quot;sticky&quot;:&quot;top&quot;,&quot;sticky_on&quot;:[&quot;desktop&quot;],&quot;sticky_offset&quot;:20,&quot;sticky_parent&quot;:&quot;yes&quot;,&quot;sticky_effects_offset&quot;:0,&quot;sticky_anchor_link_offset&quot;:0}\">\n\t\t\t\t\t\t<div class=\"elementor-container elementor-column-gap-default\">\n\t\t\t\t\t<div class=\"elementor-column elementor-col-100 elementor-inner-column elementor-element elementor-element-7af4fb07\" data-id=\"7af4fb07\" data-element_type=\"column\" data-e-type=\"column\">\n\t\t\t<div class=\"elementor-widget-wrap elementor-element-populated\">\n\t\t\t\t\t\t<div class=\"elementor-element elementor-element-68900e9a elementor-widget elementor-widget-heading\" data-id=\"68900e9a\" data-element_type=\"widget\" data-e-type=\"widget\" data-widget_type=\"heading.default\">\n\t\t\t\t<div class=\"elementor-widget-container\">\n\t\t\t\t\t<h5 class=\"elementor-heading-title elementor-size-default\">OUR PURPOSE<\/h5>\t\t\t\t<\/div>\n\t\t\t\t<\/div>\n\t\t\t\t<div class=\"elementor-element elementor-element-27bd82b3 elementor-nav-menu--dropdown-none elementor-widget elementor-widget-nav-menu\" data-id=\"27bd82b3\" data-element_type=\"widget\" data-e-type=\"widget\" data-settings=\"{&quot;layout&quot;:&quot;vertical&quot;,&quot;submenu_icon&quot;:{&quot;value&quot;:&quot;&lt;i class=\\&quot;fas fa-caret-down\\&quot; aria-hidden=\\&quot;true\\&quot;&gt;&lt;\\\/i&gt;&quot;,&quot;library&quot;:&quot;fa-solid&quot;}}\" data-widget_type=\"nav-menu.default\">\n\t\t\t\t<div class=\"elementor-widget-container\">\n\t\t\t\t\t\t\t\t<nav aria-label=\"Men\u00fc\" class=\"elementor-nav-menu--main elementor-nav-menu__container elementor-nav-menu--layout-vertical e--pointer-none\">\n\t\t\t\t<ul id=\"menu-1-27bd82b3\" class=\"elementor-nav-menu sm-vertical\"><li class=\"menu-item menu-item-type-post_type menu-item-object-page menu-item-773\"><a href=\"https:\/\/rockholm.com\/ayurveda-philosophy\/\" class=\"elementor-item\">Ayurveda Philosophy<\/a><\/li>\n<li class=\"menu-item menu-item-type-post_type menu-item-object-page menu-item-800\"><a href=\"https:\/\/rockholm.com\/rockholm-ayurveda-center-resort\/\" class=\"elementor-item\">Rockholm Ayurveda Center<\/a><\/li>\n<li class=\"menu-item menu-item-type-post_type menu-item-object-page menu-item-788\"><a href=\"https:\/\/rockholm.com\/treatment-principles\/\" class=\"elementor-item\">Treatment Principles<\/a><\/li>\n<li class=\"menu-item menu-item-type-post_type menu-item-object-page menu-item-805\"><a href=\"https:\/\/rockholm.com\/our-methodology-of-healing-body-mind-and-soul\/\" class=\"elementor-item\">Our Methodology of Healing Body, Mind and Soul<\/a><\/li>\n<li class=\"menu-item menu-item-type-post_type menu-item-object-page menu-item-815\"><a href=\"https:\/\/rockholm.com\/yoga-program\/\" class=\"elementor-item\">Yoga<\/a><\/li>\n<li class=\"menu-item menu-item-type-post_type menu-item-object-page menu-item-814\"><a href=\"https:\/\/rockholm.com\/daily-yoga-programs-resort-yoga-resort-in-tvm\/\" class=\"elementor-item\">Daily Yoga Programs<\/a><\/li>\n<li class=\"menu-item menu-item-type-post_type menu-item-object-page menu-item-822\"><a href=\"https:\/\/rockholm.com\/ayurveda-cuisine\/\" class=\"elementor-item\">Cuisine<\/a><\/li>\n<li class=\"menu-item menu-item-type-post_type menu-item-object-page menu-item-838\"><a href=\"https:\/\/rockholm.com\/nattika-life-our-wellness-products\/\" class=\"elementor-item\">Nattika Life \u2013 Our Wellness Products<\/a><\/li>\n<li class=\"menu-item menu-item-type-post_type menu-item-object-page menu-item-837\"><a href=\"https:\/\/rockholm.com\/nattika-essence\/\" class=\"elementor-item\">Nattika Essence<\/a><\/li>\n<\/ul>\t\t\t<\/nav>\n\t\t\t\t\t\t<nav class=\"elementor-nav-menu--dropdown elementor-nav-menu__container\" aria-hidden=\"true\">\n\t\t\t\t<ul id=\"menu-2-27bd82b3\" class=\"elementor-nav-menu sm-vertical\"><li class=\"menu-item menu-item-type-post_type menu-item-object-page menu-item-773\"><a href=\"https:\/\/rockholm.com\/ayurveda-philosophy\/\" class=\"elementor-item\" tabindex=\"-1\">Ayurveda Philosophy<\/a><\/li>\n<li class=\"menu-item menu-item-type-post_type menu-item-object-page menu-item-800\"><a href=\"https:\/\/rockholm.com\/rockholm-ayurveda-center-resort\/\" class=\"elementor-item\" tabindex=\"-1\">Rockholm Ayurveda Center<\/a><\/li>\n<li class=\"menu-item menu-item-type-post_type menu-item-object-page menu-item-788\"><a href=\"https:\/\/rockholm.com\/treatment-principles\/\" class=\"elementor-item\" tabindex=\"-1\">Treatment Principles<\/a><\/li>\n<li class=\"menu-item menu-item-type-post_type menu-item-object-page menu-item-805\"><a href=\"https:\/\/rockholm.com\/our-methodology-of-healing-body-mind-and-soul\/\" class=\"elementor-item\" tabindex=\"-1\">Our Methodology of Healing Body, Mind and Soul<\/a><\/li>\n<li class=\"menu-item menu-item-type-post_type menu-item-object-page menu-item-815\"><a href=\"https:\/\/rockholm.com\/yoga-program\/\" class=\"elementor-item\" tabindex=\"-1\">Yoga<\/a><\/li>\n<li class=\"menu-item menu-item-type-post_type menu-item-object-page menu-item-814\"><a href=\"https:\/\/rockholm.com\/daily-yoga-programs-resort-yoga-resort-in-tvm\/\" class=\"elementor-item\" tabindex=\"-1\">Daily Yoga Programs<\/a><\/li>\n<li class=\"menu-item menu-item-type-post_type menu-item-object-page menu-item-822\"><a href=\"https:\/\/rockholm.com\/ayurveda-cuisine\/\" class=\"elementor-item\" tabindex=\"-1\">Cuisine<\/a><\/li>\n<li class=\"menu-item menu-item-type-post_type menu-item-object-page menu-item-838\"><a href=\"https:\/\/rockholm.com\/nattika-life-our-wellness-products\/\" class=\"elementor-item\" tabindex=\"-1\">Nattika Life \u2013 Our Wellness Products<\/a><\/li>\n<li class=\"menu-item menu-item-type-post_type menu-item-object-page menu-item-837\"><a href=\"https:\/\/rockholm.com\/nattika-essence\/\" class=\"elementor-item\" tabindex=\"-1\">Nattika Essence<\/a><\/li>\n<\/ul>\t\t\t<\/nav>\n\t\t\t\t\t\t<\/div>\n\t\t\t\t<\/div>\n\t\t\t\t\t<\/div>\n\t\t<\/div>\n\t\t\t\t\t<\/div>\n\t\t<\/section>\n\t\t\t\t\t<\/div>\n\t\t<\/div>\n\t\t\t\t<div class=\"elementor-column elementor-col-66 elementor-top-column elementor-element elementor-element-59807928\" data-id=\"59807928\" data-element_type=\"column\" data-e-type=\"column\">\n\t\t\t<div class=\"elementor-widget-wrap elementor-element-populated\">\n\t\t\t\t\t\t<section class=\"elementor-section elementor-inner-section elementor-element elementor-element-261c3d6d elementor-section-boxed elementor-section-height-default elementor-section-height-default\" data-id=\"261c3d6d\" data-element_type=\"section\" data-e-type=\"section\">\n\t\t\t\t\t\t<div class=\"elementor-container elementor-column-gap-default\">\n\t\t\t\t\t<div class=\"elementor-column elementor-col-100 elementor-inner-column elementor-element elementor-element-7ba8d63e\" data-id=\"7ba8d63e\" data-element_type=\"column\" data-e-type=\"column\">\n\t\t\t<div class=\"elementor-widget-wrap elementor-element-populated\">\n\t\t\t\t\t\t<div class=\"elementor-element elementor-element-19b0d77 elementor-widget elementor-widget-image\" data-id=\"19b0d77\" data-element_type=\"widget\" data-e-type=\"widget\" data-widget_type=\"image.default\">\n\t\t\t\t<div class=\"elementor-widget-container\">\n\t\t\t\t\t\t\t\t\t\t\t\t\t\t\t<img decoding=\"async\" width=\"1320\" height=\"758\" src=\"https:\/\/rockholm.com\/wp-content\/uploads\/2022\/06\/Ayurveda-Centre-Logo-1.png\" class=\"attachment-full size-full wp-image-3076\" alt=\"\" srcset=\"https:\/\/rockholm.com\/wp-content\/uploads\/2022\/06\/Ayurveda-Centre-Logo-1.png 1320w, https:\/\/rockholm.com\/wp-content\/uploads\/2022\/06\/Ayurveda-Centre-Logo-1-300x172.png 300w, https:\/\/rockholm.com\/wp-content\/uploads\/2022\/06\/Ayurveda-Centre-Logo-1-1024x588.png 1024w, https:\/\/rockholm.com\/wp-content\/uploads\/2022\/06\/Ayurveda-Centre-Logo-1-768x441.png 768w\" sizes=\"(max-width: 1320px) 100vw, 1320px\">\t\t\t\t\t\t\t\t\t\t\t\t\t\t\t<\/div>\n\t\t\t\t<\/div>\n\t\t\t\t<div class=\"elementor-element elementor-element-53859ae6 elementor-widget elementor-widget-heading\" data-id=\"53859ae6\" data-element_type=\"widget\" data-e-type=\"widget\" data-widget_type=\"heading.default\">\n\t\t\t\t<div class=\"elementor-widget-container\">\n\t\t\t\t\t<h1 class=\"elementor-heading-title elementor-size-default\">Vata Dosha im Ayurveda | Balance und Heilung in Rockholm<\/h1>\t\t\t\t<\/div>\n\t\t\t\t<\/div>\n\t\t\t\t<div class=\"elementor-element elementor-element-7b62c74 elementor-widget elementor-widget-text-editor\" data-id=\"7b62c74\" data-element_type=\"widget\" data-e-type=\"widget\" data-widget_type=\"text-editor.default\">\n\t\t\t\t<div class=\"elementor-widget-container\">\n\t\t\t\t\t\t\t\t\t<p><span style=\"font-weight: 400;\">Die alte Wissenschaft des Ayurveda lehrt, dass jeder Mensch eine einzigartige Mischung aus drei Lebensenergien oder Doshas ist: <\/span><a href=\"https:\/\/rockholm.com\/blogs\/ayurveda-dosha-ratgeber.html\"><span style=\"font-weight: 400;\">Vatha, Pitha und Kapha<\/span><\/a><span style=\"font-weight: 400;\">. Vatha Dosha verk\u00f6rpert die Elemente Luft und \u00c4ther und leitet alle Bewegungen in <\/span><a href=\"https:\/\/rockholm.com\/de\/our-methodology-of-healing-body-mind-and-soul\/\"><span style=\"font-weight: 400;\">K\u00f6rper und Geist.<\/span><\/a><span style=\"font-weight: 400;\"> Wenn Vatha harmonisch flie\u00dft, entstehen Kreativit\u00e4t, Begeisterung und Klarheit. Wenn es gest\u00f6rt ist, k\u00f6nnen Sorgen, Austrocknung und M\u00fcdigkeit auftreten. Im Rockholm<\/span><a href=\"https:\/\/rockholm.com\/de\/yoga\/\"><span style=\"font-weight: 400;\"> Ayurveda and Yoga Resort<\/span><\/a><span style=\"font-weight: 400;\"> an der ruhigen K\u00fcste von Kovalam helfen die erfahrenen Praktiker den G\u00e4sten, ihr Dosha-Gleichgewicht zu erkennen und durch altbew\u00e4hrte Therapien und achtsames Leben ihr inneres Gleichgewicht wiederherzustellen.<\/span><\/p><h5><b>Was ist Vatha Dosha?<\/b><\/h5><p><span style=\"font-weight: 400;\">Vatha ist leicht, trocken, k\u00fchl, subtil und immer in Bewegung. Es ist das Fl\u00fcstern der Brise, der Rhythmus der Gezeiten und der Funke, der kreative Gedanken entfacht. Menschen mit einer dominanten Vatha-Konstitution zeichnen sich oft durch einen schnellen Verstand, lebhafte Fantasie und eine Vorliebe f\u00fcr neue Erfahrungen aus. K\u00f6rperlich haben sie m\u00f6glicherweise eine schlanke Statur, einen wechselhaften Appetit und empfindliche Haut. Vatha steuert die Atmung, den Herzschlag, den Kreislauf, die Nervenimpulse und den anmutigen Tanz von Gelenken und Muskeln. Wenn diese luftigen Eigenschaften im Gleichgewicht bleiben, f\u00fchlt man sich wachsam und doch ruhig, flexibel und doch geerdet.<\/span><\/p><h5><b>Anzeichen f\u00fcr ein Ungleichgewicht von Vatha<\/b><\/h5><p><span style=\"font-weight: 400;\">Das moderne Arbeitstempo kann Vatha leicht \u00fcber seinen gesunden Bereich hinausbringen. H\u00e4ufige Anzeichen sind:<\/span><\/p><ul><li><span style=\"font-weight: 400;\"> Trockene oder raue Haut und Haare<\/span><\/li><li><span style=\"font-weight: 400;\"> Verstopfung oder Bl\u00e4hungen<\/span><\/li><li><span style=\"font-weight: 400;\"> Schlaflosigkeit oder leichter, unruhiger Schlaf<\/span><\/li><li><span style=\"font-weight: 400;\"> Angstzust\u00e4nde, Unruhe oder rasende Gedanken<\/span><\/li><li><span style=\"font-weight: 400;\"> Unregelm\u00e4\u00dfiger Appetit und pl\u00f6tzliche M\u00fcdigkeit<\/span><\/li><li><span style=\"font-weight: 400;\"> Empfindlichkeit gegen\u00fcber K\u00e4lte und Wind<\/span><\/li><\/ul><p><span style=\"font-weight: 400;\">H\u00e4ufiges Reisen, Auslassen von Mahlzeiten, lange Bildschirmzeiten am Abend und kalte Klimazonen k\u00f6nnen Vatha st\u00f6ren. Das Erkennen dieser fr\u00fchen Anzeichen ist der erste Schritt zu einer sanften Besserung. Nat\u00fcrliche Wege, um Vatha ins Gleichgewicht zu bringen. Ein ausgeglichenes Vatha gedeiht durch W\u00e4rme, Best\u00e4ndigkeit und Nahrung. Einfache t\u00e4gliche Entscheidungen k\u00f6nnen einen Kokon der Stabilit\u00e4t schaffen:<\/span><\/p><p><b>1. Ern\u00e4hrung<\/b><\/p><ul><li><span style=\"font-weight: 400;\">W\u00e4hlen Sie warme, gekochte Mahlzeiten: Eint\u00f6pfe, Breie, Vollkornprodukte.<\/span><\/li><li><span style=\"font-weight: 400;\">Bevorzugen Sie gesunde \u00d6le wie Sesam\u00f6l oder Ghee, um Trockenheit entgegenzuwirken.<\/span><\/li><li><span style=\"font-weight: 400;\">W\u00fcrzen Sie reichlich mit s\u00fc\u00dfen Gew\u00fcrzen wie Zimt, Kardamom und Fenchel.<\/span><\/li><li><span style=\"font-weight: 400;\">Beschr\u00e4nken Sie den Verzehr von rohen Salaten, eisgek\u00fchlten Getr\u00e4nken, Koffein und trockenen Snacks.<\/span><\/li><\/ul><p><b>2. Lebensweise<\/b><\/p><ul><li><span style=\"font-weight: 400;\">Halten Sie eine gleichbleibende Routine f\u00fcr das Aufwachen, die Mahlzeiten und den Schlaf ein.<\/span><\/li><li><span style=\"font-weight: 400;\">Kleiden Sie sich in mehreren Schichten und vermeiden Sie starke Winde oder kaltes Wasser.<\/span><\/li><li><span style=\"font-weight: 400;\">Nehmen Sie sich ruhige Abende mit sanfter Musik oder Kerzenlicht, um nerv\u00f6se <\/span><span style=\"font-weight: 400;\">Energie zu beruhigen.<\/span><\/li><\/ul><p><b>3. K\u00f6rper-Geist-\u00dcbungen<\/b><\/p><ul><li><span style=\"font-weight: 400;\">Langsame, erdende Yoga-\u00dcbungen (z. B. sanfte Vorbeugen und Drehungen im Sitzen) <\/span><span style=\"font-weight: 400;\">beruhigen unruhige Luft.<\/span><\/li><li><span style=\"font-weight: 400;\">T\u00e4gliche Selbstmassage mit erw\u00e4rmtem Kr\u00e4uter\u00f6l (Abhyanga) spendet Feuchtigkeit <\/span><span style=\"font-weight: 400;\">und beruhigt die Nerven.<\/span><\/li><li><span style=\"font-weight: 400;\">Pranayama wie die Wechselatmung stabilisiert den Geist und <\/span><span style=\"font-weight: 400;\">reguliert die Atmung.<\/span><\/li><\/ul><p><span style=\"font-weight: 400;\">\u00a0<\/span><\/p><h5><b>Fazit<\/b><\/h5><p><span style=\"font-weight: 400;\">Das Verst\u00e4ndnis von Vatha Dosha verdeutlicht, wie Bewegung und Kreativit\u00e4t durch Sie flie\u00dfen. Indem Sie sich f\u00fcr W\u00e4rme, Rhythmus und Nahrung entscheiden, laden Sie diese luftige Energie ein, Ihnen zu dienen, anstatt Sie zu \u00fcberw\u00e4ltigen. Wenn Sie das Bed\u00fcrfnis nach tieferer Unterst\u00fctzung versp\u00fcren, hei\u00dft Sie das einf\u00fchlsame Team von Rockholm Kovalam willkommen, um authentisches Ayurveda am sanften Puls des Ozeans zu erleben, wo Balance mit einem einzigen achtsamen Atemzug beginnt.<\/span><\/p>\t\t\t\t\t\t\t\t<\/div>\n\t\t\t\t<\/div>\n\t\t\t\t\t<\/div>\n\t\t<\/div>\n\t\t\t\t\t<\/div>\n\t\t<\/section>\n\t\t\t\t\t<\/div>\n\t\t<\/div>\n\t\t\t\t\t<\/div>\n\t\t<\/section>\n\t\t\t\t<section class=\"elementor-section elementor-top-section elementor-element elementor-element-32d8beb elementor-section-boxed elementor-section-height-default elementor-section-height-default\" data-id=\"32d8beb\" data-element_type=\"section\" data-e-type=\"section\">\n\t\t\t\t\t\t<div class=\"elementor-container elementor-column-gap-default\">\n\t\t\t\t\t<div class=\"elementor-column elementor-col-100 elementor-top-column elementor-element elementor-element-3abe383\" data-id=\"3abe383\" data-element_type=\"column\" data-e-type=\"column\">\n\t\t\t<div class=\"elementor-widget-wrap elementor-element-populated\">\n\t\t\t\t\t\t<div class=\"elementor-element elementor-element-7a27cce elementor-widget elementor-widget-heading\" data-id=\"7a27cce\" data-element_type=\"widget\" data-e-type=\"widget\" data-widget_type=\"heading.default\">\n\t\t\t\t<div class=\"elementor-widget-container\">\n\t\t\t\t\t<h2 class=\"elementor-heading-title elementor-size-default\">faq's<\/h2>\t\t\t\t<\/div>\n\t\t\t\t<\/div>\n\t\t\t\t<div class=\"elementor-element elementor-element-65ff584 elementor-widget elementor-widget-toggle\" data-id=\"65ff584\" data-element_type=\"widget\" data-e-type=\"widget\" data-widget_type=\"toggle.default\">\n\t\t\t\t<div class=\"elementor-widget-container\">\n\t\t\t\t\t\t\t<div class=\"elementor-toggle\">\n\t\t\t\t\t\t\t<div class=\"elementor-toggle-item\">\n\t\t\t\t\t<div id=\"elementor-tab-title-1061\" class=\"elementor-tab-title\" data-tab=\"1\" role=\"button\" aria-controls=\"elementor-tab-content-1061\" aria-expanded=\"false\">\n\t\t\t\t\t\t\t\t\t\t\t\t<span class=\"elementor-toggle-icon elementor-toggle-icon-right\" aria-hidden=\"true\">\n\t\t\t\t\t\t\t\t\t\t\t\t\t\t\t<span class=\"elementor-toggle-icon-closed\"><i class=\"fas fa-caret-right\"><\/i><\/span>\n\t\t\t\t\t\t\t\t<span class=\"elementor-toggle-icon-opened\"><i class=\"elementor-toggle-icon-opened fas fa-caret-up\"><\/i><\/span>\n\t\t\t\t\t\t\t\t\t\t\t\t\t<\/span>\n\t\t\t\t\t\t\t\t\t\t\t\t<a class=\"elementor-toggle-title\" tabindex=\"0\">1. Was ist Vatha Dosha im Ayurveda?<\/a>\n\t\t\t\t\t<\/div>\n\n\t\t\t\t\t<div id=\"elementor-tab-content-1061\" class=\"elementor-tab-content elementor-clearfix\" data-tab=\"1\" role=\"region\" aria-labelledby=\"elementor-tab-title-1061\"><p><span style=\"font-weight: 400;\">Vatha ist eine der drei prim\u00e4ren Energien, die den K\u00f6rper steuern. Es besteht aus Luft und \u00c4ther und kontrolliert Bewegung, Kommunikationm und Sinneswahrnehmung.<\/span><\/p><\/div>\n\t\t\t\t<\/div>\n\t\t\t\t\t\t\t<div class=\"elementor-toggle-item\">\n\t\t\t\t\t<div id=\"elementor-tab-title-1062\" class=\"elementor-tab-title\" data-tab=\"2\" role=\"button\" aria-controls=\"elementor-tab-content-1062\" aria-expanded=\"false\">\n\t\t\t\t\t\t\t\t\t\t\t\t<span class=\"elementor-toggle-icon elementor-toggle-icon-right\" aria-hidden=\"true\">\n\t\t\t\t\t\t\t\t\t\t\t\t\t\t\t<span class=\"elementor-toggle-icon-closed\"><i class=\"fas fa-caret-right\"><\/i><\/span>\n\t\t\t\t\t\t\t\t<span class=\"elementor-toggle-icon-opened\"><i class=\"elementor-toggle-icon-opened fas fa-caret-up\"><\/i><\/span>\n\t\t\t\t\t\t\t\t\t\t\t\t\t<\/span>\n\t\t\t\t\t\t\t\t\t\t\t\t<a class=\"elementor-toggle-title\" tabindex=\"0\">2. Wie kann ich feststellen, ob mein Vatha aus dem Gleichgewicht geraten ist? <\/a>\n\t\t\t\t\t<\/div>\n\n\t\t\t\t\t<div id=\"elementor-tab-content-1062\" class=\"elementor-tab-content elementor-clearfix\" data-tab=\"2\" role=\"region\" aria-labelledby=\"elementor-tab-title-1062\"><p><span style=\"font-weight: 400;\">H\u00e4ufige Anzeichen sind trockene Haut, Verstopfung, Schlaflosigkeit, Angstzust\u00e4nde und K\u00e4lteempfindlichkeit. Ein zertifizierter Ayurveda-Praktiker kann dies durch Pulsdiagnose und Beratung best\u00e4tigen.<\/span><\/p><\/div>\n\t\t\t\t<\/div>\n\t\t\t\t\t\t\t<div class=\"elementor-toggle-item\">\n\t\t\t\t\t<div id=\"elementor-tab-title-1063\" class=\"elementor-tab-title\" data-tab=\"3\" role=\"button\" aria-controls=\"elementor-tab-content-1063\" aria-expanded=\"false\">\n\t\t\t\t\t\t\t\t\t\t\t\t<span class=\"elementor-toggle-icon elementor-toggle-icon-right\" aria-hidden=\"true\">\n\t\t\t\t\t\t\t\t\t\t\t\t\t\t\t<span class=\"elementor-toggle-icon-closed\"><i class=\"fas fa-caret-right\"><\/i><\/span>\n\t\t\t\t\t\t\t\t<span class=\"elementor-toggle-icon-opened\"><i class=\"elementor-toggle-icon-opened fas fa-caret-up\"><\/i><\/span>\n\t\t\t\t\t\t\t\t\t\t\t\t\t<\/span>\n\t\t\t\t\t\t\t\t\t\t\t\t<a class=\"elementor-toggle-title\" tabindex=\"0\">3. Welche Lebensmittel helfen, Vatha auszugleichen?<\/a>\n\t\t\t\t\t<\/div>\n\n\t\t\t\t\t<div id=\"elementor-tab-content-1063\" class=\"elementor-tab-content elementor-clearfix\" data-tab=\"3\" role=\"region\" aria-labelledby=\"elementor-tab-title-1063\"><p><span style=\"font-weight: 400;\">Warme Suppen, gekochte Getreide wie Hafer und Reis, Ghee und milde Gew\u00fcrze unterst\u00fctzen Vatha. Minimieren Sie den Verzehr von rohen Salaten, kalten Getr\u00e4nken und Stimulanzien.<\/span><\/p><\/div>\n\t\t\t\t<\/div>\n\t\t\t\t\t\t\t<div class=\"elementor-toggle-item\">\n\t\t\t\t\t<div id=\"elementor-tab-title-1064\" class=\"elementor-tab-title\" data-tab=\"4\" role=\"button\" aria-controls=\"elementor-tab-content-1064\" aria-expanded=\"false\">\n\t\t\t\t\t\t\t\t\t\t\t\t<span class=\"elementor-toggle-icon elementor-toggle-icon-right\" aria-hidden=\"true\">\n\t\t\t\t\t\t\t\t\t\t\t\t\t\t\t<span class=\"elementor-toggle-icon-closed\"><i class=\"fas fa-caret-right\"><\/i><\/span>\n\t\t\t\t\t\t\t\t<span class=\"elementor-toggle-icon-opened\"><i class=\"elementor-toggle-icon-opened fas fa-caret-up\"><\/i><\/span>\n\t\t\t\t\t\t\t\t\t\t\t\t\t<\/span>\n\t\t\t\t\t\t\t\t\t\t\t\t<a class=\"elementor-toggle-title\" tabindex=\"0\">4. Wie kann mir das Ayurveda-Retreat von Rockholm helfen, mein Vatha ins Gleichgewicht zu bringen?<\/a>\n\t\t\t\t\t<\/div>\n\n\t\t\t\t\t<div id=\"elementor-tab-content-1064\" class=\"elementor-tab-content elementor-clearfix\" data-tab=\"4\" role=\"region\" aria-labelledby=\"elementor-tab-title-1064\"><p><span style=\"font-weight: 400;\">Rockholm bietet individuelle Konsultationen, dosha-spezifische Mahlzeiten, therapeutische \u00d6lbehandlungen, Yoga und Meditation in einer beruhigenden Umgebung am Meer, die ideal ist, um die Vatha-Energie zu erden.\u00a0<\/span><\/p><\/div>\n\t\t\t\t<\/div>\n\t\t\t\t\t\t\t\t<\/div>\n\t\t\t\t\t\t<\/div>\n\t\t\t\t<\/div>\n\t\t\t\t\t<\/div>\n\t\t<\/div>\n\t\t\t\t\t<\/div>\n\t\t<\/section>\n\t\t\t\t<\/div>\n\t\t","protected":false},"excerpt":{"rendered":"<p>OUR PURPOSE Vata Dosha im Ayurveda | Balance und Heilung in Rockholm Die alte Wissenschaft des Ayurveda lehrt, dass jeder Mensch eine einzigartige Mischung aus drei Lebensenergien oder Doshas ist: Vatha, Pitha und Kapha. Vatha Dosha verk\u00f6rpert die Elemente Luft und \u00c4ther und leitet alle Bewegungen in K\u00f6rper und Geist. Wenn Vatha harmonisch flie\u00dft, entstehen [&hellip;]<\/p>\n","protected":false},"author":4,"featured_media":0,"parent":0,"menu_order":0,"comment_status":"closed","ping_status":"closed","template":"elementor_header_footer","meta":{"footnotes":""},"class_list":["post-7708","page","type-page","status-publish","hentry"],"_links":{"self":[{"href":"https:\/\/rockholm.com\/de\/wp-json\/wp\/v2\/pages\/7708","targetHints":{"allow":["GET"]}}],"collection":[{"href":"https:\/\/rockholm.com\/de\/wp-json\/wp\/v2\/pages"}],"about":[{"href":"https:\/\/rockholm.com\/de\/wp-json\/wp\/v2\/types\/page"}],"author":[{"embeddable":true,"href":"https:\/\/rockholm.com\/de\/wp-json\/wp\/v2\/users\/4"}],"replies":[{"embeddable":true,"href":"https:\/\/rockholm.com\/de\/wp-json\/wp\/v2\/comments?post=7708"}],"version-history":[{"count":11,"href":"https:\/\/rockholm.com\/de\/wp-json\/wp\/v2\/pages\/7708\/revisions"}],"predecessor-version":[{"id":12664,"href":"https:\/\/rockholm.com\/de\/wp-json\/wp\/v2\/pages\/7708\/revisions\/12664"}],"wp:attachment":[{"href":"https:\/\/rockholm.com\/de\/wp-json\/wp\/v2\/media?parent=7708"}],"curies":[{"name":"wp","href":"https:\/\/api.w.org\/{rel}","templated":true}]}}