{"id":7693,"date":"2025-06-02T04:06:57","date_gmt":"2025-06-02T04:06:57","guid":{"rendered":"https:\/\/rockholm.com\/?page_id=7693"},"modified":"2025-12-05T06:25:16","modified_gmt":"2025-12-05T06:25:16","slug":"naivedya-bedeutung-im-ayurveda","status":"publish","type":"page","link":"https:\/\/rockholm.com\/de\/naivedya-bedeutung-im-ayurveda\/","title":{"rendered":"Naivedya Bedeutung im Ayurveda \u2013 Die heilige Essensgabe"},"content":{"rendered":"\t\t<div data-elementor-type=\"wp-page\" data-elementor-id=\"7693\" class=\"elementor elementor-7693 elementor-7692\" data-elementor-post-type=\"page\">\n\t\t\t\t\t\t<section class=\"elementor-section elementor-top-section elementor-element elementor-element-65792b84 elementor-section-height-min-height elementor-hidden-mobile elementor-section-boxed elementor-section-height-default elementor-section-items-middle\" data-id=\"65792b84\" data-element_type=\"section\" data-e-type=\"section\" data-settings=\"{&quot;background_background&quot;:&quot;classic&quot;}\">\n\t\t\t\t\t\t<div class=\"elementor-container elementor-column-gap-default\">\n\t\t\t\t\t<div class=\"elementor-column elementor-col-100 elementor-top-column elementor-element elementor-element-6776a9c6\" data-id=\"6776a9c6\" data-element_type=\"column\" data-e-type=\"column\">\n\t\t\t<div class=\"elementor-widget-wrap\">\n\t\t\t\t\t\t\t<\/div>\n\t\t<\/div>\n\t\t\t\t\t<\/div>\n\t\t<\/section>\n\t\t\t\t<section class=\"elementor-section elementor-top-section elementor-element elementor-element-3d817a9 elementor-section-full_width elementor-hidden-desktop elementor-hidden-tablet elementor-hidden-mobile elementor-section-height-default elementor-section-height-default\" data-id=\"3d817a9\" data-element_type=\"section\" data-e-type=\"section\">\n\t\t\t\t\t\t<div class=\"elementor-container elementor-column-gap-default\">\n\t\t\t\t\t<div class=\"elementor-column elementor-col-100 elementor-top-column elementor-element elementor-element-140f394\" data-id=\"140f394\" data-element_type=\"column\" data-e-type=\"column\">\n\t\t\t<div class=\"elementor-widget-wrap elementor-element-populated\">\n\t\t\t\t\t\t<div class=\"elementor-element elementor-element-324365a elementor-widget elementor-widget-image\" data-id=\"324365a\" data-element_type=\"widget\" data-e-type=\"widget\" data-widget_type=\"image.default\">\n\t\t\t\t<div class=\"elementor-widget-container\">\n\t\t\t\t\t\t\t\t\t\t\t\t\t\t\t<img fetchpriority=\"high\" decoding=\"async\" width=\"585\" height=\"956\" src=\"https:\/\/rockholm.com\/wp-content\/uploads\/2022\/08\/ayurveda.jpg\" class=\"attachment-full size-full wp-image-3240\" alt=\"\" srcset=\"https:\/\/rockholm.com\/wp-content\/uploads\/2022\/08\/ayurveda.jpg 585w, https:\/\/rockholm.com\/wp-content\/uploads\/2022\/08\/ayurveda-184x300.jpg 184w\" sizes=\"(max-width: 585px) 100vw, 585px\">\t\t\t\t\t\t\t\t\t\t\t\t\t\t\t<\/div>\n\t\t\t\t<\/div>\n\t\t\t\t\t<\/div>\n\t\t<\/div>\n\t\t\t\t\t<\/div>\n\t\t<\/section>\n\t\t\t\t<section class=\"elementor-section elementor-top-section elementor-element elementor-element-1f528275 elementor-section-boxed elementor-section-height-default elementor-section-height-default\" data-id=\"1f528275\" data-element_type=\"section\" data-e-type=\"section\">\n\t\t\t\t\t\t<div class=\"elementor-container elementor-column-gap-wide\">\n\t\t\t\t\t<div class=\"elementor-column elementor-col-33 elementor-top-column elementor-element elementor-element-641f952e\" data-id=\"641f952e\" data-element_type=\"column\" data-e-type=\"column\">\n\t\t\t<div class=\"elementor-widget-wrap elementor-element-populated\">\n\t\t\t\t\t\t<section class=\"elementor-section elementor-inner-section elementor-element elementor-element-3f80d1fa elementor-section-boxed elementor-section-height-default elementor-section-height-default\" data-id=\"3f80d1fa\" data-element_type=\"section\" data-e-type=\"section\" data-settings=\"{&quot;sticky&quot;:&quot;top&quot;,&quot;sticky_on&quot;:[&quot;desktop&quot;],&quot;sticky_offset&quot;:20,&quot;sticky_parent&quot;:&quot;yes&quot;,&quot;sticky_effects_offset&quot;:0,&quot;sticky_anchor_link_offset&quot;:0}\">\n\t\t\t\t\t\t<div class=\"elementor-container elementor-column-gap-default\">\n\t\t\t\t\t<div class=\"elementor-column elementor-col-100 elementor-inner-column elementor-element elementor-element-7af4fb07\" data-id=\"7af4fb07\" data-element_type=\"column\" data-e-type=\"column\">\n\t\t\t<div class=\"elementor-widget-wrap elementor-element-populated\">\n\t\t\t\t\t\t<div class=\"elementor-element elementor-element-68900e9a elementor-widget elementor-widget-heading\" data-id=\"68900e9a\" data-element_type=\"widget\" data-e-type=\"widget\" data-widget_type=\"heading.default\">\n\t\t\t\t<div class=\"elementor-widget-container\">\n\t\t\t\t\t<h5 class=\"elementor-heading-title elementor-size-default\">OUR PURPOSE<\/h5>\t\t\t\t<\/div>\n\t\t\t\t<\/div>\n\t\t\t\t<div class=\"elementor-element elementor-element-27bd82b3 elementor-nav-menu--dropdown-none elementor-widget elementor-widget-nav-menu\" data-id=\"27bd82b3\" data-element_type=\"widget\" data-e-type=\"widget\" data-settings=\"{&quot;layout&quot;:&quot;vertical&quot;,&quot;submenu_icon&quot;:{&quot;value&quot;:&quot;&lt;i class=\\&quot;fas fa-caret-down\\&quot; aria-hidden=\\&quot;true\\&quot;&gt;&lt;\\\/i&gt;&quot;,&quot;library&quot;:&quot;fa-solid&quot;}}\" data-widget_type=\"nav-menu.default\">\n\t\t\t\t<div class=\"elementor-widget-container\">\n\t\t\t\t\t\t\t\t<nav aria-label=\"Men\u00fc\" class=\"elementor-nav-menu--main elementor-nav-menu__container elementor-nav-menu--layout-vertical e--pointer-none\">\n\t\t\t\t<ul id=\"menu-1-27bd82b3\" class=\"elementor-nav-menu sm-vertical\"><li class=\"menu-item menu-item-type-post_type menu-item-object-page menu-item-773\"><a href=\"https:\/\/rockholm.com\/ayurveda-philosophy\/\" class=\"elementor-item\">Ayurveda Philosophy<\/a><\/li>\n<li class=\"menu-item menu-item-type-post_type menu-item-object-page menu-item-800\"><a href=\"https:\/\/rockholm.com\/rockholm-ayurveda-center-resort\/\" class=\"elementor-item\">Rockholm Ayurveda Center<\/a><\/li>\n<li class=\"menu-item menu-item-type-post_type menu-item-object-page menu-item-788\"><a href=\"https:\/\/rockholm.com\/treatment-principles\/\" class=\"elementor-item\">Treatment Principles<\/a><\/li>\n<li class=\"menu-item menu-item-type-post_type menu-item-object-page menu-item-805\"><a href=\"https:\/\/rockholm.com\/our-methodology-of-healing-body-mind-and-soul\/\" class=\"elementor-item\">Our Methodology of Healing Body, Mind and Soul<\/a><\/li>\n<li class=\"menu-item menu-item-type-post_type menu-item-object-page menu-item-815\"><a href=\"https:\/\/rockholm.com\/yoga-program\/\" class=\"elementor-item\">Yoga<\/a><\/li>\n<li class=\"menu-item menu-item-type-post_type menu-item-object-page menu-item-814\"><a href=\"https:\/\/rockholm.com\/daily-yoga-programs-resort-yoga-resort-in-tvm\/\" class=\"elementor-item\">Daily Yoga Programs<\/a><\/li>\n<li class=\"menu-item menu-item-type-post_type menu-item-object-page menu-item-822\"><a href=\"https:\/\/rockholm.com\/ayurveda-cuisine\/\" class=\"elementor-item\">Cuisine<\/a><\/li>\n<li class=\"menu-item menu-item-type-post_type menu-item-object-page menu-item-838\"><a href=\"https:\/\/rockholm.com\/nattika-life\/\" class=\"elementor-item\">Nattika Life<\/a><\/li>\n<li class=\"menu-item menu-item-type-post_type menu-item-object-page menu-item-837\"><a href=\"https:\/\/rockholm.com\/nattika-essence\/\" class=\"elementor-item\">Nattika Essence<\/a><\/li>\n<\/ul>\t\t\t<\/nav>\n\t\t\t\t\t\t<nav class=\"elementor-nav-menu--dropdown elementor-nav-menu__container\" aria-hidden=\"true\">\n\t\t\t\t<ul id=\"menu-2-27bd82b3\" class=\"elementor-nav-menu sm-vertical\"><li class=\"menu-item menu-item-type-post_type menu-item-object-page menu-item-773\"><a href=\"https:\/\/rockholm.com\/ayurveda-philosophy\/\" class=\"elementor-item\" tabindex=\"-1\">Ayurveda Philosophy<\/a><\/li>\n<li class=\"menu-item menu-item-type-post_type menu-item-object-page menu-item-800\"><a href=\"https:\/\/rockholm.com\/rockholm-ayurveda-center-resort\/\" class=\"elementor-item\" tabindex=\"-1\">Rockholm Ayurveda Center<\/a><\/li>\n<li class=\"menu-item menu-item-type-post_type menu-item-object-page menu-item-788\"><a href=\"https:\/\/rockholm.com\/treatment-principles\/\" class=\"elementor-item\" tabindex=\"-1\">Treatment Principles<\/a><\/li>\n<li class=\"menu-item menu-item-type-post_type menu-item-object-page menu-item-805\"><a href=\"https:\/\/rockholm.com\/our-methodology-of-healing-body-mind-and-soul\/\" class=\"elementor-item\" tabindex=\"-1\">Our Methodology of Healing Body, Mind and Soul<\/a><\/li>\n<li class=\"menu-item menu-item-type-post_type menu-item-object-page menu-item-815\"><a href=\"https:\/\/rockholm.com\/yoga-program\/\" class=\"elementor-item\" tabindex=\"-1\">Yoga<\/a><\/li>\n<li class=\"menu-item menu-item-type-post_type menu-item-object-page menu-item-814\"><a href=\"https:\/\/rockholm.com\/daily-yoga-programs-resort-yoga-resort-in-tvm\/\" class=\"elementor-item\" tabindex=\"-1\">Daily Yoga Programs<\/a><\/li>\n<li class=\"menu-item menu-item-type-post_type menu-item-object-page menu-item-822\"><a href=\"https:\/\/rockholm.com\/ayurveda-cuisine\/\" class=\"elementor-item\" tabindex=\"-1\">Cuisine<\/a><\/li>\n<li class=\"menu-item menu-item-type-post_type menu-item-object-page menu-item-838\"><a href=\"https:\/\/rockholm.com\/nattika-life\/\" class=\"elementor-item\" tabindex=\"-1\">Nattika Life<\/a><\/li>\n<li class=\"menu-item menu-item-type-post_type menu-item-object-page menu-item-837\"><a href=\"https:\/\/rockholm.com\/nattika-essence\/\" class=\"elementor-item\" tabindex=\"-1\">Nattika Essence<\/a><\/li>\n<\/ul>\t\t\t<\/nav>\n\t\t\t\t\t\t<\/div>\n\t\t\t\t<\/div>\n\t\t\t\t\t<\/div>\n\t\t<\/div>\n\t\t\t\t\t<\/div>\n\t\t<\/section>\n\t\t\t\t\t<\/div>\n\t\t<\/div>\n\t\t\t\t<div class=\"elementor-column elementor-col-66 elementor-top-column elementor-element elementor-element-59807928\" data-id=\"59807928\" data-element_type=\"column\" data-e-type=\"column\">\n\t\t\t<div class=\"elementor-widget-wrap elementor-element-populated\">\n\t\t\t\t\t\t<section class=\"elementor-section elementor-inner-section elementor-element elementor-element-261c3d6d elementor-section-boxed elementor-section-height-default elementor-section-height-default\" data-id=\"261c3d6d\" data-element_type=\"section\" data-e-type=\"section\">\n\t\t\t\t\t\t<div class=\"elementor-container elementor-column-gap-default\">\n\t\t\t\t\t<div class=\"elementor-column elementor-col-100 elementor-inner-column elementor-element elementor-element-7ba8d63e\" data-id=\"7ba8d63e\" data-element_type=\"column\" data-e-type=\"column\">\n\t\t\t<div class=\"elementor-widget-wrap elementor-element-populated\">\n\t\t\t\t\t\t<div class=\"elementor-element elementor-element-19b0d77 elementor-widget elementor-widget-image\" data-id=\"19b0d77\" data-element_type=\"widget\" data-e-type=\"widget\" data-widget_type=\"image.default\">\n\t\t\t\t<div class=\"elementor-widget-container\">\n\t\t\t\t\t\t\t\t\t\t\t\t\t\t\t<img decoding=\"async\" width=\"1320\" height=\"758\" src=\"https:\/\/rockholm.com\/wp-content\/uploads\/2022\/06\/Ayurveda-Centre-Logo-1.png\" class=\"attachment-full size-full wp-image-3076\" alt=\"\" srcset=\"https:\/\/rockholm.com\/wp-content\/uploads\/2022\/06\/Ayurveda-Centre-Logo-1.png 1320w, https:\/\/rockholm.com\/wp-content\/uploads\/2022\/06\/Ayurveda-Centre-Logo-1-300x172.png 300w, https:\/\/rockholm.com\/wp-content\/uploads\/2022\/06\/Ayurveda-Centre-Logo-1-1024x588.png 1024w, https:\/\/rockholm.com\/wp-content\/uploads\/2022\/06\/Ayurveda-Centre-Logo-1-768x441.png 768w\" sizes=\"(max-width: 1320px) 100vw, 1320px\">\t\t\t\t\t\t\t\t\t\t\t\t\t\t\t<\/div>\n\t\t\t\t<\/div>\n\t\t\t\t<div class=\"elementor-element elementor-element-53859ae6 elementor-widget elementor-widget-heading\" data-id=\"53859ae6\" data-element_type=\"widget\" data-e-type=\"widget\" data-widget_type=\"heading.default\">\n\t\t\t\t<div class=\"elementor-widget-container\">\n\t\t\t\t\t<h1 class=\"elementor-heading-title elementor-size-default\">Naivedya Bedeutung im Ayurveda \u2013 Die heilige Essensgabe<\/h1>\t\t\t\t<\/div>\n\t\t\t\t<\/div>\n\t\t\t\t<div class=\"elementor-element elementor-element-7b62c74 elementor-widget elementor-widget-text-editor\" data-id=\"7b62c74\" data-element_type=\"widget\" data-e-type=\"widget\" data-widget_type=\"text-editor.default\">\n\t\t\t\t<div class=\"elementor-widget-container\">\n\t\t\t\t\t\t\t\t\t<p><span style=\"font-weight: 400;\">Im Ayurveda ist Nahrung nicht nur Nahrung, sondern auch eine Opfergabe. Die Praxis des <\/span><a href=\"https:\/\/rockholm.com\/blogs\/die-vorteile-der-authentischen-ayurveda-kuche.html\"><span style=\"font-weight: 400;\">Naivedya<\/span><\/a><span style=\"font-weight: 400;\"> offenbart diese heilige Verbindung zwischen Natur, Nahrung und Dankbarkeit, die die indische K\u00fcche seit Jahrtausenden pr\u00e4gt. Indem wir den ersten Bissen jeder Mahlzeit dem G\u00f6ttlichen darbringen, ehren wir die Kr\u00e4fte, die das Getreide reifen lassen, die H\u00e4nde, die es ernten, und die Lebensenergie, die uns letztendlich erh\u00e4lt.<\/span><\/p><h5><b>Was ist Naivedya?<\/b><\/h5><p><span style=\"font-weight: 400;\">Das Wort Naivedya stammt aus dem Sanskrit und bedeutet \u201eder Gottheit eine Opfergabe darbringen\u201c. Traditionell wird das <\/span><a href=\"https:\/\/rockholm.com\/de\/cuisine\/\"><span style=\"font-weight: 400;\">gekochte Essen<\/span><\/a><span style=\"font-weight: 400;\"> vor einer ausgew\u00e4hlten g\u00f6ttlichen Gestalt platziert, begleitet von einer Absicht und einem Gebet. Erst nach diesem stillen Moment der Ehrerbietung wird die Mahlzeit zu Prasad, zu Essen, das sowohl physische N\u00e4hrstoffe als auch subtile Segnungen in sich tr\u00e4gt. Im Ayurveda markiert Naivedya den entscheidenden Wandel von pers\u00f6nlichem Besitz zu kosmischer Dankbarkeit und gibt den Ton f\u00fcr achtsamen Konsum an.<\/span><\/p><h5><b>Naivedya im Ayurveda und in der Ern\u00e4hrungsphilosophie<\/b><\/h5><p><span style=\"font-weight: 400;\">Ayurvedische Texte lehren, dass Nahrung Medizin, Energie und Bewusstsein in einem ist. Wenn sie mit Sattva \u2013 der Eigenschaft von Leichtigkeit, Klarheit und Ausgeglichenheit \u2013 zubereitet wird, unterst\u00fctzt jedes Gericht die Verdauung, das Immunsystem und das emotionale Wohlbefinden. Naivedya besiegelt diese Vorteile mit einer Opfergabe der Demut.<\/span><\/p><ul><li><span style=\"font-weight: 400;\"> Zutaten: <\/span><a href=\"https:\/\/rockholm.com\/blogs\/ayurveda-grune-lebensmittel-in-rockholm.html\"><span style=\"font-weight: 400;\">Frisches Gem\u00fcse<\/span><\/a><span style=\"font-weight: 400;\">, saisonale Fr\u00fcchte, Vollkornprodukte, Kuh-Ghee, Honig und milde Gew\u00fcrze f\u00f6rdern die Reinheit und Klarheit des Geistes.<\/span><\/li><li><span style=\"font-weight: 400;\"> Agni zuerst: Lebensmittel m\u00fcssen vollst\u00e4ndig gegart sein, einen angenehmen Geruch haben und leicht verdaulich sein, damit sie es wert sind, dargebracht zu werden.<\/span><\/li><li><span style=\"font-weight: 400;\"> Prana bewahrt: Durch minimale Verarbeitung bleibt die Lebenskraft jeder Zutat erhalten, ein Prinzip, das auch von der modernen Ern\u00e4hrungswissenschaft in ihrem Lob f\u00fcr Vollwertkost aufgegriffen wird.<\/span><\/li><\/ul><p><span style=\"font-weight: 400;\">\u00a0<\/span><\/p><p><span style=\"font-weight: 400;\">In der <\/span><a href=\"https:\/\/rockholm.com\/de\/cuisine\/\"><span style=\"font-weight: 400;\">ayurvedischen K\u00fcche von Rockholm<\/span><\/a><span style=\"font-weight: 400;\"> bestimmen diese Leitlinien die t\u00e4glichen Men\u00fcs. Die K\u00f6che beraten sich mit den hauseigenen Vaidyas, um ausgewogene Mahlzeiten zuzubereiten, die die vorherrschenden Doshas beruhigen, egal ob ein Gast Vata erdende Eint\u00f6pfe oder Pitta-k\u00fchlende Currys ben\u00f6tigt. Wenn jede Platte aus der K\u00fcche gebracht wird, segnet ein Moment der Naivedya still den Serviertisch, bevor die Teller auf den Tisch kommen.<\/span><\/p><h5><b>Moderne Relevanz: Achtsames Essen im Rockholm<\/b><\/h5><p><span style=\"font-weight: 400;\">Das charakteristische Naivedya Restaurant des Rockholm verk\u00f6rpert das alte Prinzip in zeitgem\u00e4\u00dfer Form. Die raumhohen Fenster bieten einen Blick auf das Arabische Meer, doch die beeindruckendste Aussicht bietet sich auf dem Teller selbst.<\/span><span style=\"font-weight: 400;\">\u00a0<\/span><\/p><ol><li><span style=\"font-weight: 400;\"> Respekt vor den Zutaten: Die Produkte werden t\u00e4glich von Partner-Biobauernh\u00f6fen geliefert. Der Fisch wird von lokalen Fischern, die sich an nachhaltige Fangquoten halten, mit der Angel gefangen.<\/span><\/li><li><span style=\"font-weight: 400;\"> Bewusste Zubereitung: \u00d6le werden nur einmal erhitzt.<\/span><\/li><\/ol><p><span style=\"font-weight: 400;\">Man schmeckt die Absicht. Das Essen f\u00fchlte sich leichter an, und mein Geist war danach bemerkenswert ruhig\u201c, bemerkt Anita Rao, die k\u00fcrzlich an einem 14-t\u00e4gigen Panchakarma-Programm teilgenommen hat. Indem jedes Mittag- und Abendessen in Naivedya verwandelt wird, f\u00fchrt Rockholm seine Besucher sanft an eine Form des achtsamen Essens heran, die wissenschaftlichen Studien zufolge zu einer Verringerung der Stresshormone und einer Verbesserung der Darmmotilit\u00e4t f\u00fchrt.<\/span><\/p><h5><b>Symbolik und regionale Rituale<\/b><\/h5><p><span style=\"font-weight: 400;\">Die Naivedya-Traditionen variieren in Indien, doch die zugrunde liegende Symbolik bleibt gleich. Region \u00dcbliches Opfer Hauptkraut oder -gew\u00fcrz Ritualakzent Kerala Payasam (Reispudding mit Jaggery)<\/span><\/p>\t\t\t\t\t\t\t\t<\/div>\n\t\t\t\t<\/div>\n\t\t\t\t<div class=\"elementor-element elementor-element-caf9547 elementor-widget elementor-widget-html\" data-id=\"caf9547\" data-element_type=\"widget\" data-e-type=\"widget\" data-widget_type=\"html.default\">\n\t\t\t\t<div class=\"elementor-widget-container\">\n\t\t\t\t\t<table border=\"1\">\r\n  <tr>\r\n    <th>Region<\/th>\r\n    <th>raditionelle Opfergabe<\/th>\r\n    <th>Schl\u00fcsselkr\u00e4uter \/ Gew\u00fcrze<\/th>\r\n    <th>Rituelles Element<\/th>\r\n\r\n  <\/tr>\r\n  <tr>\r\n    <td>Kerala<\/td>\r\n    <td>Payasam (Milchreis mit Jaggery)\r\n<\/td>\r\n<td>Frische Kardamomkapseln<\/td>\r\n    <td>Kokosbl\u00fcte und \u00d6llampe\r\n<\/td>\r\n\r\n  <\/tr>\r\n  <tr>\r\n    <td>Maharashtra<\/td>\r\n    <td>Modak (Kn\u00f6del aus Reismehl)<\/td>\r\n<td>Muskatnuss<\/td>\r\n    <td>Mit Kurkuma bestrichenes Bananenblatt<\/td>\r\n  <\/tr>\r\n  <tr>\r\n    <td>Tamil Nadu<\/td>\r\n    <td>Pongal (Linsenreis)<\/td>\r\n<td>Kreuzk\u00fcmmel<\/td>\r\n    <td>Mangobl\u00e4tter am Eingang<\/td>\r\n  <\/tr>\r\n <tr>\r\n    <td>Nordindien<\/td>\r\n    <td>Kheer mit Safran<\/td>\r\n<td>Tulsi-Blatt<\/td>\r\n    <td>Glockenklang und Muschelhorn<\/td>\r\n  <\/tr>\r\n  \r\n<\/table>\r\n\t\t\t\t<\/div>\n\t\t\t\t<\/div>\n\t\t\t\t<div class=\"elementor-element elementor-element-b638869 elementor-widget elementor-widget-text-editor\" data-id=\"b638869\" data-element_type=\"widget\" data-e-type=\"widget\" data-widget_type=\"text-editor.default\">\n\t\t\t\t<div class=\"elementor-widget-container\">\n\t\t\t\t\t\t\t\t\t<p><span style=\"font-weight: 400;\">Traditionelle Lampen, die mit Kuh-Ghee betrieben werden, symbolisieren das Verdauungsfeuer (jatharagni). Duftende Kr\u00e4uter wie Tulsi und Kardamom reinigen die Luft, w\u00e4hrend das Umkreisen der Platte im Uhrzeigersinn die zyklische Natur der Jahreszeiten und der Verdauung widerspiegelt.<\/span><\/p><p><span style=\"font-weight: 400;\">Das Verst\u00e4ndnis dieser Rituale vertieft unseren Respekt f\u00fcr jeden L\u00f6ffel. G\u00e4ste, die an Rockholms w\u00f6chentlicher Naivedya-Demonstration teilnehmen, berichten oft, dass sie nach ihrer R\u00fcckkehr nach Hause wieder in der Lage sind, Aromen langsam zu genie\u00dfen.<\/span><\/p><h5><b>Erleben Sie Naivedya bei jeder Mahlzeit<\/b><\/h5><p><span style=\"font-weight: 400;\">Sind Sie bereit, den Unterschied zu schmecken, den Ihre Absicht bewirkt? Besuchen Sie uns im Rockholm und entdecken Sie, wie eine einfache Geste der Dankbarkeit das t\u00e4gliche Essen zu einem Ritual der Heilung macht. <\/span><a href=\"https:\/\/rockholm.com\/de\/contact-us\/\"><span style=\"font-weight: 400;\">Kontaktieren<\/span><\/a><span style=\"font-weight: 400;\"> Sie unseren Wellness-Concierge, um Ihren Ayurveda-Aufenthalt zu buchen und die Naivedya-Philosophie hautnah zu erleben.<\/span><\/p>\t\t\t\t\t\t\t\t<\/div>\n\t\t\t\t<\/div>\n\t\t\t\t\t<\/div>\n\t\t<\/div>\n\t\t\t\t\t<\/div>\n\t\t<\/section>\n\t\t\t\t\t<\/div>\n\t\t<\/div>\n\t\t\t\t\t<\/div>\n\t\t<\/section>\n\t\t\t\t<section class=\"elementor-section elementor-top-section elementor-element elementor-element-2d4d71b elementor-section-boxed elementor-section-height-default elementor-section-height-default\" data-id=\"2d4d71b\" data-element_type=\"section\" data-e-type=\"section\">\n\t\t\t\t\t\t<div class=\"elementor-container elementor-column-gap-default\">\n\t\t\t\t\t<div class=\"elementor-column elementor-col-100 elementor-top-column elementor-element elementor-element-17a3cfe\" data-id=\"17a3cfe\" data-element_type=\"column\" data-e-type=\"column\">\n\t\t\t<div class=\"elementor-widget-wrap elementor-element-populated\">\n\t\t\t\t\t\t<div class=\"elementor-element elementor-element-764bde9 elementor-widget elementor-widget-heading\" data-id=\"764bde9\" data-element_type=\"widget\" data-e-type=\"widget\" data-widget_type=\"heading.default\">\n\t\t\t\t<div class=\"elementor-widget-container\">\n\t\t\t\t\t<h2 class=\"elementor-heading-title elementor-size-default\">faq's<\/h2>\t\t\t\t<\/div>\n\t\t\t\t<\/div>\n\t\t\t\t<div class=\"elementor-element elementor-element-b0b043a elementor-widget elementor-widget-toggle\" data-id=\"b0b043a\" data-element_type=\"widget\" data-e-type=\"widget\" data-widget_type=\"toggle.default\">\n\t\t\t\t<div class=\"elementor-widget-container\">\n\t\t\t\t\t\t\t<div class=\"elementor-toggle\">\n\t\t\t\t\t\t\t<div class=\"elementor-toggle-item\">\n\t\t\t\t\t<div id=\"elementor-tab-title-1851\" class=\"elementor-tab-title\" data-tab=\"1\" role=\"button\" aria-controls=\"elementor-tab-content-1851\" aria-expanded=\"false\">\n\t\t\t\t\t\t\t\t\t\t\t\t<span class=\"elementor-toggle-icon elementor-toggle-icon-right\" aria-hidden=\"true\">\n\t\t\t\t\t\t\t\t\t\t\t\t\t\t\t<span class=\"elementor-toggle-icon-closed\"><i class=\"fas fa-caret-right\"><\/i><\/span>\n\t\t\t\t\t\t\t\t<span class=\"elementor-toggle-icon-opened\"><i class=\"elementor-toggle-icon-opened fas fa-caret-up\"><\/i><\/span>\n\t\t\t\t\t\t\t\t\t\t\t\t\t<\/span>\n\t\t\t\t\t\t\t\t\t\t\t\t<a class=\"elementor-toggle-title\" tabindex=\"0\">1. Was ist Naivedya im Ayurveda?<\/a>\n\t\t\t\t\t<\/div>\n\n\t\t\t\t\t<div id=\"elementor-tab-content-1851\" class=\"elementor-tab-content elementor-clearfix\" data-tab=\"1\" role=\"region\" aria-labelledby=\"elementor-tab-title-1851\"><p><span style=\"font-weight: 400;\">Naivedya ist der Akt, frisch zubereitete Speisen vor dem Essen den G\u00f6ttern darzubringen, um die Nahrungsaufnahme mit Dankbarkeit und spiritueller Absicht in Einklang zu bringen.<\/span><\/p><\/div>\n\t\t\t\t<\/div>\n\t\t\t\t\t\t\t<div class=\"elementor-toggle-item\">\n\t\t\t\t\t<div id=\"elementor-tab-title-1852\" class=\"elementor-tab-title\" data-tab=\"2\" role=\"button\" aria-controls=\"elementor-tab-content-1852\" aria-expanded=\"false\">\n\t\t\t\t\t\t\t\t\t\t\t\t<span class=\"elementor-toggle-icon elementor-toggle-icon-right\" aria-hidden=\"true\">\n\t\t\t\t\t\t\t\t\t\t\t\t\t\t\t<span class=\"elementor-toggle-icon-closed\"><i class=\"fas fa-caret-right\"><\/i><\/span>\n\t\t\t\t\t\t\t\t<span class=\"elementor-toggle-icon-opened\"><i class=\"elementor-toggle-icon-opened fas fa-caret-up\"><\/i><\/span>\n\t\t\t\t\t\t\t\t\t\t\t\t\t<\/span>\n\t\t\t\t\t\t\t\t\t\t\t\t<a class=\"elementor-toggle-title\" tabindex=\"0\">2. Wie unterscheidet sich Naivedya von Prasad?<\/a>\n\t\t\t\t\t<\/div>\n\n\t\t\t\t\t<div id=\"elementor-tab-content-1852\" class=\"elementor-tab-content elementor-clearfix\" data-tab=\"2\" role=\"region\" aria-labelledby=\"elementor-tab-title-1852\"><p><span style=\"font-weight: 400;\">Naivedya ist der Akt des Opfers. Prasad bezieht sich auf die Speisen, nachdem sie geopfert und gesegnet wurden und zum Verzehr bereit sind.<\/span><\/p><\/div>\n\t\t\t\t<\/div>\n\t\t\t\t\t\t\t<div class=\"elementor-toggle-item\">\n\t\t\t\t\t<div id=\"elementor-tab-title-1853\" class=\"elementor-tab-title\" data-tab=\"3\" role=\"button\" aria-controls=\"elementor-tab-content-1853\" aria-expanded=\"false\">\n\t\t\t\t\t\t\t\t\t\t\t\t<span class=\"elementor-toggle-icon elementor-toggle-icon-right\" aria-hidden=\"true\">\n\t\t\t\t\t\t\t\t\t\t\t\t\t\t\t<span class=\"elementor-toggle-icon-closed\"><i class=\"fas fa-caret-right\"><\/i><\/span>\n\t\t\t\t\t\t\t\t<span class=\"elementor-toggle-icon-opened\"><i class=\"elementor-toggle-icon-opened fas fa-caret-up\"><\/i><\/span>\n\t\t\t\t\t\t\t\t\t\t\t\t\t<\/span>\n\t\t\t\t\t\t\t\t\t\t\t\t<a class=\"elementor-toggle-title\" tabindex=\"0\">3. Hat Naivedya etwas mit achtsamem Essen zu tun?<\/a>\n\t\t\t\t\t<\/div>\n\n\t\t\t\t\t<div id=\"elementor-tab-content-1853\" class=\"elementor-tab-content elementor-clearfix\" data-tab=\"3\" role=\"region\" aria-labelledby=\"elementor-tab-title-1853\"><p><span style=\"font-weight: 400;\">Ja. Die Pause f\u00fcr das Opfer f\u00f6rdert das Bewusstsein und hilft den Speisenden, vom automatischen Verzehr zu bewusstem, dankbarem Essen \u00fcberzugehen.<\/span><\/p><\/div>\n\t\t\t\t<\/div>\n\t\t\t\t\t\t\t\t<\/div>\n\t\t\t\t\t\t<\/div>\n\t\t\t\t<\/div>\n\t\t\t\t\t<\/div>\n\t\t<\/div>\n\t\t\t\t\t<\/div>\n\t\t<\/section>\n\t\t\t\t<\/div>\n\t\t","protected":false},"excerpt":{"rendered":"<p>OUR PURPOSE Naivedya Bedeutung im Ayurveda \u2013 Die heilige Essensgabe Im Ayurveda ist Nahrung nicht nur Nahrung, sondern auch eine Opfergabe. Die Praxis des Naivedya offenbart diese heilige Verbindung zwischen Natur, Nahrung und Dankbarkeit, die die indische K\u00fcche seit Jahrtausenden pr\u00e4gt. Indem wir den ersten Bissen jeder Mahlzeit dem G\u00f6ttlichen darbringen, ehren wir die Kr\u00e4fte, [&hellip;]<\/p>\n","protected":false},"author":4,"featured_media":0,"parent":0,"menu_order":0,"comment_status":"closed","ping_status":"closed","template":"elementor_header_footer","meta":{"footnotes":""},"class_list":["post-7693","page","type-page","status-publish","hentry"],"_links":{"self":[{"href":"https:\/\/rockholm.com\/de\/wp-json\/wp\/v2\/pages\/7693","targetHints":{"allow":["GET"]}}],"collection":[{"href":"https:\/\/rockholm.com\/de\/wp-json\/wp\/v2\/pages"}],"about":[{"href":"https:\/\/rockholm.com\/de\/wp-json\/wp\/v2\/types\/page"}],"author":[{"embeddable":true,"href":"https:\/\/rockholm.com\/de\/wp-json\/wp\/v2\/users\/4"}],"replies":[{"embeddable":true,"href":"https:\/\/rockholm.com\/de\/wp-json\/wp\/v2\/comments?post=7693"}],"version-history":[{"count":8,"href":"https:\/\/rockholm.com\/de\/wp-json\/wp\/v2\/pages\/7693\/revisions"}],"predecessor-version":[{"id":12654,"href":"https:\/\/rockholm.com\/de\/wp-json\/wp\/v2\/pages\/7693\/revisions\/12654"}],"wp:attachment":[{"href":"https:\/\/rockholm.com\/de\/wp-json\/wp\/v2\/media?parent=7693"}],"curies":[{"name":"wp","href":"https:\/\/api.w.org\/{rel}","templated":true}]}}