{"id":3722,"date":"2023-02-14T11:14:33","date_gmt":"2023-02-14T11:14:33","guid":{"rendered":"https:\/\/rockholm.com\/ayurveda-urlaub-in-kerala\/"},"modified":"2024-03-02T17:06:08","modified_gmt":"2024-03-02T17:06:08","slug":"ayurveda-urlaub-in-kerala","status":"publish","type":"page","link":"https:\/\/rockholm.com\/de\/ayurveda-urlaub-in-kerala\/","title":{"rendered":"Ayurveda-Urlaub in Kerala"},"content":{"rendered":"\t\t<div data-elementor-type=\"wp-post\" data-elementor-id=\"3722\" class=\"elementor elementor-3722\" data-elementor-post-type=\"page\">\n\t\t\t\t\t\t<section class=\"elementor-section elementor-top-section elementor-element elementor-element-26f73e0 elementor-section-height-min-height elementor-section-boxed elementor-section-height-default elementor-section-items-middle\" data-id=\"26f73e0\" data-element_type=\"section\" data-e-type=\"section\" data-settings=\"{&quot;background_background&quot;:&quot;classic&quot;}\">\n\t\t\t\t\t\t<div class=\"elementor-container elementor-column-gap-default\">\n\t\t\t\t\t<div class=\"elementor-column elementor-col-100 elementor-top-column elementor-element elementor-element-334eb21\" data-id=\"334eb21\" data-element_type=\"column\" data-e-type=\"column\">\n\t\t\t<div class=\"elementor-widget-wrap\">\n\t\t\t\t\t\t\t<\/div>\n\t\t<\/div>\n\t\t\t\t\t<\/div>\n\t\t<\/section>\n\t\t\t\t<section class=\"elementor-section elementor-top-section elementor-element elementor-element-59480e66 elementor-section-boxed elementor-section-height-default elementor-section-height-default\" data-id=\"59480e66\" data-element_type=\"section\" data-e-type=\"section\">\n\t\t\t\t\t\t<div class=\"elementor-container elementor-column-gap-wide\">\n\t\t\t\t\t<div class=\"elementor-column elementor-col-33 elementor-top-column elementor-element elementor-element-687e075f\" data-id=\"687e075f\" data-element_type=\"column\" data-e-type=\"column\">\n\t\t\t<div class=\"elementor-widget-wrap elementor-element-populated\">\n\t\t\t\t\t\t<section class=\"elementor-section elementor-inner-section elementor-element elementor-element-1b665ad4 elementor-section-boxed elementor-section-height-default elementor-section-height-default\" data-id=\"1b665ad4\" data-element_type=\"section\" data-e-type=\"section\" data-settings=\"{&quot;sticky&quot;:&quot;top&quot;,&quot;sticky_on&quot;:[&quot;desktop&quot;],&quot;sticky_offset&quot;:20,&quot;sticky_parent&quot;:&quot;yes&quot;,&quot;sticky_effects_offset&quot;:0,&quot;sticky_anchor_link_offset&quot;:0}\">\n\t\t\t\t\t\t<div class=\"elementor-container elementor-column-gap-default\">\n\t\t\t\t\t<div class=\"elementor-column elementor-col-100 elementor-inner-column elementor-element elementor-element-2eaa71af\" data-id=\"2eaa71af\" data-element_type=\"column\" data-e-type=\"column\">\n\t\t\t<div class=\"elementor-widget-wrap elementor-element-populated\">\n\t\t\t\t\t\t<div class=\"elementor-element elementor-element-7b4561bb elementor-widget elementor-widget-heading\" data-id=\"7b4561bb\" data-element_type=\"widget\" data-e-type=\"widget\" data-widget_type=\"heading.default\">\n\t\t\t\t<div class=\"elementor-widget-container\">\n\t\t\t\t\t<h5 class=\"elementor-heading-title elementor-size-default\">AYURVEDA BLOG<\/h5>\t\t\t\t<\/div>\n\t\t\t\t<\/div>\n\t\t\t\t<div class=\"elementor-element elementor-element-419f0512 elementor-grid-1 elementor-posts--thumbnail-none elementor-grid-tablet-2 elementor-grid-mobile-1 elementor-widget elementor-widget-posts\" data-id=\"419f0512\" data-element_type=\"widget\" data-e-type=\"widget\" data-settings=\"{&quot;classic_columns&quot;:&quot;1&quot;,&quot;classic_row_gap&quot;:{&quot;unit&quot;:&quot;px&quot;,&quot;size&quot;:10,&quot;sizes&quot;:[]},&quot;classic_columns_tablet&quot;:&quot;2&quot;,&quot;classic_columns_mobile&quot;:&quot;1&quot;,&quot;classic_row_gap_tablet&quot;:{&quot;unit&quot;:&quot;px&quot;,&quot;size&quot;:&quot;&quot;,&quot;sizes&quot;:[]},&quot;classic_row_gap_mobile&quot;:{&quot;unit&quot;:&quot;px&quot;,&quot;size&quot;:&quot;&quot;,&quot;sizes&quot;:[]}}\" data-widget_type=\"posts.classic\">\n\t\t\t\t<div class=\"elementor-widget-container\">\n\t\t\t\t\t\t\t<div class=\"elementor-posts-container elementor-posts elementor-posts--skin-classic elementor-grid\" role=\"list\">\n\t\t\t\t<article class=\"elementor-post elementor-grid-item post-14549 post type-post status-publish format-standard has-post-thumbnail hentry category-ayurveda category-german-language category-germen-2\" role=\"listitem\">\n\t\t\t\t<div class=\"elementor-post__text\">\n\t\t\t\t<h3 class=\"elementor-post__title\">\n\t\t\t<a href=\"https:\/\/rockholm.com\/de\/blogs\/ayush-visum-fuer-ayurveda-behandlungen-in-indien\/\" >\n\t\t\t\tAyush-Visum f\u00fcr Ayurveda-Behandlungen in Indien\t\t\t<\/a>\n\t\t<\/h3>\n\t\t\t\t<\/div>\n\t\t\t\t<\/article>\n\t\t\t\t<article class=\"elementor-post elementor-grid-item post-13944 post type-post status-publish format-standard has-post-thumbnail hentry category-unkategorisiert category-germen\" role=\"listitem\">\n\t\t\t\t<div class=\"elementor-post__text\">\n\t\t\t\t<h3 class=\"elementor-post__title\">\n\t\t\t<a href=\"https:\/\/rockholm.com\/de\/blogs\/was-ist-der-zweck-einer-panchakarma-behandlung-im-ayurveda\/\" >\n\t\t\t\tWas ist der Zweck einer Panchakarma-Behandlung im Ayurveda?\t\t\t<\/a>\n\t\t<\/h3>\n\t\t\t\t<\/div>\n\t\t\t\t<\/article>\n\t\t\t\t<article class=\"elementor-post elementor-grid-item post-13934 post type-post status-publish format-standard has-post-thumbnail hentry category-germen\" role=\"listitem\">\n\t\t\t\t<div class=\"elementor-post__text\">\n\t\t\t\t<h3 class=\"elementor-post__title\">\n\t\t\t<a href=\"https:\/\/rockholm.com\/de\/blogs\/how-to-plan-an-ayurveda-diet-according-to-your-dosha\/\" >\n\t\t\t\tWie Sie eine Ayurveda-Di\u00e4t entsprechend Ihrem Dosha planen\t\t\t<\/a>\n\t\t<\/h3>\n\t\t\t\t<\/div>\n\t\t\t\t<\/article>\n\t\t\t\t<article class=\"elementor-post elementor-grid-item post-14755 post type-post status-publish format-standard has-post-thumbnail hentry category-germen category-unkategorisiert\" role=\"listitem\">\n\t\t\t\t<div class=\"elementor-post__text\">\n\t\t\t\t<h3 class=\"elementor-post__title\">\n\t\t\t<a href=\"https:\/\/rockholm.com\/de\/blogs\/was-ist-ayurvedische-entgiftung\/\" >\n\t\t\t\tWas ist ayurvedische Entgiftung und wie funktioniert sie?\t\t\t<\/a>\n\t\t<\/h3>\n\t\t\t\t<\/div>\n\t\t\t\t<\/article>\n\t\t\t\t<article class=\"elementor-post elementor-grid-item post-13714 post type-post status-publish format-standard has-post-thumbnail hentry category-ayurvedic-living category-german-language category-germen\" role=\"listitem\">\n\t\t\t\t<div class=\"elementor-post__text\">\n\t\t\t\t<h3 class=\"elementor-post__title\">\n\t\t\t<a href=\"https:\/\/rockholm.com\/de\/blogs\/direktverbindungen-zwischen-europa-und-indien-aktuelle-reisemoeglichkeiten-fuer-gaeste-die-eine-reise-nach-indien-planen\/\" >\n\t\t\t\tDirektverbindungen zwischen Europa und Indien: Aktuelle Reisem\u00f6glichkeiten f\u00fcr G\u00e4ste, die eine Reise nach Indien planen\t\t\t<\/a>\n\t\t<\/h3>\n\t\t\t\t<\/div>\n\t\t\t\t<\/article>\n\t\t\t\t<article class=\"elementor-post elementor-grid-item post-14107 post type-post status-publish format-standard has-post-thumbnail hentry category-germen\" role=\"listitem\">\n\t\t\t\t<div class=\"elementor-post__text\">\n\t\t\t\t<h3 class=\"elementor-post__title\">\n\t\t\t<a href=\"https:\/\/rockholm.com\/de\/blogs\/wie-man-triphala-zur-gewichtsabnahme-verwendet-ein-vollstaendiger-leitfaden\/\" >\n\t\t\t\tWie man Triphala zur Gewichtsabnahme verwendet: Ein vollst\u00e4ndiger Leitfaden\t\t\t<\/a>\n\t\t<\/h3>\n\t\t\t\t<\/div>\n\t\t\t\t<\/article>\n\t\t\t\t<article class=\"elementor-post elementor-grid-item post-13036 post type-post status-publish format-standard has-post-thumbnail hentry category-ayurveda category-germen-2\" role=\"listitem\">\n\t\t\t\t<div class=\"elementor-post__text\">\n\t\t\t\t<h3 class=\"elementor-post__title\">\n\t\t\t<a href=\"https:\/\/rockholm.com\/de\/blogs\/7-meditative-asanas-fokus-und-angst\/\" >\n\t\t\t\tDie 7 besten meditativen Asanas zur Verbesserung der Konzentration und zum Abbau von \u00c4ngsten\t\t\t<\/a>\n\t\t<\/h3>\n\t\t\t\t<\/div>\n\t\t\t\t<\/article>\n\t\t\t\t<article class=\"elementor-post elementor-grid-item post-12716 post type-post status-publish format-standard has-post-thumbnail hentry category-unkategorisiert category-germen\" role=\"listitem\">\n\t\t\t\t<div class=\"elementor-post__text\">\n\t\t\t\t<h3 class=\"elementor-post__title\">\n\t\t\t<a href=\"https:\/\/rockholm.com\/de\/blogs\/ayurveda-diet-gut-skin-immunity\/\" >\n\t\t\t\tAyurveda-Ern\u00e4hrung f\u00fcr eine bessere Gesundheit des Darms, eine strahlende Haut und ein gest\u00e4rktes Immunsystem\t\t\t<\/a>\n\t\t<\/h3>\n\t\t\t\t<\/div>\n\t\t\t\t<\/article>\n\t\t\t\t<article class=\"elementor-post elementor-grid-item post-13042 post type-post status-publish format-standard has-post-thumbnail hentry category-germen category-unkategorisiert\" role=\"listitem\">\n\t\t\t\t<div class=\"elementor-post__text\">\n\t\t\t\t<h3 class=\"elementor-post__title\">\n\t\t\t<a href=\"https:\/\/rockholm.com\/de\/blogs\/ayurvedische-massage-therapie-pakete-kerala\/\" >\n\t\t\t\tDie besten traditionellen ayurvedischen Massage-Therapiepakete in Kerala | Rockholm\t\t\t<\/a>\n\t\t<\/h3>\n\t\t\t\t<\/div>\n\t\t\t\t<\/article>\n\t\t\t\t<\/div>\n\t\t\n\t\t\t\t\t\t<\/div>\n\t\t\t\t<\/div>\n\t\t\t\t\t<\/div>\n\t\t<\/div>\n\t\t\t\t\t<\/div>\n\t\t<\/section>\n\t\t\t\t\t<\/div>\n\t\t<\/div>\n\t\t\t\t<div class=\"elementor-column elementor-col-66 elementor-top-column elementor-element elementor-element-f650bf5\" data-id=\"f650bf5\" data-element_type=\"column\" data-e-type=\"column\">\n\t\t\t<div class=\"elementor-widget-wrap elementor-element-populated\">\n\t\t\t\t\t\t<section class=\"elementor-section elementor-inner-section elementor-element elementor-element-6f60d6b6 elementor-section-boxed elementor-section-height-default elementor-section-height-default\" data-id=\"6f60d6b6\" data-element_type=\"section\" data-e-type=\"section\">\n\t\t\t\t\t\t<div class=\"elementor-container elementor-column-gap-default\">\n\t\t\t\t\t<div class=\"elementor-column elementor-col-100 elementor-inner-column elementor-element elementor-element-312289b2\" data-id=\"312289b2\" data-element_type=\"column\" data-e-type=\"column\">\n\t\t\t<div class=\"elementor-widget-wrap elementor-element-populated\">\n\t\t\t\t\t\t<div class=\"elementor-element elementor-element-6909d287 elementor-widget elementor-widget-post-info\" data-id=\"6909d287\" data-element_type=\"widget\" data-e-type=\"widget\" data-widget_type=\"post-info.default\">\n\t\t\t\t<div class=\"elementor-widget-container\">\n\t\t\t\t\t\t\t<ul class=\"elementor-inline-items elementor-icon-list-items elementor-post-info\">\n\t\t\t\t\t\t\t\t<li class=\"elementor-icon-list-item elementor-repeater-item-4b8d2a9 elementor-inline-item\" itemprop=\"datePublished\">\n\t\t\t\t\t\t\t\t\t\t\t\t\t<span class=\"elementor-icon-list-text elementor-post-info__item elementor-post-info__item--type-date\">\n\t\t\t\t\t\t\t\t\t\t<time>November 18, 2025<\/time>\t\t\t\t\t<\/span>\n\t\t\t\t\t\t\t\t<\/li>\n\t\t\t\t<\/ul>\n\t\t\t\t\t\t<\/div>\n\t\t\t\t<\/div>\n\t\t\t\t<div class=\"elementor-element elementor-element-271218d2 elementor-widget elementor-widget-text-editor\" data-id=\"271218d2\" data-element_type=\"widget\" data-e-type=\"widget\" data-widget_type=\"text-editor.default\">\n\t\t\t\t<div class=\"elementor-widget-container\">\n\t\t\t\t\t\t\t\t\t<p><strong>Eine Reise zu Verj\u00fcngung und Gleichgewicht<\/strong><\/p>\n<p>Kerala, das Land der unber\u00fchrten Str\u00e4nde, der \u00fcppigen gr\u00fcnen W\u00e4lder und der ruhigen Backwaters, wird immer mehr zu einem beliebten Reiseziel f\u00fcr alle, die einen Ayurveda-Urlaub machen m\u00f6chten. Mit seinem reichen kulturellen Erbe und seiner bl\u00fchenden ayurvedischen Industrie bietet Kerala eine einzigartige Mischung aus modernem Komfort und uralter Weisheit, die Ihnen helfen kann, k\u00f6rperliches, geistiges und emotionales Gleichgewicht zu erlangen. <\/p>\n<p><strong>Entdecken Sie die Magie des Ayurveda<\/strong><\/p>\n<p>Ayurveda, das 5000 Jahre alte indische Medizinsystem, basiert auf der \u00dcberzeugung, dass eine gute Gesundheit von einem harmonischen Gleichgewicht zwischen Geist, K\u00f6rper und Seele abh\u00e4ngt. Diese uralte Praxis verwendet nat\u00fcrliche Kr\u00e4uter, \u00d6le und Massagen, um den K\u00f6rper zu reinigen und zu heilen. Ihr sanfter, ganzheitlicher Ansatz ist daf\u00fcr bekannt, dass er eine Vielzahl k\u00f6rperlicher und emotionaler Probleme lindert. <\/p>\n<p><strong>Erleben Sie das Beste der ayurvedischen Behandlungen<\/strong><\/p>\n<p>In Kerala werden ayurvedische Behandlungen in verschiedenen Zentren, Resorts und Spas angeboten, wo qualifizierte und geschulte Therapeuten nat\u00fcrliche Methoden anwenden, um die Sinne zu beruhigen und die Entspannung zu f\u00f6rdern. Sie k\u00f6nnen Ihren gesunden Urlaub planen, um Stress abzubauen, Ihre Haut zu verbessern oder k\u00f6rperliche Beschwerden zu lindern. Rockholm am Leuchtturmstrand ist ein solches perfektes Ziel. Sie k\u00f6nnen eine breite Palette von Behandlungen erleben, die auf Ihre speziellen Bed\u00fcrfnisse zugeschnitten sind. Zu den beliebtesten Behandlungen geh\u00f6ren Abhyanga, Shirodhara und Panchakarma, die darauf abzielen, den K\u00f6rper zu reinigen und das Gleichgewicht wiederherzustellen.    <\/p>\n<p><strong>Begeben Sie sich auf eine Reise voller Wellness und Abenteuer<\/strong><\/p>\n<p>Gesund zu bleiben ist eine st\u00e4ndige Reise und ein Urlaub an solchen Orten wie Rockholm am Leuchtturmstrand bietet mehr als nur ayurvedische Behandlungen. Neben der ma\u00dfgeschneiderten Ayurveda-Erfahrung werden Sie auch in den Grunds\u00e4tzen einer gesunden Lebensweise unterrichtet und geschult. Der Ort bietet auch eine Reihe von Aktivit\u00e4ten wie Yoga, Meditation und Spazierg\u00e4nge in der Natur, die Ihnen helfen k\u00f6nnen, sich mit Ihrem inneren Selbst zu verbinden und inneren Frieden zu finden. Sie k\u00f6nnen auch die landschaftliche Sch\u00f6nheit des Bundesstaates erkunden, ein Bad im kristallklaren Meer nehmen oder die charmanten D\u00f6rfer und gesch\u00e4ftigen St\u00e4dte besuchen, die Kerala so einzigartig machen.   <\/p>\n<p><strong>W\u00e4hlen Sie aus einer breiten Palette von Paketen bei Rockholm am Leuchtturmstrand<\/strong><\/p>\n<p>F\u00fcr diejenigen, die ein umfassendes ayurvedisches Erlebnis suchen, bietet Rockholm am Leuchtturmstrand eine Reihe von Paketen und Touren an, die Unterk\u00fcnfte in ruhiger Umgebung, ayurvedische Behandlungen, Mahlzeiten und Aktivit\u00e4ten beinhalten. Egal, ob Sie alleine, mit der Familie oder mit Freunden reisen, Sie k\u00f6nnen aus verschiedenen Paketen w\u00e4hlen, die auf Ihre speziellen Bed\u00fcrfnisse und Ihr Budget abgestimmt sind. <\/p>\n<p><strong>Fazit<\/strong><\/p>\n<p>Ein Ayurveda-Urlaub in Kerala bietet eine perfekte Mischung aus Entspannung, Verj\u00fcngung und Abenteuer. Ganz gleich, ob Sie Stress abbauen, Ihre Gesundheit verbessern oder der Hektik des Alltags entfliehen m\u00f6chten, Kerala bietet alles, was Sie brauchen, um ein ges\u00fcnderes und erf\u00fcllteres Leben zu f\u00fchren. Warum also warten? Buchen Sie noch heute Ihren Ayurveda-Urlaub und beginnen Sie Ihre Reise zu Ausgeglichenheit und Wohlbefinden!   <\/p>\n\t\t\t\t\t\t\t\t<\/div>\n\t\t\t\t<\/div>\n\t\t\t\t\t<\/div>\n\t\t<\/div>\n\t\t\t\t\t<\/div>\n\t\t<\/section>\n\t\t\t\t\t<\/div>\n\t\t<\/div>\n\t\t\t\t\t<\/div>\n\t\t<\/section>\n\t\t\t\t<\/div>\n\t\t","protected":false},"excerpt":{"rendered":"<p>Kerala, das Land der unber\u00fchrten Str\u00e4nde, der \u00fcppigen gr\u00fcnen W\u00e4lder und der ruhigen Backwaters, wird immer mehr zu einem beliebten Reiseziel f\u00fcr alle, die einen Ayurveda-Urlaub machen m\u00f6chten. Mit seinem reichen kulturellen Erbe und seiner bl\u00fchenden ayurvedischen Industrie bietet Kerala eine einzigartige Mischung aus modernem Komfort und uralter Weisheit, die Ihnen helfen kann, k\u00f6rperliches, geistiges und emotionales Gleichgewicht zu erlangen. <\/p>\n","protected":false},"author":4,"featured_media":3173,"parent":0,"menu_order":0,"comment_status":"open","ping_status":"closed","template":"elementor_header_footer","meta":{"footnotes":""},"class_list":["post-3722","page","type-page","status-publish","has-post-thumbnail","hentry"],"_links":{"self":[{"href":"https:\/\/rockholm.com\/de\/wp-json\/wp\/v2\/pages\/3722","targetHints":{"allow":["GET"]}}],"collection":[{"href":"https:\/\/rockholm.com\/de\/wp-json\/wp\/v2\/pages"}],"about":[{"href":"https:\/\/rockholm.com\/de\/wp-json\/wp\/v2\/types\/page"}],"author":[{"embeddable":true,"href":"https:\/\/rockholm.com\/de\/wp-json\/wp\/v2\/users\/4"}],"replies":[{"embeddable":true,"href":"https:\/\/rockholm.com\/de\/wp-json\/wp\/v2\/comments?post=3722"}],"version-history":[{"count":7,"href":"https:\/\/rockholm.com\/de\/wp-json\/wp\/v2\/pages\/3722\/revisions"}],"predecessor-version":[{"id":4189,"href":"https:\/\/rockholm.com\/de\/wp-json\/wp\/v2\/pages\/3722\/revisions\/4189"}],"wp:featuredmedia":[{"embeddable":true,"href":"https:\/\/rockholm.com\/de\/wp-json\/wp\/v2\/media\/3173"}],"wp:attachment":[{"href":"https:\/\/rockholm.com\/de\/wp-json\/wp\/v2\/media?parent=3722"}],"curies":[{"name":"wp","href":"https:\/\/api.w.org\/{rel}","templated":true}]}}