{"id":3714,"date":"2023-02-10T05:18:51","date_gmt":"2023-02-10T05:18:51","guid":{"rendered":"https:\/\/rockholm.com\/ayurvedisches-wellness-in-kerala\/"},"modified":"2024-03-15T13:18:21","modified_gmt":"2024-03-15T13:18:21","slug":"ayurvedisches-wellness-in-kerala","status":"publish","type":"page","link":"https:\/\/rockholm.com\/de\/ayurvedisches-wellness-in-kerala\/","title":{"rendered":"Ayurvedisches Wellness in Kerala"},"content":{"rendered":"\t\t<div data-elementor-type=\"wp-post\" data-elementor-id=\"3714\" class=\"elementor elementor-3714\" data-elementor-post-type=\"page\">\n\t\t\t\t\t\t<section class=\"elementor-section elementor-top-section elementor-element elementor-element-9c7ec6c elementor-section-height-min-height elementor-section-boxed elementor-section-height-default elementor-section-items-middle\" data-id=\"9c7ec6c\" data-element_type=\"section\" data-e-type=\"section\" data-settings=\"{&quot;background_background&quot;:&quot;classic&quot;}\">\n\t\t\t\t\t\t<div class=\"elementor-container elementor-column-gap-default\">\n\t\t\t\t\t<div class=\"elementor-column elementor-col-100 elementor-top-column elementor-element elementor-element-2cb119c7\" data-id=\"2cb119c7\" data-element_type=\"column\" data-e-type=\"column\">\n\t\t\t<div class=\"elementor-widget-wrap\">\n\t\t\t\t\t\t\t<\/div>\n\t\t<\/div>\n\t\t\t\t\t<\/div>\n\t\t<\/section>\n\t\t\t\t<section class=\"elementor-section elementor-top-section elementor-element elementor-element-65488dec elementor-section-boxed elementor-section-height-default elementor-section-height-default\" data-id=\"65488dec\" data-element_type=\"section\" data-e-type=\"section\">\n\t\t\t\t\t\t<div class=\"elementor-container elementor-column-gap-wide\">\n\t\t\t\t\t<div class=\"elementor-column elementor-col-33 elementor-top-column elementor-element elementor-element-248eab6d\" data-id=\"248eab6d\" data-element_type=\"column\" data-e-type=\"column\">\n\t\t\t<div class=\"elementor-widget-wrap elementor-element-populated\">\n\t\t\t\t\t\t<section class=\"elementor-section elementor-inner-section elementor-element elementor-element-3144409e elementor-section-boxed elementor-section-height-default elementor-section-height-default\" data-id=\"3144409e\" data-element_type=\"section\" data-e-type=\"section\" data-settings=\"{&quot;sticky&quot;:&quot;top&quot;,&quot;sticky_on&quot;:[&quot;desktop&quot;],&quot;sticky_offset&quot;:20,&quot;sticky_parent&quot;:&quot;yes&quot;,&quot;sticky_effects_offset&quot;:0,&quot;sticky_anchor_link_offset&quot;:0}\">\n\t\t\t\t\t\t<div class=\"elementor-container elementor-column-gap-default\">\n\t\t\t\t\t<div class=\"elementor-column elementor-col-100 elementor-inner-column elementor-element elementor-element-148bdde8\" data-id=\"148bdde8\" data-element_type=\"column\" data-e-type=\"column\">\n\t\t\t<div class=\"elementor-widget-wrap elementor-element-populated\">\n\t\t\t\t\t\t<div class=\"elementor-element elementor-element-27fbca95 elementor-widget elementor-widget-heading\" data-id=\"27fbca95\" data-element_type=\"widget\" data-e-type=\"widget\" data-widget_type=\"heading.default\">\n\t\t\t\t<div class=\"elementor-widget-container\">\n\t\t\t\t\t<h5 class=\"elementor-heading-title elementor-size-default\">AYURVEDA BLOG<\/h5>\t\t\t\t<\/div>\n\t\t\t\t<\/div>\n\t\t\t\t<div class=\"elementor-element elementor-element-1fe72fe7 elementor-grid-1 elementor-posts--thumbnail-none elementor-grid-tablet-2 elementor-grid-mobile-1 elementor-widget elementor-widget-posts\" data-id=\"1fe72fe7\" data-element_type=\"widget\" data-e-type=\"widget\" data-settings=\"{&quot;classic_columns&quot;:&quot;1&quot;,&quot;classic_row_gap&quot;:{&quot;unit&quot;:&quot;px&quot;,&quot;size&quot;:10,&quot;sizes&quot;:[]},&quot;classic_columns_tablet&quot;:&quot;2&quot;,&quot;classic_columns_mobile&quot;:&quot;1&quot;,&quot;classic_row_gap_tablet&quot;:{&quot;unit&quot;:&quot;px&quot;,&quot;size&quot;:&quot;&quot;,&quot;sizes&quot;:[]},&quot;classic_row_gap_mobile&quot;:{&quot;unit&quot;:&quot;px&quot;,&quot;size&quot;:&quot;&quot;,&quot;sizes&quot;:[]}}\" data-widget_type=\"posts.classic\">\n\t\t\t\t<div class=\"elementor-widget-container\">\n\t\t\t\t\t\t\t<div class=\"elementor-posts-container elementor-posts elementor-posts--skin-classic elementor-grid\" role=\"list\">\n\t\t\t\t<article class=\"elementor-post elementor-grid-item post-13944 post type-post status-publish format-standard has-post-thumbnail hentry category-unkategorisiert\" role=\"listitem\">\n\t\t\t\t<div class=\"elementor-post__text\">\n\t\t\t\t<h3 class=\"elementor-post__title\">\n\t\t\t<a href=\"https:\/\/rockholm.com\/de\/blogs\/was-ist-der-zweck-einer-panchakarma-behandlung-im-ayurveda\/\" >\n\t\t\t\tWas ist der Zweck einer Panchakarma-Behandlung im Ayurveda?\t\t\t<\/a>\n\t\t<\/h3>\n\t\t\t\t<\/div>\n\t\t\t\t<\/article>\n\t\t\t\t<article class=\"elementor-post elementor-grid-item post-13934 post type-post status-publish format-standard has-post-thumbnail hentry category-germen\" role=\"listitem\">\n\t\t\t\t<div class=\"elementor-post__text\">\n\t\t\t\t<h3 class=\"elementor-post__title\">\n\t\t\t<a href=\"https:\/\/rockholm.com\/de\/blogs\/how-to-plan-an-ayurveda-diet-according-to-your-dosha\/\" >\n\t\t\t\tWie Sie eine Ayurveda-Di\u00e4t entsprechend Ihrem Dosha planen\t\t\t<\/a>\n\t\t<\/h3>\n\t\t\t\t<\/div>\n\t\t\t\t<\/article>\n\t\t\t\t<article class=\"elementor-post elementor-grid-item post-14107 post type-post status-publish format-standard has-post-thumbnail hentry category-germen\" role=\"listitem\">\n\t\t\t\t<div class=\"elementor-post__text\">\n\t\t\t\t<h3 class=\"elementor-post__title\">\n\t\t\t<a href=\"https:\/\/rockholm.com\/de\/blogs\/wie-man-triphala-zur-gewichtsabnahme-verwendet-ein-vollstaendiger-leitfaden\/\" >\n\t\t\t\tWie man Triphala zur Gewichtsabnahme verwendet: Ein vollst\u00e4ndiger Leitfaden\t\t\t<\/a>\n\t\t<\/h3>\n\t\t\t\t<\/div>\n\t\t\t\t<\/article>\n\t\t\t\t<article class=\"elementor-post elementor-grid-item post-13036 post type-post status-publish format-standard has-post-thumbnail hentry category-ayurveda category-germen-2\" role=\"listitem\">\n\t\t\t\t<div class=\"elementor-post__text\">\n\t\t\t\t<h3 class=\"elementor-post__title\">\n\t\t\t<a href=\"https:\/\/rockholm.com\/de\/blogs\/7-meditative-asanas-fokus-und-angst\/\" >\n\t\t\t\tDie 7 besten meditativen Asanas zur Verbesserung der Konzentration und zum Abbau von \u00c4ngsten\t\t\t<\/a>\n\t\t<\/h3>\n\t\t\t\t<\/div>\n\t\t\t\t<\/article>\n\t\t\t\t<article class=\"elementor-post elementor-grid-item post-12716 post type-post status-publish format-standard has-post-thumbnail hentry category-unkategorisiert category-germen\" role=\"listitem\">\n\t\t\t\t<div class=\"elementor-post__text\">\n\t\t\t\t<h3 class=\"elementor-post__title\">\n\t\t\t<a href=\"https:\/\/rockholm.com\/de\/blogs\/ayurveda-diet-gut-skin-immunity\/\" >\n\t\t\t\tAyurveda-Ern\u00e4hrung f\u00fcr eine bessere Gesundheit des Darms, eine strahlende Haut und ein gest\u00e4rktes Immunsystem\t\t\t<\/a>\n\t\t<\/h3>\n\t\t\t\t<\/div>\n\t\t\t\t<\/article>\n\t\t\t\t<article class=\"elementor-post elementor-grid-item post-13042 post type-post status-publish format-standard has-post-thumbnail hentry category-germen category-unkategorisiert\" role=\"listitem\">\n\t\t\t\t<div class=\"elementor-post__text\">\n\t\t\t\t<h3 class=\"elementor-post__title\">\n\t\t\t<a href=\"https:\/\/rockholm.com\/de\/blogs\/ayurvedische-massage-therapie-pakete-kerala\/\" >\n\t\t\t\tDie besten traditionellen ayurvedischen Massage-Therapiepakete in Kerala | Rockholm\t\t\t<\/a>\n\t\t<\/h3>\n\t\t\t\t<\/div>\n\t\t\t\t<\/article>\n\t\t\t\t<article class=\"elementor-post elementor-grid-item post-12693 post type-post status-publish format-standard has-post-thumbnail hentry category-unkategorisiert category-germen\" role=\"listitem\">\n\t\t\t\t<div class=\"elementor-post__text\">\n\t\t\t\t<h3 class=\"elementor-post__title\">\n\t\t\t<a href=\"https:\/\/rockholm.com\/de\/blogs\/ayurveda-diet-guide-for-body-types\/\" >\n\t\t\t\tAyurveda-Ern\u00e4hrung: Ein praxisorientierter Leitfaden f\u00fcr die richtige Ern\u00e4hrung bei einem Ungleichgewicht Ihrer Doshas\t\t\t<\/a>\n\t\t<\/h3>\n\t\t\t\t<\/div>\n\t\t\t\t<\/article>\n\t\t\t\t<article class=\"elementor-post elementor-grid-item post-6603 post type-post status-publish format-standard has-post-thumbnail hentry category-germen\" role=\"listitem\">\n\t\t\t\t<div class=\"elementor-post__text\">\n\t\t\t\t<h3 class=\"elementor-post__title\">\n\t\t\t<a href=\"https:\/\/rockholm.com\/de\/blogs\/rekindle-your-spirit-warum-rockholm-das-ultimative-ayurvedische-luxus-retreat-am-strand-von-kovalam-ist\/\" >\n\t\t\t\tRekindle Your Spirit: warum Rockholm das ultimative ayurvedische Luxus-Retreat am Strand von Kovalam ist\t\t\t<\/a>\n\t\t<\/h3>\n\t\t\t\t<\/div>\n\t\t\t\t<\/article>\n\t\t\t\t<article class=\"elementor-post elementor-grid-item post-5786 post type-post status-publish format-standard has-post-thumbnail hentry category-german\" role=\"listitem\">\n\t\t\t\t<div class=\"elementor-post__text\">\n\t\t\t\t<h3 class=\"elementor-post__title\">\n\t\t\t<a href=\"https:\/\/rockholm.com\/de\/blogs\/schlaflosigkeit-verstehen-ursachen-auswirkungen-und-managementstrategien-durch-ayurveda\/\" >\n\t\t\t\tSchlaflosigkeit verstehen: Ursachen, Auswirkungen und Managementstrategien durch Ayurveda\t\t\t<\/a>\n\t\t<\/h3>\n\t\t\t\t<\/div>\n\t\t\t\t<\/article>\n\t\t\t\t<\/div>\n\t\t\n\t\t\t\t\t\t<\/div>\n\t\t\t\t<\/div>\n\t\t\t\t\t<\/div>\n\t\t<\/div>\n\t\t\t\t\t<\/div>\n\t\t<\/section>\n\t\t\t\t\t<\/div>\n\t\t<\/div>\n\t\t\t\t<div class=\"elementor-column elementor-col-66 elementor-top-column elementor-element elementor-element-249e54ce\" data-id=\"249e54ce\" data-element_type=\"column\" data-e-type=\"column\">\n\t\t\t<div class=\"elementor-widget-wrap elementor-element-populated\">\n\t\t\t\t\t\t<section class=\"elementor-section elementor-inner-section elementor-element elementor-element-356eb1cb elementor-section-boxed elementor-section-height-default elementor-section-height-default\" data-id=\"356eb1cb\" data-element_type=\"section\" data-e-type=\"section\">\n\t\t\t\t\t\t<div class=\"elementor-container elementor-column-gap-default\">\n\t\t\t\t\t<div class=\"elementor-column elementor-col-100 elementor-inner-column elementor-element elementor-element-5a581374\" data-id=\"5a581374\" data-element_type=\"column\" data-e-type=\"column\">\n\t\t\t<div class=\"elementor-widget-wrap elementor-element-populated\">\n\t\t\t\t\t\t<div class=\"elementor-element elementor-element-1b76eda0 elementor-widget elementor-widget-post-info\" data-id=\"1b76eda0\" data-element_type=\"widget\" data-e-type=\"widget\" data-widget_type=\"post-info.default\">\n\t\t\t\t<div class=\"elementor-widget-container\">\n\t\t\t\t\t\t\t<ul class=\"elementor-inline-items elementor-icon-list-items elementor-post-info\">\n\t\t\t\t\t\t\t\t<li class=\"elementor-icon-list-item elementor-repeater-item-4b8d2a9 elementor-inline-item\" itemprop=\"datePublished\">\n\t\t\t\t\t\t\t\t\t\t\t\t\t<span class=\"elementor-icon-list-text elementor-post-info__item elementor-post-info__item--type-date\">\n\t\t\t\t\t\t\t\t\t\t<time>August 23, 2024<\/time>\t\t\t\t\t<\/span>\n\t\t\t\t\t\t\t\t<\/li>\n\t\t\t\t<\/ul>\n\t\t\t\t\t\t<\/div>\n\t\t\t\t<\/div>\n\t\t\t\t<div class=\"elementor-element elementor-element-59e3e4a4 elementor-widget elementor-widget-text-editor\" data-id=\"59e3e4a4\" data-element_type=\"widget\" data-e-type=\"widget\" data-widget_type=\"text-editor.default\">\n\t\t\t\t<div class=\"elementor-widget-container\">\n\t\t\t\t\t\t\t\t\t<p><strong>Eine Reise der Regenerierung und des Gleichgewicht<\/strong><\/p>\n<p>Kerala, bekannt als &#8222;God&#8217;s Own Country&#8220;, ist ein beliebtes Reiseziel f\u00fcr alle, die Ayurveda-Behandlungen und Wellness suchen. Mit seinem reichen kulturellen Erbe, den ruhigen Str\u00e4nden und der \u00fcppigen gr\u00fcnen Landschaft bietet Kerala den perfekten Rahmen f\u00fcr ganzheitliche Heilung und Regenerierung. <\/p>\n<p><strong>Was ist Ayurveda?<\/strong><\/p>\n<p>Ayurveda bedeutet \u00fcbersetzt &#8222;die Wissenschaft vom Leben&#8220; und ist ein 5.000 Jahre altes traditionelles indisches Medizinsystem. Es f\u00f6rdert das Gleichgewicht und Wohlbefinden, indem die Ursachen von Gesundheitsproblemen direkt angegangen werden. Die Praxis basiert auf der \u00dcberzeugung, dass eine gute Gesundheit von einem harmonischen Gleichgewicht zwischen K\u00f6rper, Geist und Seele abh\u00e4ngt, welches durch verschiedene Behandlungen und Praktiken erreicht werden kann. <\/p>\n<p><strong>Ayurvedische Behandlungen in Kerala<\/strong><\/p>\n<p>Die Popularit\u00e4t von Ayurveda in Kerala ist im Vergleich zu anderen indischen Bundesstaaten gr\u00f6\u00dfer. Es gibt viele beliebte Ayurveda-Zentren, -Resorts und -Spas in Kerala, wie z. B. das Nattika Beach Ayurveda Resort, Rockholm at the Lighthouse Beach usw. Dort wenden qualifizierte und geschulte \u00c4rzt*innen und Therapeut*innen nat\u00fcrliche Kr\u00e4uter, Kr\u00e4uter\u00f6le, Heiltherapien und Massagen an, um den K\u00f6rper zu reinigen und zu heilen. Zu den beliebten Behandlungen geh\u00f6ren Abhyangam, Shirodhara, Njavarakizhi, Dharas uvm., die die Sinne beruhigen, Stress abbauen und das Gleichgewicht wiederherstellen sollen.  <\/p>\n<p><strong>Wellness-Aktivit\u00e4ten und -Programme<\/strong><\/p>\n<p>Zus\u00e4tzlich zu den ayurvedischen Behandlungen bieten diese Zentren auch eine Reihe von Wellness-Aktivit\u00e4ten und -Programmen an. Im Nattika Beach Ayurveda Resort und in Rockholm at the Lighthouse Beach werden verschiedene Aktivit\u00e4ten wie Yoga, Meditation, Vortr\u00e4ge zu verschiedenen Gesundheits- und Wellnessthemen, kulturelle Veranstaltungen und Wanderungen in der Natur organisiert. Diese sollen Ihnen helfen, mit sich selbst in Kontakt zu kommen und inneren Frieden zu finden. Ob Sie k\u00f6rperliche Beschwerden lindern, Ihr geistiges und emotionales Wohlbefinden verbessern oder eine Pause von der schnelllebigen Welt suchen, Ayurveda-Wellness in Kerala kann die perfekte L\u00f6sung bieten.  <\/p>\n<p><strong>Ayurvedische Pakete und Touren<\/strong><\/p>\n<p>F\u00fcr diejenigen, die ein intensiveres Erlebnis suchen, werden auch ayurvedische Pakete und Touren angeboten, die in der Regel eine Reihe von Behandlungen, Mahlzeiten und Aktivit\u00e4ten sowie Unterk\u00fcnfte in ruhiger Umgebung inmitten der Natur umfassen. Ganz gleich, ob Sie sich f\u00fcr eine einzelne Ayurveda-Behandlung oder ein All-inclusive-Paket entscheiden, Sie k\u00f6nnen sicher sein, dass Sie eine individuelle, regenerierende Erfahrung machen werden, die Ihnen ein Gef\u00fchl der Erfrischung und Revitalisierung vermitteln wird. <\/p>\n<p><strong>Erfahren Sie ein Gef\u00fchl des Gleichgewichts und des Wohlbefindens im Nattika Beach Ayurveda Resort<\/strong><\/p>\n<p>Wenn Sie sich auf eine Reise zu Heilung und Wohlbefinden begeben m\u00f6chten, sollten Sie Ayurveda-Wellness in Kerala in Betracht ziehen. Erleben Sie ein Gef\u00fchl des Gleichgewichts und Wohlbefindens im Nattika Beach Ayurveda Resort, wo alte Weisheit auf modernen Komfort trifft. <\/p>\n<p><strong>Fazit<\/strong><\/p>\n<p>Ayurveda-Wellness in Kerala bietet eine einzigartige Mischung aus traditionellen und modernen Praktiken, die Ihnen helfen k\u00f6nnen, ein k\u00f6rperliches, geistiges und emotionales Gleichgewicht zu erreichen. Ganz gleich, ob Sie eine kurze Auszeit vom Alltagsstress oder ein umfassendes Heilungsprogramm suchen, Kerala bietet alles, was Sie brauchen, um ein ges\u00fcnderes und erf\u00fcllteres Leben zu f\u00fchren. Warum also warten? Buchen Sie Ihre ayurvedische Erfahrung noch heute und beginnen Sie Ihre Reise zur Regeneration und zu Wohlbefinden!   <\/p>\n\t\t\t\t\t\t\t\t<\/div>\n\t\t\t\t<\/div>\n\t\t\t\t\t<\/div>\n\t\t<\/div>\n\t\t\t\t\t<\/div>\n\t\t<\/section>\n\t\t\t\t\t<\/div>\n\t\t<\/div>\n\t\t\t\t\t<\/div>\n\t\t<\/section>\n\t\t\t\t<\/div>\n\t\t","protected":false},"excerpt":{"rendered":"<p>Kerala, bekannt als &#8222;God&#8217;s Own Country&#8220;, ist ein beliebtes Reiseziel f\u00fcr alle, die Ayurveda-Behandlungen und Wellness suchen. Mit seinem reichen kulturellen Erbe, den ruhigen Str\u00e4nden und der \u00fcppigen gr\u00fcnen Landschaft bietet Kerala den perfekten Rahmen f\u00fcr ganzheitliche Heilung und Regenerierung. <\/p>\n","protected":false},"author":4,"featured_media":3171,"parent":0,"menu_order":0,"comment_status":"open","ping_status":"closed","template":"elementor_header_footer","meta":{"footnotes":""},"class_list":["post-3714","page","type-page","status-publish","has-post-thumbnail","hentry"],"_links":{"self":[{"href":"https:\/\/rockholm.com\/de\/wp-json\/wp\/v2\/pages\/3714","targetHints":{"allow":["GET"]}}],"collection":[{"href":"https:\/\/rockholm.com\/de\/wp-json\/wp\/v2\/pages"}],"about":[{"href":"https:\/\/rockholm.com\/de\/wp-json\/wp\/v2\/types\/page"}],"author":[{"embeddable":true,"href":"https:\/\/rockholm.com\/de\/wp-json\/wp\/v2\/users\/4"}],"replies":[{"embeddable":true,"href":"https:\/\/rockholm.com\/de\/wp-json\/wp\/v2\/comments?post=3714"}],"version-history":[{"count":4,"href":"https:\/\/rockholm.com\/de\/wp-json\/wp\/v2\/pages\/3714\/revisions"}],"predecessor-version":[{"id":4233,"href":"https:\/\/rockholm.com\/de\/wp-json\/wp\/v2\/pages\/3714\/revisions\/4233"}],"wp:featuredmedia":[{"embeddable":true,"href":"https:\/\/rockholm.com\/de\/wp-json\/wp\/v2\/media\/3171"}],"wp:attachment":[{"href":"https:\/\/rockholm.com\/de\/wp-json\/wp\/v2\/media?parent=3714"}],"curies":[{"name":"wp","href":"https:\/\/api.w.org\/{rel}","templated":true}]}}