{"id":3699,"date":"2023-02-06T08:59:45","date_gmt":"2023-02-06T08:59:45","guid":{"rendered":"https:\/\/rockholm.com\/ayurveda-treatments-in-kerala\/"},"modified":"2024-03-02T16:59:01","modified_gmt":"2024-03-02T16:59:01","slug":"ayurveda-treatments-in-kerala","status":"publish","type":"page","link":"https:\/\/rockholm.com\/de\/ayurveda-treatments-in-kerala\/","title":{"rendered":"Ayurveda Treatments in Kerala"},"content":{"rendered":"\t\t<div data-elementor-type=\"wp-post\" data-elementor-id=\"3699\" class=\"elementor elementor-3699 elementor-3694\" data-elementor-post-type=\"page\">\n\t\t\t\t\t\t<section class=\"elementor-section elementor-top-section elementor-element elementor-element-1ba42fb6 elementor-section-height-min-height elementor-section-boxed elementor-section-height-default elementor-section-items-middle\" data-id=\"1ba42fb6\" data-element_type=\"section\" data-e-type=\"section\" data-settings=\"{&quot;background_background&quot;:&quot;classic&quot;}\">\n\t\t\t\t\t\t<div class=\"elementor-container elementor-column-gap-default\">\n\t\t\t\t\t<div class=\"elementor-column elementor-col-100 elementor-top-column elementor-element elementor-element-216515d8\" data-id=\"216515d8\" data-element_type=\"column\" data-e-type=\"column\">\n\t\t\t<div class=\"elementor-widget-wrap\">\n\t\t\t\t\t\t\t<\/div>\n\t\t<\/div>\n\t\t\t\t\t<\/div>\n\t\t<\/section>\n\t\t\t\t<section class=\"elementor-section elementor-top-section elementor-element elementor-element-1b82ddfa elementor-section-boxed elementor-section-height-default elementor-section-height-default\" data-id=\"1b82ddfa\" data-element_type=\"section\" data-e-type=\"section\">\n\t\t\t\t\t\t<div class=\"elementor-container elementor-column-gap-wide\">\n\t\t\t\t\t<div class=\"elementor-column elementor-col-33 elementor-top-column elementor-element elementor-element-57e23ee3\" data-id=\"57e23ee3\" data-element_type=\"column\" data-e-type=\"column\">\n\t\t\t<div class=\"elementor-widget-wrap elementor-element-populated\">\n\t\t\t\t\t\t<section class=\"elementor-section elementor-inner-section elementor-element elementor-element-6bd83f70 elementor-section-boxed elementor-section-height-default elementor-section-height-default\" data-id=\"6bd83f70\" data-element_type=\"section\" data-e-type=\"section\" data-settings=\"{&quot;sticky&quot;:&quot;top&quot;,&quot;sticky_on&quot;:[&quot;desktop&quot;],&quot;sticky_offset&quot;:20,&quot;sticky_parent&quot;:&quot;yes&quot;,&quot;sticky_effects_offset&quot;:0,&quot;sticky_anchor_link_offset&quot;:0}\">\n\t\t\t\t\t\t<div class=\"elementor-container elementor-column-gap-default\">\n\t\t\t\t\t<div class=\"elementor-column elementor-col-100 elementor-inner-column elementor-element elementor-element-757c78b3\" data-id=\"757c78b3\" data-element_type=\"column\" data-e-type=\"column\">\n\t\t\t<div class=\"elementor-widget-wrap elementor-element-populated\">\n\t\t\t\t\t\t<div class=\"elementor-element elementor-element-60f9b6e8 elementor-widget elementor-widget-heading\" data-id=\"60f9b6e8\" data-element_type=\"widget\" data-e-type=\"widget\" data-widget_type=\"heading.default\">\n\t\t\t\t<div class=\"elementor-widget-container\">\n\t\t\t\t\t<h5 class=\"elementor-heading-title elementor-size-default\">AYURVEDA BLOG<\/h5>\t\t\t\t<\/div>\n\t\t\t\t<\/div>\n\t\t\t\t<div class=\"elementor-element elementor-element-5b4cb763 elementor-grid-1 elementor-posts--thumbnail-none elementor-grid-tablet-2 elementor-grid-mobile-1 elementor-widget elementor-widget-posts\" data-id=\"5b4cb763\" data-element_type=\"widget\" data-e-type=\"widget\" data-settings=\"{&quot;classic_columns&quot;:&quot;1&quot;,&quot;classic_row_gap&quot;:{&quot;unit&quot;:&quot;px&quot;,&quot;size&quot;:10,&quot;sizes&quot;:[]},&quot;classic_columns_tablet&quot;:&quot;2&quot;,&quot;classic_columns_mobile&quot;:&quot;1&quot;,&quot;classic_row_gap_tablet&quot;:{&quot;unit&quot;:&quot;px&quot;,&quot;size&quot;:&quot;&quot;,&quot;sizes&quot;:[]},&quot;classic_row_gap_mobile&quot;:{&quot;unit&quot;:&quot;px&quot;,&quot;size&quot;:&quot;&quot;,&quot;sizes&quot;:[]}}\" data-widget_type=\"posts.classic\">\n\t\t\t\t<div class=\"elementor-widget-container\">\n\t\t\t\t\t\t\t<div class=\"elementor-posts-container elementor-posts elementor-posts--skin-classic elementor-grid\" role=\"list\">\n\t\t\t\t<article class=\"elementor-post elementor-grid-item post-13036 post type-post status-publish format-standard has-post-thumbnail hentry category-ayurveda category-germen-2\" role=\"listitem\">\n\t\t\t\t<div class=\"elementor-post__text\">\n\t\t\t\t<h3 class=\"elementor-post__title\">\n\t\t\t<a href=\"https:\/\/rockholm.com\/de\/blogs\/7-meditative-asanas-fokus-und-angst\/\" >\n\t\t\t\tDie 7 besten meditativen Asanas zur Verbesserung der Konzentration und zum Abbau von \u00c4ngsten\t\t\t<\/a>\n\t\t<\/h3>\n\t\t\t\t<\/div>\n\t\t\t\t<\/article>\n\t\t\t\t<article class=\"elementor-post elementor-grid-item post-12716 post type-post status-publish format-standard has-post-thumbnail hentry category-unkategorisiert category-germen\" role=\"listitem\">\n\t\t\t\t<div class=\"elementor-post__text\">\n\t\t\t\t<h3 class=\"elementor-post__title\">\n\t\t\t<a href=\"https:\/\/rockholm.com\/de\/blogs\/ayurveda-diet-gut-skin-immunity\/\" >\n\t\t\t\tAyurveda-Ern\u00e4hrung f\u00fcr eine bessere Gesundheit des Darms, eine strahlende Haut und ein gest\u00e4rktes Immunsystem\t\t\t<\/a>\n\t\t<\/h3>\n\t\t\t\t<\/div>\n\t\t\t\t<\/article>\n\t\t\t\t<article class=\"elementor-post elementor-grid-item post-13042 post type-post status-publish format-standard has-post-thumbnail hentry category-germen category-unkategorisiert\" role=\"listitem\">\n\t\t\t\t<div class=\"elementor-post__text\">\n\t\t\t\t<h3 class=\"elementor-post__title\">\n\t\t\t<a href=\"https:\/\/rockholm.com\/de\/blogs\/ayurvedische-massage-therapie-pakete-kerala\/\" >\n\t\t\t\tDie besten traditionellen ayurvedischen Massage-Therapiepakete in Kerala | Rockholm\t\t\t<\/a>\n\t\t<\/h3>\n\t\t\t\t<\/div>\n\t\t\t\t<\/article>\n\t\t\t\t<article class=\"elementor-post elementor-grid-item post-12693 post type-post status-publish format-standard has-post-thumbnail hentry category-unkategorisiert category-germen\" role=\"listitem\">\n\t\t\t\t<div class=\"elementor-post__text\">\n\t\t\t\t<h3 class=\"elementor-post__title\">\n\t\t\t<a href=\"https:\/\/rockholm.com\/de\/blogs\/ayurveda-diet-guide-for-body-types\/\" >\n\t\t\t\tAyurveda-Ern\u00e4hrung: Ein praxisorientierter Leitfaden f\u00fcr die richtige Ern\u00e4hrung bei einem Ungleichgewicht Ihrer Doshas\t\t\t<\/a>\n\t\t<\/h3>\n\t\t\t\t<\/div>\n\t\t\t\t<\/article>\n\t\t\t\t<article class=\"elementor-post elementor-grid-item post-6603 post type-post status-publish format-standard has-post-thumbnail hentry category-germen\" role=\"listitem\">\n\t\t\t\t<div class=\"elementor-post__text\">\n\t\t\t\t<h3 class=\"elementor-post__title\">\n\t\t\t<a href=\"https:\/\/rockholm.com\/de\/blogs\/rekindle-your-spirit-warum-rockholm-das-ultimative-ayurvedische-luxus-retreat-am-strand-von-kovalam-ist\/\" >\n\t\t\t\tRekindle Your Spirit: warum Rockholm das ultimative ayurvedische Luxus-Retreat am Strand von Kovalam ist\t\t\t<\/a>\n\t\t<\/h3>\n\t\t\t\t<\/div>\n\t\t\t\t<\/article>\n\t\t\t\t<article class=\"elementor-post elementor-grid-item post-5786 post type-post status-publish format-standard has-post-thumbnail hentry category-german\" role=\"listitem\">\n\t\t\t\t<div class=\"elementor-post__text\">\n\t\t\t\t<h3 class=\"elementor-post__title\">\n\t\t\t<a href=\"https:\/\/rockholm.com\/de\/blogs\/schlaflosigkeit-verstehen-ursachen-auswirkungen-und-managementstrategien-durch-ayurveda\/\" >\n\t\t\t\tSchlaflosigkeit verstehen: Ursachen, Auswirkungen und Managementstrategien durch Ayurveda\t\t\t<\/a>\n\t\t<\/h3>\n\t\t\t\t<\/div>\n\t\t\t\t<\/article>\n\t\t\t\t<article class=\"elementor-post elementor-grid-item post-5600 post type-post status-publish format-standard has-post-thumbnail hentry category-germen\" role=\"listitem\">\n\t\t\t\t<div class=\"elementor-post__text\">\n\t\t\t\t<h3 class=\"elementor-post__title\">\n\t\t\t<a href=\"https:\/\/rockholm.com\/de\/blogs\/ritucharya\/\" >\n\t\t\t\tRITUCHARYA\t\t\t<\/a>\n\t\t<\/h3>\n\t\t\t\t<\/div>\n\t\t\t\t<\/article>\n\t\t\t\t<article class=\"elementor-post elementor-grid-item post-5451 post type-post status-publish format-standard has-post-thumbnail hentry category-unkategorisiert\" role=\"listitem\">\n\t\t\t\t<div class=\"elementor-post__text\">\n\t\t\t\t<h3 class=\"elementor-post__title\">\n\t\t\t<a href=\"https:\/\/rockholm.com\/de\/blogs\/entspannen-sie-sich-bei-ayurvedischen-therapien-in-rockholm-wo-natur-auf-wellness-trifft\/\" >\n\t\t\t\tEntspannen Sie sich bei ayurvedischen Therapien in Rockholm: Wo Natur auf Wellness trifft\t\t\t<\/a>\n\t\t<\/h3>\n\t\t\t\t<\/div>\n\t\t\t\t<\/article>\n\t\t\t\t<article class=\"elementor-post elementor-grid-item post-5070 post type-post status-publish format-standard has-post-thumbnail hentry category-unkategorisiert\" role=\"listitem\">\n\t\t\t\t<div class=\"elementor-post__text\">\n\t\t\t\t<h3 class=\"elementor-post__title\">\n\t\t\t<a href=\"https:\/\/rockholm.com\/de\/blogs\/ein-paradies-an-der-kustedie-ayurvedischen-kostlichkeiten-des-rockholm-resorts-am-arabischen-meer\/\" >\n\t\t\t\tEin Paradies an der K\u00fcste:Die ayurvedischen K\u00f6stlichkeiten des Rockholm Resorts am Arabischen Meer\t\t\t<\/a>\n\t\t<\/h3>\n\t\t\t\t<\/div>\n\t\t\t\t<\/article>\n\t\t\t\t<\/div>\n\t\t\n\t\t\t\t\t\t<\/div>\n\t\t\t\t<\/div>\n\t\t\t\t\t<\/div>\n\t\t<\/div>\n\t\t\t\t\t<\/div>\n\t\t<\/section>\n\t\t\t\t\t<\/div>\n\t\t<\/div>\n\t\t\t\t<div class=\"elementor-column elementor-col-66 elementor-top-column elementor-element elementor-element-28825df3\" data-id=\"28825df3\" data-element_type=\"column\" data-e-type=\"column\">\n\t\t\t<div class=\"elementor-widget-wrap elementor-element-populated\">\n\t\t\t\t\t\t<section class=\"elementor-section elementor-inner-section elementor-element elementor-element-60736191 elementor-section-boxed elementor-section-height-default elementor-section-height-default\" data-id=\"60736191\" data-element_type=\"section\" data-e-type=\"section\">\n\t\t\t\t\t\t<div class=\"elementor-container elementor-column-gap-default\">\n\t\t\t\t\t<div class=\"elementor-column elementor-col-100 elementor-inner-column elementor-element elementor-element-613aa760\" data-id=\"613aa760\" data-element_type=\"column\" data-e-type=\"column\">\n\t\t\t<div class=\"elementor-widget-wrap elementor-element-populated\">\n\t\t\t\t\t\t<div class=\"elementor-element elementor-element-25563272 elementor-widget elementor-widget-post-info\" data-id=\"25563272\" data-element_type=\"widget\" data-e-type=\"widget\" data-widget_type=\"post-info.default\">\n\t\t\t\t<div class=\"elementor-widget-container\">\n\t\t\t\t\t\t\t<ul class=\"elementor-inline-items elementor-icon-list-items elementor-post-info\">\n\t\t\t\t\t\t\t\t<li class=\"elementor-icon-list-item elementor-repeater-item-4b8d2a9 elementor-inline-item\" itemprop=\"datePublished\">\n\t\t\t\t\t\t\t\t\t\t\t\t\t<span class=\"elementor-icon-list-text elementor-post-info__item elementor-post-info__item--type-date\">\n\t\t\t\t\t\t\t\t\t\t<time>August 1, 2024<\/time>\t\t\t\t\t<\/span>\n\t\t\t\t\t\t\t\t<\/li>\n\t\t\t\t<\/ul>\n\t\t\t\t\t\t<\/div>\n\t\t\t\t<\/div>\n\t\t\t\t<div class=\"elementor-element elementor-element-1113bd45 elementor-widget elementor-widget-text-editor\" data-id=\"1113bd45\" data-element_type=\"widget\" data-e-type=\"widget\" data-widget_type=\"text-editor.default\">\n\t\t\t\t<div class=\"elementor-widget-container\">\n\t\t\t\t\t\t\t\t\t<p><strong>Ayurveda: Die Wissenschaft vom Leben und vom Wohlbefinden <\/strong><\/p>\n<p>Ayurveda ist das uralte System der indischen Medizin, das seit mehr als 5000 Jahren praktiziert wird. Es konzentriert sich auf ein gesundes Leben im Gleichgewicht von K\u00f6rper, Geist und Seele. In diesem Artikel werden wir die Grundlagen des Ayurveda verstehen und erfahren, wie es uns hilft, ein gesundes und gl\u00fccklicheres Leben zu f\u00fchren.  <\/p>\n<p><strong>Was ist Ayurveda?<\/strong><\/p>\n<p>Der Begriff Ayurveda leitet sich von den Sanskrit-W\u00f6rtern &#8222;Ayur&#8220; (Leben) und &#8222;Veda&#8220; (Wissenschaft\/Wissen) ab und bedeutet daher &#8222;Die Wissenschaft vom Leben&#8220;. Ayurveda glaubt an ein vollst\u00e4ndiges Gleichgewicht von K\u00f6rper, Geist und Seele, um die Gesundheit des Einzelnen zu erhalten und betont die Bedeutung einer angemessenen Ern\u00e4hrung, von \u00dcbungen und \u00c4nderungen des Lebensstils, um ein vollst\u00e4ndiges k\u00f6rperliches, geistiges, soziales und spirituelles Wohlbefinden zu erreichen. <\/p>\n<p><strong>Die Tri-Doshas<\/strong><\/p>\n<p>Im Ayurveda werden drei Lebenskr\u00e4fte erw\u00e4hnt, n\u00e4mlich Vatha, Pitha und Kapha, die auch als Tri-Doshas bekannt sind und f\u00fcr die Steuerung aller K\u00f6rperfunktionen verantwortlich sind. Der gesunde Zustand eines Individuums wird durch das Gleichgewicht dieser Doshas\/Kr\u00e4fte definiert, und eine Abweichung von diesem Gleichgewicht f\u00fchrt zu Krankheiten. <\/p>\n<p>Die Tridoshas sind von der Geburt bis zum Tod in unterschiedlichen Proportionen vorhanden, was die physischen, physiologischen und psychologischen Faktoren beeinflusst und zu verschiedenen Prakruthi\/K\u00f6rpertypen in jedem Individuum f\u00fchrt.<\/p>\n<p><strong>Vatha Dosha<\/strong><\/p>\n<p>Vatha ist verantwortlich f\u00fcr alle willk\u00fcrlichen und unwillk\u00fcrlichen Bewegungen sowie f\u00fcr Emotionen wie Stress, Angst und Schmerz. Ein Vorherrschen von Vatha macht einen Menschen multitaskingf\u00e4hig und kreativ, aber auch ruhelos und unbest\u00e4ndig. Sie k\u00f6nnen durch \u00dcbungen zur Beruhigung von K\u00f6rper und Geist, eine regelm\u00e4\u00dfige Lebensweise und warme Speisen in den Griff bekommen werden.  <\/p>\n<p><strong>Pitha-Dosha<\/strong><\/p>\n<p>Pitha reguliert alle Energieumwandlungen im K\u00f6rper und ist f\u00fcr die Stoffwechselaktivit\u00e4ten einschlie\u00dflich Verdauung, Absorption usw. verantwortlich. Menschen mit einem \u00dcbergewicht an Pitha scheinen intelligent und energiegeladen zu sein, werden aber auch aggressiv. Sie sind anf\u00e4llig f\u00fcr Hautkrankheiten und Hormonschwankungen. Sie k\u00f6nnen durch Praktiken wie Yoga und Meditation und eine k\u00fchlende Di\u00e4t zusammen mit einem angemessenen Tagesablauf in den Griff bekommen werden.   <\/p>\n<p><strong>Kapha-Dosha<\/strong><\/p>\n<p>Kapha ist verantwortlich f\u00fcr die Aufrechterhaltung der k\u00f6rperlichen Struktur, Stabilit\u00e4t und Ern\u00e4hrung. Es sorgt auch f\u00fcr Immunit\u00e4t und das Ged\u00e4chtnis des Menschen. Menschen, bei denen Kapha \u00fcberwiegt, sind gut gebaut und stark, k\u00f6nnen jedoch leicht an Gewicht zunehmen und neigen dazu, faul zu sein. Sie k\u00f6nnen durch regelm\u00e4\u00dfige und strenge k\u00f6rperliche \u00dcbungen, die anregend sein k\u00f6nnen und durch den Verzehr von leichter, warmer Kost in den Griff bekommen werden.   <\/p><p><strong style=\"color: var( --e-global-color-text ); font-family: var( --e-global-typography-text-font-family ), Sans-serif; font-size: var( --e-global-typography-text-font-size ); letter-spacing: var( --e-global-typography-text-letter-spacing );\">Ayurveda-Di\u00e4t<\/strong><\/p>\n<p>Das Konzept der Ayurveda-Di\u00e4t besteht nicht nur darin, sich gesund zu ern\u00e4hren, sondern konzentriert sich auch auf die Art der Lebensmittel, den Zeitpunkt des Verzehrs, die Menge, die Art und Weise des Verzehrs und vor allem auf Lebensmittel, die dem individuellen K\u00f6rpertyp entsprechen und die helfen, Ungleichgewichte zu korrigieren. Die Ayurveda-Di\u00e4t ist eher personalisiert als verallgemeinert und daher st\u00e4rker ergebnisorientiert. <\/p>\n<p><strong>Ayurvedische Lebensweise<\/strong><\/p>\n<p>Ayurveda regt auch einige wenige Tagesabl\u00e4ufe an, die regelm\u00e4\u00dfig in pr\u00e4ventiver und kurativer Hinsicht befolgt werden k\u00f6nnen. Sie bringen einen Rhythmus in das Leben eines jeden Einzelnen, der zu einem besseren Wohlbefinden f\u00fchrt. Yoga, Meditation und k\u00f6rperliche \u00dcbungen werden K\u00f6rper, Geist und Seele bereichern und das Beste in jedem Einzelnen hervorbringen.  <\/p>\n<p><strong>Fazit<\/strong><\/p>\n<p>Ayurveda ist ein komplettes Gesundheitssystem, das die einzigartigen Bed\u00fcrfnisse jedes Einzelnen erkennt und sich auf das allgemeine Wohlbefinden konzentriert. Ganz gleich, ob man ein bestimmtes Problem angehen oder den Gesundheitszustand aufrechterhalten m\u00f6chte, Ayurveda bietet einen ganzheitlichen Ansatz, der Sie bei der Erreichung Ihrer Ziele unterst\u00fctzt. Integrieren Sie die Prinzipien des Ayurveda und leben Sie ein ges\u00fcnderes und gl\u00fccklicheres Leben.  <\/p>\t\t\t\t\t\t\t\t<\/div>\n\t\t\t\t<\/div>\n\t\t\t\t\t<\/div>\n\t\t<\/div>\n\t\t\t\t\t<\/div>\n\t\t<\/section>\n\t\t\t\t\t<\/div>\n\t\t<\/div>\n\t\t\t\t\t<\/div>\n\t\t<\/section>\n\t\t\t\t<\/div>\n\t\t","protected":false},"excerpt":{"rendered":"<p>Ayurveda ist das uralte System der indischen Medizin, das seit mehr als 5000 Jahren praktiziert wird. Es konzentriert sich auf ein gesundes Leben im Gleichgewicht von K\u00f6rper, Geist und Seele. In diesem Artikel werden wir die Grundlagen des Ayurveda verstehen und erfahren, wie es uns hilft, ein gesundes und gl\u00fccklicheres Leben zu f\u00fchren.  <\/p>\n","protected":false},"author":4,"featured_media":3172,"parent":0,"menu_order":0,"comment_status":"open","ping_status":"open","template":"elementor_header_footer","meta":{"footnotes":""},"class_list":["post-3699","page","type-page","status-publish","has-post-thumbnail","hentry"],"_links":{"self":[{"href":"https:\/\/rockholm.com\/de\/wp-json\/wp\/v2\/pages\/3699","targetHints":{"allow":["GET"]}}],"collection":[{"href":"https:\/\/rockholm.com\/de\/wp-json\/wp\/v2\/pages"}],"about":[{"href":"https:\/\/rockholm.com\/de\/wp-json\/wp\/v2\/types\/page"}],"author":[{"embeddable":true,"href":"https:\/\/rockholm.com\/de\/wp-json\/wp\/v2\/users\/4"}],"replies":[{"embeddable":true,"href":"https:\/\/rockholm.com\/de\/wp-json\/wp\/v2\/comments?post=3699"}],"version-history":[{"count":7,"href":"https:\/\/rockholm.com\/de\/wp-json\/wp\/v2\/pages\/3699\/revisions"}],"predecessor-version":[{"id":4186,"href":"https:\/\/rockholm.com\/de\/wp-json\/wp\/v2\/pages\/3699\/revisions\/4186"}],"wp:featuredmedia":[{"embeddable":true,"href":"https:\/\/rockholm.com\/de\/wp-json\/wp\/v2\/media\/3172"}],"wp:attachment":[{"href":"https:\/\/rockholm.com\/de\/wp-json\/wp\/v2\/media?parent=3699"}],"curies":[{"name":"wp","href":"https:\/\/api.w.org\/{rel}","templated":true}]}}