{"id":3692,"date":"2023-02-05T06:50:06","date_gmt":"2023-02-05T06:50:06","guid":{"rendered":"https:\/\/rockholm.com\/ayurveda-packages-in-kerala\/"},"modified":"2024-03-02T16:48:11","modified_gmt":"2024-03-02T16:48:11","slug":"ayurveda-packages-in-kerala","status":"publish","type":"page","link":"https:\/\/rockholm.com\/de\/ayurveda-packages-in-kerala\/","title":{"rendered":"Ayurveda Packages in Kerala"},"content":{"rendered":"\t\t<div data-elementor-type=\"wp-post\" data-elementor-id=\"3692\" class=\"elementor elementor-3692 elementor-3687\" data-elementor-post-type=\"page\">\n\t\t\t\t\t\t<section class=\"elementor-section elementor-top-section elementor-element elementor-element-17398f41 elementor-section-height-min-height elementor-section-boxed elementor-section-height-default elementor-section-items-middle\" data-id=\"17398f41\" data-element_type=\"section\" data-e-type=\"section\" data-settings=\"{&quot;background_background&quot;:&quot;classic&quot;}\">\n\t\t\t\t\t\t<div class=\"elementor-container elementor-column-gap-default\">\n\t\t\t\t\t<div class=\"elementor-column elementor-col-100 elementor-top-column elementor-element elementor-element-4ef7e35e\" data-id=\"4ef7e35e\" data-element_type=\"column\" data-e-type=\"column\">\n\t\t\t<div class=\"elementor-widget-wrap\">\n\t\t\t\t\t\t\t<\/div>\n\t\t<\/div>\n\t\t\t\t\t<\/div>\n\t\t<\/section>\n\t\t\t\t<section class=\"elementor-section elementor-top-section elementor-element elementor-element-528dd2c elementor-section-boxed elementor-section-height-default elementor-section-height-default\" data-id=\"528dd2c\" data-element_type=\"section\" data-e-type=\"section\">\n\t\t\t\t\t\t<div class=\"elementor-container elementor-column-gap-wide\">\n\t\t\t\t\t<div class=\"elementor-column elementor-col-33 elementor-top-column elementor-element elementor-element-61c38a7b\" data-id=\"61c38a7b\" data-element_type=\"column\" data-e-type=\"column\">\n\t\t\t<div class=\"elementor-widget-wrap elementor-element-populated\">\n\t\t\t\t\t\t<section class=\"elementor-section elementor-inner-section elementor-element elementor-element-709f48b8 elementor-section-boxed elementor-section-height-default elementor-section-height-default\" data-id=\"709f48b8\" data-element_type=\"section\" data-e-type=\"section\" data-settings=\"{&quot;sticky&quot;:&quot;top&quot;,&quot;sticky_on&quot;:[&quot;desktop&quot;],&quot;sticky_offset&quot;:20,&quot;sticky_parent&quot;:&quot;yes&quot;,&quot;sticky_effects_offset&quot;:0,&quot;sticky_anchor_link_offset&quot;:0}\">\n\t\t\t\t\t\t<div class=\"elementor-container elementor-column-gap-default\">\n\t\t\t\t\t<div class=\"elementor-column elementor-col-100 elementor-inner-column elementor-element elementor-element-5d83dcf6\" data-id=\"5d83dcf6\" data-element_type=\"column\" data-e-type=\"column\">\n\t\t\t<div class=\"elementor-widget-wrap elementor-element-populated\">\n\t\t\t\t\t\t<div class=\"elementor-element elementor-element-301c2ae3 elementor-widget elementor-widget-heading\" data-id=\"301c2ae3\" data-element_type=\"widget\" data-e-type=\"widget\" data-widget_type=\"heading.default\">\n\t\t\t\t<div class=\"elementor-widget-container\">\n\t\t\t\t\t<h5 class=\"elementor-heading-title elementor-size-default\">AYURVEDA BLOG<\/h5>\t\t\t\t<\/div>\n\t\t\t\t<\/div>\n\t\t\t\t<div class=\"elementor-element elementor-element-173764c7 elementor-grid-1 elementor-posts--thumbnail-none elementor-grid-tablet-2 elementor-grid-mobile-1 elementor-widget elementor-widget-posts\" data-id=\"173764c7\" data-element_type=\"widget\" data-e-type=\"widget\" data-settings=\"{&quot;classic_columns&quot;:&quot;1&quot;,&quot;classic_row_gap&quot;:{&quot;unit&quot;:&quot;px&quot;,&quot;size&quot;:10,&quot;sizes&quot;:[]},&quot;classic_columns_tablet&quot;:&quot;2&quot;,&quot;classic_columns_mobile&quot;:&quot;1&quot;,&quot;classic_row_gap_tablet&quot;:{&quot;unit&quot;:&quot;px&quot;,&quot;size&quot;:&quot;&quot;,&quot;sizes&quot;:[]},&quot;classic_row_gap_mobile&quot;:{&quot;unit&quot;:&quot;px&quot;,&quot;size&quot;:&quot;&quot;,&quot;sizes&quot;:[]}}\" data-widget_type=\"posts.classic\">\n\t\t\t\t<div class=\"elementor-widget-container\">\n\t\t\t\t\t\t\t<div class=\"elementor-posts-container elementor-posts elementor-posts--skin-classic elementor-grid\" role=\"list\">\n\t\t\t\t<article class=\"elementor-post elementor-grid-item post-13036 post type-post status-publish format-standard has-post-thumbnail hentry category-ayurveda category-germen-2\" role=\"listitem\">\n\t\t\t\t<div class=\"elementor-post__text\">\n\t\t\t\t<h3 class=\"elementor-post__title\">\n\t\t\t<a href=\"https:\/\/rockholm.com\/de\/blogs\/7-meditative-asanas-fokus-und-angst\/\" >\n\t\t\t\tDie 7 besten meditativen Asanas zur Verbesserung der Konzentration und zum Abbau von \u00c4ngsten\t\t\t<\/a>\n\t\t<\/h3>\n\t\t\t\t<\/div>\n\t\t\t\t<\/article>\n\t\t\t\t<article class=\"elementor-post elementor-grid-item post-12716 post type-post status-publish format-standard has-post-thumbnail hentry category-unkategorisiert category-germen\" role=\"listitem\">\n\t\t\t\t<div class=\"elementor-post__text\">\n\t\t\t\t<h3 class=\"elementor-post__title\">\n\t\t\t<a href=\"https:\/\/rockholm.com\/de\/blogs\/ayurveda-diet-gut-skin-immunity\/\" >\n\t\t\t\tAyurveda-Ern\u00e4hrung f\u00fcr eine bessere Gesundheit des Darms, eine strahlende Haut und ein gest\u00e4rktes Immunsystem\t\t\t<\/a>\n\t\t<\/h3>\n\t\t\t\t<\/div>\n\t\t\t\t<\/article>\n\t\t\t\t<article class=\"elementor-post elementor-grid-item post-13042 post type-post status-publish format-standard has-post-thumbnail hentry category-germen category-unkategorisiert\" role=\"listitem\">\n\t\t\t\t<div class=\"elementor-post__text\">\n\t\t\t\t<h3 class=\"elementor-post__title\">\n\t\t\t<a href=\"https:\/\/rockholm.com\/de\/blogs\/ayurvedische-massage-therapie-pakete-kerala\/\" >\n\t\t\t\tDie besten traditionellen ayurvedischen Massage-Therapiepakete in Kerala | Rockholm\t\t\t<\/a>\n\t\t<\/h3>\n\t\t\t\t<\/div>\n\t\t\t\t<\/article>\n\t\t\t\t<article class=\"elementor-post elementor-grid-item post-12693 post type-post status-publish format-standard has-post-thumbnail hentry category-unkategorisiert category-germen\" role=\"listitem\">\n\t\t\t\t<div class=\"elementor-post__text\">\n\t\t\t\t<h3 class=\"elementor-post__title\">\n\t\t\t<a href=\"https:\/\/rockholm.com\/de\/blogs\/ayurveda-diet-guide-for-body-types\/\" >\n\t\t\t\tAyurveda-Ern\u00e4hrung: Ein praxisorientierter Leitfaden f\u00fcr die richtige Ern\u00e4hrung bei einem Ungleichgewicht Ihrer Doshas\t\t\t<\/a>\n\t\t<\/h3>\n\t\t\t\t<\/div>\n\t\t\t\t<\/article>\n\t\t\t\t<article class=\"elementor-post elementor-grid-item post-6603 post type-post status-publish format-standard has-post-thumbnail hentry category-germen\" role=\"listitem\">\n\t\t\t\t<div class=\"elementor-post__text\">\n\t\t\t\t<h3 class=\"elementor-post__title\">\n\t\t\t<a href=\"https:\/\/rockholm.com\/de\/blogs\/rekindle-your-spirit-warum-rockholm-das-ultimative-ayurvedische-luxus-retreat-am-strand-von-kovalam-ist\/\" >\n\t\t\t\tRekindle Your Spirit: warum Rockholm das ultimative ayurvedische Luxus-Retreat am Strand von Kovalam ist\t\t\t<\/a>\n\t\t<\/h3>\n\t\t\t\t<\/div>\n\t\t\t\t<\/article>\n\t\t\t\t<article class=\"elementor-post elementor-grid-item post-5786 post type-post status-publish format-standard has-post-thumbnail hentry category-german\" role=\"listitem\">\n\t\t\t\t<div class=\"elementor-post__text\">\n\t\t\t\t<h3 class=\"elementor-post__title\">\n\t\t\t<a href=\"https:\/\/rockholm.com\/de\/blogs\/schlaflosigkeit-verstehen-ursachen-auswirkungen-und-managementstrategien-durch-ayurveda\/\" >\n\t\t\t\tSchlaflosigkeit verstehen: Ursachen, Auswirkungen und Managementstrategien durch Ayurveda\t\t\t<\/a>\n\t\t<\/h3>\n\t\t\t\t<\/div>\n\t\t\t\t<\/article>\n\t\t\t\t<article class=\"elementor-post elementor-grid-item post-5600 post type-post status-publish format-standard has-post-thumbnail hentry category-germen\" role=\"listitem\">\n\t\t\t\t<div class=\"elementor-post__text\">\n\t\t\t\t<h3 class=\"elementor-post__title\">\n\t\t\t<a href=\"https:\/\/rockholm.com\/de\/blogs\/ritucharya\/\" >\n\t\t\t\tRITUCHARYA\t\t\t<\/a>\n\t\t<\/h3>\n\t\t\t\t<\/div>\n\t\t\t\t<\/article>\n\t\t\t\t<article class=\"elementor-post elementor-grid-item post-5451 post type-post status-publish format-standard has-post-thumbnail hentry category-unkategorisiert\" role=\"listitem\">\n\t\t\t\t<div class=\"elementor-post__text\">\n\t\t\t\t<h3 class=\"elementor-post__title\">\n\t\t\t<a href=\"https:\/\/rockholm.com\/de\/blogs\/entspannen-sie-sich-bei-ayurvedischen-therapien-in-rockholm-wo-natur-auf-wellness-trifft\/\" >\n\t\t\t\tEntspannen Sie sich bei ayurvedischen Therapien in Rockholm: Wo Natur auf Wellness trifft\t\t\t<\/a>\n\t\t<\/h3>\n\t\t\t\t<\/div>\n\t\t\t\t<\/article>\n\t\t\t\t<article class=\"elementor-post elementor-grid-item post-5070 post type-post status-publish format-standard has-post-thumbnail hentry category-unkategorisiert\" role=\"listitem\">\n\t\t\t\t<div class=\"elementor-post__text\">\n\t\t\t\t<h3 class=\"elementor-post__title\">\n\t\t\t<a href=\"https:\/\/rockholm.com\/de\/blogs\/ein-paradies-an-der-kustedie-ayurvedischen-kostlichkeiten-des-rockholm-resorts-am-arabischen-meer\/\" >\n\t\t\t\tEin Paradies an der K\u00fcste:Die ayurvedischen K\u00f6stlichkeiten des Rockholm Resorts am Arabischen Meer\t\t\t<\/a>\n\t\t<\/h3>\n\t\t\t\t<\/div>\n\t\t\t\t<\/article>\n\t\t\t\t<\/div>\n\t\t\n\t\t\t\t\t\t<\/div>\n\t\t\t\t<\/div>\n\t\t\t\t\t<\/div>\n\t\t<\/div>\n\t\t\t\t\t<\/div>\n\t\t<\/section>\n\t\t\t\t\t<\/div>\n\t\t<\/div>\n\t\t\t\t<div class=\"elementor-column elementor-col-66 elementor-top-column elementor-element elementor-element-881ec6e\" data-id=\"881ec6e\" data-element_type=\"column\" data-e-type=\"column\">\n\t\t\t<div class=\"elementor-widget-wrap elementor-element-populated\">\n\t\t\t\t\t\t<section class=\"elementor-section elementor-inner-section elementor-element elementor-element-735ecd1f elementor-section-boxed elementor-section-height-default elementor-section-height-default\" data-id=\"735ecd1f\" data-element_type=\"section\" data-e-type=\"section\">\n\t\t\t\t\t\t<div class=\"elementor-container elementor-column-gap-default\">\n\t\t\t\t\t<div class=\"elementor-column elementor-col-100 elementor-inner-column elementor-element elementor-element-6e4a929c\" data-id=\"6e4a929c\" data-element_type=\"column\" data-e-type=\"column\">\n\t\t\t<div class=\"elementor-widget-wrap elementor-element-populated\">\n\t\t\t\t\t\t<div class=\"elementor-element elementor-element-368e2b0b elementor-widget elementor-widget-post-info\" data-id=\"368e2b0b\" data-element_type=\"widget\" data-e-type=\"widget\" data-widget_type=\"post-info.default\">\n\t\t\t\t<div class=\"elementor-widget-container\">\n\t\t\t\t\t\t\t<ul class=\"elementor-inline-items elementor-icon-list-items elementor-post-info\">\n\t\t\t\t\t\t\t\t<li class=\"elementor-icon-list-item elementor-repeater-item-4b8d2a9 elementor-inline-item\" itemprop=\"datePublished\">\n\t\t\t\t\t\t\t\t\t\t\t\t\t<span class=\"elementor-icon-list-text elementor-post-info__item elementor-post-info__item--type-date\">\n\t\t\t\t\t\t\t\t\t\t<time>August 1, 2024<\/time>\t\t\t\t\t<\/span>\n\t\t\t\t\t\t\t\t<\/li>\n\t\t\t\t<\/ul>\n\t\t\t\t\t\t<\/div>\n\t\t\t\t<\/div>\n\t\t\t\t<div class=\"elementor-element elementor-element-3e76ba99 elementor-widget elementor-widget-text-editor\" data-id=\"3e76ba99\" data-element_type=\"widget\" data-e-type=\"widget\" data-widget_type=\"text-editor.default\">\n\t\t\t\t<div class=\"elementor-widget-container\">\n\t\t\t\t\t\t\t\t\t<p><strong>Die Kraft der Ayurveda-Pakete f\u00fcr ganzheitliche Heilung<\/strong><\/p>\n<p>Ayurveda, die alte indische Wissenschaft vom Leben und der Langlebigkeit erfreut sich weltweit wachsender Beliebtheit. Die von verschiedenen Zentren angebotenen Ayurveda-Pakete bieten einen personalisierten Ansatz, um K\u00f6rper, Geist und Seele ins Gleichgewicht zu bringen. <\/p>\n<p><strong style=\"color: var( --e-global-color-text ); font-family: var( --e-global-typography-text-font-family ), Sans-serif; font-size: var( --e-global-typography-text-font-size ); letter-spacing: var( --e-global-typography-text-letter-spacing );\">Die Prinzipien von Ayurveda verstehen<\/strong><\/p>\n<p>Ayurveda basiert auf dem Konzept der drei Doshas &#8211; Vata, Pitta und Kapha -, die die k\u00f6rperlichen, geistigen und emotionalen Aspekte unseres Wesens bestimmen. Ein Ungleichgewicht in einem der Doshas kann zu verschiedenen Gesundheitsproblemen f\u00fchren. Die Ayurveda-Pakete zielen darauf ab, die Doshas wieder ins Gleichgewicht zu bringen und die allgemeine Gesundheit zu verbessern.  <\/p>\n<p><strong style=\"color: var( --e-global-color-text ); font-family: var( --e-global-typography-text-font-family ), Sans-serif; font-size: var( --e-global-typography-text-font-size ); letter-spacing: var( --e-global-typography-text-letter-spacing );\">Vorteile von Ayurveda-Paketen<\/strong><\/p>\n<p>Ayurveda-Pakete bieten eine breite Palette von Vorteilen, darunter:<\/p>\n<p><span style=\"color: var( --e-global-color-text ); font-family: var( --e-global-typography-text-font-family ), Sans-serif; font-size: var( --e-global-typography-text-font-size ); font-weight: var( --e-global-typography-text-font-weight ); letter-spacing: var( --e-global-typography-text-letter-spacing );\">K\u00f6rperliche und geistige Entgiftung<\/span><\/p>\n<p>Linderung von chronischen Schmerzen und anderen Beschwerden<\/p>\n<p>Verbesserte Verdauung und verbesserter Stoffwechsel<\/p>\n<p>Abbau von Stress und \u00c4ngsten<\/p>\n<p>Besserer Schlaf und mehr Energie<\/p>\n<p>Verbessertes Hautbild und Aussehen<\/p>\n<p>Erh\u00f6hte geistige Klarheit und Konzentration<\/p>\n<p><strong style=\"color: var( --e-global-color-text ); font-family: var( --e-global-typography-text-font-family ), Sans-serif; font-size: var( --e-global-typography-text-font-size ); letter-spacing: var( --e-global-typography-text-letter-spacing );\">Arten von Ayurveda-Paketen<\/strong><\/p>\n<p>Es gibt verschiedene Arten von Ayurveda-Paketen, die jeweils auf bestimmte Gesundheitsprobleme zugeschnitten sind. Einige der beliebtesten Ayurveda-Pakete sind: <\/p>\n<p><span style=\"color: var( --e-global-color-text ); font-family: var( --e-global-typography-text-font-family ), Sans-serif; font-size: var( --e-global-typography-text-font-size ); font-weight: var( --e-global-typography-text-font-weight ); letter-spacing: var( --e-global-typography-text-letter-spacing );\">Entgiftung zur Entschlackung und Regeneration<\/span><\/p>\n<p>Gewichtsmanagement zur Reduzierung von \u00dcbergewicht<\/p>\n<p>Stressmanagement zum Abbau von Stress und \u00c4ngsten<\/p>\n<p>Sch\u00f6nheitspakete zur Verbesserung des Hautbildes und des Aussehens<\/p>\n<p><strong style=\"color: var( --e-global-color-text ); font-family: var( --e-global-typography-text-font-family ), Sans-serif; font-size: var( --e-global-typography-text-font-size ); letter-spacing: var( --e-global-typography-text-letter-spacing );\">Die Wahl des richtigen Ayurveda-Pakets<\/strong><\/p>\n<p><span style=\"color: var( --e-global-color-text ); font-family: var( --e-global-typography-text-font-family ), Sans-serif; font-size: var( --e-global-typography-text-font-size ); font-weight: var( --e-global-typography-text-font-weight ); letter-spacing: var( --e-global-typography-text-letter-spacing );\">Die Wahl des richtigen Ayurveda-Pakets erfordert ein tiefgehendes Verst\u00e4ndnis Ihrer pers\u00f6nlichen Gesundheitsprobleme und Ihres Dosha-Ungleichgewichts. Ein qualifizierter Ayurveda-Praktiker kann Ihren Gesundheitszustand und das Ungleichgewicht der Doshas beurteilen und Ihnen das beste Ayurveda-Paket empfehlen. <\/span><\/p>\n<p><strong style=\"color: var( --e-global-color-text ); font-family: var( --e-global-typography-text-font-family ), Sans-serif; font-size: var( --e-global-typography-text-font-size ); letter-spacing: var( --e-global-typography-text-letter-spacing );\">Das Nattika Beach Resort &#8211; ein erstklassiges Reiseziel f\u00fcr Ayurveda-Pakete<\/strong><\/p>\n<p>Das Nattika Beach Resort ist ein f\u00fchrendes Zentrum in Indien, das eine breite Palette an Behandlungen f\u00fcr verschiedene Gesundheitsprobleme anbietet. Das erfahrene Team von Ayurveda Praktikern im Nattika Beach Ayurveda Resort wendet traditionelle Ayurveda-Techniken in Kombination mit modernen Einrichtungen und Technologien an, um den Gesundheitszustand zu analysieren und die bestm\u00f6gliche Heilung f\u00fcr ihre G\u00e4ste zu gew\u00e4hrleisten. <\/p>\n<p><strong style=\"color: var( --e-global-color-text ); font-family: var( --e-global-typography-text-font-family ), Sans-serif; font-size: var( --e-global-typography-text-font-size ); letter-spacing: var( --e-global-typography-text-letter-spacing );\">Ein ganzheitlicher Ansatz f\u00fcr Wellness<\/strong><\/p>\n<p>Ayurveda-Pakete bieten einen Ansatz f\u00fcr das allgemeine Wohlbefinden, der die k\u00f6rperliche, geistige und emotionale Gesundheit ber\u00fccksichtigt. Indem Sie Ayurveda in Ihren Lebensstil einbeziehen, k\u00f6nnen Sie langfristige Erfolge erzielen und Ihre Lebensqualit\u00e4t insgesamt verbessern. <\/p>\n<p><span style=\"color: var( --e-global-color-text ); font-family: var( --e-global-typography-text-font-family ), Sans-serif; font-size: var( --e-global-typography-text-font-size ); font-weight: var( --e-global-typography-text-font-weight ); letter-spacing: var( --e-global-typography-text-letter-spacing );\">Zusammenfassend l\u00e4sst sich sagen, dass Ayurveda-Pakete eine leistungsstarke L\u00f6sung f\u00fcr ganzheitliche Heilung und Wellness bieten. Durch die Wahl des richtigen Pakets und die Zusammenarbeit mit qualifizierten Therapeut*innen k\u00f6nnen Sie eine bessere Gesundheit und eine h\u00f6here Lebensqualit\u00e4t erreichen. Das Nattika Beach Resort ist ein erstklassiges Reiseziel f\u00fcr Ayurveda-Interessierte und bietet seinen G\u00e4sten die bestm\u00f6gliche Behandlung mit den besten Ergebnissen.  <\/span><\/p>\n\t\t\t\t\t\t\t\t<\/div>\n\t\t\t\t<\/div>\n\t\t\t\t\t<\/div>\n\t\t<\/div>\n\t\t\t\t\t<\/div>\n\t\t<\/section>\n\t\t\t\t\t<\/div>\n\t\t<\/div>\n\t\t\t\t\t<\/div>\n\t\t<\/section>\n\t\t\t\t<\/div>\n\t\t","protected":false},"excerpt":{"rendered":"<p>Ayurveda, die alte indische Wissenschaft vom Leben und der Langlebigkeit erfreut sich weltweit wachsender Beliebtheit. Die von verschiedenen Zentren angebotenen Ayurveda-Pakete bieten einen personalisierten Ansatz, um K\u00f6rper, Geist und Seele ins Gleichgewicht zu bringen. <\/p>\n","protected":false},"author":4,"featured_media":3170,"parent":0,"menu_order":0,"comment_status":"open","ping_status":"open","template":"elementor_header_footer","meta":{"footnotes":""},"class_list":["post-3692","page","type-page","status-publish","has-post-thumbnail","hentry"],"_links":{"self":[{"href":"https:\/\/rockholm.com\/de\/wp-json\/wp\/v2\/pages\/3692","targetHints":{"allow":["GET"]}}],"collection":[{"href":"https:\/\/rockholm.com\/de\/wp-json\/wp\/v2\/pages"}],"about":[{"href":"https:\/\/rockholm.com\/de\/wp-json\/wp\/v2\/types\/page"}],"author":[{"embeddable":true,"href":"https:\/\/rockholm.com\/de\/wp-json\/wp\/v2\/users\/4"}],"replies":[{"embeddable":true,"href":"https:\/\/rockholm.com\/de\/wp-json\/wp\/v2\/comments?post=3692"}],"version-history":[{"count":4,"href":"https:\/\/rockholm.com\/de\/wp-json\/wp\/v2\/pages\/3692\/revisions"}],"predecessor-version":[{"id":4174,"href":"https:\/\/rockholm.com\/de\/wp-json\/wp\/v2\/pages\/3692\/revisions\/4174"}],"wp:featuredmedia":[{"embeddable":true,"href":"https:\/\/rockholm.com\/de\/wp-json\/wp\/v2\/media\/3170"}],"wp:attachment":[{"href":"https:\/\/rockholm.com\/de\/wp-json\/wp\/v2\/media?parent=3692"}],"curies":[{"name":"wp","href":"https:\/\/api.w.org\/{rel}","templated":true}]}}