{"id":3682,"date":"2023-02-04T06:37:05","date_gmt":"2023-02-04T06:37:05","guid":{"rendered":"https:\/\/rockholm.com\/ayurveda-experience-in-kerala\/"},"modified":"2024-03-02T16:40:40","modified_gmt":"2024-03-02T16:40:40","slug":"ayurveda-experience-in-kerala","status":"publish","type":"page","link":"https:\/\/rockholm.com\/de\/ayurveda-experience-in-kerala\/","title":{"rendered":"Ayurveda Experience in Kerala"},"content":{"rendered":"\t\t<div data-elementor-type=\"wp-post\" data-elementor-id=\"3682\" class=\"elementor elementor-3682 elementor-3677\" data-elementor-post-type=\"page\">\n\t\t\t\t\t\t<section class=\"elementor-section elementor-top-section elementor-element elementor-element-1ececddd elementor-section-height-min-height elementor-section-boxed elementor-section-height-default elementor-section-items-middle\" data-id=\"1ececddd\" data-element_type=\"section\" data-e-type=\"section\" data-settings=\"{&quot;background_background&quot;:&quot;classic&quot;}\">\n\t\t\t\t\t\t<div class=\"elementor-container elementor-column-gap-default\">\n\t\t\t\t\t<div class=\"elementor-column elementor-col-100 elementor-top-column elementor-element elementor-element-4342bdc5\" data-id=\"4342bdc5\" data-element_type=\"column\" data-e-type=\"column\">\n\t\t\t<div class=\"elementor-widget-wrap\">\n\t\t\t\t\t\t\t<\/div>\n\t\t<\/div>\n\t\t\t\t\t<\/div>\n\t\t<\/section>\n\t\t\t\t<section class=\"elementor-section elementor-top-section elementor-element elementor-element-93e6b63 elementor-section-boxed elementor-section-height-default elementor-section-height-default\" data-id=\"93e6b63\" data-element_type=\"section\" data-e-type=\"section\">\n\t\t\t\t\t\t<div class=\"elementor-container elementor-column-gap-wide\">\n\t\t\t\t\t<div class=\"elementor-column elementor-col-33 elementor-top-column elementor-element elementor-element-48588834\" data-id=\"48588834\" data-element_type=\"column\" data-e-type=\"column\">\n\t\t\t<div class=\"elementor-widget-wrap elementor-element-populated\">\n\t\t\t\t\t\t<section class=\"elementor-section elementor-inner-section elementor-element elementor-element-16912086 elementor-section-boxed elementor-section-height-default elementor-section-height-default\" data-id=\"16912086\" data-element_type=\"section\" data-e-type=\"section\" data-settings=\"{&quot;sticky&quot;:&quot;top&quot;,&quot;sticky_on&quot;:[&quot;desktop&quot;],&quot;sticky_offset&quot;:20,&quot;sticky_parent&quot;:&quot;yes&quot;,&quot;sticky_effects_offset&quot;:0,&quot;sticky_anchor_link_offset&quot;:0}\">\n\t\t\t\t\t\t<div class=\"elementor-container elementor-column-gap-default\">\n\t\t\t\t\t<div class=\"elementor-column elementor-col-100 elementor-inner-column elementor-element elementor-element-493971c6\" data-id=\"493971c6\" data-element_type=\"column\" data-e-type=\"column\">\n\t\t\t<div class=\"elementor-widget-wrap elementor-element-populated\">\n\t\t\t\t\t\t<div class=\"elementor-element elementor-element-3f417071 elementor-widget elementor-widget-heading\" data-id=\"3f417071\" data-element_type=\"widget\" data-e-type=\"widget\" data-widget_type=\"heading.default\">\n\t\t\t\t<div class=\"elementor-widget-container\">\n\t\t\t\t\t<h5 class=\"elementor-heading-title elementor-size-default\">AYURVEDA BLOG<\/h5>\t\t\t\t<\/div>\n\t\t\t\t<\/div>\n\t\t\t\t<div class=\"elementor-element elementor-element-2fec52e elementor-grid-1 elementor-posts--thumbnail-none elementor-grid-tablet-2 elementor-grid-mobile-1 elementor-widget elementor-widget-posts\" data-id=\"2fec52e\" data-element_type=\"widget\" data-e-type=\"widget\" data-settings=\"{&quot;classic_columns&quot;:&quot;1&quot;,&quot;classic_row_gap&quot;:{&quot;unit&quot;:&quot;px&quot;,&quot;size&quot;:10,&quot;sizes&quot;:[]},&quot;classic_columns_tablet&quot;:&quot;2&quot;,&quot;classic_columns_mobile&quot;:&quot;1&quot;,&quot;classic_row_gap_tablet&quot;:{&quot;unit&quot;:&quot;px&quot;,&quot;size&quot;:&quot;&quot;,&quot;sizes&quot;:[]},&quot;classic_row_gap_mobile&quot;:{&quot;unit&quot;:&quot;px&quot;,&quot;size&quot;:&quot;&quot;,&quot;sizes&quot;:[]}}\" data-widget_type=\"posts.classic\">\n\t\t\t\t<div class=\"elementor-widget-container\">\n\t\t\t\t\t\t\t<div class=\"elementor-posts-container elementor-posts elementor-posts--skin-classic elementor-grid\" role=\"list\">\n\t\t\t\t<article class=\"elementor-post elementor-grid-item post-13036 post type-post status-publish format-standard has-post-thumbnail hentry category-ayurveda category-germen-2\" role=\"listitem\">\n\t\t\t\t<div class=\"elementor-post__text\">\n\t\t\t\t<h3 class=\"elementor-post__title\">\n\t\t\t<a href=\"https:\/\/rockholm.com\/de\/blogs\/7-meditative-asanas-fokus-und-angst\/\" >\n\t\t\t\tDie 7 besten meditativen Asanas zur Verbesserung der Konzentration und zum Abbau von \u00c4ngsten\t\t\t<\/a>\n\t\t<\/h3>\n\t\t\t\t<\/div>\n\t\t\t\t<\/article>\n\t\t\t\t<article class=\"elementor-post elementor-grid-item post-12716 post type-post status-publish format-standard has-post-thumbnail hentry category-unkategorisiert category-germen\" role=\"listitem\">\n\t\t\t\t<div class=\"elementor-post__text\">\n\t\t\t\t<h3 class=\"elementor-post__title\">\n\t\t\t<a href=\"https:\/\/rockholm.com\/de\/blogs\/ayurveda-diet-gut-skin-immunity\/\" >\n\t\t\t\tAyurveda-Ern\u00e4hrung f\u00fcr eine bessere Gesundheit des Darms, eine strahlende Haut und ein gest\u00e4rktes Immunsystem\t\t\t<\/a>\n\t\t<\/h3>\n\t\t\t\t<\/div>\n\t\t\t\t<\/article>\n\t\t\t\t<article class=\"elementor-post elementor-grid-item post-13042 post type-post status-publish format-standard has-post-thumbnail hentry category-germen category-unkategorisiert\" role=\"listitem\">\n\t\t\t\t<div class=\"elementor-post__text\">\n\t\t\t\t<h3 class=\"elementor-post__title\">\n\t\t\t<a href=\"https:\/\/rockholm.com\/de\/blogs\/ayurvedische-massage-therapie-pakete-kerala\/\" >\n\t\t\t\tDie besten traditionellen ayurvedischen Massage-Therapiepakete in Kerala | Rockholm\t\t\t<\/a>\n\t\t<\/h3>\n\t\t\t\t<\/div>\n\t\t\t\t<\/article>\n\t\t\t\t<article class=\"elementor-post elementor-grid-item post-12693 post type-post status-publish format-standard has-post-thumbnail hentry category-unkategorisiert category-germen\" role=\"listitem\">\n\t\t\t\t<div class=\"elementor-post__text\">\n\t\t\t\t<h3 class=\"elementor-post__title\">\n\t\t\t<a href=\"https:\/\/rockholm.com\/de\/blogs\/ayurveda-diet-guide-for-body-types\/\" >\n\t\t\t\tAyurveda-Ern\u00e4hrung: Ein praxisorientierter Leitfaden f\u00fcr die richtige Ern\u00e4hrung bei einem Ungleichgewicht Ihrer Doshas\t\t\t<\/a>\n\t\t<\/h3>\n\t\t\t\t<\/div>\n\t\t\t\t<\/article>\n\t\t\t\t<article class=\"elementor-post elementor-grid-item post-6603 post type-post status-publish format-standard has-post-thumbnail hentry category-germen\" role=\"listitem\">\n\t\t\t\t<div class=\"elementor-post__text\">\n\t\t\t\t<h3 class=\"elementor-post__title\">\n\t\t\t<a href=\"https:\/\/rockholm.com\/de\/blogs\/rekindle-your-spirit-warum-rockholm-das-ultimative-ayurvedische-luxus-retreat-am-strand-von-kovalam-ist\/\" >\n\t\t\t\tRekindle Your Spirit: warum Rockholm das ultimative ayurvedische Luxus-Retreat am Strand von Kovalam ist\t\t\t<\/a>\n\t\t<\/h3>\n\t\t\t\t<\/div>\n\t\t\t\t<\/article>\n\t\t\t\t<article class=\"elementor-post elementor-grid-item post-5786 post type-post status-publish format-standard has-post-thumbnail hentry category-german\" role=\"listitem\">\n\t\t\t\t<div class=\"elementor-post__text\">\n\t\t\t\t<h3 class=\"elementor-post__title\">\n\t\t\t<a href=\"https:\/\/rockholm.com\/de\/blogs\/schlaflosigkeit-verstehen-ursachen-auswirkungen-und-managementstrategien-durch-ayurveda\/\" >\n\t\t\t\tSchlaflosigkeit verstehen: Ursachen, Auswirkungen und Managementstrategien durch Ayurveda\t\t\t<\/a>\n\t\t<\/h3>\n\t\t\t\t<\/div>\n\t\t\t\t<\/article>\n\t\t\t\t<article class=\"elementor-post elementor-grid-item post-5600 post type-post status-publish format-standard has-post-thumbnail hentry category-germen\" role=\"listitem\">\n\t\t\t\t<div class=\"elementor-post__text\">\n\t\t\t\t<h3 class=\"elementor-post__title\">\n\t\t\t<a href=\"https:\/\/rockholm.com\/de\/blogs\/ritucharya\/\" >\n\t\t\t\tRITUCHARYA\t\t\t<\/a>\n\t\t<\/h3>\n\t\t\t\t<\/div>\n\t\t\t\t<\/article>\n\t\t\t\t<article class=\"elementor-post elementor-grid-item post-5451 post type-post status-publish format-standard has-post-thumbnail hentry category-unkategorisiert\" role=\"listitem\">\n\t\t\t\t<div class=\"elementor-post__text\">\n\t\t\t\t<h3 class=\"elementor-post__title\">\n\t\t\t<a href=\"https:\/\/rockholm.com\/de\/blogs\/entspannen-sie-sich-bei-ayurvedischen-therapien-in-rockholm-wo-natur-auf-wellness-trifft\/\" >\n\t\t\t\tEntspannen Sie sich bei ayurvedischen Therapien in Rockholm: Wo Natur auf Wellness trifft\t\t\t<\/a>\n\t\t<\/h3>\n\t\t\t\t<\/div>\n\t\t\t\t<\/article>\n\t\t\t\t<article class=\"elementor-post elementor-grid-item post-5070 post type-post status-publish format-standard has-post-thumbnail hentry category-unkategorisiert\" role=\"listitem\">\n\t\t\t\t<div class=\"elementor-post__text\">\n\t\t\t\t<h3 class=\"elementor-post__title\">\n\t\t\t<a href=\"https:\/\/rockholm.com\/de\/blogs\/ein-paradies-an-der-kustedie-ayurvedischen-kostlichkeiten-des-rockholm-resorts-am-arabischen-meer\/\" >\n\t\t\t\tEin Paradies an der K\u00fcste:Die ayurvedischen K\u00f6stlichkeiten des Rockholm Resorts am Arabischen Meer\t\t\t<\/a>\n\t\t<\/h3>\n\t\t\t\t<\/div>\n\t\t\t\t<\/article>\n\t\t\t\t<\/div>\n\t\t\n\t\t\t\t\t\t<\/div>\n\t\t\t\t<\/div>\n\t\t\t\t\t<\/div>\n\t\t<\/div>\n\t\t\t\t\t<\/div>\n\t\t<\/section>\n\t\t\t\t\t<\/div>\n\t\t<\/div>\n\t\t\t\t<div class=\"elementor-column elementor-col-66 elementor-top-column elementor-element elementor-element-aff92f\" data-id=\"aff92f\" data-element_type=\"column\" data-e-type=\"column\">\n\t\t\t<div class=\"elementor-widget-wrap elementor-element-populated\">\n\t\t\t\t\t\t<section class=\"elementor-section elementor-inner-section elementor-element elementor-element-33dfd2df elementor-section-boxed elementor-section-height-default elementor-section-height-default\" data-id=\"33dfd2df\" data-element_type=\"section\" data-e-type=\"section\">\n\t\t\t\t\t\t<div class=\"elementor-container elementor-column-gap-default\">\n\t\t\t\t\t<div class=\"elementor-column elementor-col-100 elementor-inner-column elementor-element elementor-element-29d56014\" data-id=\"29d56014\" data-element_type=\"column\" data-e-type=\"column\">\n\t\t\t<div class=\"elementor-widget-wrap elementor-element-populated\">\n\t\t\t\t\t\t<div class=\"elementor-element elementor-element-6b19882f elementor-widget elementor-widget-post-info\" data-id=\"6b19882f\" data-element_type=\"widget\" data-e-type=\"widget\" data-widget_type=\"post-info.default\">\n\t\t\t\t<div class=\"elementor-widget-container\">\n\t\t\t\t\t\t\t<ul class=\"elementor-inline-items elementor-icon-list-items elementor-post-info\">\n\t\t\t\t\t\t\t\t<li class=\"elementor-icon-list-item elementor-repeater-item-4b8d2a9 elementor-inline-item\" itemprop=\"datePublished\">\n\t\t\t\t\t\t\t\t\t\t\t\t\t<span class=\"elementor-icon-list-text elementor-post-info__item elementor-post-info__item--type-date\">\n\t\t\t\t\t\t\t\t\t\t<time>August 1, 2024<\/time>\t\t\t\t\t<\/span>\n\t\t\t\t\t\t\t\t<\/li>\n\t\t\t\t<\/ul>\n\t\t\t\t\t\t<\/div>\n\t\t\t\t<\/div>\n\t\t\t\t<div class=\"elementor-element elementor-element-3795e061 elementor-widget elementor-widget-text-editor\" data-id=\"3795e061\" data-element_type=\"widget\" data-e-type=\"widget\" data-widget_type=\"text-editor.default\">\n\t\t\t\t<div class=\"elementor-widget-container\">\n\t\t\t\t\t\t\t\t\t<p><strong>Eine Reise durch das Herz des Ayurveda: Eine n\u00e4hrende Erfahrung von Ayurveda-Behandlungen in Kerala, Indien<\/strong><\/p>\n<p>Ayurveda, die uralte Wissenschaft der Heilung und des Wohlbefindens, wird in Indien schon seit Tausenden von Jahren praktiziert. Der ganzheitliche Ansatz f\u00fcr die Gesundheit umfasst nat\u00fcrliche Heilmittel, \u00c4nderungen des Lebensstils und spirituelle Praktiken, um das Gleichgewicht von K\u00f6rper und Geist wiederherzustellen. Aufgrund seiner reichen Geschichte und seiner tiefen Verwurzelung in der indischen Kultur erfreuen sich Ayurveda-Behandlungen sowohl in Indien als auch auf der ganzen Welt gro\u00dfer Beliebtheit.  <\/p><p><span style=\"color: var( --e-global-color-text ); font-family: var( --e-global-typography-text-font-family ), Sans-serif; font-size: var( --e-global-typography-text-font-size ); font-weight: var( --e-global-typography-text-font-weight ); letter-spacing: var( --e-global-typography-text-letter-spacing );\">Kerala, ein Bundesstaat in S\u00fcdindien, ist weithin als Zentrum der ayurvedischen Behandlungen bekannt. Seine \u00fcppigen gr\u00fcnen Landschaften, unber\u00fchrten Str\u00e4nde und ruhigen Backwaters machen ihn zu einem perfekten Reiseziel f\u00fcr alle, die sich verj\u00fcngen und erneuern wollen. Der Bundesstaat verf\u00fcgt \u00fcber eine Reihe renommierter ayurvedischer Kliniken, Spas und Wellnesszentren, die eine Vielzahl von Behandlungen und Therapien anbieten.  <\/span><\/p><p><span style=\"color: var( --e-global-color-text ); font-family: var( --e-global-typography-text-font-family ), Sans-serif; font-size: var( --e-global-typography-text-font-size ); font-weight: var( --e-global-typography-text-font-weight ); letter-spacing: var( --e-global-typography-text-letter-spacing );\">In diesem Artikel tauchen wir in das Herz des Ayurveda ein und erforschen die pflegende Erfahrung der ayurvedischen Behandlungen in Kerala, Indien. Von den traditionellen Massagetechniken bis hin zur Verwendung von pflanzlichen Heilmitteln nehmen wir Sie mit auf eine Reise, die das Beste zeigt, was Ayurveda zu bieten hat. <\/span><\/p>\n<p><\/p>\n<p><strong>Entdecken Sie die Kraft der ayurvedischen Massage<\/strong><\/p>\n<p>Die ayurvedische Massage ist ein Eckpfeiler der ayurvedischen Tradition und eine der beliebtesten Behandlungstherapien, die in Kerala angeboten werden. Es handelt sich um eine Form der Tiefengewebsmassage, bei der Kr\u00e4uter\u00f6le, Gew\u00fcrze und andere nat\u00fcrliche Inhaltsstoffe verwendet werden, um Entspannung zu f\u00f6rdern, Stress abzubauen und die Durchblutung zu verbessern. <\/p><p><span style=\"color: var( --e-global-color-text ); font-family: var( --e-global-typography-text-font-family ), Sans-serif; font-size: var( --e-global-typography-text-font-size ); font-weight: var( --e-global-typography-text-font-weight ); letter-spacing: var( --e-global-typography-text-letter-spacing );\">Einer der wichtigsten Vorteile der ayurvedischen Massage ist ihre F\u00e4higkeit, das Gleichgewicht der drei Doshas &#8211; Vata, Pitta und Kapha &#8211; wiederherzustellen. Diese Doshas stehen f\u00fcr die drei wesentlichen Energien, die unser k\u00f6rperliches und geistiges Wohlbefinden bestimmen. Die Ayurveda-Massage hilft, die Doshas auszugleichen und so Harmonie und Wohlbefinden wiederherzustellen.  <\/span><\/p><p><span style=\"color: var( --e-global-color-text ); font-family: var( --e-global-typography-text-font-family ), Sans-serif; font-size: var( --e-global-typography-text-font-size ); font-weight: var( --e-global-typography-text-font-weight ); letter-spacing: var( --e-global-typography-text-letter-spacing );\">Die im Ayurveda verwendeten Massagetechniken sind sowohl sanft als auch belebend und vermitteln ein tiefes Gef\u00fchl der Entspannung und Verj\u00fcngung. Von der rhythmischen Bewegung der Ausstreichungen bis hin zur medizinischen Wirkung der Kr\u00e4uter\u00f6le ist die ayurvedische Massage eine Erfahrung, die sowohl belebend als auch beruhigend wirkt und Sie erfrischt und verj\u00fcngt zur\u00fcckl\u00e4sst. <\/span><\/p>\n<p><\/p>\n<p><strong>Die Kraft der pflanzlichen Heilmittel nutzen<\/strong><\/p>\n<p>Kr\u00e4uter werden seit Tausenden von Jahren zur Behandlung einer Vielzahl von Gesundheitsproblemen eingesetzt und Ayurveda ist da keine Ausnahme. Tats\u00e4chlich legt Ayurveda gro\u00dfen Wert auf die Verwendung von Kr\u00e4utern als Mittel zur Wiederherstellung des Gleichgewichts und des Wohlbefindens von K\u00f6rper und Geist. <\/p><p><span style=\"color: var( --e-global-color-text ); font-family: var( --e-global-typography-text-font-family ), Sans-serif; font-size: var( --e-global-typography-text-font-size ); font-weight: var( --e-global-typography-text-font-weight ); letter-spacing: var( --e-global-typography-text-letter-spacing );\">In Kerala bieten ayurvedische Kliniken und Spas eine Reihe von pflanzlichen Heilmitteln an, darunter Tees, Tonika und Kr\u00e4uterzus\u00e4tze. Diese Heilmittel werden sorgf\u00e4ltig aus einer Mischung nat\u00fcrlicher Inhaltsstoffe hergestellt und sind darauf ausgerichtet, bestimmte Gesundheitsprobleme zu l\u00f6sen. <\/span><\/p><p><span style=\"color: var( --e-global-color-text ); font-family: var( --e-global-typography-text-font-family ), Sans-serif; font-size: var( --e-global-typography-text-font-size ); font-weight: var( --e-global-typography-text-font-weight ); letter-spacing: var( --e-global-typography-text-letter-spacing );\">Von den verj\u00fcngenden Eigenschaften von Kurkuma und Ingwer bis hin zu den beruhigenden Wirkungen von Kreuzk\u00fcmmel und Koriander ist die Verwendung von pflanzlichen Heilmitteln im Ayurveda ein wirkungsvolles Mittel auf der Suche nach Wohlbefinden. Ob Sie Stress und \u00c4ngste abbauen oder einfach nur Ihre allgemeine Gesundheit und Ihr Wohlbefinden verbessern wollen, pflanzliche Heilmittel bieten eine nat\u00fcrliche und wirksame L\u00f6sung. <\/span><\/p><p><strong style=\"color: var( --e-global-color-text ); font-family: var( --e-global-typography-text-font-family ), Sans-serif; font-size: var( --e-global-typography-text-font-size ); letter-spacing: var( --e-global-typography-text-letter-spacing );\">Aufbruch zu einer spirituellen Reise<\/strong><\/p>\n<p>Bei Ayurveda geht es nicht nur um k\u00f6rperliche Gesundheit, sondern auch um spirituelles Wohlbefinden. In Kerala bieten viele ayurvedische Kliniken und Spas eine Vielzahl von spirituellen Praktiken und Ritualen an, die Ihnen helfen sollen, mit Ihrem inneren Selbst in Kontakt zu treten und Frieden und Ruhe zu finden. <\/p><p><strong style=\"color: var( --e-global-color-text ); font-family: var( --e-global-typography-text-font-family ), Sans-serif; font-size: var( --e-global-typography-text-font-size ); letter-spacing: var( --e-global-typography-text-letter-spacing );\">Die Sch\u00f6nheit der Natur umarmen<\/strong><br><\/p>\n<p>Die \u00fcppigen gr\u00fcnen Landschaften, die unber\u00fchrten Str\u00e4nde und die ruhigen Backwaters von Kerala bieten die perfekte Kulisse f\u00fcr ayurvedische Behandlungen. In dieser idyllischen Umgebung k\u00f6nnen Sie in die Natur eintauchen und die Ruhe und Gelassenheit genie\u00dfen, die sie mit sich bringt. <\/p><p><span style=\"color: var( --e-global-color-text ); font-family: var( --e-global-typography-text-font-family ), Sans-serif; font-size: var( --e-global-typography-text-font-size ); font-weight: var( --e-global-typography-text-font-weight ); letter-spacing: var( --e-global-typography-text-letter-spacing );\">Ob Sie nun am Strand spazieren gehen, ein Bad in den Backwaters nehmen oder einfach nur die Sonne genie\u00dfen, die nat\u00fcrliche Sch\u00f6nheit Keralas wird Sie erfrischen und erneuern. Mit seinem warmen und freundlichen Klima bietet Kerala die perfekte Umgebung f\u00fcr Heilung und Verj\u00fcngung und ist damit ein wahrer Zufluchtsort f\u00fcr alle, die dem Stress des Alltags entfliehen m\u00f6chten. <\/span><\/p><p><strong style=\"color: var( --e-global-color-text ); font-family: var( --e-global-typography-text-font-family ), Sans-serif; font-size: var( --e-global-typography-text-font-size ); letter-spacing: var( --e-global-typography-text-letter-spacing );\">Eine n\u00e4hrende Erfahrung erwartet Sie<\/strong><\/p>\n<p>Ayurveda-Behandlungen in Kerala bieten eine einzigartige verj\u00fcngende und pflegende Erfahrung, die das Beste der alten Tradition mit modernem Komfort und Luxus verbindet. Von den fachkundigen Behandlern bis hin zur Verwendung nat\u00fcrlicher Heilmittel ist die ayurvedische Erfahrung in Kerala wirklich unvergleichlich. <\/p><p><span style=\"color: var( --e-global-color-text ); font-family: var( --e-global-typography-text-font-family ), Sans-serif; font-size: var( --e-global-typography-text-font-size ); font-weight: var( --e-global-typography-text-font-weight ); letter-spacing: var( --e-global-typography-text-letter-spacing );\">Ganz gleich, ob Sie sich von Stress und \u00c4ngsten befreien, Ihre allgemeine Gesundheit und Ihr Wohlbefinden verbessern oder einfach nur ein wenig Frieden und Ruhe finden m\u00f6chten, Ayurveda-Behandlungen in Kerala, Indien, bieten eine n\u00e4hrende Erfahrung, die Sie nie vergessen werden.<\/span><\/p><p><span style=\"color: var( --e-global-color-text ); font-family: var( --e-global-typography-text-font-family ), Sans-serif; font-size: var( --e-global-typography-text-font-size ); font-weight: var( --e-global-typography-text-font-weight ); letter-spacing: var( --e-global-typography-text-letter-spacing );\">Zusammenfassend l\u00e4sst sich sagen, dass eine Reise durch das Herz des Ayurveda in Kerala, Indien, ein Muss f\u00fcr jeden ist, der die wahre Essenz dieser alten Wissenschaft erfahren m\u00f6chte. Von der verj\u00fcngenden Wirkung ayurvedischer Massagen \u00fcber die heilende Kraft pflanzlicher Heilmittel bis hin zur Ruhe und Gelassenheit spiritueller Praktiken bietet Kerala eine n\u00e4hrende Umgebung, die wirklich unvergleichlich ist. <\/span><br><\/p>\t\t\t\t\t\t\t\t<\/div>\n\t\t\t\t<\/div>\n\t\t\t\t\t<\/div>\n\t\t<\/div>\n\t\t\t\t\t<\/div>\n\t\t<\/section>\n\t\t\t\t\t<\/div>\n\t\t<\/div>\n\t\t\t\t\t<\/div>\n\t\t<\/section>\n\t\t\t\t<\/div>\n\t\t","protected":false},"excerpt":{"rendered":"<p>Ayurveda, die uralte Wissenschaft der Heilung und des Wohlbefindens, wird in Indien schon seit Tausenden von Jahren praktiziert. Der ganzheitliche Ansatz f\u00fcr die Gesundheit umfasst nat\u00fcrliche Heilmittel, \u00c4nderungen des Lebensstils und spirituelle Praktiken, um das Gleichgewicht von K\u00f6rper und Geist wiederherzustellen.  <\/p>\n","protected":false},"author":4,"featured_media":3174,"parent":0,"menu_order":0,"comment_status":"open","ping_status":"open","template":"elementor_header_footer","meta":{"footnotes":""},"class_list":["post-3682","page","type-page","status-publish","has-post-thumbnail","hentry"],"_links":{"self":[{"href":"https:\/\/rockholm.com\/de\/wp-json\/wp\/v2\/pages\/3682","targetHints":{"allow":["GET"]}}],"collection":[{"href":"https:\/\/rockholm.com\/de\/wp-json\/wp\/v2\/pages"}],"about":[{"href":"https:\/\/rockholm.com\/de\/wp-json\/wp\/v2\/types\/page"}],"author":[{"embeddable":true,"href":"https:\/\/rockholm.com\/de\/wp-json\/wp\/v2\/users\/4"}],"replies":[{"embeddable":true,"href":"https:\/\/rockholm.com\/de\/wp-json\/wp\/v2\/comments?post=3682"}],"version-history":[{"count":4,"href":"https:\/\/rockholm.com\/de\/wp-json\/wp\/v2\/pages\/3682\/revisions"}],"predecessor-version":[{"id":4171,"href":"https:\/\/rockholm.com\/de\/wp-json\/wp\/v2\/pages\/3682\/revisions\/4171"}],"wp:featuredmedia":[{"embeddable":true,"href":"https:\/\/rockholm.com\/de\/wp-json\/wp\/v2\/media\/3174"}],"wp:attachment":[{"href":"https:\/\/rockholm.com\/de\/wp-json\/wp\/v2\/media?parent=3682"}],"curies":[{"name":"wp","href":"https:\/\/api.w.org\/{rel}","templated":true}]}}