{"id":3664,"date":"2023-02-04T06:05:01","date_gmt":"2023-02-04T06:05:01","guid":{"rendered":"https:\/\/rockholm.com\/ayurveda-spa-in-kerala\/"},"modified":"2024-03-02T16:50:59","modified_gmt":"2024-03-02T16:50:59","slug":"ayurveda-spa-in-kerala","status":"publish","type":"page","link":"https:\/\/rockholm.com\/de\/ayurveda-spa-in-kerala\/","title":{"rendered":"Ayurveda Spa in Kerala"},"content":{"rendered":"\t\t<div data-elementor-type=\"wp-post\" data-elementor-id=\"3664\" class=\"elementor elementor-3664 elementor-3653\" data-elementor-post-type=\"page\">\n\t\t\t\t\t\t<section class=\"elementor-section elementor-top-section elementor-element elementor-element-26ad2d2e elementor-section-height-min-height elementor-section-boxed elementor-section-height-default elementor-section-items-middle\" data-id=\"26ad2d2e\" data-element_type=\"section\" data-e-type=\"section\" data-settings=\"{&quot;background_background&quot;:&quot;classic&quot;}\">\n\t\t\t\t\t\t<div class=\"elementor-container elementor-column-gap-default\">\n\t\t\t\t\t<div class=\"elementor-column elementor-col-100 elementor-top-column elementor-element elementor-element-7849b92f\" data-id=\"7849b92f\" data-element_type=\"column\" data-e-type=\"column\">\n\t\t\t<div class=\"elementor-widget-wrap\">\n\t\t\t\t\t\t\t<\/div>\n\t\t<\/div>\n\t\t\t\t\t<\/div>\n\t\t<\/section>\n\t\t\t\t<section class=\"elementor-section elementor-top-section elementor-element elementor-element-43f5ba64 elementor-section-boxed elementor-section-height-default elementor-section-height-default\" data-id=\"43f5ba64\" data-element_type=\"section\" data-e-type=\"section\">\n\t\t\t\t\t\t<div class=\"elementor-container elementor-column-gap-wide\">\n\t\t\t\t\t<div class=\"elementor-column elementor-col-33 elementor-top-column elementor-element elementor-element-4a9bbde0\" data-id=\"4a9bbde0\" data-element_type=\"column\" data-e-type=\"column\">\n\t\t\t<div class=\"elementor-widget-wrap elementor-element-populated\">\n\t\t\t\t\t\t<section class=\"elementor-section elementor-inner-section elementor-element elementor-element-75c77d13 elementor-section-boxed elementor-section-height-default elementor-section-height-default\" data-id=\"75c77d13\" data-element_type=\"section\" data-e-type=\"section\" data-settings=\"{&quot;sticky&quot;:&quot;top&quot;,&quot;sticky_on&quot;:[&quot;desktop&quot;],&quot;sticky_offset&quot;:20,&quot;sticky_parent&quot;:&quot;yes&quot;,&quot;sticky_effects_offset&quot;:0,&quot;sticky_anchor_link_offset&quot;:0}\">\n\t\t\t\t\t\t<div class=\"elementor-container elementor-column-gap-default\">\n\t\t\t\t\t<div class=\"elementor-column elementor-col-100 elementor-inner-column elementor-element elementor-element-65c35a2d\" data-id=\"65c35a2d\" data-element_type=\"column\" data-e-type=\"column\">\n\t\t\t<div class=\"elementor-widget-wrap elementor-element-populated\">\n\t\t\t\t\t\t<div class=\"elementor-element elementor-element-5b536e8e elementor-widget elementor-widget-heading\" data-id=\"5b536e8e\" data-element_type=\"widget\" data-e-type=\"widget\" data-widget_type=\"heading.default\">\n\t\t\t\t<div class=\"elementor-widget-container\">\n\t\t\t\t\t<h5 class=\"elementor-heading-title elementor-size-default\">ROCKHOLM NEWS &amp; UPDATE<\/h5>\t\t\t\t<\/div>\n\t\t\t\t<\/div>\n\t\t\t\t<div class=\"elementor-element elementor-element-5aa19864 elementor-grid-1 elementor-posts--thumbnail-none elementor-grid-tablet-2 elementor-grid-mobile-1 elementor-widget elementor-widget-posts\" data-id=\"5aa19864\" data-element_type=\"widget\" data-e-type=\"widget\" data-settings=\"{&quot;classic_columns&quot;:&quot;1&quot;,&quot;classic_row_gap&quot;:{&quot;unit&quot;:&quot;px&quot;,&quot;size&quot;:10,&quot;sizes&quot;:[]},&quot;classic_columns_tablet&quot;:&quot;2&quot;,&quot;classic_columns_mobile&quot;:&quot;1&quot;,&quot;classic_row_gap_tablet&quot;:{&quot;unit&quot;:&quot;px&quot;,&quot;size&quot;:&quot;&quot;,&quot;sizes&quot;:[]},&quot;classic_row_gap_mobile&quot;:{&quot;unit&quot;:&quot;px&quot;,&quot;size&quot;:&quot;&quot;,&quot;sizes&quot;:[]}}\" data-widget_type=\"posts.classic\">\n\t\t\t\t<div class=\"elementor-widget-container\">\n\t\t\t\t\t\t\t<div class=\"elementor-posts-container elementor-posts elementor-posts--skin-classic elementor-grid\" role=\"list\">\n\t\t\t\t<article class=\"elementor-post elementor-grid-item post-14518 post type-post status-publish format-standard has-post-thumbnail hentry category-germen\" role=\"listitem\">\n\t\t\t\t<div class=\"elementor-post__text\">\n\t\t\t\t<h3 class=\"elementor-post__title\">\n\t\t\t<a href=\"https:\/\/rockholm.com\/de\/blogs\/ayush-visum-indien-ayurveda\/\" >\n\t\t\t\tAyush-Visum f\u00fcr Ayurveda-Behandlungen in Indien \u2013 Ein Leitfaden f\u00fcr internationale G\u00e4ste\t\t\t<\/a>\n\t\t<\/h3>\n\t\t\t\t<\/div>\n\t\t\t\t<\/article>\n\t\t\t\t<article class=\"elementor-post elementor-grid-item post-13944 post type-post status-publish format-standard has-post-thumbnail hentry category-unkategorisiert\" role=\"listitem\">\n\t\t\t\t<div class=\"elementor-post__text\">\n\t\t\t\t<h3 class=\"elementor-post__title\">\n\t\t\t<a href=\"https:\/\/rockholm.com\/de\/blogs\/was-ist-der-zweck-einer-panchakarma-behandlung-im-ayurveda\/\" >\n\t\t\t\tWas ist der Zweck einer Panchakarma-Behandlung im Ayurveda?\t\t\t<\/a>\n\t\t<\/h3>\n\t\t\t\t<\/div>\n\t\t\t\t<\/article>\n\t\t\t\t<article class=\"elementor-post elementor-grid-item post-13934 post type-post status-publish format-standard has-post-thumbnail hentry category-germen\" role=\"listitem\">\n\t\t\t\t<div class=\"elementor-post__text\">\n\t\t\t\t<h3 class=\"elementor-post__title\">\n\t\t\t<a href=\"https:\/\/rockholm.com\/de\/blogs\/how-to-plan-an-ayurveda-diet-according-to-your-dosha\/\" >\n\t\t\t\tWie Sie eine Ayurveda-Di\u00e4t entsprechend Ihrem Dosha planen\t\t\t<\/a>\n\t\t<\/h3>\n\t\t\t\t<\/div>\n\t\t\t\t<\/article>\n\t\t\t\t<article class=\"elementor-post elementor-grid-item post-14107 post type-post status-publish format-standard has-post-thumbnail hentry category-germen\" role=\"listitem\">\n\t\t\t\t<div class=\"elementor-post__text\">\n\t\t\t\t<h3 class=\"elementor-post__title\">\n\t\t\t<a href=\"https:\/\/rockholm.com\/de\/blogs\/wie-man-triphala-zur-gewichtsabnahme-verwendet-ein-vollstaendiger-leitfaden\/\" >\n\t\t\t\tWie man Triphala zur Gewichtsabnahme verwendet: Ein vollst\u00e4ndiger Leitfaden\t\t\t<\/a>\n\t\t<\/h3>\n\t\t\t\t<\/div>\n\t\t\t\t<\/article>\n\t\t\t\t<article class=\"elementor-post elementor-grid-item post-13036 post type-post status-publish format-standard has-post-thumbnail hentry category-ayurveda category-germen-2\" role=\"listitem\">\n\t\t\t\t<div class=\"elementor-post__text\">\n\t\t\t\t<h3 class=\"elementor-post__title\">\n\t\t\t<a href=\"https:\/\/rockholm.com\/de\/blogs\/7-meditative-asanas-fokus-und-angst\/\" >\n\t\t\t\tDie 7 besten meditativen Asanas zur Verbesserung der Konzentration und zum Abbau von \u00c4ngsten\t\t\t<\/a>\n\t\t<\/h3>\n\t\t\t\t<\/div>\n\t\t\t\t<\/article>\n\t\t\t\t<article class=\"elementor-post elementor-grid-item post-12716 post type-post status-publish format-standard has-post-thumbnail hentry category-unkategorisiert category-germen\" role=\"listitem\">\n\t\t\t\t<div class=\"elementor-post__text\">\n\t\t\t\t<h3 class=\"elementor-post__title\">\n\t\t\t<a href=\"https:\/\/rockholm.com\/de\/blogs\/ayurveda-diet-gut-skin-immunity\/\" >\n\t\t\t\tAyurveda-Ern\u00e4hrung f\u00fcr eine bessere Gesundheit des Darms, eine strahlende Haut und ein gest\u00e4rktes Immunsystem\t\t\t<\/a>\n\t\t<\/h3>\n\t\t\t\t<\/div>\n\t\t\t\t<\/article>\n\t\t\t\t<article class=\"elementor-post elementor-grid-item post-13042 post type-post status-publish format-standard has-post-thumbnail hentry category-germen category-unkategorisiert\" role=\"listitem\">\n\t\t\t\t<div class=\"elementor-post__text\">\n\t\t\t\t<h3 class=\"elementor-post__title\">\n\t\t\t<a href=\"https:\/\/rockholm.com\/de\/blogs\/ayurvedische-massage-therapie-pakete-kerala\/\" >\n\t\t\t\tDie besten traditionellen ayurvedischen Massage-Therapiepakete in Kerala | Rockholm\t\t\t<\/a>\n\t\t<\/h3>\n\t\t\t\t<\/div>\n\t\t\t\t<\/article>\n\t\t\t\t<article class=\"elementor-post elementor-grid-item post-12693 post type-post status-publish format-standard has-post-thumbnail hentry category-unkategorisiert category-germen\" role=\"listitem\">\n\t\t\t\t<div class=\"elementor-post__text\">\n\t\t\t\t<h3 class=\"elementor-post__title\">\n\t\t\t<a href=\"https:\/\/rockholm.com\/de\/blogs\/ayurveda-diet-guide-for-body-types\/\" >\n\t\t\t\tAyurveda-Ern\u00e4hrung: Ein praxisorientierter Leitfaden f\u00fcr die richtige Ern\u00e4hrung bei einem Ungleichgewicht Ihrer Doshas\t\t\t<\/a>\n\t\t<\/h3>\n\t\t\t\t<\/div>\n\t\t\t\t<\/article>\n\t\t\t\t<article class=\"elementor-post elementor-grid-item post-6603 post type-post status-publish format-standard has-post-thumbnail hentry category-germen\" role=\"listitem\">\n\t\t\t\t<div class=\"elementor-post__text\">\n\t\t\t\t<h3 class=\"elementor-post__title\">\n\t\t\t<a href=\"https:\/\/rockholm.com\/de\/blogs\/rekindle-your-spirit-warum-rockholm-das-ultimative-ayurvedische-luxus-retreat-am-strand-von-kovalam-ist\/\" >\n\t\t\t\tRekindle Your Spirit: warum Rockholm das ultimative ayurvedische Luxus-Retreat am Strand von Kovalam ist\t\t\t<\/a>\n\t\t<\/h3>\n\t\t\t\t<\/div>\n\t\t\t\t<\/article>\n\t\t\t\t<\/div>\n\t\t\n\t\t\t\t\t\t<\/div>\n\t\t\t\t<\/div>\n\t\t\t\t\t<\/div>\n\t\t<\/div>\n\t\t\t\t\t<\/div>\n\t\t<\/section>\n\t\t\t\t\t<\/div>\n\t\t<\/div>\n\t\t\t\t<div class=\"elementor-column elementor-col-66 elementor-top-column elementor-element elementor-element-3b724ec2\" data-id=\"3b724ec2\" data-element_type=\"column\" data-e-type=\"column\">\n\t\t\t<div class=\"elementor-widget-wrap elementor-element-populated\">\n\t\t\t\t\t\t<section class=\"elementor-section elementor-inner-section elementor-element elementor-element-24b1279c elementor-section-boxed elementor-section-height-default elementor-section-height-default\" data-id=\"24b1279c\" data-element_type=\"section\" data-e-type=\"section\">\n\t\t\t\t\t\t<div class=\"elementor-container elementor-column-gap-default\">\n\t\t\t\t\t<div class=\"elementor-column elementor-col-100 elementor-inner-column elementor-element elementor-element-4fdd0903\" data-id=\"4fdd0903\" data-element_type=\"column\" data-e-type=\"column\">\n\t\t\t<div class=\"elementor-widget-wrap elementor-element-populated\">\n\t\t\t\t\t\t<div class=\"elementor-element elementor-element-9f314b3 elementor-widget elementor-widget-post-info\" data-id=\"9f314b3\" data-element_type=\"widget\" data-e-type=\"widget\" data-widget_type=\"post-info.default\">\n\t\t\t\t<div class=\"elementor-widget-container\">\n\t\t\t\t\t\t\t<ul class=\"elementor-inline-items elementor-icon-list-items elementor-post-info\">\n\t\t\t\t\t\t\t\t<li class=\"elementor-icon-list-item elementor-repeater-item-4b8d2a9 elementor-inline-item\" itemprop=\"datePublished\">\n\t\t\t\t\t\t\t\t\t\t\t\t\t<span class=\"elementor-icon-list-text elementor-post-info__item elementor-post-info__item--type-date\">\n\t\t\t\t\t\t\t\t\t\t<time>Dezember 16, 2024<\/time>\t\t\t\t\t<\/span>\n\t\t\t\t\t\t\t\t<\/li>\n\t\t\t\t<\/ul>\n\t\t\t\t\t\t<\/div>\n\t\t\t\t<\/div>\n\t\t\t\t<div class=\"elementor-element elementor-element-4cedfce4 elementor-widget elementor-widget-text-editor\" data-id=\"4cedfce4\" data-element_type=\"widget\" data-e-type=\"widget\" data-widget_type=\"text-editor.default\">\n\t\t\t\t<div class=\"elementor-widget-container\">\n\t\t\t\t\t\t\t\t\t<p><strong>Erleben Sie totale Entspannung und Verj\u00fcngung<\/strong><\/p>\n<p>Kerala ist bekannt f\u00fcr seine landschaftliche Sch\u00f6nheit und sein reiches kulturelles Erbe. Der Bundesstaat ist auch ber\u00fchmt f\u00fcr seine ayurvedischen Spa-Behandlungen, die man bei einem Besuch in Kerala unbedingt ausprobieren sollte. Ayurveda ist ein altes indisches Medizinsystem, das schon seit Tausenden von Jahren praktiziert wird. Es zielt darauf ab, die allgemeine Gesundheit und das Wohlbefinden durch einen ganzheitlichen Ansatz bei der Behandlung und Pflege zu f\u00f6rdern.   <\/p>\n<p><strong style=\"color: var( --e-global-color-text ); font-family: var( --e-global-typography-text-font-family ), Sans-serif; font-size: var( --e-global-typography-text-font-size ); letter-spacing: var( --e-global-typography-text-letter-spacing );\">Die Vorteile eines Ayurveda-Spa in Kerala<\/strong><\/p>\n<p>Einer der gr\u00f6\u00dften Vorteile eines Besuchs in einem Ayurveda-Spa in Kerala ist die M\u00f6glichkeit, v\u00f6llige Entspannung und Verj\u00fcngung zu erfahren. Die Behandlungen, die in diesen Spas angeboten werden, sollen Ihnen helfen, sich zu entspannen und neue Energie zu tanken, so dass Sie erfrischt und gest\u00e4rkt wieder abreisen k\u00f6nnen. <\/p>\n<p><span style=\"color: var( --e-global-color-text ); font-family: var( --e-global-typography-text-font-family ), Sans-serif; font-size: var( --e-global-typography-text-font-size ); font-weight: var( --e-global-typography-text-font-weight ); letter-spacing: var( --e-global-typography-text-letter-spacing );\">Neben der Entspannung k\u00f6nnen ayurvedische Spa-Behandlungen auch zur Verbesserung verschiedener Gesundheitszust\u00e4nde beitragen, darunter Stress, Angstzust\u00e4nde und Schlaflosigkeit. Diese Behandlungen k\u00f6nnen auch bei der Verdauung helfen, das Immunsystem st\u00e4rken und Schmerzen und Steifheit lindern. <\/span><\/p>\n<p><strong style=\"color: var( --e-global-color-text ); font-family: var( --e-global-typography-text-font-family ), Sans-serif; font-size: var( --e-global-typography-text-font-size ); letter-spacing: var( --e-global-typography-text-letter-spacing );\">Arten von Ayurveda-Behandlungen in Kerala<\/strong><\/p>\n<p>In Kerala gibt es eine gro\u00dfe Auswahl an ayurvedischen Spa-Behandlungen, die jeweils unterschiedliche Vorteile und Erfahrungen bieten. Einige der beliebtesten Behandlungen sind: <\/p>\n<p><span style=\"color: var( --e-global-color-text ); font-family: var( --e-global-typography-text-font-family ), Sans-serif; font-size: var( --e-global-typography-text-font-size ); font-weight: var( --e-global-typography-text-font-weight ); letter-spacing: var( --e-global-typography-text-letter-spacing );\">Abhyanga: Hierbei handelt es sich um eine Ganzk\u00f6rpermassage, bei der warme Kr\u00e4uter\u00f6le verwendet werden, um die Entspannung zu f\u00f6rdern und die Durchblutung zu verbessern.<\/span><\/p>\n<p><span style=\"color: var( --e-global-color-text ); font-family: var( --e-global-typography-text-font-family ), Sans-serif; font-size: var( --e-global-typography-text-font-size ); font-weight: var( --e-global-typography-text-font-weight ); letter-spacing: var( --e-global-typography-text-letter-spacing );\">Shirodhara: Bei dieser Behandlung wird warmes \u00d6l in einem kontinuierlichen Strahl auf die Stirn gegossen. Sie soll helfen, den Geist zu beruhigen und Stress abzubauen. <\/span><\/p>\n<p><span style=\"color: var( --e-global-color-text ); font-family: var( --e-global-typography-text-font-family ), Sans-serif; font-size: var( --e-global-typography-text-font-size ); font-weight: var( --e-global-typography-text-font-weight ); letter-spacing: var( --e-global-typography-text-letter-spacing );\">Pinda Sweda: Dies ist eine therapeutische Massage, bei der warme Kr\u00e4uters\u00e4ckchen zur Linderung von Schmerzen und Steifheit eingesetzt werden.<\/span><\/p>\n<p><span style=\"color: var( --e-global-color-text ); font-family: var( --e-global-typography-text-font-family ), Sans-serif; font-size: var( --e-global-typography-text-font-size ); font-weight: var( --e-global-typography-text-font-weight ); letter-spacing: var( --e-global-typography-text-letter-spacing );\">Udvartana: Hierbei handelt es sich um ein K\u00f6rperpeeling, bei dem Kr\u00e4uterpulver verwendet wird, um die Haut zu peelen und die Durchblutung zu verbessern.<\/span><\/p>\n<p><strong style=\"color: var( --e-global-color-text ); font-family: var( --e-global-typography-text-font-family ), Sans-serif; font-size: var( --e-global-typography-text-font-size ); letter-spacing: var( --e-global-typography-text-letter-spacing );\">Die Wahl des richtigen Ayurveda-Spas in Kerala<\/strong><\/p>\n<p><span style=\"color: var( --e-global-color-text ); font-family: var( --e-global-typography-text-font-family ), Sans-serif; font-size: var( --e-global-typography-text-font-size ); font-weight: var( --e-global-typography-text-font-weight ); letter-spacing: var( --e-global-typography-text-letter-spacing );\">Bei so vielen ayurvedischen Spas in Kerala kann es schwierig sein, das richtige auszuw\u00e4hlen. Hier sind einige Dinge, die Sie bei Ihrer Wahl ber\u00fccksichtigen sollten: <\/span><\/p>\n<p><span style=\"color: var( --e-global-color-text ); font-family: var( --e-global-typography-text-font-family ), Sans-serif; font-size: var( --e-global-typography-text-font-size ); font-weight: var( --e-global-typography-text-font-weight ); letter-spacing: var( --e-global-typography-text-letter-spacing );\">Ruf: Suchen Sie nach einem Spa mit einem guten Ruf und positiven Bewertungen von fr\u00fcheren Kunden.<\/span><\/p>\n<p><span style=\"color: var( --e-global-color-text ); font-family: var( --e-global-typography-text-font-family ), Sans-serif; font-size: var( --e-global-typography-text-font-size ); font-weight: var( --e-global-typography-text-font-weight ); letter-spacing: var( --e-global-typography-text-letter-spacing );\">Qualifiziertes Personal: Vergewissern Sie sich, dass das Spa \u00fcber qualifiziertes Gesundheitspersonal und ausgebildete, qualifizierte und erfahrene Therapeuten verf\u00fcgt, die sich mit Ayurveda auskennen.<\/span><\/p>\n<p><span style=\"color: var( --e-global-color-text ); font-family: var( --e-global-typography-text-font-family ), Sans-serif; font-size: var( --e-global-typography-text-font-size ); font-weight: var( --e-global-typography-text-font-weight ); letter-spacing: var( --e-global-typography-text-letter-spacing );\">Hygiene und sanit\u00e4re Einrichtungen: W\u00e4hlen Sie ein Spa, das Hygiene und sanit\u00e4re Einrichtungen ernst nimmt, um Ihre Gesundheit und Sicherheit zu gew\u00e4hrleisten.<\/span><\/p>\n<p><span style=\"color: var( --e-global-color-text ); font-family: var( --e-global-typography-text-font-family ), Sans-serif; font-size: var( --e-global-typography-text-font-size ); font-weight: var( --e-global-typography-text-font-weight ); letter-spacing: var( --e-global-typography-text-letter-spacing );\">Ma\u00dfgeschneiderte Behandlungen: Suchen Sie nach einem Spa, das auf Ihre individuellen Bed\u00fcrfnisse und Vorlieben zugeschnittene Behandlungen anbietet.<\/span><\/p>\n<p><span style=\"color: var( --e-global-color-text ); font-family: var( --e-global-typography-text-font-family ), Sans-serif; font-size: var( --e-global-typography-text-font-size ); font-weight: var( --e-global-typography-text-font-weight ); letter-spacing: var( --e-global-typography-text-letter-spacing );\">Zertifizierung und Akkreditierung: Achten Sie auf die Zertifizierungen und Akkreditierungen, die das Zentrum erhalten hat. Verschiedene Zertifizierungen und Akkreditierungen werden den Zentren von der Landesregierung und der Zentralregierung f\u00fcr die Servicequalit\u00e4t, Hygiene und Sicherheit verliehen. Das Ayurdiamond-Zertifikat des Staates Kerala und die NABH-Akkreditierung des Quality Council of India sind einige davon.  <\/span><\/p>\n<p><strong style=\"color: var( --e-global-color-text ); font-family: var( --e-global-typography-text-font-family ), Sans-serif; font-size: var( --e-global-typography-text-font-size ); letter-spacing: var( --e-global-typography-text-letter-spacing );\">Genie\u00dfen Sie Ihr Ayurveda-Spa-Erlebnis in Kerala<\/strong><\/p>\n<p><span style=\"color: var( --e-global-color-text ); font-family: var( --e-global-typography-text-font-family ), Sans-serif; font-size: var( --e-global-typography-text-font-size ); font-weight: var( --e-global-typography-text-font-weight ); letter-spacing: var( --e-global-typography-text-letter-spacing );\">Wenn Sie das richtige Ayurveda-Spa in Kerala gefunden haben, ist es wichtig, dass Sie sich auf die bestm\u00f6gliche Erfahrung vorbereiten. Hier sind einige Tipps, die Ihnen helfen, das Beste aus Ihrem Besuch herauszuholen: <\/span><\/p>\n<p><span style=\"color: var( --e-global-color-text ); font-family: var( --e-global-typography-text-font-family ), Sans-serif; font-size: var( --e-global-typography-text-font-size ); font-weight: var( --e-global-typography-text-font-weight ); letter-spacing: var( --e-global-typography-text-letter-spacing );\">Besprechen Sie Ihren Gesundheitszustand: Erl\u00e4utern Sie Ihrem Arzt Ihren Gesundheitszustand im Detail und teilen Sie ihm auch Ihre Erwartungen mit, um den richtigen Behandlungsplan zu erstellen.<\/span><\/p>\n<p><span style=\"color: var( --e-global-color-text ); font-family: var( --e-global-typography-text-font-family ), Sans-serif; font-size: var( --e-global-typography-text-font-size ); font-weight: var( --e-global-typography-text-font-weight ); letter-spacing: var( --e-global-typography-text-letter-spacing );\">Lassen Sie Ihre Gewohnheiten hinter sich: Es wird empfohlen, sich auf die Ayurveda-Kur vorzubereiten, indem Sie Ihre Gewohnheiten wie Rauchen, Alkohol, Kaffee, Tee usw. allm\u00e4hlich reduzieren, um Ihrem K\u00f6rper den \u00dcbergang zu erleichtern.<\/span><\/p>\n<p><span style=\"color: var( --e-global-color-text ); font-family: var( --e-global-typography-text-font-family ), Sans-serif; font-size: var( --e-global-typography-text-font-size ); font-weight: var( --e-global-typography-text-font-weight ); letter-spacing: var( --e-global-typography-text-letter-spacing );\">Trinken Sie viel Wasser: Eine ausreichende Fl\u00fcssigkeitszufuhr ist sowohl f\u00fcr Ihre k\u00f6rperliche als auch f\u00fcr Ihre geistige Gesundheit wichtig.<\/span><\/p>\n<p><span style=\"color: var( --e-global-color-text ); font-family: var( --e-global-typography-text-font-family ), Sans-serif; font-size: var( --e-global-typography-text-font-size ); font-weight: var( --e-global-typography-text-font-weight ); letter-spacing: var( --e-global-typography-text-letter-spacing );\">Tragen Sie bequeme Kleidung: W\u00e4hlen Sie bequeme Kleidung, in der Sie sich frei bewegen und w\u00e4hrend der Behandlung entspannen k\u00f6nnen.<\/span><\/p>\n<p><span style=\"color: var( --e-global-color-text ); font-family: var( --e-global-typography-text-font-family ), Sans-serif; font-size: var( --e-global-typography-text-font-size ); font-weight: var( --e-global-typography-text-font-weight ); letter-spacing: var( --e-global-typography-text-letter-spacing );\">Seien Sie offen f\u00fcr neue Erfahrungen: Ayurveda-Behandlungen k\u00f6nnen sich von dem unterscheiden, was Sie gewohnt sind, aber seien Sie offen daf\u00fcr, neue Dinge auszuprobieren.<\/span><\/p>\n<p><strong style=\"color: var( --e-global-color-text ); font-family: var( --e-global-typography-text-font-family ), Sans-serif; font-size: var( --e-global-typography-text-font-size ); letter-spacing: var( --e-global-typography-text-letter-spacing );\">Fazit<\/strong><\/p>\n<p><span style=\"color: var( --e-global-color-text ); font-family: var( --e-global-typography-text-font-family ), Sans-serif; font-size: var( --e-global-typography-text-font-size ); font-weight: var( --e-global-typography-text-font-weight ); letter-spacing: var( --e-global-typography-text-letter-spacing );\">Eine Ayurveda-Kur in Kerala ist eine einzigartige und lohnende M\u00f6glichkeit, Ihre allgemeine Gesundheit und Ihr Wohlbefinden zu f\u00f6rdern. Dank des ganzheitlichen Ansatzes bei der Behandlung und Pflege k\u00f6nnen Sie sich erfrischt, entspannt und verj\u00fcngt f\u00fchlen. Ganz gleich, ob Sie sich von Stress oder Schmerzen erholen oder einfach nur entspannen m\u00f6chten, ein ayurvedisches Spa in Kerala ist der perfekte Ort daf\u00fcr. Warum also warten? Buchen Sie Ihr ayurvedisches Spa-Erlebnis noch heute und beginnen Sie Ihre Reise in die totale Entspannung.    <\/span><\/p>\n\t\t\t\t\t\t\t\t<\/div>\n\t\t\t\t<\/div>\n\t\t\t\t\t<\/div>\n\t\t<\/div>\n\t\t\t\t\t<\/div>\n\t\t<\/section>\n\t\t\t\t\t<\/div>\n\t\t<\/div>\n\t\t\t\t\t<\/div>\n\t\t<\/section>\n\t\t\t\t<\/div>\n\t\t","protected":false},"excerpt":{"rendered":"<p>Kerala ist bekannt f\u00fcr seine landschaftliche Sch\u00f6nheit und sein reiches kulturelles Erbe. Der Bundesstaat ist auch ber\u00fchmt f\u00fcr seine ayurvedischen Spa-Behandlungen, die man bei einem Besuch in Kerala unbedingt ausprobieren sollte. Ayurveda ist ein altes indisches Medizinsystem, das schon seit Tausenden von Jahren praktiziert wird.  <\/p>\n","protected":false},"author":4,"featured_media":3173,"parent":0,"menu_order":0,"comment_status":"open","ping_status":"open","template":"elementor_header_footer","meta":{"footnotes":""},"class_list":["post-3664","page","type-page","status-publish","has-post-thumbnail","hentry"],"_links":{"self":[{"href":"https:\/\/rockholm.com\/de\/wp-json\/wp\/v2\/pages\/3664","targetHints":{"allow":["GET"]}}],"collection":[{"href":"https:\/\/rockholm.com\/de\/wp-json\/wp\/v2\/pages"}],"about":[{"href":"https:\/\/rockholm.com\/de\/wp-json\/wp\/v2\/types\/page"}],"author":[{"embeddable":true,"href":"https:\/\/rockholm.com\/de\/wp-json\/wp\/v2\/users\/4"}],"replies":[{"embeddable":true,"href":"https:\/\/rockholm.com\/de\/wp-json\/wp\/v2\/comments?post=3664"}],"version-history":[{"count":8,"href":"https:\/\/rockholm.com\/de\/wp-json\/wp\/v2\/pages\/3664\/revisions"}],"predecessor-version":[{"id":4177,"href":"https:\/\/rockholm.com\/de\/wp-json\/wp\/v2\/pages\/3664\/revisions\/4177"}],"wp:featuredmedia":[{"embeddable":true,"href":"https:\/\/rockholm.com\/de\/wp-json\/wp\/v2\/media\/3173"}],"wp:attachment":[{"href":"https:\/\/rockholm.com\/de\/wp-json\/wp\/v2\/media?parent=3664"}],"curies":[{"name":"wp","href":"https:\/\/api.w.org\/{rel}","templated":true}]}}