{"id":3594,"date":"2022-07-26T09:12:34","date_gmt":"2022-07-26T09:12:34","guid":{"rendered":"https:\/\/rockholm.com\/cancellation-policy\/"},"modified":"2024-03-15T13:46:53","modified_gmt":"2024-03-15T13:46:53","slug":"cancellation-policy","status":"publish","type":"page","link":"https:\/\/rockholm.com\/de\/cancellation-policy\/","title":{"rendered":"Cancellation Policy"},"content":{"rendered":"\t\t<div data-elementor-type=\"wp-page\" data-elementor-id=\"3594\" class=\"elementor elementor-3594 elementor-879\" data-elementor-post-type=\"page\">\n\t\t\t\t\t\t<section class=\"elementor-section elementor-top-section elementor-element elementor-element-b04003e elementor-section-height-min-height elementor-hidden-mobile elementor-section-boxed elementor-section-height-default elementor-section-items-middle\" data-id=\"b04003e\" data-element_type=\"section\" data-e-type=\"section\" data-settings=\"{&quot;background_background&quot;:&quot;classic&quot;}\">\n\t\t\t\t\t\t<div class=\"elementor-container elementor-column-gap-default\">\n\t\t\t\t\t<div class=\"elementor-column elementor-col-100 elementor-top-column elementor-element elementor-element-533c8414\" data-id=\"533c8414\" data-element_type=\"column\" data-e-type=\"column\">\n\t\t\t<div class=\"elementor-widget-wrap\">\n\t\t\t\t\t\t\t<\/div>\n\t\t<\/div>\n\t\t\t\t\t<\/div>\n\t\t<\/section>\n\t\t\t\t<section class=\"elementor-section elementor-top-section elementor-element elementor-element-18b9aad elementor-section-full_width elementor-hidden-desktop elementor-hidden-tablet elementor-hidden-mobile elementor-section-height-default elementor-section-height-default\" data-id=\"18b9aad\" data-element_type=\"section\" data-e-type=\"section\">\n\t\t\t\t\t\t<div class=\"elementor-container elementor-column-gap-default\">\n\t\t\t\t\t<div class=\"elementor-column elementor-col-100 elementor-top-column elementor-element elementor-element-bf26b91\" data-id=\"bf26b91\" data-element_type=\"column\" data-e-type=\"column\">\n\t\t\t<div class=\"elementor-widget-wrap elementor-element-populated\">\n\t\t\t\t\t\t<div class=\"elementor-element elementor-element-a7fe123 elementor-widget elementor-widget-image\" data-id=\"a7fe123\" data-element_type=\"widget\" data-e-type=\"widget\" data-widget_type=\"image.default\">\n\t\t\t\t<div class=\"elementor-widget-container\">\n\t\t\t\t\t\t\t\t\t\t\t\t\t\t\t<img fetchpriority=\"high\" decoding=\"async\" width=\"585\" height=\"956\" src=\"https:\/\/rockholm.com\/wp-content\/uploads\/2022\/08\/bedroom.jpg\" class=\"attachment-full size-full wp-image-3233\" alt=\"\" srcset=\"https:\/\/rockholm.com\/wp-content\/uploads\/2022\/08\/bedroom.jpg 585w, https:\/\/rockholm.com\/wp-content\/uploads\/2022\/08\/bedroom-184x300.jpg 184w\" sizes=\"(max-width: 585px) 100vw, 585px\">\t\t\t\t\t\t\t\t\t\t\t\t\t\t\t<\/div>\n\t\t\t\t<\/div>\n\t\t\t\t\t<\/div>\n\t\t<\/div>\n\t\t\t\t\t<\/div>\n\t\t<\/section>\n\t\t\t\t<section class=\"elementor-section elementor-top-section elementor-element elementor-element-49404735 elementor-section-boxed elementor-section-height-default elementor-section-height-default\" data-id=\"49404735\" data-element_type=\"section\" data-e-type=\"section\">\n\t\t\t\t\t\t<div class=\"elementor-container elementor-column-gap-wide\">\n\t\t\t\t\t<div class=\"elementor-column elementor-col-33 elementor-top-column elementor-element elementor-element-44ee31cc\" data-id=\"44ee31cc\" data-element_type=\"column\" data-e-type=\"column\">\n\t\t\t<div class=\"elementor-widget-wrap elementor-element-populated\">\n\t\t\t\t\t\t<section class=\"elementor-section elementor-inner-section elementor-element elementor-element-406e4da0 elementor-section-boxed elementor-section-height-default elementor-section-height-default\" data-id=\"406e4da0\" data-element_type=\"section\" data-e-type=\"section\" data-settings=\"{&quot;sticky&quot;:&quot;top&quot;,&quot;sticky_on&quot;:[&quot;desktop&quot;],&quot;sticky_offset&quot;:20,&quot;sticky_parent&quot;:&quot;yes&quot;,&quot;sticky_effects_offset&quot;:0,&quot;sticky_anchor_link_offset&quot;:0}\">\n\t\t\t\t\t\t<div class=\"elementor-container elementor-column-gap-default\">\n\t\t\t\t\t<div class=\"elementor-column elementor-col-100 elementor-inner-column elementor-element elementor-element-f3c7f06\" data-id=\"f3c7f06\" data-element_type=\"column\" data-e-type=\"column\">\n\t\t\t<div class=\"elementor-widget-wrap elementor-element-populated\">\n\t\t\t\t\t\t<div class=\"elementor-element elementor-element-1c9c0e9f elementor-widget elementor-widget-heading\" data-id=\"1c9c0e9f\" data-element_type=\"widget\" data-e-type=\"widget\" data-widget_type=\"heading.default\">\n\t\t\t\t<div class=\"elementor-widget-container\">\n\t\t\t\t\t<h5 class=\"elementor-heading-title elementor-size-default\">CANCELLATION POLICY<\/h5>\t\t\t\t<\/div>\n\t\t\t\t<\/div>\n\t\t\t\t<div class=\"elementor-element elementor-element-2c27218 elementor-icon-list--layout-traditional elementor-list-item-link-full_width elementor-widget elementor-widget-icon-list\" data-id=\"2c27218\" data-element_type=\"widget\" data-e-type=\"widget\" data-widget_type=\"icon-list.default\">\n\t\t\t\t<div class=\"elementor-widget-container\">\n\t\t\t\t\t\t\t<ul class=\"elementor-icon-list-items\">\n\t\t\t\t\t\t\t<li class=\"elementor-icon-list-item\">\n\t\t\t\t\t\t\t\t\t\t\t<a href=\"https:\/\/rockholm.com\/cancellation-policy\/\">\n\n\t\t\t\t\t\t\t\t\t\t\t<span class=\"elementor-icon-list-text\">Stornierungsbedingungen f\u00fcr Ayurveda-G\u00e4ste &amp; Ayurveda-Agenten<\/span>\n\t\t\t\t\t\t\t\t\t\t\t<\/a>\n\t\t\t\t\t\t\t\t\t<\/li>\n\t\t\t\t\t\t<\/ul>\n\t\t\t\t\t\t<\/div>\n\t\t\t\t<\/div>\n\t\t\t\t\t<\/div>\n\t\t<\/div>\n\t\t\t\t\t<\/div>\n\t\t<\/section>\n\t\t\t\t\t<\/div>\n\t\t<\/div>\n\t\t\t\t<div class=\"elementor-column elementor-col-66 elementor-top-column elementor-element elementor-element-7f99c34\" data-id=\"7f99c34\" data-element_type=\"column\" data-e-type=\"column\">\n\t\t\t<div class=\"elementor-widget-wrap elementor-element-populated\">\n\t\t\t\t\t\t<section class=\"elementor-section elementor-inner-section elementor-element elementor-element-2d5d3b42 elementor-section-boxed elementor-section-height-default elementor-section-height-default\" data-id=\"2d5d3b42\" data-element_type=\"section\" data-e-type=\"section\">\n\t\t\t\t\t\t<div class=\"elementor-container elementor-column-gap-default\">\n\t\t\t\t\t<div class=\"elementor-column elementor-col-100 elementor-inner-column elementor-element elementor-element-4e8d340a\" data-id=\"4e8d340a\" data-element_type=\"column\" data-e-type=\"column\">\n\t\t\t<div class=\"elementor-widget-wrap elementor-element-populated\">\n\t\t\t\t\t\t<div class=\"elementor-element elementor-element-6985d35b elementor-widget elementor-widget-heading\" data-id=\"6985d35b\" data-element_type=\"widget\" data-e-type=\"widget\" data-widget_type=\"heading.default\">\n\t\t\t\t<div class=\"elementor-widget-container\">\n\t\t\t\t\t<h2 class=\"elementor-heading-title elementor-size-default\">STORNOBEDINGUNGEN F\u00dcR AYURVEDA-G\u00c4STE &amp; AYURVEDA-AGENTEN<\/h2>\t\t\t\t<\/div>\n\t\t\t\t<\/div>\n\t\t\t\t<div class=\"elementor-element elementor-element-48a1d75a elementor-widget elementor-widget-text-editor\" data-id=\"48a1d75a\" data-element_type=\"widget\" data-e-type=\"widget\" data-widget_type=\"text-editor.default\">\n\t\t\t\t<div class=\"elementor-widget-container\">\n\t\t\t\t\t\t\t\t\t<ul>\n<li>Wenn die Buchung vor 30 Tagen vor der Ankunft storniert wird, fallen keine Stornogeb\u00fchren an.<\/li>\n<li>Bei einer Stornierung zwischen 29 und 11 Tagen vor Anreise werden 50 % des Buchungsrechnungsbetrages in Rechnung gestellt.<\/li>\n<li>Bei einer Stornierung der Buchung zwischen 10 Tagen und 4 Tagen vor der Ankunft werden 75 % des Rechnungsbetrags der Buchung in Rechnung gestellt.<\/li>\n<li> Bei einer Stornierung der Buchung zwischen 3 Tagen vor dem geplanten Ankunftsdatum werden 85 % des Rechnungsbetrags der Buchung in Rechnung gestellt.<\/li>\n<li>Bei einer Stornierung der Buchung nach Ankunft im Resort oder bei vorzeitiger Abreise werden 100 % des Buchungsrechnungsbetrages in Rechnung gestellt.<\/li>\n<li><b>Wenn Sie jedoch aufgrund von Last-Minute-Reisebeschr\u00e4nkungen von Covid oder Flugstornierungen nicht reisen k\u00f6nnen, behalten wir den Betrag ohne Stornogeb\u00fchren ein und passen ihn bei der zuk\u00fcnftigen Buchung mit einer Guthabeng\u00fcltigkeit von einem Jahr an. Die Buchung kann je nach Komfort und Zimmerverf\u00fcgbarkeit erfolgen. <\/b><\/li>\n<\/ul>\n\t\t\t\t\t\t\t\t<\/div>\n\t\t\t\t<\/div>\n\t\t\t\t\t<\/div>\n\t\t<\/div>\n\t\t\t\t\t<\/div>\n\t\t<\/section>\n\t\t\t\t\t<\/div>\n\t\t<\/div>\n\t\t\t\t\t<\/div>\n\t\t<\/section>\n\t\t\t\t<\/div>\n\t\t","protected":false},"excerpt":{"rendered":"<p>CANCELLATION POLICY Stornierungsbedingungen f\u00fcr Ayurveda-G\u00e4ste &amp; Ayurveda-Agenten STORNOBEDINGUNGEN F\u00dcR AYURVEDA-G\u00c4STE &amp; AYURVEDA-AGENTEN Wenn die Buchung vor 30 Tagen vor der Ankunft storniert wird, fallen keine Stornogeb\u00fchren an. Bei einer Stornierung zwischen 29 und 11 Tagen vor Anreise werden 50 % des Buchungsrechnungsbetrages in Rechnung gestellt. Bei einer Stornierung der Buchung zwischen 10 Tagen und 4 [&hellip;]<\/p>\n","protected":false},"author":4,"featured_media":0,"parent":0,"menu_order":0,"comment_status":"closed","ping_status":"closed","template":"elementor_header_footer","meta":{"footnotes":""},"class_list":["post-3594","page","type-page","status-publish","hentry"],"_links":{"self":[{"href":"https:\/\/rockholm.com\/de\/wp-json\/wp\/v2\/pages\/3594","targetHints":{"allow":["GET"]}}],"collection":[{"href":"https:\/\/rockholm.com\/de\/wp-json\/wp\/v2\/pages"}],"about":[{"href":"https:\/\/rockholm.com\/de\/wp-json\/wp\/v2\/types\/page"}],"author":[{"embeddable":true,"href":"https:\/\/rockholm.com\/de\/wp-json\/wp\/v2\/users\/4"}],"replies":[{"embeddable":true,"href":"https:\/\/rockholm.com\/de\/wp-json\/wp\/v2\/comments?post=3594"}],"version-history":[{"count":4,"href":"https:\/\/rockholm.com\/de\/wp-json\/wp\/v2\/pages\/3594\/revisions"}],"predecessor-version":[{"id":4236,"href":"https:\/\/rockholm.com\/de\/wp-json\/wp\/v2\/pages\/3594\/revisions\/4236"}],"wp:attachment":[{"href":"https:\/\/rockholm.com\/de\/wp-json\/wp\/v2\/media?parent=3594"}],"curies":[{"name":"wp","href":"https:\/\/api.w.org\/{rel}","templated":true}]}}