{"id":3376,"date":"2022-06-22T10:36:41","date_gmt":"2022-06-22T10:36:41","guid":{"rendered":"https:\/\/rockholm.com\/contact-us\/"},"modified":"2025-09-22T07:13:25","modified_gmt":"2025-09-22T07:13:25","slug":"contact-us","status":"publish","type":"page","link":"https:\/\/rockholm.com\/de\/contact-us\/","title":{"rendered":"Contact Us"},"content":{"rendered":"\t\t<div data-elementor-type=\"wp-page\" data-elementor-id=\"3376\" class=\"elementor elementor-3376 elementor-238\" data-elementor-post-type=\"page\">\n\t\t\t\t\t\t<section class=\"elementor-section elementor-top-section elementor-element elementor-element-2d877000 elementor-section-height-min-height elementor-hidden-mobile elementor-section-boxed elementor-section-height-default elementor-section-items-middle\" data-id=\"2d877000\" data-element_type=\"section\" data-e-type=\"section\" data-settings=\"{&quot;background_background&quot;:&quot;classic&quot;}\">\n\t\t\t\t\t\t<div class=\"elementor-container elementor-column-gap-default\">\n\t\t\t\t\t<div class=\"elementor-column elementor-col-100 elementor-top-column elementor-element elementor-element-e73c618\" data-id=\"e73c618\" data-element_type=\"column\" data-e-type=\"column\">\n\t\t\t<div class=\"elementor-widget-wrap\">\n\t\t\t\t\t\t\t<\/div>\n\t\t<\/div>\n\t\t\t\t\t<\/div>\n\t\t<\/section>\n\t\t\t\t<section class=\"elementor-section elementor-top-section elementor-element elementor-element-420e2af elementor-section-full_width elementor-hidden-desktop elementor-hidden-tablet elementor-hidden-mobile elementor-section-height-default elementor-section-height-default\" data-id=\"420e2af\" data-element_type=\"section\" data-e-type=\"section\">\n\t\t\t\t\t\t<div class=\"elementor-container elementor-column-gap-default\">\n\t\t\t\t\t<div class=\"elementor-column elementor-col-100 elementor-top-column elementor-element elementor-element-5806219\" data-id=\"5806219\" data-element_type=\"column\" data-e-type=\"column\">\n\t\t\t<div class=\"elementor-widget-wrap elementor-element-populated\">\n\t\t\t\t\t\t<div class=\"elementor-element elementor-element-bcfe1fa elementor-widget elementor-widget-image\" data-id=\"bcfe1fa\" data-element_type=\"widget\" data-e-type=\"widget\" data-widget_type=\"image.default\">\n\t\t\t\t<div class=\"elementor-widget-container\">\n\t\t\t\t\t\t\t\t\t\t\t\t\t\t\t<img fetchpriority=\"high\" decoding=\"async\" width=\"585\" height=\"956\" src=\"https:\/\/rockholm.com\/wp-content\/uploads\/2022\/08\/exterior-1.jpg\" class=\"attachment-full size-full wp-image-3237\" alt=\"\" srcset=\"https:\/\/rockholm.com\/wp-content\/uploads\/2022\/08\/exterior-1.jpg 585w, https:\/\/rockholm.com\/wp-content\/uploads\/2022\/08\/exterior-1-184x300.jpg 184w\" sizes=\"(max-width: 585px) 100vw, 585px\">\t\t\t\t\t\t\t\t\t\t\t\t\t\t\t<\/div>\n\t\t\t\t<\/div>\n\t\t\t\t\t<\/div>\n\t\t<\/div>\n\t\t\t\t\t<\/div>\n\t\t<\/section>\n\t\t\t\t<section class=\"elementor-section elementor-top-section elementor-element elementor-element-64635e0b elementor-section-boxed elementor-section-height-default elementor-section-height-default\" data-id=\"64635e0b\" data-element_type=\"section\" data-e-type=\"section\">\n\t\t\t\t\t\t<div class=\"elementor-container elementor-column-gap-wide\">\n\t\t\t\t\t<div class=\"elementor-column elementor-col-33 elementor-top-column elementor-element elementor-element-4d15bb91\" data-id=\"4d15bb91\" data-element_type=\"column\" data-e-type=\"column\">\n\t\t\t<div class=\"elementor-widget-wrap elementor-element-populated\">\n\t\t\t\t\t\t<section class=\"elementor-section elementor-inner-section elementor-element elementor-element-63a61283 elementor-section-boxed elementor-section-height-default elementor-section-height-default\" data-id=\"63a61283\" data-element_type=\"section\" data-e-type=\"section\" data-settings=\"{&quot;sticky&quot;:&quot;top&quot;,&quot;sticky_on&quot;:[&quot;desktop&quot;],&quot;sticky_offset&quot;:20,&quot;sticky_parent&quot;:&quot;yes&quot;,&quot;sticky_effects_offset&quot;:0,&quot;sticky_anchor_link_offset&quot;:0}\">\n\t\t\t\t\t\t<div class=\"elementor-container elementor-column-gap-default\">\n\t\t\t\t\t<div class=\"elementor-column elementor-col-100 elementor-inner-column elementor-element elementor-element-5a9b920a\" data-id=\"5a9b920a\" data-element_type=\"column\" data-e-type=\"column\">\n\t\t\t<div class=\"elementor-widget-wrap elementor-element-populated\">\n\t\t\t\t\t\t<div class=\"elementor-element elementor-element-7cb687bc elementor-widget elementor-widget-heading\" data-id=\"7cb687bc\" data-element_type=\"widget\" data-e-type=\"widget\" data-widget_type=\"heading.default\">\n\t\t\t\t<div class=\"elementor-widget-container\">\n\t\t\t\t\t<h5 class=\"elementor-heading-title elementor-size-default\">About ROCKHOLM<\/h5>\t\t\t\t<\/div>\n\t\t\t\t<\/div>\n\t\t\t\t<div class=\"elementor-element elementor-element-5181b84e elementor-nav-menu--dropdown-none elementor-widget elementor-widget-nav-menu\" data-id=\"5181b84e\" data-element_type=\"widget\" data-e-type=\"widget\" data-settings=\"{&quot;layout&quot;:&quot;vertical&quot;,&quot;submenu_icon&quot;:{&quot;value&quot;:&quot;&lt;i class=\\&quot;fas fa-caret-down\\&quot; aria-hidden=\\&quot;true\\&quot;&gt;&lt;\\\/i&gt;&quot;,&quot;library&quot;:&quot;fa-solid&quot;}}\" data-widget_type=\"nav-menu.default\">\n\t\t\t\t<div class=\"elementor-widget-container\">\n\t\t\t\t\t\t\t\t<nav aria-label=\"Men\u00fc\" class=\"elementor-nav-menu--main elementor-nav-menu__container elementor-nav-menu--layout-vertical e--pointer-none\">\n\t\t\t\t<ul id=\"menu-1-5181b84e\" class=\"elementor-nav-menu sm-vertical\"><li class=\"menu-item menu-item-type-post_type menu-item-object-page menu-item-8821\"><a href=\"https:\/\/rockholm.com\/de\/sustainability\/\" class=\"elementor-item\">NACHHALTIGKEIT<\/a><\/li>\n<li class=\"menu-item menu-item-type-post_type menu-item-object-page menu-item-8822\"><a href=\"https:\/\/rockholm.com\/de\/nabh-and-ayur-gold-certification\/\" class=\"elementor-item\">NABH- und AYUR-DIAMANT-ZERTIFIZIERUNG<\/a><\/li>\n<li class=\"menu-item menu-item-type-post_type menu-item-object-page menu-item-8824\"><a href=\"https:\/\/rockholm.com\/de\/faqs\/\" class=\"elementor-item\">FAQs<\/a><\/li>\n<li class=\"menu-item menu-item-type-post_type menu-item-object-page menu-item-8825\"><a href=\"https:\/\/rockholm.com\/de\/local-sightseeing\/\" class=\"elementor-item\">LOKALE SEHENSW\u00dcRDIGKEITEN<\/a><\/li>\n<li class=\"menu-item menu-item-type-post_type menu-item-object-page menu-item-8820\"><a href=\"https:\/\/rockholm.com\/de\/contact-us\/\" class=\"elementor-item\">KONTAKTIEREN SIE UNS<\/a><\/li>\n<li class=\"menu-item menu-item-type-post_type menu-item-object-page menu-item-8826\"><a href=\"https:\/\/rockholm.com\/de\/daily-activities\/\" class=\"elementor-item\">T\u00c4GLICHE AKTIVIT\u00c4TEN<\/a><\/li>\n<li class=\"menu-item menu-item-type-post_type menu-item-object-page menu-item-8827\"><a href=\"https:\/\/rockholm.com\/de\/work-with-us\/\" class=\"elementor-item\">ARBEITEN SIE MIT UNS<\/a><\/li>\n<li class=\"menu-item menu-item-type-custom menu-item-object-custom menu-item-8829\"><a href=\"https:\/\/www.thenattikabeach.com\/\" class=\"elementor-item\" target=\"_blank\" rel=\"noopener\">THE NATTIKA BEACH AYURVEDA RESORT<\/a><\/li>\n<li class=\"menu-item menu-item-type-custom menu-item-object-custom menu-item-8828\"><a href=\"https:\/\/www.nattikalife.com\/\" class=\"elementor-item\" target=\"_blank\" rel=\"noopener\">NATTIKA ONLINE-WELLNESS-DIENSTLEISTUNGEN<\/a><\/li>\n<\/ul>\t\t\t<\/nav>\n\t\t\t\t\t\t<nav class=\"elementor-nav-menu--dropdown elementor-nav-menu__container\" aria-hidden=\"true\">\n\t\t\t\t<ul id=\"menu-2-5181b84e\" class=\"elementor-nav-menu sm-vertical\"><li class=\"menu-item menu-item-type-post_type menu-item-object-page menu-item-8821\"><a href=\"https:\/\/rockholm.com\/de\/sustainability\/\" class=\"elementor-item\" tabindex=\"-1\">NACHHALTIGKEIT<\/a><\/li>\n<li class=\"menu-item menu-item-type-post_type menu-item-object-page menu-item-8822\"><a href=\"https:\/\/rockholm.com\/de\/nabh-and-ayur-gold-certification\/\" class=\"elementor-item\" tabindex=\"-1\">NABH- und AYUR-DIAMANT-ZERTIFIZIERUNG<\/a><\/li>\n<li class=\"menu-item menu-item-type-post_type menu-item-object-page menu-item-8824\"><a href=\"https:\/\/rockholm.com\/de\/faqs\/\" class=\"elementor-item\" tabindex=\"-1\">FAQs<\/a><\/li>\n<li class=\"menu-item menu-item-type-post_type menu-item-object-page menu-item-8825\"><a href=\"https:\/\/rockholm.com\/de\/local-sightseeing\/\" class=\"elementor-item\" tabindex=\"-1\">LOKALE SEHENSW\u00dcRDIGKEITEN<\/a><\/li>\n<li class=\"menu-item menu-item-type-post_type menu-item-object-page menu-item-8820\"><a href=\"https:\/\/rockholm.com\/de\/contact-us\/\" class=\"elementor-item\" tabindex=\"-1\">KONTAKTIEREN SIE UNS<\/a><\/li>\n<li class=\"menu-item menu-item-type-post_type menu-item-object-page menu-item-8826\"><a href=\"https:\/\/rockholm.com\/de\/daily-activities\/\" class=\"elementor-item\" tabindex=\"-1\">T\u00c4GLICHE AKTIVIT\u00c4TEN<\/a><\/li>\n<li class=\"menu-item menu-item-type-post_type menu-item-object-page menu-item-8827\"><a href=\"https:\/\/rockholm.com\/de\/work-with-us\/\" class=\"elementor-item\" tabindex=\"-1\">ARBEITEN SIE MIT UNS<\/a><\/li>\n<li class=\"menu-item menu-item-type-custom menu-item-object-custom menu-item-8829\"><a href=\"https:\/\/www.thenattikabeach.com\/\" class=\"elementor-item\" tabindex=\"-1\" target=\"_blank\" rel=\"noopener\">THE NATTIKA BEACH AYURVEDA RESORT<\/a><\/li>\n<li class=\"menu-item menu-item-type-custom menu-item-object-custom menu-item-8828\"><a href=\"https:\/\/www.nattikalife.com\/\" class=\"elementor-item\" tabindex=\"-1\" target=\"_blank\" rel=\"noopener\">NATTIKA ONLINE-WELLNESS-DIENSTLEISTUNGEN<\/a><\/li>\n<\/ul>\t\t\t<\/nav>\n\t\t\t\t\t\t<\/div>\n\t\t\t\t<\/div>\n\t\t\t\t\t<\/div>\n\t\t<\/div>\n\t\t\t\t\t<\/div>\n\t\t<\/section>\n\t\t\t\t\t<\/div>\n\t\t<\/div>\n\t\t\t\t<div class=\"elementor-column elementor-col-66 elementor-top-column elementor-element elementor-element-116f31bd\" data-id=\"116f31bd\" data-element_type=\"column\" data-e-type=\"column\">\n\t\t\t<div class=\"elementor-widget-wrap elementor-element-populated\">\n\t\t\t\t\t\t<section class=\"elementor-section elementor-inner-section elementor-element elementor-element-54207f4c elementor-section-boxed elementor-section-height-default elementor-section-height-default\" data-id=\"54207f4c\" data-element_type=\"section\" data-e-type=\"section\">\n\t\t\t\t\t\t<div class=\"elementor-container elementor-column-gap-default\">\n\t\t\t\t\t<div class=\"elementor-column elementor-col-100 elementor-inner-column elementor-element elementor-element-38b3f272\" data-id=\"38b3f272\" data-element_type=\"column\" data-e-type=\"column\">\n\t\t\t<div class=\"elementor-widget-wrap elementor-element-populated\">\n\t\t\t\t\t\t<div class=\"elementor-element elementor-element-7643e224 elementor-widget elementor-widget-heading\" data-id=\"7643e224\" data-element_type=\"widget\" data-e-type=\"widget\" data-widget_type=\"heading.default\">\n\t\t\t\t<div class=\"elementor-widget-container\">\n\t\t\t\t\t<h1 class=\"elementor-heading-title elementor-size-default\">Kontaktieren Sie uns<\/h1>\t\t\t\t<\/div>\n\t\t\t\t<\/div>\n\t\t\t\t<div class=\"elementor-element elementor-element-731de332 elementor-widget elementor-widget-text-editor\" data-id=\"731de332\" data-element_type=\"widget\" data-e-type=\"widget\" data-widget_type=\"text-editor.default\">\n\t\t\t\t<div class=\"elementor-widget-container\">\n\t\t\t\t\t\t\t\t\t<p>Bitte z\u00f6gern Sie nicht, uns f\u00fcr <a href=\"https:\/\/rockholm.com\/de\/reservations\/\">Buchungsanfragen<\/a>, allgemeine Fragen, Kommentare oder alles andere, was Sie ben\u00f6tigen, zu kontaktieren.<\/p><p><b>Anschrift <\/b><\/p><p><span style=\"font-size: 15.2px;\">RockHolm<br \/>Light House Rd, Kovalam, <br \/>Trivandrum-695527, Kerala, Indien<\/span><\/p>\t\t\t\t\t\t\t\t<\/div>\n\t\t\t\t<\/div>\n\t\t\t\t<div class=\"elementor-element elementor-element-5f012a3 elementor-widget elementor-widget-google_maps\" data-id=\"5f012a3\" data-element_type=\"widget\" data-e-type=\"widget\" data-widget_type=\"google_maps.default\">\n\t\t\t\t<div class=\"elementor-widget-container\">\n\t\t\t\t\t\t\t<div class=\"elementor-custom-embed\">\n\t\t\t <div class=\"brlbs-cmpnt-container brlbs-cmpnt-content-blocker brlbs-cmpnt-with-individual-styles\" data-borlabs-cookie-content-blocker-id=\"default\" data-borlabs-cookie-content=\"PGlmcmFtZSBsb2FkaW5nPSJsYXp5IgoJCQkJCXNyYz0iaHR0cHM6Ly9tYXBzLmdvb2dsZS5jb20vbWFwcz9xPVJvY2tob2xtJTIwYXQlMjB0aGUlMjBMaWdodCUyMEhvdXNlJTIwQmVhY2gmIzAzODt0PW0mIzAzODt6PTE4JiMwMzg7b3V0cHV0PWVtYmVkJiMwMzg7aXdsb2M9bmVhciIKCQkJCQl0aXRsZT0iUm9ja2hvbG0gYXQgdGhlIExpZ2h0IEhvdXNlIEJlYWNoIgoJCQkJCWFyaWEtbGFiZWw9IlJvY2tob2xtIGF0IHRoZSBMaWdodCBIb3VzZSBCZWFjaCIKCQkJPjwvaWZyYW1lPg==\"><div class=\"brlbs-cmpnt-cb-preset-a\"> <p class=\"brlbs-cmpnt-cb-description\">Sie sehen gerade einen Platzhalterinhalt von <strong>Standard<\/strong>. Um auf den eigentlichen Inhalt zuzugreifen, klicken Sie auf den Button unten. Bitte beachten Sie, dass dabei Daten an Drittanbieter weitergegeben werden.<\/p> <div class=\"brlbs-cmpnt-cb-buttons\"> <a class=\"brlbs-cmpnt-cb-btn\" href=\"#\" data-borlabs-cookie-unblock role=\"button\">Inhalt entsperren<\/a> <a class=\"brlbs-cmpnt-cb-btn\" href=\"#\" data-borlabs-cookie-accept-service role=\"button\" style=\"display: none\">Erforderlichen Service akzeptieren und Inhalte entsperren<\/a> <\/div> <a class=\"brlbs-cmpnt-cb-provider-toggle\" href=\"#\" data-borlabs-cookie-show-provider-information role=\"button\">Weitere Informationen<\/a> <\/div><\/div>\n\t\t<\/div>\n\t\t\t\t\t\t<\/div>\n\t\t\t\t<\/div>\n\t\t\t\t<div class=\"elementor-element elementor-element-5904b99 elementor-widget elementor-widget-text-editor\" data-id=\"5904b99\" data-element_type=\"widget\" data-e-type=\"widget\" data-widget_type=\"text-editor.default\">\n\t\t\t\t<div class=\"elementor-widget-container\">\n\t\t\t\t\t\t\t\t\t<p><strong>Kontakt aufnehmen<\/strong><\/p><p><span style=\"letter-spacing: 0.2px;\">Hotline for Reservations: +91 8943884444, 04712480607<\/span><\/p><p>Front Office Number : 0471 2480406<\/p><p>Email: reservation@rockholm.com<\/p>\t\t\t\t\t\t\t\t<\/div>\n\t\t\t\t<\/div>\n\t\t\t\t<div class=\"elementor-element elementor-element-ebd4a4c elementor-widget elementor-widget-image\" data-id=\"ebd4a4c\" data-element_type=\"widget\" data-e-type=\"widget\" data-widget_type=\"image.default\">\n\t\t\t\t<div class=\"elementor-widget-container\">\n\t\t\t\t\t\t\t\t\t\t\t\t\t\t\t\t<a href=\"https:\/\/rockholm.com\/wp-content\/uploads\/2022\/09\/Rockholm-Info-Book-Final.pdf\" target=\"_blank\">\n\t\t\t\t\t\t\t<img decoding=\"async\" width=\"600\" height=\"800\" src=\"https:\/\/rockholm.com\/wp-content\/uploads\/2022\/08\/info.jpg\" class=\"attachment-full size-full wp-image-3259\" alt=\"\" srcset=\"https:\/\/rockholm.com\/wp-content\/uploads\/2022\/08\/info.jpg 600w, https:\/\/rockholm.com\/wp-content\/uploads\/2022\/08\/info-225x300.jpg 225w\" sizes=\"(max-width: 600px) 100vw, 600px\">\t\t\t\t\t\t\t\t<\/a>\n\t\t\t\t\t\t\t\t\t\t\t\t\t\t\t<\/div>\n\t\t\t\t<\/div>\n\t\t\t\t\t<\/div>\n\t\t<\/div>\n\t\t\t\t\t<\/div>\n\t\t<\/section>\n\t\t\t\t\t<\/div>\n\t\t<\/div>\n\t\t\t\t\t<\/div>\n\t\t<\/section>\n\t\t\t\t<\/div>\n\t\t","protected":false},"excerpt":{"rendered":"<p>About ROCKHOLM Kontaktieren Sie uns Bitte z\u00f6gern Sie nicht, uns f\u00fcr Buchungsanfragen, allgemeine Fragen, Kommentare oder alles andere, was Sie ben\u00f6tigen, zu kontaktieren. Anschrift RockHolmLight House Rd, Kovalam, Trivandrum-695527, Kerala, Indien Sie sehen gerade einen Platzhalterinhalt von Standard. Um auf den eigentlichen Inhalt zuzugreifen, klicken Sie auf den Button unten. Bitte beachten Sie, dass dabei [&hellip;]<\/p>\n","protected":false},"author":4,"featured_media":0,"parent":0,"menu_order":0,"comment_status":"closed","ping_status":"closed","template":"elementor_header_footer","meta":{"footnotes":""},"class_list":["post-3376","page","type-page","status-publish","hentry"],"_links":{"self":[{"href":"https:\/\/rockholm.com\/de\/wp-json\/wp\/v2\/pages\/3376","targetHints":{"allow":["GET"]}}],"collection":[{"href":"https:\/\/rockholm.com\/de\/wp-json\/wp\/v2\/pages"}],"about":[{"href":"https:\/\/rockholm.com\/de\/wp-json\/wp\/v2\/types\/page"}],"author":[{"embeddable":true,"href":"https:\/\/rockholm.com\/de\/wp-json\/wp\/v2\/users\/4"}],"replies":[{"embeddable":true,"href":"https:\/\/rockholm.com\/de\/wp-json\/wp\/v2\/comments?post=3376"}],"version-history":[{"count":25,"href":"https:\/\/rockholm.com\/de\/wp-json\/wp\/v2\/pages\/3376\/revisions"}],"predecessor-version":[{"id":8738,"href":"https:\/\/rockholm.com\/de\/wp-json\/wp\/v2\/pages\/3376\/revisions\/8738"}],"wp:attachment":[{"href":"https:\/\/rockholm.com\/de\/wp-json\/wp\/v2\/media?parent=3376"}],"curies":[{"name":"wp","href":"https:\/\/api.w.org\/{rel}","templated":true}]}}