{"id":3374,"date":"2022-07-26T14:53:50","date_gmt":"2022-07-26T14:53:50","guid":{"rendered":"https:\/\/rockholm.com\/daily-activities\/"},"modified":"2025-09-29T11:05:58","modified_gmt":"2025-09-29T11:05:58","slug":"daily-activities","status":"publish","type":"page","link":"https:\/\/rockholm.com\/de\/daily-activities\/","title":{"rendered":"Daily Activities"},"content":{"rendered":"\t\t<div data-elementor-type=\"wp-page\" data-elementor-id=\"3374\" class=\"elementor elementor-3374 elementor-1004\" data-elementor-post-type=\"page\">\n\t\t\t\t\t\t<section class=\"elementor-section elementor-top-section elementor-element elementor-element-60ba78d3 elementor-section-height-min-height elementor-hidden-mobile elementor-section-boxed elementor-section-height-default elementor-section-items-middle\" data-id=\"60ba78d3\" data-element_type=\"section\" data-e-type=\"section\" data-settings=\"{&quot;background_background&quot;:&quot;classic&quot;}\">\n\t\t\t\t\t\t<div class=\"elementor-container elementor-column-gap-default\">\n\t\t\t\t\t<div class=\"elementor-column elementor-col-100 elementor-top-column elementor-element elementor-element-de0d8c9\" data-id=\"de0d8c9\" data-element_type=\"column\" data-e-type=\"column\">\n\t\t\t<div class=\"elementor-widget-wrap\">\n\t\t\t\t\t\t\t<\/div>\n\t\t<\/div>\n\t\t\t\t\t<\/div>\n\t\t<\/section>\n\t\t\t\t<section class=\"elementor-section elementor-top-section elementor-element elementor-element-c4c70bc elementor-section-full_width elementor-hidden-desktop elementor-hidden-tablet elementor-hidden-mobile elementor-section-height-default elementor-section-height-default\" data-id=\"c4c70bc\" data-element_type=\"section\" data-e-type=\"section\">\n\t\t\t\t\t\t<div class=\"elementor-container elementor-column-gap-default\">\n\t\t\t\t\t<div class=\"elementor-column elementor-col-100 elementor-top-column elementor-element elementor-element-355d4f0\" data-id=\"355d4f0\" data-element_type=\"column\" data-e-type=\"column\">\n\t\t\t<div class=\"elementor-widget-wrap elementor-element-populated\">\n\t\t\t\t\t\t<div class=\"elementor-element elementor-element-6115d8c elementor-widget elementor-widget-image\" data-id=\"6115d8c\" data-element_type=\"widget\" data-e-type=\"widget\" data-widget_type=\"image.default\">\n\t\t\t\t<div class=\"elementor-widget-container\">\n\t\t\t\t\t\t\t\t\t\t\t\t\t\t\t<img fetchpriority=\"high\" decoding=\"async\" width=\"585\" height=\"956\" src=\"https:\/\/rockholm.com\/wp-content\/uploads\/2022\/08\/exterior-1.jpg\" class=\"attachment-full size-full wp-image-3237\" alt=\"\" srcset=\"https:\/\/rockholm.com\/wp-content\/uploads\/2022\/08\/exterior-1.jpg 585w, https:\/\/rockholm.com\/wp-content\/uploads\/2022\/08\/exterior-1-184x300.jpg 184w\" sizes=\"(max-width: 585px) 100vw, 585px\">\t\t\t\t\t\t\t\t\t\t\t\t\t\t\t<\/div>\n\t\t\t\t<\/div>\n\t\t\t\t\t<\/div>\n\t\t<\/div>\n\t\t\t\t\t<\/div>\n\t\t<\/section>\n\t\t\t\t<section class=\"elementor-section elementor-top-section elementor-element elementor-element-75eddf77 elementor-section-boxed elementor-section-height-default elementor-section-height-default\" data-id=\"75eddf77\" data-element_type=\"section\" data-e-type=\"section\">\n\t\t\t\t\t\t<div class=\"elementor-container elementor-column-gap-wide\">\n\t\t\t\t\t<div class=\"elementor-column elementor-col-33 elementor-top-column elementor-element elementor-element-6da890ce\" data-id=\"6da890ce\" data-element_type=\"column\" data-e-type=\"column\">\n\t\t\t<div class=\"elementor-widget-wrap elementor-element-populated\">\n\t\t\t\t\t\t<section class=\"elementor-section elementor-inner-section elementor-element elementor-element-573ba3a6 elementor-section-boxed elementor-section-height-default elementor-section-height-default\" data-id=\"573ba3a6\" data-element_type=\"section\" data-e-type=\"section\" data-settings=\"{&quot;sticky&quot;:&quot;top&quot;,&quot;sticky_on&quot;:[&quot;desktop&quot;],&quot;sticky_offset&quot;:20,&quot;sticky_parent&quot;:&quot;yes&quot;,&quot;sticky_effects_offset&quot;:0,&quot;sticky_anchor_link_offset&quot;:0}\">\n\t\t\t\t\t\t<div class=\"elementor-container elementor-column-gap-default\">\n\t\t\t\t\t<div class=\"elementor-column elementor-col-100 elementor-inner-column elementor-element elementor-element-5ee3e65d\" data-id=\"5ee3e65d\" data-element_type=\"column\" data-e-type=\"column\">\n\t\t\t<div class=\"elementor-widget-wrap elementor-element-populated\">\n\t\t\t\t\t\t<div class=\"elementor-element elementor-element-4269f03e elementor-widget elementor-widget-heading\" data-id=\"4269f03e\" data-element_type=\"widget\" data-e-type=\"widget\" data-widget_type=\"heading.default\">\n\t\t\t\t<div class=\"elementor-widget-container\">\n\t\t\t\t\t<h5 class=\"elementor-heading-title elementor-size-default\">About ROCKHOLM<\/h5>\t\t\t\t<\/div>\n\t\t\t\t<\/div>\n\t\t\t\t<div class=\"elementor-element elementor-element-3b29dc83 elementor-nav-menu--dropdown-none elementor-widget elementor-widget-nav-menu\" data-id=\"3b29dc83\" data-element_type=\"widget\" data-e-type=\"widget\" data-settings=\"{&quot;layout&quot;:&quot;vertical&quot;,&quot;submenu_icon&quot;:{&quot;value&quot;:&quot;&lt;i class=\\&quot;fas fa-caret-down\\&quot; aria-hidden=\\&quot;true\\&quot;&gt;&lt;\\\/i&gt;&quot;,&quot;library&quot;:&quot;fa-solid&quot;}}\" data-widget_type=\"nav-menu.default\">\n\t\t\t\t<div class=\"elementor-widget-container\">\n\t\t\t\t\t\t\t\t<nav aria-label=\"Men\u00fc\" class=\"elementor-nav-menu--main elementor-nav-menu__container elementor-nav-menu--layout-vertical e--pointer-none\">\n\t\t\t\t<ul id=\"menu-1-3b29dc83\" class=\"elementor-nav-menu sm-vertical\"><li class=\"menu-item menu-item-type-post_type menu-item-object-page menu-item-8821\"><a href=\"https:\/\/rockholm.com\/de\/sustainability\/\" class=\"elementor-item\">NACHHALTIGKEIT<\/a><\/li>\n<li class=\"menu-item menu-item-type-post_type menu-item-object-page menu-item-8822\"><a href=\"https:\/\/rockholm.com\/de\/nabh-and-ayur-gold-certification\/\" class=\"elementor-item\">NABH- und AYUR-DIAMANT-ZERTIFIZIERUNG<\/a><\/li>\n<li class=\"menu-item menu-item-type-post_type menu-item-object-page menu-item-8824\"><a href=\"https:\/\/rockholm.com\/de\/faqs\/\" class=\"elementor-item\">FAQs<\/a><\/li>\n<li class=\"menu-item menu-item-type-post_type menu-item-object-page menu-item-8825\"><a href=\"https:\/\/rockholm.com\/de\/local-sightseeing\/\" class=\"elementor-item\">LOKALE SEHENSW\u00dcRDIGKEITEN<\/a><\/li>\n<li class=\"menu-item menu-item-type-post_type menu-item-object-page menu-item-8820\"><a href=\"https:\/\/rockholm.com\/de\/contact-us\/\" class=\"elementor-item\">KONTAKTIEREN SIE UNS<\/a><\/li>\n<li class=\"menu-item menu-item-type-post_type menu-item-object-page menu-item-8826\"><a href=\"https:\/\/rockholm.com\/de\/daily-activities\/\" class=\"elementor-item\">T\u00c4GLICHE AKTIVIT\u00c4TEN<\/a><\/li>\n<li class=\"menu-item menu-item-type-post_type menu-item-object-page menu-item-8827\"><a href=\"https:\/\/rockholm.com\/de\/work-with-us\/\" class=\"elementor-item\">ARBEITEN SIE MIT UNS<\/a><\/li>\n<li class=\"menu-item menu-item-type-custom menu-item-object-custom menu-item-8829\"><a href=\"https:\/\/www.thenattikabeach.com\/\" class=\"elementor-item\" target=\"_blank\" rel=\"noopener\">THE NATTIKA BEACH AYURVEDA RESORT<\/a><\/li>\n<li class=\"menu-item menu-item-type-custom menu-item-object-custom menu-item-8828\"><a href=\"https:\/\/www.nattikalife.com\/\" class=\"elementor-item\" target=\"_blank\" rel=\"noopener\">NATTIKA ONLINE-WELLNESS-DIENSTLEISTUNGEN<\/a><\/li>\n<\/ul>\t\t\t<\/nav>\n\t\t\t\t\t\t<nav class=\"elementor-nav-menu--dropdown elementor-nav-menu__container\" aria-hidden=\"true\">\n\t\t\t\t<ul id=\"menu-2-3b29dc83\" class=\"elementor-nav-menu sm-vertical\"><li class=\"menu-item menu-item-type-post_type menu-item-object-page menu-item-8821\"><a href=\"https:\/\/rockholm.com\/de\/sustainability\/\" class=\"elementor-item\" tabindex=\"-1\">NACHHALTIGKEIT<\/a><\/li>\n<li class=\"menu-item menu-item-type-post_type menu-item-object-page menu-item-8822\"><a href=\"https:\/\/rockholm.com\/de\/nabh-and-ayur-gold-certification\/\" class=\"elementor-item\" tabindex=\"-1\">NABH- und AYUR-DIAMANT-ZERTIFIZIERUNG<\/a><\/li>\n<li class=\"menu-item menu-item-type-post_type menu-item-object-page menu-item-8824\"><a href=\"https:\/\/rockholm.com\/de\/faqs\/\" class=\"elementor-item\" tabindex=\"-1\">FAQs<\/a><\/li>\n<li class=\"menu-item menu-item-type-post_type menu-item-object-page menu-item-8825\"><a href=\"https:\/\/rockholm.com\/de\/local-sightseeing\/\" class=\"elementor-item\" tabindex=\"-1\">LOKALE SEHENSW\u00dcRDIGKEITEN<\/a><\/li>\n<li class=\"menu-item menu-item-type-post_type menu-item-object-page menu-item-8820\"><a href=\"https:\/\/rockholm.com\/de\/contact-us\/\" class=\"elementor-item\" tabindex=\"-1\">KONTAKTIEREN SIE UNS<\/a><\/li>\n<li class=\"menu-item menu-item-type-post_type menu-item-object-page menu-item-8826\"><a href=\"https:\/\/rockholm.com\/de\/daily-activities\/\" class=\"elementor-item\" tabindex=\"-1\">T\u00c4GLICHE AKTIVIT\u00c4TEN<\/a><\/li>\n<li class=\"menu-item menu-item-type-post_type menu-item-object-page menu-item-8827\"><a href=\"https:\/\/rockholm.com\/de\/work-with-us\/\" class=\"elementor-item\" tabindex=\"-1\">ARBEITEN SIE MIT UNS<\/a><\/li>\n<li class=\"menu-item menu-item-type-custom menu-item-object-custom menu-item-8829\"><a href=\"https:\/\/www.thenattikabeach.com\/\" class=\"elementor-item\" tabindex=\"-1\" target=\"_blank\" rel=\"noopener\">THE NATTIKA BEACH AYURVEDA RESORT<\/a><\/li>\n<li class=\"menu-item menu-item-type-custom menu-item-object-custom menu-item-8828\"><a href=\"https:\/\/www.nattikalife.com\/\" class=\"elementor-item\" tabindex=\"-1\" target=\"_blank\" rel=\"noopener\">NATTIKA ONLINE-WELLNESS-DIENSTLEISTUNGEN<\/a><\/li>\n<\/ul>\t\t\t<\/nav>\n\t\t\t\t\t\t<\/div>\n\t\t\t\t<\/div>\n\t\t\t\t\t<\/div>\n\t\t<\/div>\n\t\t\t\t\t<\/div>\n\t\t<\/section>\n\t\t\t\t\t<\/div>\n\t\t<\/div>\n\t\t\t\t<div class=\"elementor-column elementor-col-66 elementor-top-column elementor-element elementor-element-6397d491\" data-id=\"6397d491\" data-element_type=\"column\" data-e-type=\"column\">\n\t\t\t<div class=\"elementor-widget-wrap elementor-element-populated\">\n\t\t\t\t\t\t<section class=\"elementor-section elementor-inner-section elementor-element elementor-element-549a593e elementor-section-boxed elementor-section-height-default elementor-section-height-default\" data-id=\"549a593e\" data-element_type=\"section\" data-e-type=\"section\">\n\t\t\t\t\t\t<div class=\"elementor-container elementor-column-gap-default\">\n\t\t\t\t\t<div class=\"elementor-column elementor-col-100 elementor-inner-column elementor-element elementor-element-58ce3028\" data-id=\"58ce3028\" data-element_type=\"column\" data-e-type=\"column\">\n\t\t\t<div class=\"elementor-widget-wrap elementor-element-populated\">\n\t\t\t\t\t\t<div class=\"elementor-element elementor-element-3d4f8cfb elementor-widget elementor-widget-heading\" data-id=\"3d4f8cfb\" data-element_type=\"widget\" data-e-type=\"widget\" data-widget_type=\"heading.default\">\n\t\t\t\t<div class=\"elementor-widget-container\">\n\t\t\t\t\t<h1 class=\"elementor-heading-title elementor-size-default\">T\u00e4gliche Aktivit\u00e4ten f\u00fcr unsere G\u00e4ste<\/h1>\t\t\t\t<\/div>\n\t\t\t\t<\/div>\n\t\t\t\t<div class=\"elementor-element elementor-element-6cde717 elementor-widget elementor-widget-text-editor\" data-id=\"6cde717\" data-element_type=\"widget\" data-e-type=\"widget\" data-widget_type=\"text-editor.default\">\n\t\t\t\t<div class=\"elementor-widget-container\">\n\t\t\t\t\t\t\t\t\t<p><b>Sonntag &#8211;\u00a0<\/b><b>Mehndi-Kunst im Rasenbereich um 17:00 Uhr<\/b><\/p><p>Faszinierende K\u00f6rperkunst und tempor\u00e4re Hautdekoration aus dem indischen Subkontinent, die normalerweise auf H\u00e4nden oder Beinen aufgetragen wird. Dabei werden dekorative Muster mit einer hausgemachten nat\u00fcrlichen Paste aus den pulverisierten, getrockneten Bl\u00e4ttern der Henna-Pflanze auf die Haut gezeichnet.<\/p><p><b style=\"color: var( --e-global-color-text ); font-family: var( --e-global-typography-text-font-family ), Sans-serif; font-size: var( --e-global-typography-text-font-size ); letter-spacing: var( --e-global-typography-text-letter-spacing );\"><span lang=\"DE\">Montag &#8211;\u00a0<\/span><\/b><b style=\"color: var( --e-global-color-text ); font-family: var( --e-global-typography-text-font-family ), Sans-serif; font-size: var( --e-global-typography-text-font-size ); letter-spacing: var( --e-global-typography-text-letter-spacing );\">Ayurveda-Vortrag unserer \u00c4rzte im Ayurveda-Beratungsraum um 16:00 Uhr<\/b><\/p><p><span lang=\"DE\"> F\u00fcr alle, die sich von der Wissenschaft des Lebens \u2013 \u201eAyurveda\u201c \u2013 inspirieren lassen m\u00f6chten. <\/span>Nehmen Sie an einer interaktiven Sitzung mit unseren Experten teil und vertiefen Sie Ihr Verst\u00e4ndnis dieses Themas.<\/p><p><b style=\"color: var( --e-global-color-text ); font-family: var( --e-global-typography-text-font-family ), Sans-serif; font-size: var( --e-global-typography-text-font-size ); letter-spacing: var( --e-global-typography-text-letter-spacing );\">Dienstag &#8211;\u00a0<\/b><b style=\"color: var( --e-global-color-text ); font-family: var( --e-global-typography-text-font-family ), Sans-serif; font-size: var( --e-global-typography-text-font-size ); letter-spacing: var( --e-global-typography-text-letter-spacing );\">Ayurvedischer Kochkurs im Restaurant um 15:30 Uhr<\/b><\/p><p>Begleiten Sie unseren talentierten Chefkoch zu einem Ayurveda-Kochkurs und nehmen Sie an einer interaktiven Kochsession teil. Lernen Sie verschiedene Rezepte kennen und verstehen Sie die Vielfalt der Gew\u00fcrze sowie verschiedene Kochtechniken.<\/p><p><b style=\"color: var( --e-global-color-text ); font-family: var( --e-global-typography-text-font-family ), Sans-serif; font-size: var( --e-global-typography-text-font-size ); letter-spacing: var( --e-global-typography-text-letter-spacing );\">Mittwoch &#8211;\u00a0<\/b><b style=\"color: var( --e-global-color-text ); font-family: var( --e-global-typography-text-font-family ), Sans-serif; font-size: var( --e-global-typography-text-font-size ); letter-spacing: var( --e-global-typography-text-letter-spacing );\">Besondere Yoga-Session in der Bodhi-Halle um 16:30 Uhr<\/b><\/p><p>Eine Kombination aus Theorie, Demonstration und praktischen Yoga-\u00dcbungen zu relevanten Themen, um das Wissen \u00fcber Yoga zu erweitern. Jede Sitzung wird einem bestimmten Thema gewidmet, um Lebensstilkrankheiten zu bek\u00e4mpfen und die Lebensqualit\u00e4t zu verbessern.<\/p><p><b>Donnerstag &#8211;\u00a0<\/b><b style=\"color: var( --e-global-color-text ); font-family: var( --e-global-typography-text-font-family ), Sans-serif; font-size: var( --e-global-typography-text-font-size ); letter-spacing: var( --e-global-typography-text-letter-spacing );\">Besuch des Kr\u00e4utergartens mit unseren Ayurveda-\u00c4rzten um 16:00 Uhr<\/b><\/p><p>Entdecken Sie eine Vielzahl heilender Pflanzen, Kletterpflanzen und Str\u00e4ucher. Unsere Ayurveda-Experten f\u00fchren Sie durch den Garten und erkl\u00e4ren die gesundheitlichen Vorteile, medizinischen Eigenschaften und die Verwendung der Pflanzen in der ayurvedischen Heilkunst<b>.<\/b><\/p><p><b>\u00a0<\/b><b style=\"color: var( --e-global-color-text ); font-family: var( --e-global-typography-text-font-family ), Sans-serif; font-size: var( --e-global-typography-text-font-size ); letter-spacing: var( --e-global-typography-text-letter-spacing );\">Freitag &#8211;\u00a0<\/b><b style=\"color: var( --e-global-color-text ); font-family: var( --e-global-typography-text-font-family ), Sans-serif; font-size: var( --e-global-typography-text-font-size ); letter-spacing: var( --e-global-typography-text-letter-spacing );\">Teestunde-Treffen von 16:30 bis 17:30 Uhr im Restaurant<\/b><\/p><p>Genie\u00dfen Sie eine gem\u00fctliche Teestunde in unserem Restaurant am Meer mit einer Auswahl an Snacks. Kn\u00fcpfen Sie Kontakte zu anderen G\u00e4sten und verbringen Sie eine entspannte Zeit in angenehmer Gesellschaft.<\/p><p>\u00a0<b style=\"color: var( --e-global-color-text ); font-family: var( --e-global-typography-text-font-family ), Sans-serif; font-size: var( --e-global-typography-text-font-size ); letter-spacing: var( --e-global-typography-text-letter-spacing );\">Samstag &#8211;\u00a0<\/b><b style=\"color: var( --e-global-color-text ); font-family: var( --e-global-typography-text-font-family ), Sans-serif; font-size: var( --e-global-typography-text-font-size ); letter-spacing: var( --e-global-typography-text-letter-spacing );\">Live-Musikkonzert um 19:00 Uhr im Restaurant<\/b><\/p><p>Erleben Sie einen Abend voller harmonischer Kl\u00e4nge und genie\u00dfen Sie ein unvergessliches musikalisches Erlebnis. Unsere talentierten lokalen K\u00fcnstler pr\u00e4sentieren Ihnen eine Mischung aus gef\u00fchlvoller Musik und den einzigartigen Kl\u00e4ngen traditioneller indischer Musikinstrumente.<\/p>\t\t\t\t\t\t\t\t<\/div>\n\t\t\t\t<\/div>\n\t\t\t\t\t<\/div>\n\t\t<\/div>\n\t\t\t\t\t<\/div>\n\t\t<\/section>\n\t\t\t\t<section class=\"elementor-section elementor-inner-section elementor-element elementor-element-a01a0aa elementor-section-boxed elementor-section-height-default elementor-section-height-default\" data-id=\"a01a0aa\" data-element_type=\"section\" data-e-type=\"section\">\n\t\t\t\t\t\t<div class=\"elementor-container elementor-column-gap-default\">\n\t\t\t\t\t<div class=\"elementor-column elementor-col-100 elementor-inner-column elementor-element elementor-element-6c4ebce\" data-id=\"6c4ebce\" data-element_type=\"column\" data-e-type=\"column\">\n\t\t\t<div class=\"elementor-widget-wrap elementor-element-populated\">\n\t\t\t\t\t\t<div class=\"elementor-element elementor-element-95280e1 elementor-widget elementor-widget-image\" data-id=\"95280e1\" data-element_type=\"widget\" data-e-type=\"widget\" data-widget_type=\"image.default\">\n\t\t\t\t<div class=\"elementor-widget-container\">\n\t\t\t\t\t\t\t\t\t\t\t\t\t\t\t<img decoding=\"async\" width=\"800\" height=\"379\" src=\"https:\/\/rockholm.com\/wp-content\/uploads\/2022\/08\/cooking-1024x485.jpg\" class=\"attachment-large size-large wp-image-3158\" alt=\"\" srcset=\"https:\/\/rockholm.com\/wp-content\/uploads\/2022\/08\/cooking-1024x485.jpg 1024w, https:\/\/rockholm.com\/wp-content\/uploads\/2022\/08\/cooking-300x142.jpg 300w, https:\/\/rockholm.com\/wp-content\/uploads\/2022\/08\/cooking-768x364.jpg 768w, https:\/\/rockholm.com\/wp-content\/uploads\/2022\/08\/cooking-1536x728.jpg 1536w, https:\/\/rockholm.com\/wp-content\/uploads\/2022\/08\/cooking.jpg 1900w\" sizes=\"(max-width: 800px) 100vw, 800px\">\t\t\t\t\t\t\t\t\t\t\t\t\t\t\t<\/div>\n\t\t\t\t<\/div>\n\t\t\t\t\t<\/div>\n\t\t<\/div>\n\t\t\t\t\t<\/div>\n\t\t<\/section>\n\t\t\t\t\t<\/div>\n\t\t<\/div>\n\t\t\t\t\t<\/div>\n\t\t<\/section>\n\t\t\t\t<\/div>\n\t\t","protected":false},"excerpt":{"rendered":"<p>About ROCKHOLM T\u00e4gliche Aktivit\u00e4ten f\u00fcr unsere G\u00e4ste Sonntag &#8211;\u00a0Mehndi-Kunst im Rasenbereich um 17:00 Uhr Faszinierende K\u00f6rperkunst und tempor\u00e4re Hautdekoration aus dem indischen Subkontinent, die normalerweise auf H\u00e4nden oder Beinen aufgetragen wird. Dabei werden dekorative Muster mit einer hausgemachten nat\u00fcrlichen Paste aus den pulverisierten, getrockneten Bl\u00e4ttern der Henna-Pflanze auf die Haut gezeichnet. Montag &#8211;\u00a0Ayurveda-Vortrag unserer \u00c4rzte [&hellip;]<\/p>\n","protected":false},"author":4,"featured_media":0,"parent":0,"menu_order":0,"comment_status":"closed","ping_status":"closed","template":"elementor_header_footer","meta":{"footnotes":""},"class_list":["post-3374","page","type-page","status-publish","hentry"],"_links":{"self":[{"href":"https:\/\/rockholm.com\/de\/wp-json\/wp\/v2\/pages\/3374","targetHints":{"allow":["GET"]}}],"collection":[{"href":"https:\/\/rockholm.com\/de\/wp-json\/wp\/v2\/pages"}],"about":[{"href":"https:\/\/rockholm.com\/de\/wp-json\/wp\/v2\/types\/page"}],"author":[{"embeddable":true,"href":"https:\/\/rockholm.com\/de\/wp-json\/wp\/v2\/users\/4"}],"replies":[{"embeddable":true,"href":"https:\/\/rockholm.com\/de\/wp-json\/wp\/v2\/comments?post=3374"}],"version-history":[{"count":22,"href":"https:\/\/rockholm.com\/de\/wp-json\/wp\/v2\/pages\/3374\/revisions"}],"predecessor-version":[{"id":8832,"href":"https:\/\/rockholm.com\/de\/wp-json\/wp\/v2\/pages\/3374\/revisions\/8832"}],"wp:attachment":[{"href":"https:\/\/rockholm.com\/de\/wp-json\/wp\/v2\/media?parent=3374"}],"curies":[{"name":"wp","href":"https:\/\/api.w.org\/{rel}","templated":true}]}}