{"id":3368,"date":"2022-07-26T12:55:26","date_gmt":"2022-07-26T12:55:26","guid":{"rendered":"https:\/\/rockholm.com\/ayur-gold-certification\/"},"modified":"2025-09-22T07:06:27","modified_gmt":"2025-09-22T07:06:27","slug":"nabh-and-ayur-gold-certification","status":"publish","type":"page","link":"https:\/\/rockholm.com\/de\/nabh-and-ayur-gold-certification\/","title":{"rendered":"NABH &#038; Ayur Gold Certification"},"content":{"rendered":"\t\t<div data-elementor-type=\"wp-page\" data-elementor-id=\"3368\" class=\"elementor elementor-3368 elementor-976\" data-elementor-post-type=\"page\">\n\t\t\t\t\t\t<section class=\"elementor-section elementor-top-section elementor-element elementor-element-3abebb77 elementor-section-height-min-height elementor-hidden-mobile elementor-section-boxed elementor-section-height-default elementor-section-items-middle\" data-id=\"3abebb77\" data-element_type=\"section\" data-e-type=\"section\" data-settings=\"{&quot;background_background&quot;:&quot;classic&quot;}\">\n\t\t\t\t\t\t<div class=\"elementor-container elementor-column-gap-default\">\n\t\t\t\t\t<div class=\"elementor-column elementor-col-100 elementor-top-column elementor-element elementor-element-278700d6\" data-id=\"278700d6\" data-element_type=\"column\" data-e-type=\"column\">\n\t\t\t<div class=\"elementor-widget-wrap\">\n\t\t\t\t\t\t\t<\/div>\n\t\t<\/div>\n\t\t\t\t\t<\/div>\n\t\t<\/section>\n\t\t\t\t<section class=\"elementor-section elementor-top-section elementor-element elementor-element-78e6405 elementor-section-full_width elementor-hidden-desktop elementor-hidden-tablet elementor-hidden-mobile elementor-section-height-default elementor-section-height-default\" data-id=\"78e6405\" data-element_type=\"section\" data-e-type=\"section\">\n\t\t\t\t\t\t<div class=\"elementor-container elementor-column-gap-default\">\n\t\t\t\t\t<div class=\"elementor-column elementor-col-100 elementor-top-column elementor-element elementor-element-324aa9b\" data-id=\"324aa9b\" data-element_type=\"column\" data-e-type=\"column\">\n\t\t\t<div class=\"elementor-widget-wrap elementor-element-populated\">\n\t\t\t\t\t\t<div class=\"elementor-element elementor-element-83d2e4f elementor-widget elementor-widget-image\" data-id=\"83d2e4f\" data-element_type=\"widget\" data-e-type=\"widget\" data-widget_type=\"image.default\">\n\t\t\t\t<div class=\"elementor-widget-container\">\n\t\t\t\t\t\t\t\t\t\t\t\t\t\t\t<img fetchpriority=\"high\" decoding=\"async\" width=\"585\" height=\"956\" src=\"https:\/\/rockholm.com\/wp-content\/uploads\/2022\/08\/exterior-1.jpg\" class=\"attachment-full size-full wp-image-3237\" alt=\"\" srcset=\"https:\/\/rockholm.com\/wp-content\/uploads\/2022\/08\/exterior-1.jpg 585w, https:\/\/rockholm.com\/wp-content\/uploads\/2022\/08\/exterior-1-184x300.jpg 184w\" sizes=\"(max-width: 585px) 100vw, 585px\">\t\t\t\t\t\t\t\t\t\t\t\t\t\t\t<\/div>\n\t\t\t\t<\/div>\n\t\t\t\t\t<\/div>\n\t\t<\/div>\n\t\t\t\t\t<\/div>\n\t\t<\/section>\n\t\t\t\t<section class=\"elementor-section elementor-top-section elementor-element elementor-element-792240c7 elementor-section-boxed elementor-section-height-default elementor-section-height-default\" data-id=\"792240c7\" data-element_type=\"section\" data-e-type=\"section\">\n\t\t\t\t\t\t<div class=\"elementor-container elementor-column-gap-wide\">\n\t\t\t\t\t<div class=\"elementor-column elementor-col-33 elementor-top-column elementor-element elementor-element-419a20e8\" data-id=\"419a20e8\" data-element_type=\"column\" data-e-type=\"column\">\n\t\t\t<div class=\"elementor-widget-wrap elementor-element-populated\">\n\t\t\t\t\t\t<section class=\"elementor-section elementor-inner-section elementor-element elementor-element-13e741d0 elementor-section-boxed elementor-section-height-default elementor-section-height-default\" data-id=\"13e741d0\" data-element_type=\"section\" data-e-type=\"section\" data-settings=\"{&quot;sticky&quot;:&quot;top&quot;,&quot;sticky_on&quot;:[&quot;desktop&quot;],&quot;sticky_offset&quot;:20,&quot;sticky_parent&quot;:&quot;yes&quot;,&quot;sticky_effects_offset&quot;:0,&quot;sticky_anchor_link_offset&quot;:0}\">\n\t\t\t\t\t\t<div class=\"elementor-container elementor-column-gap-default\">\n\t\t\t\t\t<div class=\"elementor-column elementor-col-100 elementor-inner-column elementor-element elementor-element-53848785\" data-id=\"53848785\" data-element_type=\"column\" data-e-type=\"column\">\n\t\t\t<div class=\"elementor-widget-wrap elementor-element-populated\">\n\t\t\t\t\t\t<div class=\"elementor-element elementor-element-72eda190 elementor-widget elementor-widget-heading\" data-id=\"72eda190\" data-element_type=\"widget\" data-e-type=\"widget\" data-widget_type=\"heading.default\">\n\t\t\t\t<div class=\"elementor-widget-container\">\n\t\t\t\t\t<h5 class=\"elementor-heading-title elementor-size-default\">About ROCKHOLM <\/h5>\t\t\t\t<\/div>\n\t\t\t\t<\/div>\n\t\t\t\t<div class=\"elementor-element elementor-element-4da0c197 elementor-nav-menu--dropdown-none elementor-widget elementor-widget-nav-menu\" data-id=\"4da0c197\" data-element_type=\"widget\" data-e-type=\"widget\" data-settings=\"{&quot;layout&quot;:&quot;vertical&quot;,&quot;submenu_icon&quot;:{&quot;value&quot;:&quot;&lt;i class=\\&quot;fas fa-caret-down\\&quot; aria-hidden=\\&quot;true\\&quot;&gt;&lt;\\\/i&gt;&quot;,&quot;library&quot;:&quot;fa-solid&quot;}}\" data-widget_type=\"nav-menu.default\">\n\t\t\t\t<div class=\"elementor-widget-container\">\n\t\t\t\t\t\t\t\t<nav aria-label=\"Men\u00fc\" class=\"elementor-nav-menu--main elementor-nav-menu__container elementor-nav-menu--layout-vertical e--pointer-none\">\n\t\t\t\t<ul id=\"menu-1-4da0c197\" class=\"elementor-nav-menu sm-vertical\"><li class=\"menu-item menu-item-type-post_type menu-item-object-page menu-item-8821\"><a href=\"https:\/\/rockholm.com\/de\/sustainability\/\" class=\"elementor-item\">NACHHALTIGKEIT<\/a><\/li>\n<li class=\"menu-item menu-item-type-post_type menu-item-object-page menu-item-8822\"><a href=\"https:\/\/rockholm.com\/de\/nabh-and-ayur-gold-certification\/\" class=\"elementor-item\">NABH- und AYUR-DIAMANT-ZERTIFIZIERUNG<\/a><\/li>\n<li class=\"menu-item menu-item-type-post_type menu-item-object-page menu-item-8824\"><a href=\"https:\/\/rockholm.com\/de\/faqs\/\" class=\"elementor-item\">FAQs<\/a><\/li>\n<li class=\"menu-item menu-item-type-post_type menu-item-object-page menu-item-8825\"><a href=\"https:\/\/rockholm.com\/de\/local-sightseeing\/\" class=\"elementor-item\">LOKALE SEHENSW\u00dcRDIGKEITEN<\/a><\/li>\n<li class=\"menu-item menu-item-type-post_type menu-item-object-page menu-item-8820\"><a href=\"https:\/\/rockholm.com\/de\/contact-us\/\" class=\"elementor-item\">KONTAKTIEREN SIE UNS<\/a><\/li>\n<li class=\"menu-item menu-item-type-post_type menu-item-object-page menu-item-8826\"><a href=\"https:\/\/rockholm.com\/de\/daily-activities\/\" class=\"elementor-item\">T\u00c4GLICHE AKTIVIT\u00c4TEN<\/a><\/li>\n<li class=\"menu-item menu-item-type-post_type menu-item-object-page menu-item-8827\"><a href=\"https:\/\/rockholm.com\/de\/work-with-us\/\" class=\"elementor-item\">ARBEITEN SIE MIT UNS<\/a><\/li>\n<li class=\"menu-item menu-item-type-custom menu-item-object-custom menu-item-8829\"><a href=\"https:\/\/www.thenattikabeach.com\/\" class=\"elementor-item\" target=\"_blank\" rel=\"noopener\">THE NATTIKA BEACH AYURVEDA RESORT<\/a><\/li>\n<li class=\"menu-item menu-item-type-custom menu-item-object-custom menu-item-8828\"><a href=\"https:\/\/www.nattikalife.com\/\" class=\"elementor-item\" target=\"_blank\" rel=\"noopener\">NATTIKA ONLINE-WELLNESS-DIENSTLEISTUNGEN<\/a><\/li>\n<\/ul>\t\t\t<\/nav>\n\t\t\t\t\t\t<nav class=\"elementor-nav-menu--dropdown elementor-nav-menu__container\" aria-hidden=\"true\">\n\t\t\t\t<ul id=\"menu-2-4da0c197\" class=\"elementor-nav-menu sm-vertical\"><li class=\"menu-item menu-item-type-post_type menu-item-object-page menu-item-8821\"><a href=\"https:\/\/rockholm.com\/de\/sustainability\/\" class=\"elementor-item\" tabindex=\"-1\">NACHHALTIGKEIT<\/a><\/li>\n<li class=\"menu-item menu-item-type-post_type menu-item-object-page menu-item-8822\"><a href=\"https:\/\/rockholm.com\/de\/nabh-and-ayur-gold-certification\/\" class=\"elementor-item\" tabindex=\"-1\">NABH- und AYUR-DIAMANT-ZERTIFIZIERUNG<\/a><\/li>\n<li class=\"menu-item menu-item-type-post_type menu-item-object-page menu-item-8824\"><a href=\"https:\/\/rockholm.com\/de\/faqs\/\" class=\"elementor-item\" tabindex=\"-1\">FAQs<\/a><\/li>\n<li class=\"menu-item menu-item-type-post_type menu-item-object-page menu-item-8825\"><a href=\"https:\/\/rockholm.com\/de\/local-sightseeing\/\" class=\"elementor-item\" tabindex=\"-1\">LOKALE SEHENSW\u00dcRDIGKEITEN<\/a><\/li>\n<li class=\"menu-item menu-item-type-post_type menu-item-object-page menu-item-8820\"><a href=\"https:\/\/rockholm.com\/de\/contact-us\/\" class=\"elementor-item\" tabindex=\"-1\">KONTAKTIEREN SIE UNS<\/a><\/li>\n<li class=\"menu-item menu-item-type-post_type menu-item-object-page menu-item-8826\"><a href=\"https:\/\/rockholm.com\/de\/daily-activities\/\" class=\"elementor-item\" tabindex=\"-1\">T\u00c4GLICHE AKTIVIT\u00c4TEN<\/a><\/li>\n<li class=\"menu-item menu-item-type-post_type menu-item-object-page menu-item-8827\"><a href=\"https:\/\/rockholm.com\/de\/work-with-us\/\" class=\"elementor-item\" tabindex=\"-1\">ARBEITEN SIE MIT UNS<\/a><\/li>\n<li class=\"menu-item menu-item-type-custom menu-item-object-custom menu-item-8829\"><a href=\"https:\/\/www.thenattikabeach.com\/\" class=\"elementor-item\" tabindex=\"-1\" target=\"_blank\" rel=\"noopener\">THE NATTIKA BEACH AYURVEDA RESORT<\/a><\/li>\n<li class=\"menu-item menu-item-type-custom menu-item-object-custom menu-item-8828\"><a href=\"https:\/\/www.nattikalife.com\/\" class=\"elementor-item\" tabindex=\"-1\" target=\"_blank\" rel=\"noopener\">NATTIKA ONLINE-WELLNESS-DIENSTLEISTUNGEN<\/a><\/li>\n<\/ul>\t\t\t<\/nav>\n\t\t\t\t\t\t<\/div>\n\t\t\t\t<\/div>\n\t\t\t\t\t<\/div>\n\t\t<\/div>\n\t\t\t\t\t<\/div>\n\t\t<\/section>\n\t\t\t\t\t<\/div>\n\t\t<\/div>\n\t\t\t\t<div class=\"elementor-column elementor-col-66 elementor-top-column elementor-element elementor-element-7b03463e\" data-id=\"7b03463e\" data-element_type=\"column\" data-e-type=\"column\">\n\t\t\t<div class=\"elementor-widget-wrap elementor-element-populated\">\n\t\t\t\t\t\t<section class=\"elementor-section elementor-inner-section elementor-element elementor-element-559f7492 elementor-section-boxed elementor-section-height-default elementor-section-height-default\" data-id=\"559f7492\" data-element_type=\"section\" data-e-type=\"section\">\n\t\t\t\t\t\t<div class=\"elementor-container elementor-column-gap-default\">\n\t\t\t\t\t<div class=\"elementor-column elementor-col-100 elementor-inner-column elementor-element elementor-element-19c988fc\" data-id=\"19c988fc\" data-element_type=\"column\" data-e-type=\"column\">\n\t\t\t<div class=\"elementor-widget-wrap elementor-element-populated\">\n\t\t\t\t\t\t<div class=\"elementor-element elementor-element-3326c2ea elementor-widget elementor-widget-heading\" data-id=\"3326c2ea\" data-element_type=\"widget\" data-e-type=\"widget\" data-widget_type=\"heading.default\">\n\t\t\t\t<div class=\"elementor-widget-container\">\n\t\t\t\t\t<h1 class=\"elementor-heading-title elementor-size-default\">NABH- und Ayur-Gold-Zertifizierung<\/h1>\t\t\t\t<\/div>\n\t\t\t\t<\/div>\n\t\t\t\t<div class=\"elementor-element elementor-element-157619a elementor-widget elementor-widget-text-editor\" data-id=\"157619a\" data-element_type=\"widget\" data-e-type=\"widget\" data-widget_type=\"text-editor.default\">\n\t\t\t\t<div class=\"elementor-widget-container\">\n\t\t\t\t\t\t\t\t\t<p>Wir sind stolz darauf, dass <a href=\"https:\/\/rockholm.com\/\">Rockholm at the LightHouse Beach<\/a> NABH-zertifiziert ist. Diese prestigetr\u00e4chtige Anerkennung ist der h\u00f6chste Ma\u00dfstab in der Gesundheitsbranche und spiegelt unser unerm\u00fcdliches Engagement f\u00fcr eine au\u00dfergew\u00f6hnliche Qualit\u00e4t der Pflege wider. Das National Accreditation Board for Hospitals &amp;amp; Healthcare Providers (NABH) ist ein Gremium, das dem Quality Council of India (QCI) angeh\u00f6rt und zur Umsetzung von Akkreditierungsprogrammen f\u00fcr Gesundheitseinrichtungen im ganzen Land gegr\u00fcndet wurde.<\/p><p>Eine weitere bedeutende Anerkennung f\u00fcr Rockholm ist die Ayur Gold Certification, die von der Regierung von Kerala verliehen wird. Diese elit\u00e4re Klassifizierung wird nur an Ayurveda-Zentren vergeben, die h\u00f6chste Qualit\u00e4ts- und Servicestandards aufweisen.<\/p>\t\t\t\t\t\t\t\t<\/div>\n\t\t\t\t<\/div>\n\t\t\t\t\t<\/div>\n\t\t<\/div>\n\t\t\t\t\t<\/div>\n\t\t<\/section>\n\t\t\t\t<section class=\"elementor-section elementor-inner-section elementor-element elementor-element-5764f47 elementor-section-boxed elementor-section-height-default elementor-section-height-default\" data-id=\"5764f47\" data-element_type=\"section\" data-e-type=\"section\">\n\t\t\t\t\t\t<div class=\"elementor-container elementor-column-gap-default\">\n\t\t\t\t\t<div class=\"elementor-column elementor-col-50 elementor-inner-column elementor-element elementor-element-0854098\" data-id=\"0854098\" data-element_type=\"column\" data-e-type=\"column\">\n\t\t\t<div class=\"elementor-widget-wrap elementor-element-populated\">\n\t\t\t\t\t\t<div class=\"elementor-element elementor-element-2b59941 elementor-widget elementor-widget-image\" data-id=\"2b59941\" data-element_type=\"widget\" data-e-type=\"widget\" data-widget_type=\"image.default\">\n\t\t\t\t<div class=\"elementor-widget-container\">\n\t\t\t\t\t\t\t\t\t\t\t\t\t\t\t<img decoding=\"async\" width=\"762\" height=\"1024\" src=\"https:\/\/rockholm.com\/wp-content\/uploads\/2025\/03\/ac-2024-1019-hotel-rockholm-ayurveda-centre-762x1024.jpg\" class=\"attachment-large size-large wp-image-7111\" alt=\"\" srcset=\"https:\/\/rockholm.com\/wp-content\/uploads\/2025\/03\/ac-2024-1019-hotel-rockholm-ayurveda-centre-762x1024.jpg 762w, https:\/\/rockholm.com\/wp-content\/uploads\/2025\/03\/ac-2024-1019-hotel-rockholm-ayurveda-centre-223x300.jpg 223w, https:\/\/rockholm.com\/wp-content\/uploads\/2025\/03\/ac-2024-1019-hotel-rockholm-ayurveda-centre-768x1032.jpg 768w, https:\/\/rockholm.com\/wp-content\/uploads\/2025\/03\/ac-2024-1019-hotel-rockholm-ayurveda-centre-1143x1536.jpg 1143w, https:\/\/rockholm.com\/wp-content\/uploads\/2025\/03\/ac-2024-1019-hotel-rockholm-ayurveda-centre-1525x2048.jpg 1525w, https:\/\/rockholm.com\/wp-content\/uploads\/2025\/03\/ac-2024-1019-hotel-rockholm-ayurveda-centre-150x201.jpg 150w, https:\/\/rockholm.com\/wp-content\/uploads\/2025\/03\/ac-2024-1019-hotel-rockholm-ayurveda-centre-scaled.jpg 1906w\" sizes=\"(max-width: 762px) 100vw, 762px\">\t\t\t\t\t\t\t\t\t\t\t\t\t\t\t<\/div>\n\t\t\t\t<\/div>\n\t\t\t\t\t<\/div>\n\t\t<\/div>\n\t\t\t\t<div class=\"elementor-column elementor-col-50 elementor-inner-column elementor-element elementor-element-9c184c7\" data-id=\"9c184c7\" data-element_type=\"column\" data-e-type=\"column\">\n\t\t\t<div class=\"elementor-widget-wrap elementor-element-populated\">\n\t\t\t\t\t\t<div class=\"elementor-element elementor-element-a9ec52f elementor-widget elementor-widget-image\" data-id=\"a9ec52f\" data-element_type=\"widget\" data-e-type=\"widget\" data-widget_type=\"image.default\">\n\t\t\t\t<div class=\"elementor-widget-container\">\n\t\t\t\t\t\t\t\t\t\t\t\t\t\t\t<img decoding=\"async\" width=\"763\" height=\"1024\" src=\"https:\/\/rockholm.com\/wp-content\/uploads\/2025\/04\/Rockholm-NABH-Certificate-763x1024.png\" class=\"attachment-large size-large wp-image-7322\" alt=\"\" srcset=\"https:\/\/rockholm.com\/wp-content\/uploads\/2025\/04\/Rockholm-NABH-Certificate-763x1024.png 763w, https:\/\/rockholm.com\/wp-content\/uploads\/2025\/04\/Rockholm-NABH-Certificate-223x300.png 223w, https:\/\/rockholm.com\/wp-content\/uploads\/2025\/04\/Rockholm-NABH-Certificate-768x1031.png 768w, https:\/\/rockholm.com\/wp-content\/uploads\/2025\/04\/Rockholm-NABH-Certificate-1144x1536.png 1144w, https:\/\/rockholm.com\/wp-content\/uploads\/2025\/04\/Rockholm-NABH-Certificate-150x201.png 150w, https:\/\/rockholm.com\/wp-content\/uploads\/2025\/04\/Rockholm-NABH-Certificate.png 1525w\" sizes=\"(max-width: 763px) 100vw, 763px\">\t\t\t\t\t\t\t\t\t\t\t\t\t\t\t<\/div>\n\t\t\t\t<\/div>\n\t\t\t\t\t<\/div>\n\t\t<\/div>\n\t\t\t\t\t<\/div>\n\t\t<\/section>\n\t\t\t\t\t<\/div>\n\t\t<\/div>\n\t\t\t\t\t<\/div>\n\t\t<\/section>\n\t\t\t\t<\/div>\n\t\t","protected":false},"excerpt":{"rendered":"<p>About ROCKHOLM NABH- und Ayur-Gold-Zertifizierung Wir sind stolz darauf, dass Rockholm at the LightHouse Beach NABH-zertifiziert ist. Diese prestigetr\u00e4chtige Anerkennung ist der h\u00f6chste Ma\u00dfstab in der Gesundheitsbranche und spiegelt unser unerm\u00fcdliches Engagement f\u00fcr eine au\u00dfergew\u00f6hnliche Qualit\u00e4t der Pflege wider. Das National Accreditation Board for Hospitals &amp;amp; Healthcare Providers (NABH) ist ein Gremium, das dem Quality [&hellip;]<\/p>\n","protected":false},"author":4,"featured_media":0,"parent":0,"menu_order":0,"comment_status":"closed","ping_status":"closed","template":"elementor_header_footer","meta":{"footnotes":""},"class_list":["post-3368","page","type-page","status-publish","hentry"],"_links":{"self":[{"href":"https:\/\/rockholm.com\/de\/wp-json\/wp\/v2\/pages\/3368","targetHints":{"allow":["GET"]}}],"collection":[{"href":"https:\/\/rockholm.com\/de\/wp-json\/wp\/v2\/pages"}],"about":[{"href":"https:\/\/rockholm.com\/de\/wp-json\/wp\/v2\/types\/page"}],"author":[{"embeddable":true,"href":"https:\/\/rockholm.com\/de\/wp-json\/wp\/v2\/users\/4"}],"replies":[{"embeddable":true,"href":"https:\/\/rockholm.com\/de\/wp-json\/wp\/v2\/comments?post=3368"}],"version-history":[{"count":45,"href":"https:\/\/rockholm.com\/de\/wp-json\/wp\/v2\/pages\/3368\/revisions"}],"predecessor-version":[{"id":8732,"href":"https:\/\/rockholm.com\/de\/wp-json\/wp\/v2\/pages\/3368\/revisions\/8732"}],"wp:attachment":[{"href":"https:\/\/rockholm.com\/de\/wp-json\/wp\/v2\/media?parent=3368"}],"curies":[{"name":"wp","href":"https:\/\/api.w.org\/{rel}","templated":true}]}}