{"id":3366,"date":"2022-06-22T09:49:52","date_gmt":"2022-06-22T09:49:52","guid":{"rendered":"https:\/\/rockholm.com\/sustainability\/"},"modified":"2025-09-22T06:58:20","modified_gmt":"2025-09-22T06:58:20","slug":"sustainability","status":"publish","type":"page","link":"https:\/\/rockholm.com\/de\/sustainability\/","title":{"rendered":"Sustainability"},"content":{"rendered":"\t\t<div data-elementor-type=\"wp-page\" data-elementor-id=\"3366\" class=\"elementor elementor-3366 elementor-209\" data-elementor-post-type=\"page\">\n\t\t\t\t\t\t<section class=\"elementor-section elementor-top-section elementor-element elementor-element-47edeeff elementor-section-height-min-height elementor-hidden-mobile elementor-section-boxed elementor-section-height-default elementor-section-items-middle\" data-id=\"47edeeff\" data-element_type=\"section\" data-e-type=\"section\" data-settings=\"{&quot;background_background&quot;:&quot;classic&quot;}\">\n\t\t\t\t\t\t<div class=\"elementor-container elementor-column-gap-default\">\n\t\t\t\t\t<div class=\"elementor-column elementor-col-100 elementor-top-column elementor-element elementor-element-339814e0\" data-id=\"339814e0\" data-element_type=\"column\" data-e-type=\"column\">\n\t\t\t<div class=\"elementor-widget-wrap\">\n\t\t\t\t\t\t\t<\/div>\n\t\t<\/div>\n\t\t\t\t\t<\/div>\n\t\t<\/section>\n\t\t\t\t<section class=\"elementor-section elementor-top-section elementor-element elementor-element-ee570eb elementor-section-full_width elementor-hidden-desktop elementor-hidden-tablet elementor-hidden-mobile elementor-section-height-default elementor-section-height-default\" data-id=\"ee570eb\" data-element_type=\"section\" data-e-type=\"section\">\n\t\t\t\t\t\t<div class=\"elementor-container elementor-column-gap-default\">\n\t\t\t\t\t<div class=\"elementor-column elementor-col-100 elementor-top-column elementor-element elementor-element-9bc4786\" data-id=\"9bc4786\" data-element_type=\"column\" data-e-type=\"column\">\n\t\t\t<div class=\"elementor-widget-wrap elementor-element-populated\">\n\t\t\t\t\t\t<div class=\"elementor-element elementor-element-9c40cb4 elementor-widget elementor-widget-image\" data-id=\"9c40cb4\" data-element_type=\"widget\" data-e-type=\"widget\" data-widget_type=\"image.default\">\n\t\t\t\t<div class=\"elementor-widget-container\">\n\t\t\t\t\t\t\t\t\t\t\t\t\t\t\t<img fetchpriority=\"high\" decoding=\"async\" width=\"585\" height=\"956\" src=\"https:\/\/rockholm.com\/wp-content\/uploads\/2022\/08\/exterior-1.jpg\" class=\"attachment-full size-full wp-image-3237\" alt=\"\" srcset=\"https:\/\/rockholm.com\/wp-content\/uploads\/2022\/08\/exterior-1.jpg 585w, https:\/\/rockholm.com\/wp-content\/uploads\/2022\/08\/exterior-1-184x300.jpg 184w\" sizes=\"(max-width: 585px) 100vw, 585px\">\t\t\t\t\t\t\t\t\t\t\t\t\t\t\t<\/div>\n\t\t\t\t<\/div>\n\t\t\t\t\t<\/div>\n\t\t<\/div>\n\t\t\t\t\t<\/div>\n\t\t<\/section>\n\t\t\t\t<section class=\"elementor-section elementor-top-section elementor-element elementor-element-4220d2b5 elementor-section-boxed elementor-section-height-default elementor-section-height-default\" data-id=\"4220d2b5\" data-element_type=\"section\" data-e-type=\"section\">\n\t\t\t\t\t\t<div class=\"elementor-container elementor-column-gap-wide\">\n\t\t\t\t\t<div class=\"elementor-column elementor-col-33 elementor-top-column elementor-element elementor-element-42f6349c\" data-id=\"42f6349c\" data-element_type=\"column\" data-e-type=\"column\">\n\t\t\t<div class=\"elementor-widget-wrap elementor-element-populated\">\n\t\t\t\t\t\t<section class=\"elementor-section elementor-inner-section elementor-element elementor-element-76cc1720 elementor-section-boxed elementor-section-height-default elementor-section-height-default\" data-id=\"76cc1720\" data-element_type=\"section\" data-e-type=\"section\" data-settings=\"{&quot;sticky&quot;:&quot;top&quot;,&quot;sticky_on&quot;:[&quot;desktop&quot;],&quot;sticky_offset&quot;:20,&quot;sticky_parent&quot;:&quot;yes&quot;,&quot;sticky_effects_offset&quot;:0,&quot;sticky_anchor_link_offset&quot;:0}\">\n\t\t\t\t\t\t<div class=\"elementor-container elementor-column-gap-default\">\n\t\t\t\t\t<div class=\"elementor-column elementor-col-100 elementor-inner-column elementor-element elementor-element-108a70d6\" data-id=\"108a70d6\" data-element_type=\"column\" data-e-type=\"column\">\n\t\t\t<div class=\"elementor-widget-wrap elementor-element-populated\">\n\t\t\t\t\t\t<div class=\"elementor-element elementor-element-61b0c9ef elementor-widget elementor-widget-heading\" data-id=\"61b0c9ef\" data-element_type=\"widget\" data-e-type=\"widget\" data-widget_type=\"heading.default\">\n\t\t\t\t<div class=\"elementor-widget-container\">\n\t\t\t\t\t<h5 class=\"elementor-heading-title elementor-size-default\">About ROCKHOLM<\/h5>\t\t\t\t<\/div>\n\t\t\t\t<\/div>\n\t\t\t\t<div class=\"elementor-element elementor-element-6d7103f8 elementor-nav-menu--dropdown-none elementor-widget elementor-widget-nav-menu\" data-id=\"6d7103f8\" data-element_type=\"widget\" data-e-type=\"widget\" data-settings=\"{&quot;layout&quot;:&quot;vertical&quot;,&quot;submenu_icon&quot;:{&quot;value&quot;:&quot;&lt;i class=\\&quot;fas fa-caret-down\\&quot; aria-hidden=\\&quot;true\\&quot;&gt;&lt;\\\/i&gt;&quot;,&quot;library&quot;:&quot;fa-solid&quot;}}\" data-widget_type=\"nav-menu.default\">\n\t\t\t\t<div class=\"elementor-widget-container\">\n\t\t\t\t\t\t\t\t<nav aria-label=\"Men\u00fc\" class=\"elementor-nav-menu--main elementor-nav-menu__container elementor-nav-menu--layout-vertical e--pointer-none\">\n\t\t\t\t<ul id=\"menu-1-6d7103f8\" class=\"elementor-nav-menu sm-vertical\"><li class=\"menu-item menu-item-type-post_type menu-item-object-page menu-item-8821\"><a href=\"https:\/\/rockholm.com\/de\/sustainability\/\" class=\"elementor-item\">NACHHALTIGKEIT<\/a><\/li>\n<li class=\"menu-item menu-item-type-post_type menu-item-object-page menu-item-8822\"><a href=\"https:\/\/rockholm.com\/de\/nabh-and-ayur-gold-certification\/\" class=\"elementor-item\">NABH- und AYUR-DIAMANT-ZERTIFIZIERUNG<\/a><\/li>\n<li class=\"menu-item menu-item-type-post_type menu-item-object-page menu-item-8824\"><a href=\"https:\/\/rockholm.com\/de\/faqs\/\" class=\"elementor-item\">FAQs<\/a><\/li>\n<li class=\"menu-item menu-item-type-post_type menu-item-object-page menu-item-8825\"><a href=\"https:\/\/rockholm.com\/de\/local-sightseeing\/\" class=\"elementor-item\">LOKALE SEHENSW\u00dcRDIGKEITEN<\/a><\/li>\n<li class=\"menu-item menu-item-type-post_type menu-item-object-page menu-item-8820\"><a href=\"https:\/\/rockholm.com\/de\/contact-us\/\" class=\"elementor-item\">KONTAKTIEREN SIE UNS<\/a><\/li>\n<li class=\"menu-item menu-item-type-post_type menu-item-object-page menu-item-8826\"><a href=\"https:\/\/rockholm.com\/de\/daily-activities\/\" class=\"elementor-item\">T\u00c4GLICHE AKTIVIT\u00c4TEN<\/a><\/li>\n<li class=\"menu-item menu-item-type-post_type menu-item-object-page menu-item-8827\"><a href=\"https:\/\/rockholm.com\/de\/work-with-us\/\" class=\"elementor-item\">ARBEITEN SIE MIT UNS<\/a><\/li>\n<li class=\"menu-item menu-item-type-custom menu-item-object-custom menu-item-8829\"><a href=\"https:\/\/www.thenattikabeach.com\/\" class=\"elementor-item\" target=\"_blank\" rel=\"noopener\">THE NATTIKA BEACH AYURVEDA RESORT<\/a><\/li>\n<li class=\"menu-item menu-item-type-custom menu-item-object-custom menu-item-8828\"><a href=\"https:\/\/www.nattikalife.com\/\" class=\"elementor-item\" target=\"_blank\" rel=\"noopener\">NATTIKA ONLINE-WELLNESS-DIENSTLEISTUNGEN<\/a><\/li>\n<\/ul>\t\t\t<\/nav>\n\t\t\t\t\t\t<nav class=\"elementor-nav-menu--dropdown elementor-nav-menu__container\" aria-hidden=\"true\">\n\t\t\t\t<ul id=\"menu-2-6d7103f8\" class=\"elementor-nav-menu sm-vertical\"><li class=\"menu-item menu-item-type-post_type menu-item-object-page menu-item-8821\"><a href=\"https:\/\/rockholm.com\/de\/sustainability\/\" class=\"elementor-item\" tabindex=\"-1\">NACHHALTIGKEIT<\/a><\/li>\n<li class=\"menu-item menu-item-type-post_type menu-item-object-page menu-item-8822\"><a href=\"https:\/\/rockholm.com\/de\/nabh-and-ayur-gold-certification\/\" class=\"elementor-item\" tabindex=\"-1\">NABH- und AYUR-DIAMANT-ZERTIFIZIERUNG<\/a><\/li>\n<li class=\"menu-item menu-item-type-post_type menu-item-object-page menu-item-8824\"><a href=\"https:\/\/rockholm.com\/de\/faqs\/\" class=\"elementor-item\" tabindex=\"-1\">FAQs<\/a><\/li>\n<li class=\"menu-item menu-item-type-post_type menu-item-object-page menu-item-8825\"><a href=\"https:\/\/rockholm.com\/de\/local-sightseeing\/\" class=\"elementor-item\" tabindex=\"-1\">LOKALE SEHENSW\u00dcRDIGKEITEN<\/a><\/li>\n<li class=\"menu-item menu-item-type-post_type menu-item-object-page menu-item-8820\"><a href=\"https:\/\/rockholm.com\/de\/contact-us\/\" class=\"elementor-item\" tabindex=\"-1\">KONTAKTIEREN SIE UNS<\/a><\/li>\n<li class=\"menu-item menu-item-type-post_type menu-item-object-page menu-item-8826\"><a href=\"https:\/\/rockholm.com\/de\/daily-activities\/\" class=\"elementor-item\" tabindex=\"-1\">T\u00c4GLICHE AKTIVIT\u00c4TEN<\/a><\/li>\n<li class=\"menu-item menu-item-type-post_type menu-item-object-page menu-item-8827\"><a href=\"https:\/\/rockholm.com\/de\/work-with-us\/\" class=\"elementor-item\" tabindex=\"-1\">ARBEITEN SIE MIT UNS<\/a><\/li>\n<li class=\"menu-item menu-item-type-custom menu-item-object-custom menu-item-8829\"><a href=\"https:\/\/www.thenattikabeach.com\/\" class=\"elementor-item\" tabindex=\"-1\" target=\"_blank\" rel=\"noopener\">THE NATTIKA BEACH AYURVEDA RESORT<\/a><\/li>\n<li class=\"menu-item menu-item-type-custom menu-item-object-custom menu-item-8828\"><a href=\"https:\/\/www.nattikalife.com\/\" class=\"elementor-item\" tabindex=\"-1\" target=\"_blank\" rel=\"noopener\">NATTIKA ONLINE-WELLNESS-DIENSTLEISTUNGEN<\/a><\/li>\n<\/ul>\t\t\t<\/nav>\n\t\t\t\t\t\t<\/div>\n\t\t\t\t<\/div>\n\t\t\t\t\t<\/div>\n\t\t<\/div>\n\t\t\t\t\t<\/div>\n\t\t<\/section>\n\t\t\t\t\t<\/div>\n\t\t<\/div>\n\t\t\t\t<div class=\"elementor-column elementor-col-66 elementor-top-column elementor-element elementor-element-35ff590f\" data-id=\"35ff590f\" data-element_type=\"column\" data-e-type=\"column\">\n\t\t\t<div class=\"elementor-widget-wrap elementor-element-populated\">\n\t\t\t\t\t\t<section class=\"elementor-section elementor-inner-section elementor-element elementor-element-60364fd2 elementor-section-boxed elementor-section-height-default elementor-section-height-default\" data-id=\"60364fd2\" data-element_type=\"section\" data-e-type=\"section\">\n\t\t\t\t\t\t<div class=\"elementor-container elementor-column-gap-default\">\n\t\t\t\t\t<div class=\"elementor-column elementor-col-100 elementor-inner-column elementor-element elementor-element-72492552\" data-id=\"72492552\" data-element_type=\"column\" data-e-type=\"column\">\n\t\t\t<div class=\"elementor-widget-wrap elementor-element-populated\">\n\t\t\t\t\t\t<div class=\"elementor-element elementor-element-e95b30f elementor-widget elementor-widget-heading\" data-id=\"e95b30f\" data-element_type=\"widget\" data-e-type=\"widget\" data-widget_type=\"heading.default\">\n\t\t\t\t<div class=\"elementor-widget-container\">\n\t\t\t\t\t<h1 class=\"elementor-heading-title elementor-size-default\">Nachhaltigkeit und gemeindebasierte Initiativen bei Rockholm<\/h1>\t\t\t\t<\/div>\n\t\t\t\t<\/div>\n\t\t\t\t<div class=\"elementor-element elementor-element-3e12283e elementor-widget elementor-widget-text-editor\" data-id=\"3e12283e\" data-element_type=\"widget\" data-e-type=\"widget\" data-widget_type=\"text-editor.default\">\n\t\t\t\t<div class=\"elementor-widget-container\">\n\t\t\t\t\t\t\t\t\t<p>Rockholm am Lighthouse Beach ist ein <a href=\"https:\/\/rockholm.com\/de\/daily-yoga-programs\/\">Ayurveda &amp; Yoga<\/a> zentrierter Strand und R\u00fcckzugsort, welcher die Ethik des gr\u00fcnen Lebens und der Chancengleichheit f\u00fcr die ans\u00e4ssige Gemeinschaft Kovalams vertritt. Wir f\u00f6rdern eine integrative Lebensweise und pflegen unsere Umwelt verantwortungsvoll. W\u00e4hrend wir noch in den Anf\u00e4ngen stecken, ein \u00f6kologisch verantwortungsvolles Gesch\u00e4ftsmodell zu erreichen, streben wir danach, fr\u00fchzeitig Ver\u00e4nderungen zu bewirken und den Weg f\u00fcr ein gesundes \u00d6kosystem zu ebnen, das rechtm\u00e4\u00dfig unseren jetzigen und zuk\u00fcnftigen Generationen geh\u00f6rt. Jede unserer zielgerichteten, prim\u00e4ren Bem\u00fchungen ist dem Erreichen dieser Vision gewidmet, indem wir bewusste Ver\u00e4nderungen in der globalen Gemeinschaft ansto\u00dfen.<\/p>\t\t\t\t\t\t\t\t<\/div>\n\t\t\t\t<\/div>\n\t\t\t\t<div class=\"elementor-element elementor-element-e7aaa57 elementor-widget elementor-widget-heading\" data-id=\"e7aaa57\" data-element_type=\"widget\" data-e-type=\"widget\" data-widget_type=\"heading.default\">\n\t\t\t\t<div class=\"elementor-widget-container\">\n\t\t\t\t\t<h2 class=\"elementor-heading-title elementor-size-default\">Zu unseren wichtigsten nachhaltigen Gesch\u00e4ftspraktiken und Initiativen geh\u00f6ren:<\/h2>\t\t\t\t<\/div>\n\t\t\t\t<\/div>\n\t\t\t\t<div class=\"elementor-element elementor-element-3bcba89 elementor-widget elementor-widget-text-editor\" data-id=\"3bcba89\" data-element_type=\"widget\" data-e-type=\"widget\" data-widget_type=\"text-editor.default\">\n\t\t\t\t<div class=\"elementor-widget-container\">\n\t\t\t\t\t\t\t\t\t<ol class=\"m-bottom\"><li>Eine gezielte Zusammenarbeit mit unseren Zulieferern und Gesch\u00e4ftspartnern, um Innovationen zu entwickeln und die Auswirkungen auf die Umwelt zu minimieren, indem wir nat\u00fcrliche Ressourcen erhalten, Abf\u00e4lle und Verschmutzung minimieren und wichtige Umweltfaktoren \u00fcberwachen und messen.<\/li><li>Ein verst\u00e4rktes Engagement unserer Mitarbeiter, G\u00e4ste und der lokalen Gemeinschaft durch Workshops, Sensibilisierung und aktive Umsetzung.<\/li><li>Eine hauseigene Anlage zur Behandlung von K\u00fcchenabw\u00e4ssern<\/li><li>Eine Biogasanlage, die das gesamte <a href=\"https:\/\/rockholm.com\/de\/rockholm-ayurveda-center\/\">Ayurveda-Zentrum<\/a> mit Kochgas versorgt<\/li><li>Sammlung von Regenwasser<\/li><li>Praktische Schulungen zu nachhaltigen Praktiken, um das Bewusstsein und das Verst\u00e4ndnis der Mitarbeiter zu f\u00f6rdern<\/li><li>Plastikfreies Hotel, wir verwenden Wasser in Glasflaschen in allen unseren G\u00e4stebereichen<\/li><li>Um den CO2-Fu\u00dfabdruck zu verringern, beziehen unsere K\u00f6che lokale und saisonale Produkte direkt von Erzeugern und lokalen M\u00e4rkten<\/li><li>Wir sammeln ayurvedische \u00d6labf\u00e4lle an der Quelle und verkaufen sie an lokale Agenturen, die das \u00d6l dann recyceln<\/li><li>T\u00e4gliche Strandreinigung mit ausgewiesenen M\u00fclleimern<\/li><li>\u00dcppiger Baum- und Laubbewuchs zur Verbesserung der Sauerstoffqualit\u00e4t<\/li><li>Besch\u00e4ftigung von Frauen aus der Nachbarschaft f\u00fcr Garten- und Versorgungsarbeiten<\/li><li>Maximaler Einsatz von CFL-Beleuchtung<\/li><li>Papiert\u00fcten zum Mitnehmen f\u00fcr G\u00e4ste im Restaurant und an der Rezeption<\/li><li>Umweltfreundliche G\u00e4steaktivit\u00e4ten wie Fahrr\u00e4der, Freiwilligenarbeit, Kunst, Gartenarbeit usw.<\/li><li>Vollst\u00e4ndige Einhaltung der Vorgaben des Kerala Pollution Control Board f\u00fcr alle Umweltparameter<\/li><\/ol>\t\t\t\t\t\t\t\t<\/div>\n\t\t\t\t<\/div>\n\t\t\t\t<div class=\"elementor-element elementor-element-7d057cc elementor-widget elementor-widget-image\" data-id=\"7d057cc\" data-element_type=\"widget\" data-e-type=\"widget\" data-widget_type=\"image.default\">\n\t\t\t\t<div class=\"elementor-widget-container\">\n\t\t\t\t\t\t\t\t\t\t\t\t\t\t\t<img decoding=\"async\" width=\"1000\" height=\"1000\" src=\"https:\/\/rockholm.com\/wp-content\/uploads\/2022\/08\/sustain.jpg\" class=\"attachment-full size-full wp-image-3257\" alt=\"\" srcset=\"https:\/\/rockholm.com\/wp-content\/uploads\/2022\/08\/sustain.jpg 1000w, https:\/\/rockholm.com\/wp-content\/uploads\/2022\/08\/sustain-300x300.jpg 300w, https:\/\/rockholm.com\/wp-content\/uploads\/2022\/08\/sustain-150x150.jpg 150w, https:\/\/rockholm.com\/wp-content\/uploads\/2022\/08\/sustain-768x768.jpg 768w\" sizes=\"(max-width: 1000px) 100vw, 1000px\">\t\t\t\t\t\t\t\t\t\t\t\t\t\t\t<\/div>\n\t\t\t\t<\/div>\n\t\t\t\t\t<\/div>\n\t\t<\/div>\n\t\t\t\t\t<\/div>\n\t\t<\/section>\n\t\t\t\t\t<\/div>\n\t\t<\/div>\n\t\t\t\t\t<\/div>\n\t\t<\/section>\n\t\t\t\t<\/div>\n\t\t","protected":false},"excerpt":{"rendered":"<p>About ROCKHOLM Nachhaltigkeit und gemeindebasierte Initiativen bei Rockholm Rockholm am Lighthouse Beach ist ein Ayurveda &amp; Yoga zentrierter Strand und R\u00fcckzugsort, welcher die Ethik des gr\u00fcnen Lebens und der Chancengleichheit f\u00fcr die ans\u00e4ssige Gemeinschaft Kovalams vertritt. Wir f\u00f6rdern eine integrative Lebensweise und pflegen unsere Umwelt verantwortungsvoll. W\u00e4hrend wir noch in den Anf\u00e4ngen stecken, ein \u00f6kologisch [&hellip;]<\/p>\n","protected":false},"author":4,"featured_media":0,"parent":0,"menu_order":0,"comment_status":"closed","ping_status":"closed","template":"elementor_header_footer","meta":{"footnotes":""},"class_list":["post-3366","page","type-page","status-publish","hentry"],"_links":{"self":[{"href":"https:\/\/rockholm.com\/de\/wp-json\/wp\/v2\/pages\/3366","targetHints":{"allow":["GET"]}}],"collection":[{"href":"https:\/\/rockholm.com\/de\/wp-json\/wp\/v2\/pages"}],"about":[{"href":"https:\/\/rockholm.com\/de\/wp-json\/wp\/v2\/types\/page"}],"author":[{"embeddable":true,"href":"https:\/\/rockholm.com\/de\/wp-json\/wp\/v2\/users\/4"}],"replies":[{"embeddable":true,"href":"https:\/\/rockholm.com\/de\/wp-json\/wp\/v2\/comments?post=3366"}],"version-history":[{"count":17,"href":"https:\/\/rockholm.com\/de\/wp-json\/wp\/v2\/pages\/3366\/revisions"}],"predecessor-version":[{"id":8823,"href":"https:\/\/rockholm.com\/de\/wp-json\/wp\/v2\/pages\/3366\/revisions\/8823"}],"wp:attachment":[{"href":"https:\/\/rockholm.com\/de\/wp-json\/wp\/v2\/media?parent=3366"}],"curies":[{"name":"wp","href":"https:\/\/api.w.org\/{rel}","templated":true}]}}