{"id":3358,"date":"2022-07-25T13:52:20","date_gmt":"2022-07-25T13:52:20","guid":{"rendered":"https:\/\/rockholm.com\/nattika-essence\/"},"modified":"2025-07-25T07:27:58","modified_gmt":"2025-07-25T07:27:58","slug":"nattika-essence","status":"publish","type":"page","link":"https:\/\/rockholm.com\/de\/nattika-essence\/","title":{"rendered":"Nattika Essence"},"content":{"rendered":"\t\t<div data-elementor-type=\"wp-page\" data-elementor-id=\"3358\" class=\"elementor elementor-3358 elementor-832\" data-elementor-post-type=\"page\">\n\t\t\t\t\t\t<section class=\"elementor-section elementor-top-section elementor-element elementor-element-5232b278 elementor-section-height-min-height elementor-hidden-mobile elementor-section-boxed elementor-section-height-default elementor-section-items-middle\" data-id=\"5232b278\" data-element_type=\"section\" data-e-type=\"section\" data-settings=\"{&quot;background_background&quot;:&quot;classic&quot;}\">\n\t\t\t\t\t\t<div class=\"elementor-container elementor-column-gap-default\">\n\t\t\t\t\t<div class=\"elementor-column elementor-col-100 elementor-top-column elementor-element elementor-element-dcf3a96\" data-id=\"dcf3a96\" data-element_type=\"column\" data-e-type=\"column\">\n\t\t\t<div class=\"elementor-widget-wrap\">\n\t\t\t\t\t\t\t<\/div>\n\t\t<\/div>\n\t\t\t\t\t<\/div>\n\t\t<\/section>\n\t\t\t\t<section class=\"elementor-section elementor-top-section elementor-element elementor-element-a406d83 elementor-section-full_width elementor-hidden-desktop elementor-hidden-tablet elementor-hidden-mobile elementor-section-height-default elementor-section-height-default\" data-id=\"a406d83\" data-element_type=\"section\" data-e-type=\"section\">\n\t\t\t\t\t\t<div class=\"elementor-container elementor-column-gap-default\">\n\t\t\t\t\t<div class=\"elementor-column elementor-col-100 elementor-top-column elementor-element elementor-element-c006776\" data-id=\"c006776\" data-element_type=\"column\" data-e-type=\"column\">\n\t\t\t<div class=\"elementor-widget-wrap elementor-element-populated\">\n\t\t\t\t\t\t<div class=\"elementor-element elementor-element-907e550 elementor-widget elementor-widget-image\" data-id=\"907e550\" data-element_type=\"widget\" data-e-type=\"widget\" data-widget_type=\"image.default\">\n\t\t\t\t<div class=\"elementor-widget-container\">\n\t\t\t\t\t\t\t\t\t\t\t\t\t\t\t<img fetchpriority=\"high\" decoding=\"async\" width=\"585\" height=\"956\" src=\"https:\/\/rockholm.com\/wp-content\/uploads\/2022\/08\/lawn.jpg\" class=\"attachment-full size-full wp-image-3235\" alt=\"\" srcset=\"https:\/\/rockholm.com\/wp-content\/uploads\/2022\/08\/lawn.jpg 585w, https:\/\/rockholm.com\/wp-content\/uploads\/2022\/08\/lawn-184x300.jpg 184w\" sizes=\"(max-width: 585px) 100vw, 585px\">\t\t\t\t\t\t\t\t\t\t\t\t\t\t\t<\/div>\n\t\t\t\t<\/div>\n\t\t\t\t\t<\/div>\n\t\t<\/div>\n\t\t\t\t\t<\/div>\n\t\t<\/section>\n\t\t\t\t<section class=\"elementor-section elementor-top-section elementor-element elementor-element-61913e97 elementor-section-boxed elementor-section-height-default elementor-section-height-default\" data-id=\"61913e97\" data-element_type=\"section\" data-e-type=\"section\">\n\t\t\t\t\t\t<div class=\"elementor-container elementor-column-gap-wide\">\n\t\t\t\t\t<div class=\"elementor-column elementor-col-33 elementor-top-column elementor-element elementor-element-695344ec\" data-id=\"695344ec\" data-element_type=\"column\" data-e-type=\"column\">\n\t\t\t<div class=\"elementor-widget-wrap elementor-element-populated\">\n\t\t\t\t\t\t<section class=\"elementor-section elementor-inner-section elementor-element elementor-element-5d95b4c4 elementor-section-boxed elementor-section-height-default elementor-section-height-default\" data-id=\"5d95b4c4\" data-element_type=\"section\" data-e-type=\"section\" data-settings=\"{&quot;sticky&quot;:&quot;top&quot;,&quot;sticky_on&quot;:[&quot;desktop&quot;],&quot;sticky_offset&quot;:20,&quot;sticky_parent&quot;:&quot;yes&quot;,&quot;sticky_effects_offset&quot;:0,&quot;sticky_anchor_link_offset&quot;:0}\">\n\t\t\t\t\t\t<div class=\"elementor-container elementor-column-gap-default\">\n\t\t\t\t\t<div class=\"elementor-column elementor-col-100 elementor-inner-column elementor-element elementor-element-11dd7fca\" data-id=\"11dd7fca\" data-element_type=\"column\" data-e-type=\"column\">\n\t\t\t<div class=\"elementor-widget-wrap elementor-element-populated\">\n\t\t\t\t\t\t<div class=\"elementor-element elementor-element-156afdeb elementor-widget elementor-widget-heading\" data-id=\"156afdeb\" data-element_type=\"widget\" data-e-type=\"widget\" data-widget_type=\"heading.default\">\n\t\t\t\t<div class=\"elementor-widget-container\">\n\t\t\t\t\t<h5 class=\"elementor-heading-title elementor-size-default\">OUR PURPOSE<\/h5>\t\t\t\t<\/div>\n\t\t\t\t<\/div>\n\t\t\t\t<div class=\"elementor-element elementor-element-6410e855 elementor-nav-menu--dropdown-none elementor-widget elementor-widget-nav-menu\" data-id=\"6410e855\" data-element_type=\"widget\" data-e-type=\"widget\" data-settings=\"{&quot;layout&quot;:&quot;vertical&quot;,&quot;submenu_icon&quot;:{&quot;value&quot;:&quot;&lt;i class=\\&quot;fas fa-caret-down\\&quot; aria-hidden=\\&quot;true\\&quot;&gt;&lt;\\\/i&gt;&quot;,&quot;library&quot;:&quot;fa-solid&quot;}}\" data-widget_type=\"nav-menu.default\">\n\t\t\t\t<div class=\"elementor-widget-container\">\n\t\t\t\t\t\t\t\t<nav aria-label=\"Men\u00fc\" class=\"elementor-nav-menu--main elementor-nav-menu__container elementor-nav-menu--layout-vertical e--pointer-none\">\n\t\t\t\t<ul id=\"menu-1-6410e855\" class=\"elementor-nav-menu sm-vertical\"><li class=\"menu-item menu-item-type-post_type menu-item-object-page menu-item-773\"><a href=\"https:\/\/rockholm.com\/ayurveda-philosophy\/\" class=\"elementor-item\">Ayurveda Philosophy<\/a><\/li>\n<li class=\"menu-item menu-item-type-post_type menu-item-object-page menu-item-800\"><a href=\"https:\/\/rockholm.com\/rockholm-ayurveda-center-resort\/\" class=\"elementor-item\">Rockholm Ayurveda Center<\/a><\/li>\n<li class=\"menu-item menu-item-type-post_type menu-item-object-page menu-item-788\"><a href=\"https:\/\/rockholm.com\/treatment-principles\/\" class=\"elementor-item\">Treatment Principles<\/a><\/li>\n<li class=\"menu-item menu-item-type-post_type menu-item-object-page menu-item-805\"><a href=\"https:\/\/rockholm.com\/our-methodology-of-healing-body-mind-and-soul\/\" class=\"elementor-item\">Our Methodology of Healing Body, Mind and Soul<\/a><\/li>\n<li class=\"menu-item menu-item-type-post_type menu-item-object-page menu-item-815\"><a href=\"https:\/\/rockholm.com\/yoga-program\/\" class=\"elementor-item\">Yoga<\/a><\/li>\n<li class=\"menu-item menu-item-type-post_type menu-item-object-page menu-item-814\"><a href=\"https:\/\/rockholm.com\/daily-yoga-programs-resort-yoga-resort-in-tvm\/\" class=\"elementor-item\">Daily Yoga Programs<\/a><\/li>\n<li class=\"menu-item menu-item-type-post_type menu-item-object-page menu-item-822\"><a href=\"https:\/\/rockholm.com\/ayurveda-cuisine\/\" class=\"elementor-item\">Cuisine<\/a><\/li>\n<li class=\"menu-item menu-item-type-post_type menu-item-object-page menu-item-838\"><a href=\"https:\/\/rockholm.com\/nattika-life\/\" class=\"elementor-item\">Nattika Life<\/a><\/li>\n<li class=\"menu-item menu-item-type-post_type menu-item-object-page menu-item-837\"><a href=\"https:\/\/rockholm.com\/nattika-essence\/\" class=\"elementor-item\">Nattika Essence<\/a><\/li>\n<\/ul>\t\t\t<\/nav>\n\t\t\t\t\t\t<nav class=\"elementor-nav-menu--dropdown elementor-nav-menu__container\" aria-hidden=\"true\">\n\t\t\t\t<ul id=\"menu-2-6410e855\" class=\"elementor-nav-menu sm-vertical\"><li class=\"menu-item menu-item-type-post_type menu-item-object-page menu-item-773\"><a href=\"https:\/\/rockholm.com\/ayurveda-philosophy\/\" class=\"elementor-item\" tabindex=\"-1\">Ayurveda Philosophy<\/a><\/li>\n<li class=\"menu-item menu-item-type-post_type menu-item-object-page menu-item-800\"><a href=\"https:\/\/rockholm.com\/rockholm-ayurveda-center-resort\/\" class=\"elementor-item\" tabindex=\"-1\">Rockholm Ayurveda Center<\/a><\/li>\n<li class=\"menu-item menu-item-type-post_type menu-item-object-page menu-item-788\"><a href=\"https:\/\/rockholm.com\/treatment-principles\/\" class=\"elementor-item\" tabindex=\"-1\">Treatment Principles<\/a><\/li>\n<li class=\"menu-item menu-item-type-post_type menu-item-object-page menu-item-805\"><a href=\"https:\/\/rockholm.com\/our-methodology-of-healing-body-mind-and-soul\/\" class=\"elementor-item\" tabindex=\"-1\">Our Methodology of Healing Body, Mind and Soul<\/a><\/li>\n<li class=\"menu-item menu-item-type-post_type menu-item-object-page menu-item-815\"><a href=\"https:\/\/rockholm.com\/yoga-program\/\" class=\"elementor-item\" tabindex=\"-1\">Yoga<\/a><\/li>\n<li class=\"menu-item menu-item-type-post_type menu-item-object-page menu-item-814\"><a href=\"https:\/\/rockholm.com\/daily-yoga-programs-resort-yoga-resort-in-tvm\/\" class=\"elementor-item\" tabindex=\"-1\">Daily Yoga Programs<\/a><\/li>\n<li class=\"menu-item menu-item-type-post_type menu-item-object-page menu-item-822\"><a href=\"https:\/\/rockholm.com\/ayurveda-cuisine\/\" class=\"elementor-item\" tabindex=\"-1\">Cuisine<\/a><\/li>\n<li class=\"menu-item menu-item-type-post_type menu-item-object-page menu-item-838\"><a href=\"https:\/\/rockholm.com\/nattika-life\/\" class=\"elementor-item\" tabindex=\"-1\">Nattika Life<\/a><\/li>\n<li class=\"menu-item menu-item-type-post_type menu-item-object-page menu-item-837\"><a href=\"https:\/\/rockholm.com\/nattika-essence\/\" class=\"elementor-item\" tabindex=\"-1\">Nattika Essence<\/a><\/li>\n<\/ul>\t\t\t<\/nav>\n\t\t\t\t\t\t<\/div>\n\t\t\t\t<\/div>\n\t\t\t\t\t<\/div>\n\t\t<\/div>\n\t\t\t\t\t<\/div>\n\t\t<\/section>\n\t\t\t\t\t<\/div>\n\t\t<\/div>\n\t\t\t\t<div class=\"elementor-column elementor-col-66 elementor-top-column elementor-element elementor-element-134a5463\" data-id=\"134a5463\" data-element_type=\"column\" data-e-type=\"column\">\n\t\t\t<div class=\"elementor-widget-wrap elementor-element-populated\">\n\t\t\t\t\t\t<section class=\"elementor-section elementor-inner-section elementor-element elementor-element-46f87f95 elementor-section-boxed elementor-section-height-default elementor-section-height-default\" data-id=\"46f87f95\" data-element_type=\"section\" data-e-type=\"section\">\n\t\t\t\t\t\t<div class=\"elementor-container elementor-column-gap-default\">\n\t\t\t\t\t<div class=\"elementor-column elementor-col-100 elementor-inner-column elementor-element elementor-element-512de641\" data-id=\"512de641\" data-element_type=\"column\" data-e-type=\"column\">\n\t\t\t<div class=\"elementor-widget-wrap elementor-element-populated\">\n\t\t\t\t\t\t<div class=\"elementor-element elementor-element-356f98f3 elementor-widget elementor-widget-heading\" data-id=\"356f98f3\" data-element_type=\"widget\" data-e-type=\"widget\" data-widget_type=\"heading.default\">\n\t\t\t\t<div class=\"elementor-widget-container\">\n\t\t\t\t\t<h1 class=\"elementor-heading-title elementor-size-default\">Natttika Essence<\/h1>\t\t\t\t<\/div>\n\t\t\t\t<\/div>\n\t\t\t\t<div class=\"elementor-element elementor-element-3303718 elementor-widget elementor-widget-text-editor\" data-id=\"3303718\" data-element_type=\"widget\" data-e-type=\"widget\" data-widget_type=\"text-editor.default\">\n\t\t\t\t<div class=\"elementor-widget-container\">\n\t\t\t\t\t\t\t\t\t<p>Die<a href=\"https:\/\/rockholm.com\/de\/nattika-life\/\"> Nattika Life Herbal and Oil Company<\/a> pr\u00e4sentiert Ihnen &#8222;Nattika Essence&#8220;, eine bahnbrechende Innovation, die die Wissenschaft des Ayurveda mit der Aromatherapie vereint.<\/p><p>Ayurveda betrachtet die Verwendung von Aromen als ein wichtiges Instrument zur Vorbeugung und Heilung. Einige Pflanzen haben eine sehr hohe Konzentration an \u00e4therischen \u00d6len, die sie zu ihrem Schutz entwickelt haben. Solche Pflanzen werden seit Tausenden von Jahren als Heilpflanzen\/Kr\u00e4uter verwendet, um das k\u00f6rpereigene Abwehrarsenal zu erg\u00e4nzen.<\/p><p>\u00c4therische \u00d6le sind die aromatischen oder fl\u00fcchtigen Extrakte, die aus verschiedenen Pflanzenteilen gewonnen werden k\u00f6nnen. Die Eigenschaften und die heilende Wirkung des \u00e4therischen \u00d6ls sind je nach Herkunftsquelle unterschiedlich.<\/p><p>Jede Pflanze hat ihre eigene, einzigartige Kombination der f\u00fcnf Elemente (Raum, Luft, Feuer, Wasser und Erde), die ihr eine unverwechselbare Struktur und einen besonderen Duft verleihen. Daher kann das &#8222;pachabhouthik&#8220; (F\u00fcnf Elemente) Gleichgewicht des K\u00f6rpers durch die Verwendung der richtigen Mischung dieser Aromen erhalten und wiederhergestellt werden.<\/p><p>Im Ayurveda wird zwischen den energetischen Eigenschaften der einzelnen Kr\u00e4uter unterschieden, und wir k\u00f6nnen die \u00e4therischen \u00d6le in hei\u00dfe, kalte und mittlere Kategorien sowie in trockene und feuchte Natur einteilen. Dar\u00fcber hinaus gibt es die M\u00f6glichkeit der Klassifizierung nach Vatha, Pitha und Kapha. Dieses Konzept macht es zu einer nat\u00fcrlichen Mischung aus Aromatherapie mit \u00e4therischen \u00d6len und Tr\u00e4ger\u00f6len, um das eigene Dosha auszugleichen.<\/p><p>Jedes \u00e4therische \u00d6l, das in der Aromatherapie verwendet wird, hat seine eigene Reihe einzigartiger Heileigenschaften, Verwendungsm\u00f6glichkeiten und Wirkungen, die uns helfen k\u00f6nnen, zu heilen, zu stimulieren, zu entspannen, uns zu konzentrieren, Stress abzubauen, unseren emotionalen Zustand auszugleichen und verschiedene gesundheitliche Probleme zu bew\u00e4ltigen.<\/p><p>In unserer Nattika-Essenz-Box finden Sie eine spezielle Kombination von zehn gemischten \u00e4therischen \u00d6len f\u00fcr Ihr Wohlbefinden.<\/p><p><span style=\"color: var( --e-global-color-text ); font-family: var( --e-global-typography-text-font-family ), Sans-serif; font-size: var( --e-global-typography-text-font-size ); font-weight: var( --e-global-typography-text-font-weight ); letter-spacing: var( --e-global-typography-text-letter-spacing );\">&#8222;Lassen Sie Dinge in Ihr Leben, die Ihr Herz zum Singen bringen, Ihre Seele n\u00e4hren oder Sie t\u00e4glich erf\u00fcllen.&#8220;<\/span><\/p>\t\t\t\t\t\t\t\t<\/div>\n\t\t\t\t<\/div>\n\t\t\t\t<div class=\"elementor-element elementor-element-d772a29 elementor-align-center elementor-widget elementor-widget-button\" data-id=\"d772a29\" data-element_type=\"widget\" data-e-type=\"widget\" data-widget_type=\"button.default\">\n\t\t\t\t<div class=\"elementor-widget-container\">\n\t\t\t\t\t\t\t\t\t<div class=\"elementor-button-wrapper\">\n\t\t\t\t\t<a class=\"elementor-button elementor-button-link elementor-size-sm\" href=\"https:\/\/www.nattikalife.com\/shop\" target=\"_blank\" rel=\"noopener\">\n\t\t\t\t\t\t<span class=\"elementor-button-content-wrapper\">\n\t\t\t\t\t\t\t\t\t<span class=\"elementor-button-text\">Buy Now<\/span>\n\t\t\t\t\t<\/span>\n\t\t\t\t\t<\/a>\n\t\t\t\t<\/div>\n\t\t\t\t\t\t\t\t<\/div>\n\t\t\t\t<\/div>\n\t\t\t\t\t<\/div>\n\t\t<\/div>\n\t\t\t\t\t<\/div>\n\t\t<\/section>\n\t\t\t\t<section class=\"elementor-section elementor-inner-section elementor-element elementor-element-9941911 elementor-section-boxed elementor-section-height-default elementor-section-height-default\" data-id=\"9941911\" data-element_type=\"section\" data-e-type=\"section\">\n\t\t\t\t\t\t<div class=\"elementor-container elementor-column-gap-default\">\n\t\t\t\t\t<div class=\"elementor-column elementor-col-50 elementor-inner-column elementor-element elementor-element-ba00cc6\" data-id=\"ba00cc6\" data-element_type=\"column\" data-e-type=\"column\">\n\t\t\t<div class=\"elementor-widget-wrap elementor-element-populated\">\n\t\t\t\t\t\t<div class=\"elementor-element elementor-element-e7686fa elementor-widget elementor-widget-image\" data-id=\"e7686fa\" data-element_type=\"widget\" data-e-type=\"widget\" data-widget_type=\"image.default\">\n\t\t\t\t<div class=\"elementor-widget-container\">\n\t\t\t\t\t\t\t\t\t\t\t\t\t\t\t<img decoding=\"async\" width=\"800\" height=\"1000\" src=\"https:\/\/rockholm.com\/wp-content\/uploads\/2022\/08\/ess1.jpg\" class=\"attachment-full size-full wp-image-3289\" alt=\"\" srcset=\"https:\/\/rockholm.com\/wp-content\/uploads\/2022\/08\/ess1.jpg 800w, https:\/\/rockholm.com\/wp-content\/uploads\/2022\/08\/ess1-240x300.jpg 240w, https:\/\/rockholm.com\/wp-content\/uploads\/2022\/08\/ess1-768x960.jpg 768w\" sizes=\"(max-width: 800px) 100vw, 800px\">\t\t\t\t\t\t\t\t\t\t\t\t\t\t\t<\/div>\n\t\t\t\t<\/div>\n\t\t\t\t\t<\/div>\n\t\t<\/div>\n\t\t\t\t<div class=\"elementor-column elementor-col-50 elementor-inner-column elementor-element elementor-element-b746afc\" data-id=\"b746afc\" data-element_type=\"column\" data-e-type=\"column\">\n\t\t\t<div class=\"elementor-widget-wrap elementor-element-populated\">\n\t\t\t\t\t\t<div class=\"elementor-element elementor-element-529962e elementor-widget elementor-widget-image\" data-id=\"529962e\" data-element_type=\"widget\" data-e-type=\"widget\" data-widget_type=\"image.default\">\n\t\t\t\t<div class=\"elementor-widget-container\">\n\t\t\t\t\t\t\t\t\t\t\t\t\t\t\t<img decoding=\"async\" width=\"800\" height=\"1000\" src=\"https:\/\/rockholm.com\/wp-content\/uploads\/2022\/08\/ess2.jpg\" class=\"attachment-full size-full wp-image-3290\" alt=\"\" srcset=\"https:\/\/rockholm.com\/wp-content\/uploads\/2022\/08\/ess2.jpg 800w, https:\/\/rockholm.com\/wp-content\/uploads\/2022\/08\/ess2-240x300.jpg 240w, https:\/\/rockholm.com\/wp-content\/uploads\/2022\/08\/ess2-768x960.jpg 768w\" sizes=\"(max-width: 800px) 100vw, 800px\">\t\t\t\t\t\t\t\t\t\t\t\t\t\t\t<\/div>\n\t\t\t\t<\/div>\n\t\t\t\t\t<\/div>\n\t\t<\/div>\n\t\t\t\t\t<\/div>\n\t\t<\/section>\n\t\t\t\t\t<\/div>\n\t\t<\/div>\n\t\t\t\t\t<\/div>\n\t\t<\/section>\n\t\t\t\t<section class=\"elementor-section elementor-top-section elementor-element elementor-element-d2238b9 elementor-section-boxed elementor-section-height-default elementor-section-height-default\" data-id=\"d2238b9\" data-element_type=\"section\" data-e-type=\"section\">\n\t\t\t\t\t\t<div class=\"elementor-container elementor-column-gap-default\">\n\t\t\t\t\t<div class=\"elementor-column elementor-col-100 elementor-top-column elementor-element elementor-element-c6b3b90\" data-id=\"c6b3b90\" data-element_type=\"column\" data-e-type=\"column\">\n\t\t\t<div class=\"elementor-widget-wrap elementor-element-populated\">\n\t\t\t\t\t\t<div class=\"elementor-element elementor-element-302d624 elementor-widget elementor-widget-heading\" data-id=\"302d624\" data-element_type=\"widget\" data-e-type=\"widget\" data-widget_type=\"heading.default\">\n\t\t\t\t<div class=\"elementor-widget-container\">\n\t\t\t\t\t<h2 class=\"elementor-heading-title elementor-size-default\">faq's<\/h2>\t\t\t\t<\/div>\n\t\t\t\t<\/div>\n\t\t\t\t<div class=\"elementor-element elementor-element-77655d0 elementor-widget elementor-widget-toggle\" data-id=\"77655d0\" data-element_type=\"widget\" data-e-type=\"widget\" data-widget_type=\"toggle.default\">\n\t\t\t\t<div class=\"elementor-widget-container\">\n\t\t\t\t\t\t\t<div class=\"elementor-toggle\">\n\t\t\t\t\t\t\t<div class=\"elementor-toggle-item\">\n\t\t\t\t\t<div id=\"elementor-tab-title-1251\" class=\"elementor-tab-title\" data-tab=\"1\" role=\"button\" aria-controls=\"elementor-tab-content-1251\" aria-expanded=\"false\">\n\t\t\t\t\t\t\t\t\t\t\t\t<span class=\"elementor-toggle-icon elementor-toggle-icon-right\" aria-hidden=\"true\">\n\t\t\t\t\t\t\t\t\t\t\t\t\t\t\t<span class=\"elementor-toggle-icon-closed\"><i class=\"fas fa-caret-right\"><\/i><\/span>\n\t\t\t\t\t\t\t\t<span class=\"elementor-toggle-icon-opened\"><i class=\"elementor-toggle-icon-opened fas fa-caret-up\"><\/i><\/span>\n\t\t\t\t\t\t\t\t\t\t\t\t\t<\/span>\n\t\t\t\t\t\t\t\t\t\t\t\t<a class=\"elementor-toggle-title\" tabindex=\"0\">1. Was ist Nattika Essence und wie unterscheidet es sich von herk\u00f6mmlichen \u00e4therischen \u00d6len?<\/a>\n\t\t\t\t\t<\/div>\n\n\t\t\t\t\t<div id=\"elementor-tab-content-1251\" class=\"elementor-tab-content elementor-clearfix\" data-tab=\"1\" role=\"region\" aria-labelledby=\"elementor-tab-title-1251\"><p><span style=\"font-weight: 400;\">Nattika Essence ist eine speziell entwickelte Mischung \u00e4therischer \u00d6le vom Nattika Life Herbal and Oil Company. Es kombiniert Ayurveda mit Aromatherapie, um das Gleichgewicht von K\u00f6rper und Geist mithilfe gezielter \u00d6lkompositionen f\u00fcr die drei Doshas zu f\u00f6rdern.<\/span><\/p><\/div>\n\t\t\t\t<\/div>\n\t\t\t\t\t\t\t<div class=\"elementor-toggle-item\">\n\t\t\t\t\t<div id=\"elementor-tab-title-1252\" class=\"elementor-tab-title\" data-tab=\"2\" role=\"button\" aria-controls=\"elementor-tab-content-1252\" aria-expanded=\"false\">\n\t\t\t\t\t\t\t\t\t\t\t\t<span class=\"elementor-toggle-icon elementor-toggle-icon-right\" aria-hidden=\"true\">\n\t\t\t\t\t\t\t\t\t\t\t\t\t\t\t<span class=\"elementor-toggle-icon-closed\"><i class=\"fas fa-caret-right\"><\/i><\/span>\n\t\t\t\t\t\t\t\t<span class=\"elementor-toggle-icon-opened\"><i class=\"elementor-toggle-icon-opened fas fa-caret-up\"><\/i><\/span>\n\t\t\t\t\t\t\t\t\t\t\t\t\t<\/span>\n\t\t\t\t\t\t\t\t\t\t\t\t<a class=\"elementor-toggle-title\" tabindex=\"0\">2. Wie hilft Nattika Essence bei Stress und emotionalem Gleichgewicht?<\/a>\n\t\t\t\t\t<\/div>\n\n\t\t\t\t\t<div id=\"elementor-tab-content-1252\" class=\"elementor-tab-content elementor-clearfix\" data-tab=\"2\" role=\"region\" aria-labelledby=\"elementor-tab-title-1252\"><p><span style=\"font-weight: 400;\">Jede \u00d6lmischung in Nattika Essence besitzt einzigartige Eigenschaften, die das emotionale Wohlbefinden f\u00f6rdern. Die nat\u00fcrlichen Aromen helfen beim Stressabbau, f\u00f6rdern die Entspannung und sorgen f\u00fcr geistige Klarheit.<\/span><\/p><\/div>\n\t\t\t\t<\/div>\n\t\t\t\t\t\t\t<div class=\"elementor-toggle-item\">\n\t\t\t\t\t<div id=\"elementor-tab-title-1253\" class=\"elementor-tab-title\" data-tab=\"3\" role=\"button\" aria-controls=\"elementor-tab-content-1253\" aria-expanded=\"false\">\n\t\t\t\t\t\t\t\t\t\t\t\t<span class=\"elementor-toggle-icon elementor-toggle-icon-right\" aria-hidden=\"true\">\n\t\t\t\t\t\t\t\t\t\t\t\t\t\t\t<span class=\"elementor-toggle-icon-closed\"><i class=\"fas fa-caret-right\"><\/i><\/span>\n\t\t\t\t\t\t\t\t<span class=\"elementor-toggle-icon-opened\"><i class=\"elementor-toggle-icon-opened fas fa-caret-up\"><\/i><\/span>\n\t\t\t\t\t\t\t\t\t\t\t\t\t<\/span>\n\t\t\t\t\t\t\t\t\t\t\t\t<a class=\"elementor-toggle-title\" tabindex=\"0\">3. Sind die \u00d6le in Nattika Essence f\u00fcr alle Doshas oder K\u00f6rpertypen geeignet?<\/a>\n\t\t\t\t\t<\/div>\n\n\t\t\t\t\t<div id=\"elementor-tab-content-1253\" class=\"elementor-tab-content elementor-clearfix\" data-tab=\"3\" role=\"region\" aria-labelledby=\"elementor-tab-title-1253\"><p><span style=\"font-weight: 400;\">Ja. Die \u00d6le werden entsprechend der ayurvedischen Prinzipien wie warm, k\u00fchl, trocken oder feucht eingestuft. Dadurch eignen sie sich zur Harmonisierung von Vatha, Pitha oder Kapha \u2013 je nach individuellem Bedarf.<\/span><\/p><\/div>\n\t\t\t\t<\/div>\n\t\t\t\t\t\t\t<div class=\"elementor-toggle-item\">\n\t\t\t\t\t<div id=\"elementor-tab-title-1254\" class=\"elementor-tab-title\" data-tab=\"4\" role=\"button\" aria-controls=\"elementor-tab-content-1254\" aria-expanded=\"false\">\n\t\t\t\t\t\t\t\t\t\t\t\t<span class=\"elementor-toggle-icon elementor-toggle-icon-right\" aria-hidden=\"true\">\n\t\t\t\t\t\t\t\t\t\t\t\t\t\t\t<span class=\"elementor-toggle-icon-closed\"><i class=\"fas fa-caret-right\"><\/i><\/span>\n\t\t\t\t\t\t\t\t<span class=\"elementor-toggle-icon-opened\"><i class=\"elementor-toggle-icon-opened fas fa-caret-up\"><\/i><\/span>\n\t\t\t\t\t\t\t\t\t\t\t\t\t<\/span>\n\t\t\t\t\t\t\t\t\t\t\t\t<a class=\"elementor-toggle-title\" tabindex=\"0\">4. Wie verwende ich die \u00e4therischen \u00d6le aus der Nattika Essence Box richtig?<\/a>\n\t\t\t\t\t<\/div>\n\n\t\t\t\t\t<div id=\"elementor-tab-content-1254\" class=\"elementor-tab-content elementor-clearfix\" data-tab=\"4\" role=\"region\" aria-labelledby=\"elementor-tab-title-1254\"><p><span style=\"font-weight: 400;\">Die \u00d6le k\u00f6nnen in Duftlampen, mit Tr\u00e4ger\u00f6len zur Massage oder f\u00fcr die Inhalation verwendet werden. Beachten Sie stets die empfohlenen Anwendungshinweise entsprechend Ihrer Dosha-Konstitution und dem gew\u00fcnschten Effekt.<\/span><\/p><\/div>\n\t\t\t\t<\/div>\n\t\t\t\t\t\t\t<div class=\"elementor-toggle-item\">\n\t\t\t\t\t<div id=\"elementor-tab-title-1255\" class=\"elementor-tab-title\" data-tab=\"5\" role=\"button\" aria-controls=\"elementor-tab-content-1255\" aria-expanded=\"false\">\n\t\t\t\t\t\t\t\t\t\t\t\t<span class=\"elementor-toggle-icon elementor-toggle-icon-right\" aria-hidden=\"true\">\n\t\t\t\t\t\t\t\t\t\t\t\t\t\t\t<span class=\"elementor-toggle-icon-closed\"><i class=\"fas fa-caret-right\"><\/i><\/span>\n\t\t\t\t\t\t\t\t<span class=\"elementor-toggle-icon-opened\"><i class=\"elementor-toggle-icon-opened fas fa-caret-up\"><\/i><\/span>\n\t\t\t\t\t\t\t\t\t\t\t\t\t<\/span>\n\t\t\t\t\t\t\t\t\t\t\t\t<a class=\"elementor-toggle-title\" tabindex=\"0\">5. Kann ich die Nattika Essence \u00d6le auch auf Reisen mitnehmen?<\/a>\n\t\t\t\t\t<\/div>\n\n\t\t\t\t\t<div id=\"elementor-tab-content-1255\" class=\"elementor-tab-content elementor-clearfix\" data-tab=\"5\" role=\"region\" aria-labelledby=\"elementor-tab-title-1255\"><p><span style=\"font-weight: 400;\">Ja. Die Box enth\u00e4lt zehn kompakte \u00d6lmischungen, die sich leicht transportieren lassen. So k\u00f6nnen Sie Ihre Wellnessroutine auch unterwegs fortsetzen.<\/span><\/p><\/div>\n\t\t\t\t<\/div>\n\t\t\t\t\t\t\t\t<\/div>\n\t\t\t\t\t\t<\/div>\n\t\t\t\t<\/div>\n\t\t\t\t\t<\/div>\n\t\t<\/div>\n\t\t\t\t\t<\/div>\n\t\t<\/section>\n\t\t\t\t<\/div>\n\t\t","protected":false},"excerpt":{"rendered":"<p>OUR PURPOSE Natttika Essence Die Nattika Life Herbal and Oil Company pr\u00e4sentiert Ihnen &#8222;Nattika Essence&#8220;, eine bahnbrechende Innovation, die die Wissenschaft des Ayurveda mit der Aromatherapie vereint. Ayurveda betrachtet die Verwendung von Aromen als ein wichtiges Instrument zur Vorbeugung und Heilung. Einige Pflanzen haben eine sehr hohe Konzentration an \u00e4therischen \u00d6len, die sie zu ihrem [&hellip;]<\/p>\n","protected":false},"author":4,"featured_media":0,"parent":0,"menu_order":0,"comment_status":"closed","ping_status":"closed","template":"elementor_header_footer","meta":{"footnotes":""},"class_list":["post-3358","page","type-page","status-publish","hentry"],"_links":{"self":[{"href":"https:\/\/rockholm.com\/de\/wp-json\/wp\/v2\/pages\/3358","targetHints":{"allow":["GET"]}}],"collection":[{"href":"https:\/\/rockholm.com\/de\/wp-json\/wp\/v2\/pages"}],"about":[{"href":"https:\/\/rockholm.com\/de\/wp-json\/wp\/v2\/types\/page"}],"author":[{"embeddable":true,"href":"https:\/\/rockholm.com\/de\/wp-json\/wp\/v2\/users\/4"}],"replies":[{"embeddable":true,"href":"https:\/\/rockholm.com\/de\/wp-json\/wp\/v2\/comments?post=3358"}],"version-history":[{"count":20,"href":"https:\/\/rockholm.com\/de\/wp-json\/wp\/v2\/pages\/3358\/revisions"}],"predecessor-version":[{"id":8175,"href":"https:\/\/rockholm.com\/de\/wp-json\/wp\/v2\/pages\/3358\/revisions\/8175"}],"wp:attachment":[{"href":"https:\/\/rockholm.com\/de\/wp-json\/wp\/v2\/media?parent=3358"}],"curies":[{"name":"wp","href":"https:\/\/api.w.org\/{rel}","templated":true}]}}