{"id":3346,"date":"2022-07-25T12:05:21","date_gmt":"2022-07-25T12:05:21","guid":{"rendered":"https:\/\/rockholm.com\/treatment-principles\/"},"modified":"2025-09-22T06:40:30","modified_gmt":"2025-09-22T06:40:30","slug":"treatment-principles","status":"publish","type":"page","link":"https:\/\/rockholm.com\/de\/treatment-principles\/","title":{"rendered":"Treatment Principles"},"content":{"rendered":"\t\t<div data-elementor-type=\"wp-page\" data-elementor-id=\"3346\" class=\"elementor elementor-3346 elementor-777\" data-elementor-post-type=\"page\">\n\t\t\t\t\t\t<section class=\"elementor-section elementor-top-section elementor-element elementor-element-1955dfda elementor-section-height-min-height elementor-hidden-mobile elementor-section-boxed elementor-section-height-default elementor-section-items-middle\" data-id=\"1955dfda\" data-element_type=\"section\" data-e-type=\"section\" data-settings=\"{&quot;background_background&quot;:&quot;classic&quot;}\">\n\t\t\t\t\t\t<div class=\"elementor-container elementor-column-gap-default\">\n\t\t\t\t\t<div class=\"elementor-column elementor-col-100 elementor-top-column elementor-element elementor-element-4fdae775\" data-id=\"4fdae775\" data-element_type=\"column\" data-e-type=\"column\">\n\t\t\t<div class=\"elementor-widget-wrap\">\n\t\t\t\t\t\t\t<\/div>\n\t\t<\/div>\n\t\t\t\t\t<\/div>\n\t\t<\/section>\n\t\t\t\t<section class=\"elementor-section elementor-top-section elementor-element elementor-element-49fd4ea elementor-section-full_width elementor-hidden-desktop elementor-hidden-tablet elementor-hidden-mobile elementor-section-height-default elementor-section-height-default\" data-id=\"49fd4ea\" data-element_type=\"section\" data-e-type=\"section\">\n\t\t\t\t\t\t<div class=\"elementor-container elementor-column-gap-default\">\n\t\t\t\t\t<div class=\"elementor-column elementor-col-100 elementor-top-column elementor-element elementor-element-f3ad040\" data-id=\"f3ad040\" data-element_type=\"column\" data-e-type=\"column\">\n\t\t\t<div class=\"elementor-widget-wrap elementor-element-populated\">\n\t\t\t\t\t\t<div class=\"elementor-element elementor-element-1f75c16 elementor-widget elementor-widget-image\" data-id=\"1f75c16\" data-element_type=\"widget\" data-e-type=\"widget\" data-widget_type=\"image.default\">\n\t\t\t\t<div class=\"elementor-widget-container\">\n\t\t\t\t\t\t\t\t\t\t\t\t\t\t\t<img fetchpriority=\"high\" decoding=\"async\" width=\"585\" height=\"956\" src=\"https:\/\/rockholm.com\/wp-content\/uploads\/2022\/08\/ayurveda.jpg\" class=\"attachment-full size-full wp-image-3240\" alt=\"\" srcset=\"https:\/\/rockholm.com\/wp-content\/uploads\/2022\/08\/ayurveda.jpg 585w, https:\/\/rockholm.com\/wp-content\/uploads\/2022\/08\/ayurveda-184x300.jpg 184w\" sizes=\"(max-width: 585px) 100vw, 585px\">\t\t\t\t\t\t\t\t\t\t\t\t\t\t\t<\/div>\n\t\t\t\t<\/div>\n\t\t\t\t\t<\/div>\n\t\t<\/div>\n\t\t\t\t\t<\/div>\n\t\t<\/section>\n\t\t\t\t<section class=\"elementor-section elementor-top-section elementor-element elementor-element-57c0bad9 elementor-section-boxed elementor-section-height-default elementor-section-height-default\" data-id=\"57c0bad9\" data-element_type=\"section\" data-e-type=\"section\">\n\t\t\t\t\t\t<div class=\"elementor-container elementor-column-gap-wide\">\n\t\t\t\t\t<div class=\"elementor-column elementor-col-33 elementor-top-column elementor-element elementor-element-5f21e2cd\" data-id=\"5f21e2cd\" data-element_type=\"column\" data-e-type=\"column\">\n\t\t\t<div class=\"elementor-widget-wrap elementor-element-populated\">\n\t\t\t\t\t\t<section class=\"elementor-section elementor-inner-section elementor-element elementor-element-6774f824 elementor-section-boxed elementor-section-height-default elementor-section-height-default\" data-id=\"6774f824\" data-element_type=\"section\" data-e-type=\"section\" data-settings=\"{&quot;sticky&quot;:&quot;top&quot;,&quot;sticky_on&quot;:[&quot;desktop&quot;],&quot;sticky_offset&quot;:20,&quot;sticky_parent&quot;:&quot;yes&quot;,&quot;sticky_effects_offset&quot;:0,&quot;sticky_anchor_link_offset&quot;:0}\">\n\t\t\t\t\t\t<div class=\"elementor-container elementor-column-gap-default\">\n\t\t\t\t\t<div class=\"elementor-column elementor-col-100 elementor-inner-column elementor-element elementor-element-55f6ed5\" data-id=\"55f6ed5\" data-element_type=\"column\" data-e-type=\"column\">\n\t\t\t<div class=\"elementor-widget-wrap elementor-element-populated\">\n\t\t\t\t\t\t<div class=\"elementor-element elementor-element-21b8f6f2 elementor-widget elementor-widget-heading\" data-id=\"21b8f6f2\" data-element_type=\"widget\" data-e-type=\"widget\" data-widget_type=\"heading.default\">\n\t\t\t\t<div class=\"elementor-widget-container\">\n\t\t\t\t\t<h5 class=\"elementor-heading-title elementor-size-default\">Our Purpose<\/h5>\t\t\t\t<\/div>\n\t\t\t\t<\/div>\n\t\t\t\t<div class=\"elementor-element elementor-element-718ba2ce elementor-nav-menu--dropdown-none elementor-widget elementor-widget-nav-menu\" data-id=\"718ba2ce\" data-element_type=\"widget\" data-e-type=\"widget\" data-settings=\"{&quot;layout&quot;:&quot;vertical&quot;,&quot;submenu_icon&quot;:{&quot;value&quot;:&quot;&lt;i class=\\&quot;fas fa-caret-down\\&quot; aria-hidden=\\&quot;true\\&quot;&gt;&lt;\\\/i&gt;&quot;,&quot;library&quot;:&quot;fa-solid&quot;}}\" data-widget_type=\"nav-menu.default\">\n\t\t\t\t<div class=\"elementor-widget-container\">\n\t\t\t\t\t\t\t\t<nav aria-label=\"Men\u00fc\" class=\"elementor-nav-menu--main elementor-nav-menu__container elementor-nav-menu--layout-vertical e--pointer-none\">\n\t\t\t\t<ul id=\"menu-1-718ba2ce\" class=\"elementor-nav-menu sm-vertical\"><li class=\"menu-item menu-item-type-post_type menu-item-object-page menu-item-773\"><a href=\"https:\/\/rockholm.com\/ayurveda-philosophy\/\" class=\"elementor-item\">Ayurveda Philosophy<\/a><\/li>\n<li class=\"menu-item menu-item-type-post_type menu-item-object-page menu-item-800\"><a href=\"https:\/\/rockholm.com\/rockholm-ayurveda-center-resort\/\" class=\"elementor-item\">Rockholm Ayurveda Center<\/a><\/li>\n<li class=\"menu-item menu-item-type-post_type menu-item-object-page menu-item-788\"><a href=\"https:\/\/rockholm.com\/treatment-principles\/\" class=\"elementor-item\">Treatment Principles<\/a><\/li>\n<li class=\"menu-item menu-item-type-post_type menu-item-object-page menu-item-805\"><a href=\"https:\/\/rockholm.com\/our-methodology-of-healing-body-mind-and-soul\/\" class=\"elementor-item\">Our Methodology of Healing Body, Mind and Soul<\/a><\/li>\n<li class=\"menu-item menu-item-type-post_type menu-item-object-page menu-item-815\"><a href=\"https:\/\/rockholm.com\/yoga-program\/\" class=\"elementor-item\">Yoga<\/a><\/li>\n<li class=\"menu-item menu-item-type-post_type menu-item-object-page menu-item-814\"><a href=\"https:\/\/rockholm.com\/daily-yoga-programs-resort-yoga-resort-in-tvm\/\" class=\"elementor-item\">Daily Yoga Programs<\/a><\/li>\n<li class=\"menu-item menu-item-type-post_type menu-item-object-page menu-item-822\"><a href=\"https:\/\/rockholm.com\/ayurveda-cuisine\/\" class=\"elementor-item\">Cuisine<\/a><\/li>\n<li class=\"menu-item menu-item-type-post_type menu-item-object-page menu-item-838\"><a href=\"https:\/\/rockholm.com\/nattika-life\/\" class=\"elementor-item\">Nattika Life<\/a><\/li>\n<li class=\"menu-item menu-item-type-post_type menu-item-object-page menu-item-837\"><a href=\"https:\/\/rockholm.com\/nattika-essence\/\" class=\"elementor-item\">Nattika Essence<\/a><\/li>\n<\/ul>\t\t\t<\/nav>\n\t\t\t\t\t\t<nav class=\"elementor-nav-menu--dropdown elementor-nav-menu__container\" aria-hidden=\"true\">\n\t\t\t\t<ul id=\"menu-2-718ba2ce\" class=\"elementor-nav-menu sm-vertical\"><li class=\"menu-item menu-item-type-post_type menu-item-object-page menu-item-773\"><a href=\"https:\/\/rockholm.com\/ayurveda-philosophy\/\" class=\"elementor-item\" tabindex=\"-1\">Ayurveda Philosophy<\/a><\/li>\n<li class=\"menu-item menu-item-type-post_type menu-item-object-page menu-item-800\"><a href=\"https:\/\/rockholm.com\/rockholm-ayurveda-center-resort\/\" class=\"elementor-item\" tabindex=\"-1\">Rockholm Ayurveda Center<\/a><\/li>\n<li class=\"menu-item menu-item-type-post_type menu-item-object-page menu-item-788\"><a href=\"https:\/\/rockholm.com\/treatment-principles\/\" class=\"elementor-item\" tabindex=\"-1\">Treatment Principles<\/a><\/li>\n<li class=\"menu-item menu-item-type-post_type menu-item-object-page menu-item-805\"><a href=\"https:\/\/rockholm.com\/our-methodology-of-healing-body-mind-and-soul\/\" class=\"elementor-item\" tabindex=\"-1\">Our Methodology of Healing Body, Mind and Soul<\/a><\/li>\n<li class=\"menu-item menu-item-type-post_type menu-item-object-page menu-item-815\"><a href=\"https:\/\/rockholm.com\/yoga-program\/\" class=\"elementor-item\" tabindex=\"-1\">Yoga<\/a><\/li>\n<li class=\"menu-item menu-item-type-post_type menu-item-object-page menu-item-814\"><a href=\"https:\/\/rockholm.com\/daily-yoga-programs-resort-yoga-resort-in-tvm\/\" class=\"elementor-item\" tabindex=\"-1\">Daily Yoga Programs<\/a><\/li>\n<li class=\"menu-item menu-item-type-post_type menu-item-object-page menu-item-822\"><a href=\"https:\/\/rockholm.com\/ayurveda-cuisine\/\" class=\"elementor-item\" tabindex=\"-1\">Cuisine<\/a><\/li>\n<li class=\"menu-item menu-item-type-post_type menu-item-object-page menu-item-838\"><a href=\"https:\/\/rockholm.com\/nattika-life\/\" class=\"elementor-item\" tabindex=\"-1\">Nattika Life<\/a><\/li>\n<li class=\"menu-item menu-item-type-post_type menu-item-object-page menu-item-837\"><a href=\"https:\/\/rockholm.com\/nattika-essence\/\" class=\"elementor-item\" tabindex=\"-1\">Nattika Essence<\/a><\/li>\n<\/ul>\t\t\t<\/nav>\n\t\t\t\t\t\t<\/div>\n\t\t\t\t<\/div>\n\t\t\t\t\t<\/div>\n\t\t<\/div>\n\t\t\t\t\t<\/div>\n\t\t<\/section>\n\t\t\t\t\t<\/div>\n\t\t<\/div>\n\t\t\t\t<div class=\"elementor-column elementor-col-66 elementor-top-column elementor-element elementor-element-61bc93be\" data-id=\"61bc93be\" data-element_type=\"column\" data-e-type=\"column\">\n\t\t\t<div class=\"elementor-widget-wrap elementor-element-populated\">\n\t\t\t\t\t\t<section class=\"elementor-section elementor-inner-section elementor-element elementor-element-1cb75112 elementor-section-boxed elementor-section-height-default elementor-section-height-default\" data-id=\"1cb75112\" data-element_type=\"section\" data-e-type=\"section\">\n\t\t\t\t\t\t<div class=\"elementor-container elementor-column-gap-default\">\n\t\t\t\t\t<div class=\"elementor-column elementor-col-100 elementor-inner-column elementor-element elementor-element-7dc31604\" data-id=\"7dc31604\" data-element_type=\"column\" data-e-type=\"column\">\n\t\t\t<div class=\"elementor-widget-wrap elementor-element-populated\">\n\t\t\t\t\t\t<div class=\"elementor-element elementor-element-5489a0e7 elementor-widget elementor-widget-heading\" data-id=\"5489a0e7\" data-element_type=\"widget\" data-e-type=\"widget\" data-widget_type=\"heading.default\">\n\t\t\t\t<div class=\"elementor-widget-container\">\n\t\t\t\t\t<h1 class=\"elementor-heading-title elementor-size-default\">Behandlungsgrunds\u00e4tze<\/h1>\t\t\t\t<\/div>\n\t\t\t\t<\/div>\n\t\t\t\t<div class=\"elementor-element elementor-element-901b7ef elementor-widget elementor-widget-text-editor\" data-id=\"901b7ef\" data-element_type=\"widget\" data-e-type=\"widget\" data-widget_type=\"text-editor.default\">\n\t\t\t\t<div class=\"elementor-widget-container\">\n\t\t\t\t\t\t\t\t\t<p>Das Behandlungsprogramm f\u00fcr jeden Gast ist einzigartig und wird von unseren \u00c4rzten erst nach einer ausf\u00fchrlichen Konsultation, unter Ber\u00fccksichtigung der vorliegenden Beschwerden, der Analyse des Ungleichgewichts der Doshas, der K\u00f6rperkonstitution und der geistigen Gesundheit erstellt.<\/p><p>W\u00e4hrend der ersten Konsultation erfragen unsere \u00c4rzte Ihre Krankengeschichte und f\u00fchren die auf Ayurveda basierenden Untersuchungen durch (Darshana &#8211; Inspektion und Beobachtung, Sparshana &#8211; Abtasten, Reinigung, Auskultation, Prashna &#8211; Befragung zum allgemeinen Gesundheitszustand mit besonderem Augenmerk auf Ihren Lebensstil, Ihre Ern\u00e4hrung, Gewohnheiten und Ihr Umfeld).<\/p><p>Auf der Grundlage dieser Beurteilung analysiert unser Arzt das Ungleichgewicht der Doshas<\/p><p>(Vikruthi) und die Konstitution Ihres K\u00f6rpers (Prakriti).<\/p><p>Er plant die Behandlungen auf der Grundlage des Vikruthi, um die angesammelten Giftstoffe zu entfernen, die die Hauptursache f\u00fcr Krankheiten sind.<\/p><p>Die Echtheit der Behandlungen und die Authentizit\u00e4t des Behandlungsplans, wie er in den klassischen Ayurveda-Texten vorgeschrieben ist, werden niemals in Frage gestellt.<\/p><p>Die Behandlung wird von einem Ern\u00e4hrungsplan begleitet, der zu den Beschwerden (vikruthi) und den Behandlungen passt und die Konstitution ber\u00fccksichtigt (prakruthi). Die Ern\u00e4hrungsempfehlungen werden auch an <a href=\"https:\/\/rockholm.com\/de\/cuisine\/\">das Restaurant und die K\u00fcche<\/a> weitergegeben. Die Behandlung, der Ern\u00e4hrungsplan, die Medikamente f\u00fcr die regelm\u00e4\u00dfige Behandlung und die Sprechstundenzeiten werden den G\u00e4sten mitgeteilt. Je nach Fortschritt und Zustand w\u00e4hrend des Kurses k\u00f6nnen jedoch \u00c4nderungen am Behandlungsprogramm vorgenommen werden. W\u00e4hrend manchen Therapien m\u00fcssen einige Aktivit\u00e4ten eingeschr\u00e4nkt werden, was ebenfalls vom Arzt mitgeteilt wird.<\/p><p><strong>Alle Patientendaten werden privat und vertraulich behandelt.<\/strong><\/p><p>Die f\u00fcr die <a href=\"https:\/\/rockholm.com\/de\/ayurvedische-medikamente-und-ihre-wirksamkeit\/\">Behandlung verwendeten Medikamente <\/a>sind die besten, die erh\u00e4ltlich sind und erf\u00fcllen die GMP- und ISO-Normen. Es werden sowohl traditionelle Pr\u00e4parate als auch neue <a href=\"https:\/\/rockholm.com\/blogs\/entspannenisie-sich-bei-ayurvedischen-therapien-in-rockholm.html\">ayurvedische Therapie <\/a>for men wie Kapseln und Extrakte verwendet.<\/p><p>Auch die <a href=\"https:\/\/rockholm.com\/de\/yoga\/\">Yoga-Asanas<\/a> werden in Absprache mit den <a href=\"https:\/\/rockholm.com\/de\/the-team\/\">\u00c4rzten und Yogameistern<\/a> nach den individuellen Bed\u00fcrfnissen ausgew\u00e4hlt. Die Behandlungs- und Sprechzeiten werden t\u00e4glich festgelegt.<\/p>\t\t\t\t\t\t\t\t<\/div>\n\t\t\t\t<\/div>\n\t\t\t\t\t<\/div>\n\t\t<\/div>\n\t\t\t\t\t<\/div>\n\t\t<\/section>\n\t\t\t\t<section class=\"elementor-section elementor-inner-section elementor-element elementor-element-66fc011 elementor-section-boxed elementor-section-height-default elementor-section-height-default\" data-id=\"66fc011\" data-element_type=\"section\" data-e-type=\"section\">\n\t\t\t\t\t\t<div class=\"elementor-container elementor-column-gap-default\">\n\t\t\t\t\t<div class=\"elementor-column elementor-col-50 elementor-inner-column elementor-element elementor-element-9e99e71\" data-id=\"9e99e71\" data-element_type=\"column\" data-e-type=\"column\">\n\t\t\t<div class=\"elementor-widget-wrap elementor-element-populated\">\n\t\t\t\t\t\t<div class=\"elementor-element elementor-element-6a00496 elementor-widget elementor-widget-image\" data-id=\"6a00496\" data-element_type=\"widget\" data-e-type=\"widget\" data-widget_type=\"image.default\">\n\t\t\t\t<div class=\"elementor-widget-container\">\n\t\t\t\t\t\t\t\t\t\t\t\t\t\t\t<img decoding=\"async\" width=\"1000\" height=\"1000\" src=\"https:\/\/rockholm.com\/wp-content\/uploads\/2022\/08\/treat1.jpg\" class=\"attachment-full size-full wp-image-3249\" alt=\"\" srcset=\"https:\/\/rockholm.com\/wp-content\/uploads\/2022\/08\/treat1.jpg 1000w, https:\/\/rockholm.com\/wp-content\/uploads\/2022\/08\/treat1-300x300.jpg 300w, https:\/\/rockholm.com\/wp-content\/uploads\/2022\/08\/treat1-150x150.jpg 150w, https:\/\/rockholm.com\/wp-content\/uploads\/2022\/08\/treat1-768x768.jpg 768w\" sizes=\"(max-width: 1000px) 100vw, 1000px\">\t\t\t\t\t\t\t\t\t\t\t\t\t\t\t<\/div>\n\t\t\t\t<\/div>\n\t\t\t\t\t<\/div>\n\t\t<\/div>\n\t\t\t\t<div class=\"elementor-column elementor-col-50 elementor-inner-column elementor-element elementor-element-b3432d2\" data-id=\"b3432d2\" data-element_type=\"column\" data-e-type=\"column\">\n\t\t\t<div class=\"elementor-widget-wrap elementor-element-populated\">\n\t\t\t\t\t\t<div class=\"elementor-element elementor-element-f984102 elementor-widget elementor-widget-image\" data-id=\"f984102\" data-element_type=\"widget\" data-e-type=\"widget\" data-widget_type=\"image.default\">\n\t\t\t\t<div class=\"elementor-widget-container\">\n\t\t\t\t\t\t\t\t\t\t\t\t\t\t\t<img decoding=\"async\" width=\"1000\" height=\"1000\" src=\"https:\/\/rockholm.com\/wp-content\/uploads\/2022\/08\/treat2.jpg\" class=\"attachment-full size-full wp-image-3250\" alt=\"\" srcset=\"https:\/\/rockholm.com\/wp-content\/uploads\/2022\/08\/treat2.jpg 1000w, https:\/\/rockholm.com\/wp-content\/uploads\/2022\/08\/treat2-300x300.jpg 300w, https:\/\/rockholm.com\/wp-content\/uploads\/2022\/08\/treat2-150x150.jpg 150w, https:\/\/rockholm.com\/wp-content\/uploads\/2022\/08\/treat2-768x768.jpg 768w\" sizes=\"(max-width: 1000px) 100vw, 1000px\">\t\t\t\t\t\t\t\t\t\t\t\t\t\t\t<\/div>\n\t\t\t\t<\/div>\n\t\t\t\t\t<\/div>\n\t\t<\/div>\n\t\t\t\t\t<\/div>\n\t\t<\/section>\n\t\t\t\t\t<\/div>\n\t\t<\/div>\n\t\t\t\t\t<\/div>\n\t\t<\/section>\n\t\t\t\t<section class=\"elementor-section elementor-top-section elementor-element elementor-element-ca0786c elementor-section-boxed elementor-section-height-default elementor-section-height-default\" data-id=\"ca0786c\" data-element_type=\"section\" data-e-type=\"section\">\n\t\t\t\t\t\t<div class=\"elementor-container elementor-column-gap-default\">\n\t\t\t\t\t<div class=\"elementor-column elementor-col-100 elementor-top-column elementor-element elementor-element-f569273\" data-id=\"f569273\" data-element_type=\"column\" data-e-type=\"column\">\n\t\t\t<div class=\"elementor-widget-wrap elementor-element-populated\">\n\t\t\t\t\t\t<div class=\"elementor-element elementor-element-0d61bc5 elementor-widget elementor-widget-heading\" data-id=\"0d61bc5\" data-element_type=\"widget\" data-e-type=\"widget\" data-widget_type=\"heading.default\">\n\t\t\t\t<div class=\"elementor-widget-container\">\n\t\t\t\t\t<h2 class=\"elementor-heading-title elementor-size-default\">faq's<\/h2>\t\t\t\t<\/div>\n\t\t\t\t<\/div>\n\t\t\t\t<div class=\"elementor-element elementor-element-ec813ff elementor-widget elementor-widget-toggle\" data-id=\"ec813ff\" data-element_type=\"widget\" data-e-type=\"widget\" data-widget_type=\"toggle.default\">\n\t\t\t\t<div class=\"elementor-widget-container\">\n\t\t\t\t\t\t\t<div class=\"elementor-toggle\">\n\t\t\t\t\t\t\t<div class=\"elementor-toggle-item\">\n\t\t\t\t\t<div id=\"elementor-tab-title-2471\" class=\"elementor-tab-title\" data-tab=\"1\" role=\"button\" aria-controls=\"elementor-tab-content-2471\" aria-expanded=\"false\">\n\t\t\t\t\t\t\t\t\t\t\t\t<span class=\"elementor-toggle-icon elementor-toggle-icon-right\" aria-hidden=\"true\">\n\t\t\t\t\t\t\t\t\t\t\t\t\t\t\t<span class=\"elementor-toggle-icon-closed\"><i class=\"fas fa-caret-right\"><\/i><\/span>\n\t\t\t\t\t\t\t\t<span class=\"elementor-toggle-icon-opened\"><i class=\"elementor-toggle-icon-opened fas fa-caret-up\"><\/i><\/span>\n\t\t\t\t\t\t\t\t\t\t\t\t\t<\/span>\n\t\t\t\t\t\t\t\t\t\t\t\t<a class=\"elementor-toggle-title\" tabindex=\"0\">1. Was sind die grundlegenden Behandlungsprinzipien bei Rockholm?<\/a>\n\t\t\t\t\t<\/div>\n\n\t\t\t\t\t<div id=\"elementor-tab-content-2471\" class=\"elementor-tab-content elementor-clearfix\" data-tab=\"1\" role=\"region\" aria-labelledby=\"elementor-tab-title-2471\"><p><span style=\"font-weight: 400;\">Die Rockholm-Behandlungen basieren auf dem klassischen ayurvedischen System und konzentrieren sich auf Entgiftung, Verj\u00fcngung und Lebensstilkorrekturen, die auf individuelle Dosha-Ungleichgewichte zugeschnitten sind.<\/span><\/p><\/div>\n\t\t\t\t<\/div>\n\t\t\t\t\t\t\t<div class=\"elementor-toggle-item\">\n\t\t\t\t\t<div id=\"elementor-tab-title-2472\" class=\"elementor-tab-title\" data-tab=\"2\" role=\"button\" aria-controls=\"elementor-tab-content-2472\" aria-expanded=\"false\">\n\t\t\t\t\t\t\t\t\t\t\t\t<span class=\"elementor-toggle-icon elementor-toggle-icon-right\" aria-hidden=\"true\">\n\t\t\t\t\t\t\t\t\t\t\t\t\t\t\t<span class=\"elementor-toggle-icon-closed\"><i class=\"fas fa-caret-right\"><\/i><\/span>\n\t\t\t\t\t\t\t\t<span class=\"elementor-toggle-icon-opened\"><i class=\"elementor-toggle-icon-opened fas fa-caret-up\"><\/i><\/span>\n\t\t\t\t\t\t\t\t\t\t\t\t\t<\/span>\n\t\t\t\t\t\t\t\t\t\t\t\t<a class=\"elementor-toggle-title\" tabindex=\"0\">2. Sind die Behandlungen bei Rockholm sicher f\u00fcr Ayurveda-Neulinge?<\/a>\n\t\t\t\t\t<\/div>\n\n\t\t\t\t\t<div id=\"elementor-tab-content-2472\" class=\"elementor-tab-content elementor-clearfix\" data-tab=\"2\" role=\"region\" aria-labelledby=\"elementor-tab-title-2472\"><p><span style=\"font-weight: 400;\">Ja. Alle Therapien werden nach einer professionellen Beurteilung verschrieben und unter fachkundiger Aufsicht durchgef\u00fchrt, um sowohl Sicherheit als auch Wirksamkeit zu gew\u00e4hrleisten.<\/span><\/p><\/div>\n\t\t\t\t<\/div>\n\t\t\t\t\t\t\t<div class=\"elementor-toggle-item\">\n\t\t\t\t\t<div id=\"elementor-tab-title-2473\" class=\"elementor-tab-title\" data-tab=\"3\" role=\"button\" aria-controls=\"elementor-tab-content-2473\" aria-expanded=\"false\">\n\t\t\t\t\t\t\t\t\t\t\t\t<span class=\"elementor-toggle-icon elementor-toggle-icon-right\" aria-hidden=\"true\">\n\t\t\t\t\t\t\t\t\t\t\t\t\t\t\t<span class=\"elementor-toggle-icon-closed\"><i class=\"fas fa-caret-right\"><\/i><\/span>\n\t\t\t\t\t\t\t\t<span class=\"elementor-toggle-icon-opened\"><i class=\"elementor-toggle-icon-opened fas fa-caret-up\"><\/i><\/span>\n\t\t\t\t\t\t\t\t\t\t\t\t\t<\/span>\n\t\t\t\t\t\t\t\t\t\t\t\t<a class=\"elementor-toggle-title\" tabindex=\"0\">3. Wie sind die Behandlungspl\u00e4ne in Rockholm aufgebaut?<\/a>\n\t\t\t\t\t<\/div>\n\n\t\t\t\t\t<div id=\"elementor-tab-content-2473\" class=\"elementor-tab-content elementor-clearfix\" data-tab=\"3\" role=\"region\" aria-labelledby=\"elementor-tab-title-2473\"><p><span style=\"font-weight: 400;\">Die Pl\u00e4ne werden nach der Konsultation individuell angepasst und k\u00f6nnen je nach den gesundheitlichen Bed\u00fcrfnissen des Gastes Therapien wie Abhyanga, Pizhichil, Nasya und mehr umfassen.<\/span><\/p><\/div>\n\t\t\t\t<\/div>\n\t\t\t\t\t\t\t<div class=\"elementor-toggle-item\">\n\t\t\t\t\t<div id=\"elementor-tab-title-2474\" class=\"elementor-tab-title\" data-tab=\"4\" role=\"button\" aria-controls=\"elementor-tab-content-2474\" aria-expanded=\"false\">\n\t\t\t\t\t\t\t\t\t\t\t\t<span class=\"elementor-toggle-icon elementor-toggle-icon-right\" aria-hidden=\"true\">\n\t\t\t\t\t\t\t\t\t\t\t\t\t\t\t<span class=\"elementor-toggle-icon-closed\"><i class=\"fas fa-caret-right\"><\/i><\/span>\n\t\t\t\t\t\t\t\t<span class=\"elementor-toggle-icon-opened\"><i class=\"elementor-toggle-icon-opened fas fa-caret-up\"><\/i><\/span>\n\t\t\t\t\t\t\t\t\t\t\t\t\t<\/span>\n\t\t\t\t\t\t\t\t\t\t\t\t<a class=\"elementor-toggle-title\" tabindex=\"0\">4. Wird Panchakarma im Rockholm angeboten?<\/a>\n\t\t\t\t\t<\/div>\n\n\t\t\t\t\t<div id=\"elementor-tab-content-2474\" class=\"elementor-tab-content elementor-clearfix\" data-tab=\"4\" role=\"region\" aria-labelledby=\"elementor-tab-title-2474\"><p><span style=\"font-weight: 400;\">Ja, Panchakarma ist ein wichtiger Bestandteil des Entgiftungsprozesses in Rockholm, wird aber nur nach gr\u00fcndlicher Untersuchung und bei Eignung empfohlen.<\/span><\/p><\/div>\n\t\t\t\t<\/div>\n\t\t\t\t\t\t\t<div class=\"elementor-toggle-item\">\n\t\t\t\t\t<div id=\"elementor-tab-title-2475\" class=\"elementor-tab-title\" data-tab=\"5\" role=\"button\" aria-controls=\"elementor-tab-content-2475\" aria-expanded=\"false\">\n\t\t\t\t\t\t\t\t\t\t\t\t<span class=\"elementor-toggle-icon elementor-toggle-icon-right\" aria-hidden=\"true\">\n\t\t\t\t\t\t\t\t\t\t\t\t\t\t\t<span class=\"elementor-toggle-icon-closed\"><i class=\"fas fa-caret-right\"><\/i><\/span>\n\t\t\t\t\t\t\t\t<span class=\"elementor-toggle-icon-opened\"><i class=\"elementor-toggle-icon-opened fas fa-caret-up\"><\/i><\/span>\n\t\t\t\t\t\t\t\t\t\t\t\t\t<\/span>\n\t\t\t\t\t\t\t\t\t\t\t\t<a class=\"elementor-toggle-title\" tabindex=\"0\">5. Wie stellt Rockholm die Authentizit\u00e4t seiner Therapien sicher?<\/a>\n\t\t\t\t\t<\/div>\n\n\t\t\t\t\t<div id=\"elementor-tab-content-2475\" class=\"elementor-tab-content elementor-clearfix\" data-tab=\"5\" role=\"region\" aria-labelledby=\"elementor-tab-title-2475\"><p><span style=\"font-weight: 400;\">Die Therapeuten sind in den klassischen Methoden ausgebildet, und alle \u00d6le und Rezepturen werden <\/span><span style=\"font-weight: 400;\">werden gem\u00e4\u00df den ayurvedischen Texten zubereitet, um die Integrit\u00e4t der Behandlung zu gew\u00e4hrleisten.<\/span><\/p><\/div>\n\t\t\t\t<\/div>\n\t\t\t\t\t\t\t\t<\/div>\n\t\t\t\t\t\t<\/div>\n\t\t\t\t<\/div>\n\t\t\t\t\t<\/div>\n\t\t<\/div>\n\t\t\t\t\t<\/div>\n\t\t<\/section>\n\t\t\t\t<\/div>\n\t\t","protected":false},"excerpt":{"rendered":"<p>Our Purpose Behandlungsgrunds\u00e4tze Das Behandlungsprogramm f\u00fcr jeden Gast ist einzigartig und wird von unseren \u00c4rzten erst nach einer ausf\u00fchrlichen Konsultation, unter Ber\u00fccksichtigung der vorliegenden Beschwerden, der Analyse des Ungleichgewichts der Doshas, der K\u00f6rperkonstitution und der geistigen Gesundheit erstellt. W\u00e4hrend der ersten Konsultation erfragen unsere \u00c4rzte Ihre Krankengeschichte und f\u00fchren die auf Ayurveda basierenden Untersuchungen durch [&hellip;]<\/p>\n","protected":false},"author":4,"featured_media":0,"parent":0,"menu_order":0,"comment_status":"closed","ping_status":"closed","template":"elementor_header_footer","meta":{"footnotes":""},"class_list":["post-3346","page","type-page","status-publish","hentry"],"_links":{"self":[{"href":"https:\/\/rockholm.com\/de\/wp-json\/wp\/v2\/pages\/3346","targetHints":{"allow":["GET"]}}],"collection":[{"href":"https:\/\/rockholm.com\/de\/wp-json\/wp\/v2\/pages"}],"about":[{"href":"https:\/\/rockholm.com\/de\/wp-json\/wp\/v2\/types\/page"}],"author":[{"embeddable":true,"href":"https:\/\/rockholm.com\/de\/wp-json\/wp\/v2\/users\/4"}],"replies":[{"embeddable":true,"href":"https:\/\/rockholm.com\/de\/wp-json\/wp\/v2\/comments?post=3346"}],"version-history":[{"count":26,"href":"https:\/\/rockholm.com\/de\/wp-json\/wp\/v2\/pages\/3346\/revisions"}],"predecessor-version":[{"id":8710,"href":"https:\/\/rockholm.com\/de\/wp-json\/wp\/v2\/pages\/3346\/revisions\/8710"}],"wp:attachment":[{"href":"https:\/\/rockholm.com\/de\/wp-json\/wp\/v2\/media?parent=3346"}],"curies":[{"name":"wp","href":"https:\/\/api.w.org\/{rel}","templated":true}]}}