{"id":3334,"date":"2022-07-25T11:33:58","date_gmt":"2022-07-25T11:33:58","guid":{"rendered":"https:\/\/rockholm.com\/time-to-visit\/"},"modified":"2026-04-24T12:22:39","modified_gmt":"2026-04-24T12:22:39","slug":"time-to-visit","status":"publish","type":"page","link":"https:\/\/rockholm.com\/de\/time-to-visit\/","title":{"rendered":"Time to Visit"},"content":{"rendered":"\t\t<div data-elementor-type=\"wp-page\" data-elementor-id=\"3334\" class=\"elementor elementor-3334 elementor-754\" data-elementor-post-type=\"page\">\n\t\t\t\t\t\t<section class=\"elementor-section elementor-top-section elementor-element elementor-element-71c4ac76 elementor-section-height-min-height elementor-hidden-mobile elementor-section-boxed elementor-section-height-default elementor-section-items-middle\" data-id=\"71c4ac76\" data-element_type=\"section\" data-e-type=\"section\" data-settings=\"{&quot;background_background&quot;:&quot;classic&quot;}\">\n\t\t\t\t\t\t<div class=\"elementor-container elementor-column-gap-default\">\n\t\t\t\t\t<div class=\"elementor-column elementor-col-100 elementor-top-column elementor-element elementor-element-628a8c44\" data-id=\"628a8c44\" data-element_type=\"column\" data-e-type=\"column\">\n\t\t\t<div class=\"elementor-widget-wrap\">\n\t\t\t\t\t\t\t<\/div>\n\t\t<\/div>\n\t\t\t\t\t<\/div>\n\t\t<\/section>\n\t\t\t\t<section class=\"elementor-section elementor-top-section elementor-element elementor-element-ba12dc0 elementor-section-full_width elementor-hidden-desktop elementor-hidden-tablet elementor-hidden-mobile elementor-section-height-default elementor-section-height-default\" data-id=\"ba12dc0\" data-element_type=\"section\" data-e-type=\"section\">\n\t\t\t\t\t\t<div class=\"elementor-container elementor-column-gap-default\">\n\t\t\t\t\t<div class=\"elementor-column elementor-col-100 elementor-top-column elementor-element elementor-element-391e4cd\" data-id=\"391e4cd\" data-element_type=\"column\" data-e-type=\"column\">\n\t\t\t<div class=\"elementor-widget-wrap elementor-element-populated\">\n\t\t\t\t\t\t<div class=\"elementor-element elementor-element-491ebb6 elementor-widget elementor-widget-image\" data-id=\"491ebb6\" data-element_type=\"widget\" data-e-type=\"widget\" data-widget_type=\"image.default\">\n\t\t\t\t<div class=\"elementor-widget-container\">\n\t\t\t\t\t\t\t\t\t\t\t\t\t\t\t<img fetchpriority=\"high\" decoding=\"async\" width=\"585\" height=\"956\" src=\"https:\/\/rockholm.com\/wp-content\/uploads\/2022\/08\/exterior-1.jpg\" class=\"attachment-full size-full wp-image-3237\" alt=\"\" srcset=\"https:\/\/rockholm.com\/wp-content\/uploads\/2022\/08\/exterior-1.jpg 585w, https:\/\/rockholm.com\/wp-content\/uploads\/2022\/08\/exterior-1-184x300.jpg 184w\" sizes=\"(max-width: 585px) 100vw, 585px\">\t\t\t\t\t\t\t\t\t\t\t\t\t\t\t<\/div>\n\t\t\t\t<\/div>\n\t\t\t\t\t<\/div>\n\t\t<\/div>\n\t\t\t\t\t<\/div>\n\t\t<\/section>\n\t\t\t\t<section class=\"elementor-section elementor-top-section elementor-element elementor-element-28124d5e elementor-section-boxed elementor-section-height-default elementor-section-height-default\" data-id=\"28124d5e\" data-element_type=\"section\" data-e-type=\"section\">\n\t\t\t\t\t\t<div class=\"elementor-container elementor-column-gap-wide\">\n\t\t\t\t\t<div class=\"elementor-column elementor-col-33 elementor-top-column elementor-element elementor-element-5751d106\" data-id=\"5751d106\" data-element_type=\"column\" data-e-type=\"column\">\n\t\t\t<div class=\"elementor-widget-wrap elementor-element-populated\">\n\t\t\t\t\t\t<section class=\"elementor-section elementor-inner-section elementor-element elementor-element-37d9b32d elementor-section-boxed elementor-section-height-default elementor-section-height-default\" data-id=\"37d9b32d\" data-element_type=\"section\" data-e-type=\"section\" data-settings=\"{&quot;sticky&quot;:&quot;top&quot;,&quot;sticky_on&quot;:[&quot;desktop&quot;],&quot;sticky_offset&quot;:20,&quot;sticky_parent&quot;:&quot;yes&quot;,&quot;sticky_effects_offset&quot;:0,&quot;sticky_anchor_link_offset&quot;:0}\">\n\t\t\t\t\t\t<div class=\"elementor-container elementor-column-gap-default\">\n\t\t\t\t\t<div class=\"elementor-column elementor-col-100 elementor-inner-column elementor-element elementor-element-3298519b\" data-id=\"3298519b\" data-element_type=\"column\" data-e-type=\"column\">\n\t\t\t<div class=\"elementor-widget-wrap elementor-element-populated\">\n\t\t\t\t\t\t<div class=\"elementor-element elementor-element-43b0d36f elementor-widget elementor-widget-heading\" data-id=\"43b0d36f\" data-element_type=\"widget\" data-e-type=\"widget\" data-widget_type=\"heading.default\">\n\t\t\t\t<div class=\"elementor-widget-container\">\n\t\t\t\t\t<h5 class=\"elementor-heading-title elementor-size-default\">EXPLORE ROCKHOLM<\/h5>\t\t\t\t<\/div>\n\t\t\t\t<\/div>\n\t\t\t\t\t<\/div>\n\t\t<\/div>\n\t\t\t\t\t<\/div>\n\t\t<\/section>\n\t\t\t\t<div class=\"elementor-element elementor-element-64d303bd elementor-nav-menu--dropdown-none elementor-widget elementor-widget-nav-menu\" data-id=\"64d303bd\" data-element_type=\"widget\" data-e-type=\"widget\" data-settings=\"{&quot;layout&quot;:&quot;vertical&quot;,&quot;submenu_icon&quot;:{&quot;value&quot;:&quot;&lt;i class=\\&quot;fas fa-caret-down\\&quot; aria-hidden=\\&quot;true\\&quot;&gt;&lt;\\\/i&gt;&quot;,&quot;library&quot;:&quot;fa-solid&quot;}}\" data-widget_type=\"nav-menu.default\">\n\t\t\t\t<div class=\"elementor-widget-container\">\n\t\t\t\t\t\t\t\t<nav aria-label=\"Menu\" class=\"elementor-nav-menu--main elementor-nav-menu__container elementor-nav-menu--layout-vertical e--pointer-none\">\n\t\t\t\t<ul id=\"menu-1-64d303bd\" class=\"elementor-nav-menu sm-vertical\"><li class=\"menu-item menu-item-type-post_type menu-item-object-page menu-item-717\"><a href=\"https:\/\/rockholm.com\/luxury-ayurveda-rooms\/\" class=\"elementor-item\">Rooms<\/a><\/li>\n<li class=\"menu-item menu-item-type-post_type menu-item-object-page menu-item-749\"><a href=\"https:\/\/rockholm.com\/beach-view-resort-tvm\/\" class=\"elementor-item\">Beach<\/a><\/li>\n<li class=\"menu-item menu-item-type-post_type menu-item-object-page menu-item-765\"><a href=\"https:\/\/rockholm.com\/gardens-ayurvedic-resort\/\" class=\"elementor-item\">Gardens<\/a><\/li>\n<li class=\"menu-item menu-item-type-post_type menu-item-object-page menu-item-766\"><a href=\"https:\/\/rockholm.com\/time-to-visit\/\" class=\"elementor-item\">Time to Visit<\/a><\/li>\n<li class=\"menu-item menu-item-type-post_type menu-item-object-page menu-item-732\"><a href=\"https:\/\/rockholm.com\/explore-rockholm\/\" class=\"elementor-item\">Life at Rockholm<\/a><\/li>\n<li class=\"menu-item menu-item-type-post_type menu-item-object-page menu-item-177\"><a href=\"https:\/\/rockholm.com\/the-rockholm-family\/\" class=\"elementor-item\">The Team<\/a><\/li>\n<\/ul>\t\t\t<\/nav>\n\t\t\t\t\t\t<nav class=\"elementor-nav-menu--dropdown elementor-nav-menu__container\" aria-hidden=\"true\">\n\t\t\t\t<ul id=\"menu-2-64d303bd\" class=\"elementor-nav-menu sm-vertical\"><li class=\"menu-item menu-item-type-post_type menu-item-object-page menu-item-717\"><a href=\"https:\/\/rockholm.com\/luxury-ayurveda-rooms\/\" class=\"elementor-item\" tabindex=\"-1\">Rooms<\/a><\/li>\n<li class=\"menu-item menu-item-type-post_type menu-item-object-page menu-item-749\"><a href=\"https:\/\/rockholm.com\/beach-view-resort-tvm\/\" class=\"elementor-item\" tabindex=\"-1\">Beach<\/a><\/li>\n<li class=\"menu-item menu-item-type-post_type menu-item-object-page menu-item-765\"><a href=\"https:\/\/rockholm.com\/gardens-ayurvedic-resort\/\" class=\"elementor-item\" tabindex=\"-1\">Gardens<\/a><\/li>\n<li class=\"menu-item menu-item-type-post_type menu-item-object-page menu-item-766\"><a href=\"https:\/\/rockholm.com\/time-to-visit\/\" class=\"elementor-item\" tabindex=\"-1\">Time to Visit<\/a><\/li>\n<li class=\"menu-item menu-item-type-post_type menu-item-object-page menu-item-732\"><a href=\"https:\/\/rockholm.com\/explore-rockholm\/\" class=\"elementor-item\" tabindex=\"-1\">Life at Rockholm<\/a><\/li>\n<li class=\"menu-item menu-item-type-post_type menu-item-object-page menu-item-177\"><a href=\"https:\/\/rockholm.com\/the-rockholm-family\/\" class=\"elementor-item\" tabindex=\"-1\">The Team<\/a><\/li>\n<\/ul>\t\t\t<\/nav>\n\t\t\t\t\t\t<\/div>\n\t\t\t\t<\/div>\n\t\t\t\t\t<\/div>\n\t\t<\/div>\n\t\t\t\t<div class=\"elementor-column elementor-col-66 elementor-top-column elementor-element elementor-element-5c96feaf\" data-id=\"5c96feaf\" data-element_type=\"column\" data-e-type=\"column\">\n\t\t\t<div class=\"elementor-widget-wrap elementor-element-populated\">\n\t\t\t\t\t\t<section class=\"elementor-section elementor-inner-section elementor-element elementor-element-4e3cff34 elementor-section-boxed elementor-section-height-default elementor-section-height-default\" data-id=\"4e3cff34\" data-element_type=\"section\" data-e-type=\"section\">\n\t\t\t\t\t\t<div class=\"elementor-container elementor-column-gap-default\">\n\t\t\t\t\t<div class=\"elementor-column elementor-col-100 elementor-inner-column elementor-element elementor-element-1af6a969\" data-id=\"1af6a969\" data-element_type=\"column\" data-e-type=\"column\">\n\t\t\t<div class=\"elementor-widget-wrap elementor-element-populated\">\n\t\t\t\t\t\t<div class=\"elementor-element elementor-element-52f82398 elementor-widget elementor-widget-heading\" data-id=\"52f82398\" data-element_type=\"widget\" data-e-type=\"widget\" data-widget_type=\"heading.default\">\n\t\t\t\t<div class=\"elementor-widget-container\">\n\t\t\t\t\t<h1 class=\"elementor-heading-title elementor-size-default\">Beste Zeit f\u00fcr eine Ayurveda-Behandlung im Rockholm<\/h1>\t\t\t\t<\/div>\n\t\t\t\t<\/div>\n\t\t\t\t<div class=\"elementor-element elementor-element-d23f2d0 elementor-widget elementor-widget-text-editor\" data-id=\"d23f2d0\" data-element_type=\"widget\" data-e-type=\"widget\" data-widget_type=\"text-editor.default\">\n\t\t\t\t<div class=\"elementor-widget-container\">\n\t\t\t\t\t\t\t\t\t<p><b>Beste Zeit f\u00fcr eine Ayurveda-Behandlung im Rockholm<\/b><\/p><p><span style=\"font-weight: 400;\">Ayurveda betrachtet die Zeit als einen lebendigen Kreislauf. Die Jahreszeiten beeinflussen, was wir essen, wie wir ruhen und welche Praktiken sich am unterst\u00fctzendsten anf\u00fchlen. In Kerala schaffen das K\u00fcstenklima und die Monsunmuster im Laufe des Jahres unterschiedliche Rhythmen, von denen jeder eine eigene Atmosph\u00e4re f\u00fcr einen Ayurveda-Aufenthalt bietet.<\/span><\/p><p><span style=\"font-weight: 400;\">Rockholm ist das ganze Jahr \u00fcber f\u00fcr Buchungen ge\u00f6ffnet. Das Resort wird entsprechend jeder Jahreszeit wundersch\u00f6n gepflegt. Es gibt keinen einzelnen Zeitpunkt, der besser ist als ein anderer \u2013 jede Saison hat ihre eigenen Vorteile.<\/span><\/p><p><span style=\"font-weight: 400;\">Die beste Reisezeit h\u00e4ngt haupts\u00e4chlich ab von:<\/span><\/p><ul><li style=\"font-weight: 400;\" aria-level=\"1\"><span style=\"font-weight: 400;\">Der Erfahrung, die Sie suchen<\/span><\/li><li style=\"font-weight: 400;\" aria-level=\"1\"><span style=\"font-weight: 400;\">Ihrer Reiseverf\u00fcgbarkeit<\/span><\/li><li style=\"font-weight: 400;\" aria-level=\"1\"><span style=\"font-weight: 400;\">Ihrem Wohlbefinden bei den Wetterbedingungen<\/span><\/li><\/ul><p><b>Ayurveda-Zeit und saisonales Wohlbefinden<\/b><\/p><p><span style=\"font-weight: 400;\">Die Ayurveda-Zeit bezieht sich auf die traditionelle Weisheit, die das t\u00e4gliche und saisonale Leben mit den Zyklen der Natur in Einklang bringt.<\/span><\/p><p><span style=\"font-weight: 400;\">F\u00fcr Wellness-Zwecke und um den unber\u00fchrten Rockholm Beach in seiner sch\u00f6nsten Form zu genie\u00dfen, ist die ideale Reisezeit von September bis Mai. Dieser Zeitraum gilt als Hauptsaison, in der das Wetter \u00fcberwiegend sonnig und angenehm ist.<\/span><\/p><p><span style=\"font-weight: 400;\">In dieser Zeit k\u00f6nnen G\u00e4ste genie\u00dfen:<\/span><\/p><ul><li style=\"font-weight: 400;\" aria-level=\"1\"><span style=\"font-weight: 400;\">Smaragdblaues Meer<\/span><\/li><li style=\"font-weight: 400;\" aria-level=\"1\"><span style=\"font-weight: 400;\">Frisches K\u00fcstenklima<\/span><\/li><li style=\"font-weight: 400;\" aria-level=\"1\"><span style=\"font-weight: 400;\">Wei\u00dfe Sandstr\u00e4nde<\/span><\/li><li style=\"font-weight: 400;\" aria-level=\"1\"><span style=\"font-weight: 400;\">Klare Meerblicke und ruhige Umgebung<\/span><\/li><\/ul><p><span style=\"font-weight: 400;\">Im Kontext der Ayurveda-Saison in Kerala ist der Ansatz einfach: beobachten, anpassen und im Gleichgewicht bleiben. Das Bewusstsein daf\u00fcr, wie Ihr K\u00f6rper auf Temperatur, Luftfeuchtigkeit und Tageslicht reagiert, hilft dabei, allt\u00e4gliche Entscheidungen zu lenken.<\/span><\/p><p><b>Ayurveda-Erlebnisse im Jahresverlauf<\/b><\/p><p><span style=\"font-weight: 400;\">Jede Jahreszeit im Rockholm schafft eine einzigartige Atmosph\u00e4re f\u00fcr Wohlbefinden.<\/span><\/p><p><b>Monsun<\/b><span style=\"font-weight: 400;\"> bringt Sanftheit und ein langsameres Tempo<\/span><\/p><p><b>Winter<\/b><span style=\"font-weight: 400;\"> bietet klaren Himmel und erfrischende K\u00fcstenluft<\/span><\/p><p><b>Sommer<\/b><span style=\"font-weight: 400;\"> schenkt weite Himmel und lange goldene Abende<\/span><\/p><p><span style=\"font-weight: 400;\">Wenn Sie eine Panchakarma-Zeit in Betracht ziehen, ist es hilfreich, einen Zeitraum zu w\u00e4hlen, der sich f\u00fcr Ihren K\u00f6rper und Ihren Zeitplan angenehm anf\u00fchlt.<\/span><\/p><p><span style=\"font-weight: 400;\">Die Monsunzeit von Juni bis August ist ebenfalls eine wundersch\u00f6ne Zeit f\u00fcr einen Besuch im Rockholm \u2013 besonders f\u00fcr G\u00e4ste, die Regen und ruhige Umgebungen sch\u00e4tzen. Viele Besucher genie\u00dfen den friedlichen Rhythmus der Ayurveda-Behandlungen w\u00e4hrend des Monsuns.<\/span><\/p><p><b>Kerala Ayurveda Jahreszeiten<\/b><\/p><p>\u00a0<\/p><table><tbody><tr><td><p><b>Jahreszeit<\/b><\/p><\/td><td><p><b>Monat<\/b><\/p><\/td><td><p><b>Klima<\/b><\/p><\/td><td><p><b>Ayurveda-Behandlung<\/b><\/p><\/td><td><p><b>Erlebnis<\/b><\/p><\/td><\/tr><tr><td><p><b>Monsun<\/b><\/p><\/td><td><p><span style=\"font-weight: 400;\">Juni \u2013 September<\/span><\/p><\/td><td><p><span style=\"font-weight: 400;\">Sanfter Regen, k\u00fchlere Tage, h\u00f6here Luftfeuchtigkeit, weiches nat\u00fcrliches Licht<\/span><\/p><\/td><td><p><span style=\"font-weight: 400;\">Reinigende Therapien, Panchakarma-Behandlungen, regenerierende Wellness-Routinen<\/span><\/p><\/td><td><p><span style=\"font-weight: 400;\">Gem\u00fctliche Entspannung im Innenbereich, ruhige Gartenblicke, dem Regen lauschen und eine friedliche Atmosph\u00e4re genie\u00dfen<\/span><\/p><\/td><\/tr><tr><td><p><b>Winter<\/b><\/p><\/td><td><p><span style=\"font-weight: 400;\">Oktober \u2013 Februar<\/span><\/p><\/td><td><p><span style=\"font-weight: 400;\">Klarer Himmel, ruhiges Meer, angenehme Morgen- und Abendstunden<\/span><\/p><\/td><td><p><span style=\"font-weight: 400;\">N\u00e4hrende Behandlungen, st\u00e4rkende Therapien, ausgewogene Wellness-Routinen<\/span><\/p><\/td><td><p><span style=\"font-weight: 400;\">Strandspazierg\u00e4nge, Entspannung im Freien, stabile Energie durch frische K\u00fcstenluft<\/span><\/p><\/td><\/tr><tr><td><p><b>Sommer<\/b><\/p><\/td><td><p><span style=\"font-weight: 400;\">M\u00e4rz \u2013 Mai<\/span><\/p><\/td><td><p><span style=\"font-weight: 400;\">Sonnige Tage, warme Temperaturen, lange goldene Abende<\/span><\/p><\/td><td><p><span style=\"font-weight: 400;\">K\u00fchlende Therapien, leichtere Behandlungen, entspannungsorientierte Wellness<\/span><\/p><\/td><td><p><span style=\"font-weight: 400;\">Fr\u00fchmorgendliches Schwimmen oder Spazierg\u00e4nge, Ruhe im Schatten am Mittag, wundersch\u00f6ne Sonnenunterg\u00e4nge<\/span><\/p><\/td><\/tr><\/tbody><\/table><p>\u00a0<\/p><p><b>Saisonale Ayurveda-Lebensweise<\/b><\/p><p><span style=\"font-weight: 400;\">Im Laufe des Jahres passen sich traditionelle Routinen sanft an das Wetter an. Ayurveda empfiehlt, t\u00e4gliche Gewohnheiten bewusst und einfach anzupassen.<\/span><\/p><p><span style=\"font-weight: 400;\">Zum Beispiel:<\/span><\/p><ul><li style=\"font-weight: 400;\" aria-level=\"1\"><span style=\"font-weight: 400;\">Die Ern\u00e4hrung ist in hei\u00dfen Monaten oft leichter<\/span><\/li><li style=\"font-weight: 400;\" aria-level=\"1\"><span style=\"font-weight: 400;\">K\u00fchlere Jahreszeiten f\u00f6rdern erdende Lebensmittel<\/span><\/li><li style=\"font-weight: 400;\" aria-level=\"1\"><span style=\"font-weight: 400;\">Fr\u00fche Morgenstunden eignen sich f\u00fcr Dehnen oder Spazierg\u00e4nge<\/span><\/li><li style=\"font-weight: 400;\" aria-level=\"1\"><span style=\"font-weight: 400;\">Abende sind ideal f\u00fcr Entspannung und Reflexion<\/span><\/li><\/ul><p><span style=\"font-weight: 400;\">Auch Schlafrhythmen k\u00f6nnen sich leicht an Sonnenauf- und -untergang anpassen.<\/span><\/p><p><span style=\"font-weight: 400;\">Die Regenzeit wird oft mit reflektierenden Praktiken verbunden. Die Atmosph\u00e4re ist ruhiger, die Luft klarer und die Umgebung entspannter.<\/span><\/p><p><span style=\"font-weight: 400;\">In Kerala folgen viele Haushalte saisonalen Traditionen w\u00e4hrend des Malayalam-Monats Karkidakam. Die sogenannte Karkidakam-Behandlung wird h\u00e4ufig in diesem kulturellen Zusammenhang erw\u00e4hnt. Diese Praktiken konzentrieren sich auf Rhythmus, Ruhe und sanfte Routinen statt auf intensive Verfahren.<\/span><\/p><p><b>Die richtige Zeit f\u00fcr Ihren Ayurveda-Aufenthalt w\u00e4hlen<\/b><\/p><p><span style=\"font-weight: 400;\">Es gibt keine \u201eperfekte\u201c Jahreszeit. Die beste Zeit f\u00fcr einen Besuch im Rockholm ist die, die sich f\u00fcr Sie am passendsten und angenehmsten anf\u00fchlt.<\/span><\/p><p><span style=\"font-weight: 400;\">Ber\u00fccksichtigen Sie bei der Planung:<\/span><\/p><ul><li style=\"font-weight: 400;\" aria-level=\"1\"><span style=\"font-weight: 400;\">Ihr Wohlbefinden bei Luftfeuchtigkeit, W\u00e4rme oder k\u00fchlerer Luft<\/span><\/li><li style=\"font-weight: 400;\" aria-level=\"1\"><span style=\"font-weight: 400;\">Ob Sie Regen oder Sonnenschein bevorzugen<\/span><\/li><li style=\"font-weight: 400;\" aria-level=\"1\"><span style=\"font-weight: 400;\">Ihren Reiseplan und Ihre pers\u00f6nlichen Routinen<\/span><\/li><\/ul><p><span style=\"font-weight: 400;\">Wenn Sie Ayurveda-Pakete planen, k\u00f6nnen Sie diese mit der Jahreszeit abstimmen, die am besten zu Ihrem Komfort und Ihren Erwartungen passt.<\/span><\/p><p><span style=\"font-weight: 400;\">Manche G\u00e4ste genie\u00dfen die ruhige Atmosph\u00e4re des Monsuns, w\u00e4hrend andere den klaren Winterhorizont oder die offenen Sommerabende bevorzugen.<\/span><\/p><p><span style=\"font-weight: 400;\">Das Ziel ist einfach: bewusst w\u00e4hlen und sich gen\u00fcgend Zeit nehmen, um in einen ruhigen Tagesrhythmus zu finden.<\/span><\/p>\t\t\t\t\t\t\t\t<\/div>\n\t\t\t\t<\/div>\n\t\t\t\t\t<\/div>\n\t\t<\/div>\n\t\t\t\t\t<\/div>\n\t\t<\/section>\n\t\t\t\t<section class=\"elementor-section elementor-inner-section elementor-element elementor-element-b2957fc elementor-section-boxed elementor-section-height-default elementor-section-height-default\" data-id=\"b2957fc\" data-element_type=\"section\" data-e-type=\"section\">\n\t\t\t\t\t\t<div class=\"elementor-container elementor-column-gap-default\">\n\t\t\t\t\t<div class=\"elementor-column elementor-col-50 elementor-inner-column elementor-element elementor-element-9aa88be\" data-id=\"9aa88be\" data-element_type=\"column\" data-e-type=\"column\">\n\t\t\t<div class=\"elementor-widget-wrap elementor-element-populated\">\n\t\t\t\t\t\t<div class=\"elementor-element elementor-element-26501a8 elementor-widget elementor-widget-image\" data-id=\"26501a8\" data-element_type=\"widget\" data-e-type=\"widget\" data-widget_type=\"image.default\">\n\t\t\t\t<div class=\"elementor-widget-container\">\n\t\t\t\t\t\t\t\t\t\t\t\t\t\t\t<img decoding=\"async\" width=\"1000\" height=\"1000\" src=\"https:\/\/rockholm.com\/wp-content\/uploads\/2022\/08\/2-1.jpg\" class=\"attachment-full size-full wp-image-3281\" alt=\"\" srcset=\"https:\/\/rockholm.com\/wp-content\/uploads\/2022\/08\/2-1.jpg 1000w, https:\/\/rockholm.com\/wp-content\/uploads\/2022\/08\/2-1-300x300.jpg 300w, https:\/\/rockholm.com\/wp-content\/uploads\/2022\/08\/2-1-150x150.jpg 150w, https:\/\/rockholm.com\/wp-content\/uploads\/2022\/08\/2-1-768x768.jpg 768w\" sizes=\"(max-width: 1000px) 100vw, 1000px\">\t\t\t\t\t\t\t\t\t\t\t\t\t\t\t<\/div>\n\t\t\t\t<\/div>\n\t\t\t\t\t<\/div>\n\t\t<\/div>\n\t\t\t\t<div class=\"elementor-column elementor-col-50 elementor-inner-column elementor-element elementor-element-d1d5d64\" data-id=\"d1d5d64\" data-element_type=\"column\" data-e-type=\"column\">\n\t\t\t<div class=\"elementor-widget-wrap elementor-element-populated\">\n\t\t\t\t\t\t<div class=\"elementor-element elementor-element-d1fd15f elementor-widget elementor-widget-image\" data-id=\"d1fd15f\" data-element_type=\"widget\" data-e-type=\"widget\" data-widget_type=\"image.default\">\n\t\t\t\t<div class=\"elementor-widget-container\">\n\t\t\t\t\t\t\t\t\t\t\t\t\t\t\t<img decoding=\"async\" width=\"1000\" height=\"1000\" src=\"https:\/\/rockholm.com\/wp-content\/uploads\/2022\/08\/1-1.jpg\" class=\"attachment-full size-full wp-image-3282\" alt=\"\" srcset=\"https:\/\/rockholm.com\/wp-content\/uploads\/2022\/08\/1-1.jpg 1000w, https:\/\/rockholm.com\/wp-content\/uploads\/2022\/08\/1-1-300x300.jpg 300w, https:\/\/rockholm.com\/wp-content\/uploads\/2022\/08\/1-1-150x150.jpg 150w, https:\/\/rockholm.com\/wp-content\/uploads\/2022\/08\/1-1-768x768.jpg 768w\" sizes=\"(max-width: 1000px) 100vw, 1000px\">\t\t\t\t\t\t\t\t\t\t\t\t\t\t\t<\/div>\n\t\t\t\t<\/div>\n\t\t\t\t\t<\/div>\n\t\t<\/div>\n\t\t\t\t\t<\/div>\n\t\t<\/section>\n\t\t\t\t\t<\/div>\n\t\t<\/div>\n\t\t\t\t\t<\/div>\n\t\t<\/section>\n\t\t\t\t<\/div>\n\t\t","protected":false},"excerpt":{"rendered":"<p>EXPLORE ROCKHOLM Beste Zeit f\u00fcr eine Ayurveda-Behandlung im Rockholm Beste Zeit f\u00fcr eine Ayurveda-Behandlung im Rockholm Ayurveda betrachtet die Zeit als einen lebendigen Kreislauf. Die Jahreszeiten beeinflussen, was wir essen, wie wir ruhen und welche Praktiken sich am unterst\u00fctzendsten anf\u00fchlen. In Kerala schaffen das K\u00fcstenklima und die Monsunmuster im Laufe des Jahres unterschiedliche Rhythmen, von [&hellip;]<\/p>\n","protected":false},"author":4,"featured_media":0,"parent":0,"menu_order":0,"comment_status":"closed","ping_status":"closed","template":"elementor_header_footer","meta":{"footnotes":""},"class_list":["post-3334","page","type-page","status-publish","hentry"],"_links":{"self":[{"href":"https:\/\/rockholm.com\/de\/wp-json\/wp\/v2\/pages\/3334","targetHints":{"allow":["GET"]}}],"collection":[{"href":"https:\/\/rockholm.com\/de\/wp-json\/wp\/v2\/pages"}],"about":[{"href":"https:\/\/rockholm.com\/de\/wp-json\/wp\/v2\/types\/page"}],"author":[{"embeddable":true,"href":"https:\/\/rockholm.com\/de\/wp-json\/wp\/v2\/users\/4"}],"replies":[{"embeddable":true,"href":"https:\/\/rockholm.com\/de\/wp-json\/wp\/v2\/comments?post=3334"}],"version-history":[{"count":32,"href":"https:\/\/rockholm.com\/de\/wp-json\/wp\/v2\/pages\/3334\/revisions"}],"predecessor-version":[{"id":14120,"href":"https:\/\/rockholm.com\/de\/wp-json\/wp\/v2\/pages\/3334\/revisions\/14120"}],"wp:attachment":[{"href":"https:\/\/rockholm.com\/de\/wp-json\/wp\/v2\/media?parent=3334"}],"curies":[{"name":"wp","href":"https:\/\/api.w.org\/{rel}","templated":true}]}}