{"id":3330,"date":"2022-07-25T09:16:57","date_gmt":"2022-07-25T09:16:57","guid":{"rendered":"https:\/\/rockholm.com\/beach\/"},"modified":"2025-09-22T06:33:25","modified_gmt":"2025-09-22T06:33:25","slug":"beach","status":"publish","type":"page","link":"https:\/\/rockholm.com\/de\/beach\/","title":{"rendered":"Beach"},"content":{"rendered":"\t\t<div data-elementor-type=\"wp-page\" data-elementor-id=\"3330\" class=\"elementor elementor-3330 elementor-742\" data-elementor-post-type=\"page\">\n\t\t\t\t\t\t<section class=\"elementor-section elementor-top-section elementor-element elementor-element-5a7653f2 elementor-section-height-min-height elementor-hidden-mobile elementor-section-boxed elementor-section-height-default elementor-section-items-middle\" data-id=\"5a7653f2\" data-element_type=\"section\" data-e-type=\"section\" data-settings=\"{&quot;background_background&quot;:&quot;classic&quot;}\">\n\t\t\t\t\t\t<div class=\"elementor-container elementor-column-gap-default\">\n\t\t\t\t\t<div class=\"elementor-column elementor-col-100 elementor-top-column elementor-element elementor-element-23723c8e\" data-id=\"23723c8e\" data-element_type=\"column\" data-e-type=\"column\">\n\t\t\t<div class=\"elementor-widget-wrap\">\n\t\t\t\t\t\t\t<\/div>\n\t\t<\/div>\n\t\t\t\t\t<\/div>\n\t\t<\/section>\n\t\t\t\t<section class=\"elementor-section elementor-top-section elementor-element elementor-element-d3bb5b3 elementor-section-full_width elementor-hidden-desktop elementor-hidden-tablet elementor-hidden-mobile elementor-section-height-default elementor-section-height-default\" data-id=\"d3bb5b3\" data-element_type=\"section\" data-e-type=\"section\">\n\t\t\t\t\t\t<div class=\"elementor-container elementor-column-gap-default\">\n\t\t\t\t\t<div class=\"elementor-column elementor-col-100 elementor-top-column elementor-element elementor-element-1509a6c\" data-id=\"1509a6c\" data-element_type=\"column\" data-e-type=\"column\">\n\t\t\t<div class=\"elementor-widget-wrap elementor-element-populated\">\n\t\t\t\t\t\t<div class=\"elementor-element elementor-element-8cbd7c8 elementor-widget elementor-widget-image\" data-id=\"8cbd7c8\" data-element_type=\"widget\" data-e-type=\"widget\" data-widget_type=\"image.default\">\n\t\t\t\t<div class=\"elementor-widget-container\">\n\t\t\t\t\t\t\t\t\t\t\t\t\t\t\t<img fetchpriority=\"high\" decoding=\"async\" width=\"585\" height=\"956\" src=\"https:\/\/rockholm.com\/wp-content\/uploads\/2022\/08\/outdoor.jpg\" class=\"attachment-large size-large wp-image-3238\" alt=\"\" srcset=\"https:\/\/rockholm.com\/wp-content\/uploads\/2022\/08\/outdoor.jpg 585w, https:\/\/rockholm.com\/wp-content\/uploads\/2022\/08\/outdoor-184x300.jpg 184w\" sizes=\"(max-width: 585px) 100vw, 585px\">\t\t\t\t\t\t\t\t\t\t\t\t\t\t\t<\/div>\n\t\t\t\t<\/div>\n\t\t\t\t\t<\/div>\n\t\t<\/div>\n\t\t\t\t\t<\/div>\n\t\t<\/section>\n\t\t\t\t<section class=\"elementor-section elementor-top-section elementor-element elementor-element-10ecb092 elementor-section-boxed elementor-section-height-default elementor-section-height-default\" data-id=\"10ecb092\" data-element_type=\"section\" data-e-type=\"section\">\n\t\t\t\t\t\t<div class=\"elementor-container elementor-column-gap-wide\">\n\t\t\t\t\t<div class=\"elementor-column elementor-col-33 elementor-top-column elementor-element elementor-element-6fbf23c7\" data-id=\"6fbf23c7\" data-element_type=\"column\" data-e-type=\"column\">\n\t\t\t<div class=\"elementor-widget-wrap elementor-element-populated\">\n\t\t\t\t\t\t<section class=\"elementor-section elementor-inner-section elementor-element elementor-element-340d9c51 elementor-section-boxed elementor-section-height-default elementor-section-height-default\" data-id=\"340d9c51\" data-element_type=\"section\" data-e-type=\"section\" data-settings=\"{&quot;sticky&quot;:&quot;top&quot;,&quot;sticky_on&quot;:[&quot;desktop&quot;],&quot;sticky_offset&quot;:20,&quot;sticky_parent&quot;:&quot;yes&quot;,&quot;sticky_effects_offset&quot;:0,&quot;sticky_anchor_link_offset&quot;:0}\">\n\t\t\t\t\t\t<div class=\"elementor-container elementor-column-gap-default\">\n\t\t\t\t\t<div class=\"elementor-column elementor-col-100 elementor-inner-column elementor-element elementor-element-652d28c6\" data-id=\"652d28c6\" data-element_type=\"column\" data-e-type=\"column\">\n\t\t\t<div class=\"elementor-widget-wrap elementor-element-populated\">\n\t\t\t\t\t\t<div class=\"elementor-element elementor-element-6f555a88 elementor-widget elementor-widget-heading\" data-id=\"6f555a88\" data-element_type=\"widget\" data-e-type=\"widget\" data-widget_type=\"heading.default\">\n\t\t\t\t<div class=\"elementor-widget-container\">\n\t\t\t\t\t<h5 class=\"elementor-heading-title elementor-size-default\">EXPLORE ROCKHOLM<\/h5>\t\t\t\t<\/div>\n\t\t\t\t<\/div>\n\t\t\t\t<div class=\"elementor-element elementor-element-1c9a5179 elementor-nav-menu--dropdown-none elementor-widget elementor-widget-nav-menu\" data-id=\"1c9a5179\" data-element_type=\"widget\" data-e-type=\"widget\" data-settings=\"{&quot;layout&quot;:&quot;vertical&quot;,&quot;submenu_icon&quot;:{&quot;value&quot;:&quot;&lt;i class=\\&quot;fas fa-caret-down\\&quot; aria-hidden=\\&quot;true\\&quot;&gt;&lt;\\\/i&gt;&quot;,&quot;library&quot;:&quot;fa-solid&quot;}}\" data-widget_type=\"nav-menu.default\">\n\t\t\t\t<div class=\"elementor-widget-container\">\n\t\t\t\t\t\t\t\t<nav aria-label=\"Men\u00fc\" class=\"elementor-nav-menu--main elementor-nav-menu__container elementor-nav-menu--layout-vertical e--pointer-none\">\n\t\t\t\t<ul id=\"menu-1-1c9a5179\" class=\"elementor-nav-menu sm-vertical\"><li class=\"menu-item menu-item-type-post_type menu-item-object-page menu-item-717\"><a href=\"https:\/\/rockholm.com\/luxury-ayurveda-rooms\/\" class=\"elementor-item\">Rooms<\/a><\/li>\n<li class=\"menu-item menu-item-type-post_type menu-item-object-page menu-item-749\"><a href=\"https:\/\/rockholm.com\/beach-view-resort-tvm\/\" class=\"elementor-item\">Beach<\/a><\/li>\n<li class=\"menu-item menu-item-type-post_type menu-item-object-page menu-item-765\"><a href=\"https:\/\/rockholm.com\/gardens-ayurvedic-resort\/\" class=\"elementor-item\">Gardens<\/a><\/li>\n<li class=\"menu-item menu-item-type-post_type menu-item-object-page menu-item-766\"><a href=\"https:\/\/rockholm.com\/time-to-visit\/\" class=\"elementor-item\">Time to Visit<\/a><\/li>\n<li class=\"menu-item menu-item-type-post_type menu-item-object-page menu-item-732\"><a href=\"https:\/\/rockholm.com\/explore-rockholm\/\" class=\"elementor-item\">Life at Rockholm<\/a><\/li>\n<li class=\"menu-item menu-item-type-post_type menu-item-object-page menu-item-177\"><a href=\"https:\/\/rockholm.com\/the-rockholm-family\/\" class=\"elementor-item\">The Team<\/a><\/li>\n<\/ul>\t\t\t<\/nav>\n\t\t\t\t\t\t<nav class=\"elementor-nav-menu--dropdown elementor-nav-menu__container\" aria-hidden=\"true\">\n\t\t\t\t<ul id=\"menu-2-1c9a5179\" class=\"elementor-nav-menu sm-vertical\"><li class=\"menu-item menu-item-type-post_type menu-item-object-page menu-item-717\"><a href=\"https:\/\/rockholm.com\/luxury-ayurveda-rooms\/\" class=\"elementor-item\" tabindex=\"-1\">Rooms<\/a><\/li>\n<li class=\"menu-item menu-item-type-post_type menu-item-object-page menu-item-749\"><a href=\"https:\/\/rockholm.com\/beach-view-resort-tvm\/\" class=\"elementor-item\" tabindex=\"-1\">Beach<\/a><\/li>\n<li class=\"menu-item menu-item-type-post_type menu-item-object-page menu-item-765\"><a href=\"https:\/\/rockholm.com\/gardens-ayurvedic-resort\/\" class=\"elementor-item\" tabindex=\"-1\">Gardens<\/a><\/li>\n<li class=\"menu-item menu-item-type-post_type menu-item-object-page menu-item-766\"><a href=\"https:\/\/rockholm.com\/time-to-visit\/\" class=\"elementor-item\" tabindex=\"-1\">Time to Visit<\/a><\/li>\n<li class=\"menu-item menu-item-type-post_type menu-item-object-page menu-item-732\"><a href=\"https:\/\/rockholm.com\/explore-rockholm\/\" class=\"elementor-item\" tabindex=\"-1\">Life at Rockholm<\/a><\/li>\n<li class=\"menu-item menu-item-type-post_type menu-item-object-page menu-item-177\"><a href=\"https:\/\/rockholm.com\/the-rockholm-family\/\" class=\"elementor-item\" tabindex=\"-1\">The Team<\/a><\/li>\n<\/ul>\t\t\t<\/nav>\n\t\t\t\t\t\t<\/div>\n\t\t\t\t<\/div>\n\t\t\t\t\t<\/div>\n\t\t<\/div>\n\t\t\t\t\t<\/div>\n\t\t<\/section>\n\t\t\t\t\t<\/div>\n\t\t<\/div>\n\t\t\t\t<div class=\"elementor-column elementor-col-66 elementor-top-column elementor-element elementor-element-18781981\" data-id=\"18781981\" data-element_type=\"column\" data-e-type=\"column\">\n\t\t\t<div class=\"elementor-widget-wrap elementor-element-populated\">\n\t\t\t\t\t\t<section class=\"elementor-section elementor-inner-section elementor-element elementor-element-319f8d62 elementor-section-boxed elementor-section-height-default elementor-section-height-default\" data-id=\"319f8d62\" data-element_type=\"section\" data-e-type=\"section\">\n\t\t\t\t\t\t<div class=\"elementor-container elementor-column-gap-default\">\n\t\t\t\t\t<div class=\"elementor-column elementor-col-100 elementor-inner-column elementor-element elementor-element-174f915c\" data-id=\"174f915c\" data-element_type=\"column\" data-e-type=\"column\">\n\t\t\t<div class=\"elementor-widget-wrap elementor-element-populated\">\n\t\t\t\t\t\t<div class=\"elementor-element elementor-element-525834e9 elementor-widget elementor-widget-heading\" data-id=\"525834e9\" data-element_type=\"widget\" data-e-type=\"widget\" data-widget_type=\"heading.default\">\n\t\t\t\t<div class=\"elementor-widget-container\">\n\t\t\t\t\t<h1 class=\"elementor-heading-title elementor-size-default\">STRAND<\/h1>\t\t\t\t<\/div>\n\t\t\t\t<\/div>\n\t\t\t\t<div class=\"elementor-element elementor-element-c5af7cb elementor-widget elementor-widget-text-editor\" data-id=\"c5af7cb\" data-element_type=\"widget\" data-e-type=\"widget\" data-widget_type=\"text-editor.default\">\n\t\t\t\t<div class=\"elementor-widget-container\">\n\t\t\t\t\t\t\t\t\t<p>Rockholm verf\u00fcgt \u00fcber einen direkten Zugang zum Meer von der Anlage aus, der sich zu einem kleinen, 200 Meter langen, wei\u00dfen Sandstrand mit Blick auf das Arabische Meer \u00f6ffnet.<\/p><p>Hier k\u00f6nnen Sie h\u00e4ufig Delfine und andere Meeresbewohner sowie Katamarane beobachten, die von den \u00f6rtlichen Fischern zum Fischen genutzt werden. Unser Strand wird st\u00e4ndig von unserem freundlichen Sicherheitspersonal \u00fcberwacht, sodass st\u00e4ndig f\u00fcr Ihre Sicherheit gesorgt ist.<\/p><p>Das Bed\u00fcrfnis, sich zu entspannen und sich neu zu zentrieren, ist einer der Eckpfeiler einer effektiven <a href=\"https:\/\/rockholm.com\/de\/treatment-principles\/\">Ayurveda-Kur<\/a>, und der spektakul\u00e4re Rockholm Beach bietet dazu die perfekte Gelegenheit. Die Strandliegen auf den gro\u00dfen, offenen Rasenfl\u00e4chen stehen das ganze Jahr \u00fcber zur Verf\u00fcgung und sind perfekt, um den Blick auf das arabische Meer zu genie\u00dfen.<\/p><p>Bitte beachten Sie, dass sich der Strand w\u00e4hrend der schweren Monsunmonate Juni, Juli und August verkleinert und dann zum Schwimmen ungeeignet ist.<\/p>\t\t\t\t\t\t\t\t<\/div>\n\t\t\t\t<\/div>\n\t\t\t\t\t<\/div>\n\t\t<\/div>\n\t\t\t\t\t<\/div>\n\t\t<\/section>\n\t\t\t\t<section class=\"elementor-section elementor-inner-section elementor-element elementor-element-aaa5ad9 elementor-section-boxed elementor-section-height-default elementor-section-height-default\" data-id=\"aaa5ad9\" data-element_type=\"section\" data-e-type=\"section\">\n\t\t\t\t\t\t<div class=\"elementor-container elementor-column-gap-default\">\n\t\t\t\t\t<div class=\"elementor-column elementor-col-50 elementor-inner-column elementor-element elementor-element-c60e5a7\" data-id=\"c60e5a7\" data-element_type=\"column\" data-e-type=\"column\">\n\t\t\t<div class=\"elementor-widget-wrap elementor-element-populated\">\n\t\t\t\t\t\t<div class=\"elementor-element elementor-element-c32f859 elementor-widget elementor-widget-image\" data-id=\"c32f859\" data-element_type=\"widget\" data-e-type=\"widget\" data-widget_type=\"image.default\">\n\t\t\t\t<div class=\"elementor-widget-container\">\n\t\t\t\t\t\t\t\t\t\t\t\t\t\t\t<img decoding=\"async\" width=\"800\" height=\"800\" src=\"https:\/\/rockholm.com\/wp-content\/uploads\/2022\/08\/beach4.jpg\" class=\"attachment-large size-large wp-image-3164\" alt=\"\" srcset=\"https:\/\/rockholm.com\/wp-content\/uploads\/2022\/08\/beach4.jpg 1000w, https:\/\/rockholm.com\/wp-content\/uploads\/2022\/08\/beach4-300x300.jpg 300w, https:\/\/rockholm.com\/wp-content\/uploads\/2022\/08\/beach4-150x150.jpg 150w, https:\/\/rockholm.com\/wp-content\/uploads\/2022\/08\/beach4-768x768.jpg 768w\" sizes=\"(max-width: 800px) 100vw, 800px\">\t\t\t\t\t\t\t\t\t\t\t\t\t\t\t<\/div>\n\t\t\t\t<\/div>\n\t\t\t\t\t<\/div>\n\t\t<\/div>\n\t\t\t\t<div class=\"elementor-column elementor-col-50 elementor-inner-column elementor-element elementor-element-06eb78d\" data-id=\"06eb78d\" data-element_type=\"column\" data-e-type=\"column\">\n\t\t\t<div class=\"elementor-widget-wrap elementor-element-populated\">\n\t\t\t\t\t\t<div class=\"elementor-element elementor-element-2e0a1f8 elementor-widget elementor-widget-image\" data-id=\"2e0a1f8\" data-element_type=\"widget\" data-e-type=\"widget\" data-widget_type=\"image.default\">\n\t\t\t\t<div class=\"elementor-widget-container\">\n\t\t\t\t\t\t\t\t\t\t\t\t\t\t\t<img decoding=\"async\" width=\"800\" height=\"800\" src=\"https:\/\/rockholm.com\/wp-content\/uploads\/2022\/08\/waytobeach.jpg\" class=\"attachment-large size-large wp-image-3241\" alt=\"\" srcset=\"https:\/\/rockholm.com\/wp-content\/uploads\/2022\/08\/waytobeach.jpg 1000w, https:\/\/rockholm.com\/wp-content\/uploads\/2022\/08\/waytobeach-300x300.jpg 300w, https:\/\/rockholm.com\/wp-content\/uploads\/2022\/08\/waytobeach-150x150.jpg 150w, https:\/\/rockholm.com\/wp-content\/uploads\/2022\/08\/waytobeach-768x768.jpg 768w\" sizes=\"(max-width: 800px) 100vw, 800px\">\t\t\t\t\t\t\t\t\t\t\t\t\t\t\t<\/div>\n\t\t\t\t<\/div>\n\t\t\t\t\t<\/div>\n\t\t<\/div>\n\t\t\t\t\t<\/div>\n\t\t<\/section>\n\t\t\t\t\t<\/div>\n\t\t<\/div>\n\t\t\t\t\t<\/div>\n\t\t<\/section>\n\t\t\t\t<\/div>\n\t\t","protected":false},"excerpt":{"rendered":"<p>EXPLORE ROCKHOLM STRAND Rockholm verf\u00fcgt \u00fcber einen direkten Zugang zum Meer von der Anlage aus, der sich zu einem kleinen, 200 Meter langen, wei\u00dfen Sandstrand mit Blick auf das Arabische Meer \u00f6ffnet. Hier k\u00f6nnen Sie h\u00e4ufig Delfine und andere Meeresbewohner sowie Katamarane beobachten, die von den \u00f6rtlichen Fischern zum Fischen genutzt werden. Unser Strand wird [&hellip;]<\/p>\n","protected":false},"author":4,"featured_media":0,"parent":0,"menu_order":0,"comment_status":"closed","ping_status":"closed","template":"elementor_header_footer","meta":{"footnotes":""},"class_list":["post-3330","page","type-page","status-publish","hentry"],"_links":{"self":[{"href":"https:\/\/rockholm.com\/de\/wp-json\/wp\/v2\/pages\/3330","targetHints":{"allow":["GET"]}}],"collection":[{"href":"https:\/\/rockholm.com\/de\/wp-json\/wp\/v2\/pages"}],"about":[{"href":"https:\/\/rockholm.com\/de\/wp-json\/wp\/v2\/types\/page"}],"author":[{"embeddable":true,"href":"https:\/\/rockholm.com\/de\/wp-json\/wp\/v2\/users\/4"}],"replies":[{"embeddable":true,"href":"https:\/\/rockholm.com\/de\/wp-json\/wp\/v2\/comments?post=3330"}],"version-history":[{"count":16,"href":"https:\/\/rockholm.com\/de\/wp-json\/wp\/v2\/pages\/3330\/revisions"}],"predecessor-version":[{"id":8692,"href":"https:\/\/rockholm.com\/de\/wp-json\/wp\/v2\/pages\/3330\/revisions\/8692"}],"wp:attachment":[{"href":"https:\/\/rockholm.com\/de\/wp-json\/wp\/v2\/media?parent=3330"}],"curies":[{"name":"wp","href":"https:\/\/api.w.org\/{rel}","templated":true}]}}